{"id":72477,"date":"2025-06-02T11:02:36","date_gmt":"2025-06-02T10:02:36","guid":{"rendered":"https:\/\/www.guibutik.pt\/loja\/?post_type=product&#038;p=72477"},"modified":"2026-04-28T14:34:29","modified_gmt":"2026-04-28T13:34:29","slug":"sapato-bradstreet-h-timberland","status":"publish","type":"product","link":"https:\/\/www.guibutik.pt\/loja\/produto\/sapato-bradstreet-h-timberland\/","title":{"rendered":"Sapato Bradstreet H Timberland"},"content":{"rendered":"<p>Descobre o ar livre com os t\u00e9nis Bradstreet para homem com parte superior em pele Premium Timberland\u00ae Leather e forro ReBOTL\u2122 macio com, pelo menos, 50% de pl\u00e1stico PET reciclado. A palmilha OrthoLite\u00ae supermacia e o sistema de conforto SensorFlex\u2122 ajudam a proporcionar amortecimento de longa dura\u00e7\u00e3o, gest\u00e3o de humidade e controlo de odores gra\u00e7as ao tratamento antimicrobiano. A sola de borracha ajuda a proporcionar amortecimento adicional, o que torna este t\u00e9nis t\u00e3o funcionais como elegantes. Enfrenta qualquer atividade com estes t\u00e9nis simples com atacadores. A Timberland apoia uma melhor produ\u00e7\u00e3o de pele atrav\u00e9s do Leather Working Group.<\/p>\n<p>Caracter\u00edsticas:<\/p>\n<ul class=\"grid list-disc gap-4 cols-2\" title=\"Caracter\u00edsticas\" data-test-id=\"product-details-bulletin\">\n<li class=\"ml-5\">Parte superior em pele Premium Timberland\u00ae Leather<\/li>\n<li class=\"ml-5\">A Timberland apoia uma melhor produ\u00e7\u00e3o de pele atrav\u00e9s do Leather Working Group<\/li>\n<li class=\"ml-5\">Com atacadores<\/li>\n<li class=\"ml-5\">Forro em tecido ReBOTL\u2122 com 50% de pl\u00e1stico PET reciclado<\/li>\n<li class=\"ml-5\">Palmilha Ortholite\u00ae<\/li>\n<li class=\"ml-5\">SensorFlex\u2122 Comfort System<\/li>\n<li class=\"ml-5\">Sola em borracha<\/li>\n<\/ul>\n<p>Detalhes e cuidados:<\/p>\n<ul class=\"grid list-disc gap-4 cols-2\" title=\"Detalhes e cuidados\" data-test-id=\"product-details-bulletin\">\n<li class=\"ml-5\">Espuma de limpeza CleanerRenewbuck\u00ae para camur\u00e7a e nobuck<\/li>\n<li class=\"ml-5\">Escova de restauro de camur\u00e7a<\/li>\n<li class=\"ml-5\">Kit de limpeza a seco<\/li>\n<li class=\"ml-5\">Protetor para todos os fins ProtectorBalm Proofer\u2122<\/li>\n<\/ul>\n","protected":false},"excerpt":{"rendered":"<p>Descobre o ar livre com os t\u00e9nis Bradstreet para homem com parte superior em pele Premium Timberland\u00ae Leather e forro ReBOTL\u2122 macio com, pelo menos, 50% de pl\u00e1stico PET reciclado. A palmilha OrthoLite\u00ae supermacia e o sistema de conforto SensorFlex\u2122 ajudam a proporcionar amortecimento de longa dura\u00e7\u00e3o, gest\u00e3o de humidade e controlo de odores gra\u00e7as [&hellip;]<\/p>\n","protected":false},"featured_media":72499,"comment_status":"closed","ping_status":"closed","template":"","meta":[],"product_cat":[231,221],"product_tag":[],"class_list":{"0":"post-72477","1":"product","2":"type-product","3":"status-publish","4":"has-post-thumbnail","6":"product_cat-calcado-homem","7":"product_cat-homem","8":"ts_product_brand-timberland","10":"first","11":"instock","12":"shipping-taxable","13":"purchasable","14":"product-type-variable"},"yoast_head":"<!-- This site is optimized with the Yoast SEO plugin v27.5 - https:\/\/yoast.com\/product\/yoast-seo-wordpress\/ -->\n<title>Sapato Bradstreet H Timberland - Guibutik<\/title>\n<meta name=\"robots\" content=\"index, follow, max-snippet:-1, max-image-preview:large, max-video-preview:-1\" \/>\n<link rel=\"canonical\" href=\"https:\/\/www.guibutik.pt\/loja\/produto\/sapato-bradstreet-h-timberland\/\" \/>\n<meta property=\"og:locale\" content=\"pt_PT\" \/>\n<meta property=\"og:type\" content=\"article\" \/>\n<meta property=\"og:title\" content=\"Sapato Bradstreet H Timberland - Guibutik\" \/>\n<meta property=\"og:description\" content=\"Descobre o ar livre com os t\u00e9nis Bradstreet para homem com parte superior em pele Premium Timberland\u00ae Leather e forro ReBOTL\u2122 macio com, pelo menos, 50% de pl\u00e1stico PET reciclado. A palmilha OrthoLite\u00ae supermacia e o sistema de conforto SensorFlex\u2122 ajudam a proporcionar amortecimento de longa dura\u00e7\u00e3o, gest\u00e3o de humidade e controlo de odores gra\u00e7as [&hellip;]\" \/>\n<meta property=\"og:url\" content=\"https:\/\/www.guibutik.pt\/loja\/produto\/sapato-bradstreet-h-timberland\/\" \/>\n<meta property=\"og:site_name\" content=\"Guibutik\" \/>\n<meta property=\"article:publisher\" content=\"https:\/\/www.facebook.com\/guibutik\/\" \/>\n<meta property=\"article:modified_time\" content=\"2026-04-28T13:34:29+00:00\" \/>\n<meta property=\"og:image\" content=\"https:\/\/www.guibutik.pt\/loja\/wp-content\/uploads\/2025\/06\/A2A3EF13-hero.webp\" \/>\n\t<meta property=\"og:image:width\" content=\"720\" \/>\n\t<meta property=\"og:image:height\" content=\"720\" \/>\n\t<meta property=\"og:image:type\" content=\"image\/webp\" \/>\n<meta name=\"twitter:card\" content=\"summary_large_image\" \/>\n<meta name=\"twitter:label1\" content=\"Tempo estimado de leitura\" \/>\n\t<meta name=\"twitter:data1\" content=\"2 minutos\" \/>\n<script type=\"application\/ld+json\" class=\"yoast-schema-graph\">{\"@context\":\"https:\\\/\\\/schema.org\",\"@graph\":[{\"@type\":\"WebPage\",\"@id\":\"https:\\\/\\\/www.guibutik.pt\\\/loja\\\/produto\\\/sapato-bradstreet-h-timberland\\\/\",\"url\":\"https:\\\/\\\/www.guibutik.pt\\\/loja\\\/produto\\\/sapato-bradstreet-h-timberland\\\/\",\"name\":\"Sapato Bradstreet H Timberland - Guibutik\",\"isPartOf\":{\"@id\":\"https:\\\/\\\/www.guibutik.pt\\\/loja\\\/#website\"},\"primaryImageOfPage\":{\"@id\":\"https:\\\/\\\/www.guibutik.pt\\\/loja\\\/produto\\\/sapato-bradstreet-h-timberland\\\/#primaryimage\"},\"image\":{\"@id\":\"https:\\\/\\\/www.guibutik.pt\\\/loja\\\/produto\\\/sapato-bradstreet-h-timberland\\\/#primaryimage\"},\"thumbnailUrl\":\"https:\\\/\\\/www.guibutik.pt\\\/loja\\\/wp-content\\\/uploads\\\/2025\\\/06\\\/A2A3EF13-hero.webp\",\"datePublished\":\"2025-06-02T10:02:36+00:00\",\"dateModified\":\"2026-04-28T13:34:29+00:00\",\"breadcrumb\":{\"@id\":\"https:\\\/\\\/www.guibutik.pt\\\/loja\\\/produto\\\/sapato-bradstreet-h-timberland\\\/#breadcrumb\"},\"inLanguage\":\"pt-PT\",\"potentialAction\":[{\"@type\":\"ReadAction\",\"target\":[\"https:\\\/\\\/www.guibutik.pt\\\/loja\\\/produto\\\/sapato-bradstreet-h-timberland\\\/\"]}]},{\"@type\":\"ImageObject\",\"inLanguage\":\"pt-PT\",\"@id\":\"https:\\\/\\\/www.guibutik.pt\\\/loja\\\/produto\\\/sapato-bradstreet-h-timberland\\\/#primaryimage\",\"url\":\"https:\\\/\\\/www.guibutik.pt\\\/loja\\\/wp-content\\\/uploads\\\/2025\\\/06\\\/A2A3EF13-hero.webp\",\"contentUrl\":\"https:\\\/\\\/www.guibutik.pt\\\/loja\\\/wp-content\\\/uploads\\\/2025\\\/06\\\/A2A3EF13-hero.webp\",\"width\":720,\"height\":720},{\"@type\":\"BreadcrumbList\",\"@id\":\"https:\\\/\\\/www.guibutik.pt\\\/loja\\\/produto\\\/sapato-bradstreet-h-timberland\\\/#breadcrumb\",\"itemListElement\":[{\"@type\":\"ListItem\",\"position\":1,\"name\":\"In\u00edcio\",\"item\":\"https:\\\/\\\/www.guibutik.pt\\\/loja\\\/\"},{\"@type\":\"ListItem\",\"position\":2,\"name\":\"Loja\",\"item\":\"https:\\\/\\\/www.guibutik.pt\\\/loja\\\/shop\\\/\"},{\"@type\":\"ListItem\",\"position\":3,\"name\":\"Sapato Bradstreet H Timberland\"}]},{\"@type\":\"WebSite\",\"@id\":\"https:\\\/\\\/www.guibutik.pt\\\/loja\\\/#website\",\"url\":\"https:\\\/\\\/www.guibutik.pt\\\/loja\\\/\",\"name\":\"Guibutik\",\"description\":\"Moda e Sapataria\",\"potentialAction\":[{\"@type\":\"SearchAction\",\"target\":{\"@type\":\"EntryPoint\",\"urlTemplate\":\"https:\\\/\\\/www.guibutik.pt\\\/loja\\\/?s={search_term_string}\"},\"query-input\":{\"@type\":\"PropertyValueSpecification\",\"valueRequired\":true,\"valueName\":\"search_term_string\"}}],\"inLanguage\":\"pt-PT\"}]}<\/script>\n<!-- \/ Yoast SEO plugin. -->","yoast_head_json":{"title":"Sapato Bradstreet H Timberland - Guibutik","robots":{"index":"index","follow":"follow","max-snippet":"max-snippet:-1","max-image-preview":"max-image-preview:large","max-video-preview":"max-video-preview:-1"},"canonical":"https:\/\/www.guibutik.pt\/loja\/produto\/sapato-bradstreet-h-timberland\/","og_locale":"pt_PT","og_type":"article","og_title":"Sapato Bradstreet H Timberland - Guibutik","og_description":"Descobre o ar livre com os t\u00e9nis Bradstreet para homem com parte superior em pele Premium Timberland\u00ae Leather e forro ReBOTL\u2122 macio com, pelo menos, 50% de pl\u00e1stico PET reciclado. A palmilha OrthoLite\u00ae supermacia e o sistema de conforto SensorFlex\u2122 ajudam a proporcionar amortecimento de longa dura\u00e7\u00e3o, gest\u00e3o de humidade e controlo de odores gra\u00e7as [&hellip;]","og_url":"https:\/\/www.guibutik.pt\/loja\/produto\/sapato-bradstreet-h-timberland\/","og_site_name":"Guibutik","article_publisher":"https:\/\/www.facebook.com\/guibutik\/","article_modified_time":"2026-04-28T13:34:29+00:00","og_image":[{"width":720,"height":720,"url":"https:\/\/www.guibutik.pt\/loja\/wp-content\/uploads\/2025\/06\/A2A3EF13-hero.webp","type":"image\/webp"}],"twitter_card":"summary_large_image","twitter_misc":{"Tempo estimado de leitura":"2 minutos"},"schema":{"@context":"https:\/\/schema.org","@graph":[{"@type":"WebPage","@id":"https:\/\/www.guibutik.pt\/loja\/produto\/sapato-bradstreet-h-timberland\/","url":"https:\/\/www.guibutik.pt\/loja\/produto\/sapato-bradstreet-h-timberland\/","name":"Sapato Bradstreet H Timberland - Guibutik","isPartOf":{"@id":"https:\/\/www.guibutik.pt\/loja\/#website"},"primaryImageOfPage":{"@id":"https:\/\/www.guibutik.pt\/loja\/produto\/sapato-bradstreet-h-timberland\/#primaryimage"},"image":{"@id":"https:\/\/www.guibutik.pt\/loja\/produto\/sapato-bradstreet-h-timberland\/#primaryimage"},"thumbnailUrl":"https:\/\/www.guibutik.pt\/loja\/wp-content\/uploads\/2025\/06\/A2A3EF13-hero.webp","datePublished":"2025-06-02T10:02:36+00:00","dateModified":"2026-04-28T13:34:29+00:00","breadcrumb":{"@id":"https:\/\/www.guibutik.pt\/loja\/produto\/sapato-bradstreet-h-timberland\/#breadcrumb"},"inLanguage":"pt-PT","potentialAction":[{"@type":"ReadAction","target":["https:\/\/www.guibutik.pt\/loja\/produto\/sapato-bradstreet-h-timberland\/"]}]},{"@type":"ImageObject","inLanguage":"pt-PT","@id":"https:\/\/www.guibutik.pt\/loja\/produto\/sapato-bradstreet-h-timberland\/#primaryimage","url":"https:\/\/www.guibutik.pt\/loja\/wp-content\/uploads\/2025\/06\/A2A3EF13-hero.webp","contentUrl":"https:\/\/www.guibutik.pt\/loja\/wp-content\/uploads\/2025\/06\/A2A3EF13-hero.webp","width":720,"height":720},{"@type":"BreadcrumbList","@id":"https:\/\/www.guibutik.pt\/loja\/produto\/sapato-bradstreet-h-timberland\/#breadcrumb","itemListElement":[{"@type":"ListItem","position":1,"name":"In\u00edcio","item":"https:\/\/www.guibutik.pt\/loja\/"},{"@type":"ListItem","position":2,"name":"Loja","item":"https:\/\/www.guibutik.pt\/loja\/shop\/"},{"@type":"ListItem","position":3,"name":"Sapato Bradstreet H Timberland"}]},{"@type":"WebSite","@id":"https:\/\/www.guibutik.pt\/loja\/#website","url":"https:\/\/www.guibutik.pt\/loja\/","name":"Guibutik","description":"Moda e Sapataria","potentialAction":[{"@type":"SearchAction","target":{"@type":"EntryPoint","urlTemplate":"https:\/\/www.guibutik.pt\/loja\/?s={search_term_string}"},"query-input":{"@type":"PropertyValueSpecification","valueRequired":true,"valueName":"search_term_string"}}],"inLanguage":"pt-PT"}]}},"_links":{"self":[{"href":"https:\/\/www.guibutik.pt\/loja\/wp-json\/wp\/v2\/product\/72477","targetHints":{"allow":["GET"]}}],"collection":[{"href":"https:\/\/www.guibutik.pt\/loja\/wp-json\/wp\/v2\/product"}],"about":[{"href":"https:\/\/www.guibutik.pt\/loja\/wp-json\/wp\/v2\/types\/product"}],"replies":[{"embeddable":true,"href":"https:\/\/www.guibutik.pt\/loja\/wp-json\/wp\/v2\/comments?post=72477"}],"wp:featuredmedia":[{"embeddable":true,"href":"https:\/\/www.guibutik.pt\/loja\/wp-json\/wp\/v2\/media\/72499"}],"wp:attachment":[{"href":"https:\/\/www.guibutik.pt\/loja\/wp-json\/wp\/v2\/media?parent=72477"}],"wp:term":[{"taxonomy":"product_cat","embeddable":true,"href":"https:\/\/www.guibutik.pt\/loja\/wp-json\/wp\/v2\/product_cat?post=72477"},{"taxonomy":"product_tag","embeddable":true,"href":"https:\/\/www.guibutik.pt\/loja\/wp-json\/wp\/v2\/product_tag?post=72477"}],"curies":[{"name":"wp","href":"https:\/\/api.w.org\/{rel}","templated":true}]}}