{"id":72429,"date":"2025-06-02T10:21:11","date_gmt":"2025-06-02T09:21:11","guid":{"rendered":"https:\/\/www.guibutik.pt\/loja\/?post_type=product&#038;p=72429"},"modified":"2025-09-27T13:00:02","modified_gmt":"2025-09-27T12:00:02","slug":"blusa-s-salsa-7","status":"publish","type":"product","link":"https:\/\/www.guibutik.pt\/loja\/produto\/blusa-s-salsa-7\/","title":{"rendered":"Blusa S Salsa"},"content":{"rendered":"<p>Inspirada no esp\u00edrito descontra\u00eddo e sofisticado da Riviera Europeia, esta camisa de linho em tom branco capta a ess\u00eancia dos ver\u00f5es intermin\u00e1veis, onde o luxo se funde com a simplicidade.<br \/>\nCom um corte regular e um decote redondo, esta pe\u00e7a alia conforto e eleg\u00e2ncia sem esfor\u00e7o. A renda delicada na parte superior acrescenta um toque rom\u00e2ntico e artesanal, evocando os detalhes \u00fanicos das cidades costeiras ic\u00f3nicas como St. Tropez, Portofino e Santorini.<br \/>\nAs mangas 3\/4 e os punhos abotoados conferem-lhe um ar cl\u00e1ssico, enquanto a abertura frontal com bot\u00f5es garante versatilidade &#8211; ideal para um look sofisticado na cidade ou um visual leve para passeios \u00e0 beira-mar.<br \/>\nUma pe\u00e7a intemporal, pensada para transitar da cidade para a praia com sofistica\u00e7\u00e3o e frescura, capturando o charme das esplanadas ensolaradas, do sal na pele e do brilho dourado dos dias de ver\u00e3o.<br \/>\n&#8211; Camisa de linho com renda na parte superior<br \/>\n&#8211; Cor branco<br \/>\n&#8211; Fit regular<br \/>\n&#8211; Manga 3\/4<br \/>\n&#8211; Decote redondo<br \/>\n&#8211; Abertura frontal com bot\u00f5es<br \/>\n&#8211; Punhos abotoados<\/p>\n<p>Para refer\u00eancia, a modelo mede 1,75m e est\u00e1 a usar o tamanho S.<\/p>\n<p><strong>Composi\u00e7\u00e3o:<\/strong><\/p>\n<div class=\"accordion-content page-content\">\n<div id=\"section_1724391669\" class=\"product-composition ng-scope\" data-compositiongroupid=\"2\">\n<div class=\"list-composition\">\n<div class=\"row-composition \" data-compositionname=\"\">\n<div class=\"composition-info\">\n<p class=\"composition-title\">Tecido principal<\/p>\n<ul class=\"composition-list\">\n<li>55% Linho<\/li>\n<li>45% Viscose<\/li>\n<\/ul>\n<p class=\"composition-title\">RENDA<\/p>\n<ul class=\"composition-list\">\n<li>100% Poliester<\/li>\n<\/ul>\n<p><strong>Cuidados de lavagem:<\/strong><\/p>\n<div class=\"col-sm-12 column clearfix\">\n<p class=\"paragraph\">N\u00e3o usar lixivia<\/p>\n<\/div>\n<div class=\"col-sm-12 column clearfix\">\n<p class=\"paragraph\">N\u00e3o passar com ferro quente<\/p>\n<\/div>\n<div class=\"col-sm-12 column clearfix\">\n<p class=\"paragraph\">N\u00e3o limpar a seco com qu\u00edmicos<\/p>\n<\/div>\n<div class=\"col-sm-12 column clearfix\">\n<p class=\"paragraph\">N\u00e3o utilizar m\u00e1quina de secar<\/p>\n<\/div>\n<div class=\"col-sm-12 column clearfix\">\n<p class=\"paragraph\">Lavagem \u00e0 m\u00e3o<\/p>\n<\/div>\n<\/div>\n<\/div>\n<\/div>\n<\/div>\n<\/div>\n","protected":false},"excerpt":{"rendered":"<p>Inspirada no esp\u00edrito descontra\u00eddo e sofisticado da Riviera Europeia, esta camisa de linho em tom branco capta a ess\u00eancia dos ver\u00f5es intermin\u00e1veis, onde o luxo se funde com a simplicidade. Com um corte regular e um decote redondo, esta pe\u00e7a alia conforto e eleg\u00e2ncia sem esfor\u00e7o. A renda delicada na parte superior acrescenta um toque [&hellip;]<\/p>\n","protected":false},"featured_media":72434,"comment_status":"closed","ping_status":"closed","template":"","meta":[],"product_cat":[283,484,222],"product_tag":[],"class_list":{"0":"post-72429","1":"product","2":"type-product","3":"status-publish","4":"has-post-thumbnail","6":"product_cat-blusa","7":"product_cat-promocoes-senhora","8":"product_cat-senhora","9":"ts_product_brand-salsa","11":"first","12":"instock","13":"sale","14":"shipping-taxable","15":"purchasable","16":"product-type-variable"},"yoast_head":"<!-- This site is optimized with the Yoast SEO plugin v27.5 - https:\/\/yoast.com\/product\/yoast-seo-wordpress\/ -->\n<title>Blusa S Salsa - Guibutik<\/title>\n<meta name=\"robots\" content=\"index, follow, max-snippet:-1, max-image-preview:large, max-video-preview:-1\" \/>\n<link rel=\"canonical\" href=\"https:\/\/www.guibutik.pt\/loja\/produto\/blusa-s-salsa-7\/\" \/>\n<meta property=\"og:locale\" content=\"pt_PT\" \/>\n<meta property=\"og:type\" content=\"article\" \/>\n<meta property=\"og:title\" content=\"Blusa S Salsa - Guibutik\" \/>\n<meta property=\"og:description\" content=\"Inspirada no esp\u00edrito descontra\u00eddo e sofisticado da Riviera Europeia, esta camisa de linho em tom branco capta a ess\u00eancia dos ver\u00f5es intermin\u00e1veis, onde o luxo se funde com a simplicidade. Com um corte regular e um decote redondo, esta pe\u00e7a alia conforto e eleg\u00e2ncia sem esfor\u00e7o. A renda delicada na parte superior acrescenta um toque [&hellip;]\" \/>\n<meta property=\"og:url\" content=\"https:\/\/www.guibutik.pt\/loja\/produto\/blusa-s-salsa-7\/\" \/>\n<meta property=\"og:site_name\" content=\"Guibutik\" \/>\n<meta property=\"article:publisher\" content=\"https:\/\/www.facebook.com\/guibutik\/\" \/>\n<meta property=\"article:modified_time\" content=\"2025-09-27T12:00:02+00:00\" \/>\n<meta property=\"og:image\" content=\"https:\/\/www.guibutik.pt\/loja\/wp-content\/uploads\/2025\/06\/21009448.jpg\" \/>\n\t<meta property=\"og:image:width\" content=\"1280\" \/>\n\t<meta property=\"og:image:height\" content=\"1920\" \/>\n\t<meta property=\"og:image:type\" content=\"image\/jpeg\" \/>\n<meta name=\"twitter:card\" content=\"summary_large_image\" \/>\n<meta name=\"twitter:label1\" content=\"Tempo estimado de leitura\" \/>\n\t<meta name=\"twitter:data1\" content=\"2 minutos\" \/>\n<script type=\"application\/ld+json\" class=\"yoast-schema-graph\">{\"@context\":\"https:\\\/\\\/schema.org\",\"@graph\":[{\"@type\":\"WebPage\",\"@id\":\"https:\\\/\\\/www.guibutik.pt\\\/loja\\\/produto\\\/blusa-s-salsa-7\\\/\",\"url\":\"https:\\\/\\\/www.guibutik.pt\\\/loja\\\/produto\\\/blusa-s-salsa-7\\\/\",\"name\":\"Blusa S Salsa - Guibutik\",\"isPartOf\":{\"@id\":\"https:\\\/\\\/www.guibutik.pt\\\/loja\\\/#website\"},\"primaryImageOfPage\":{\"@id\":\"https:\\\/\\\/www.guibutik.pt\\\/loja\\\/produto\\\/blusa-s-salsa-7\\\/#primaryimage\"},\"image\":{\"@id\":\"https:\\\/\\\/www.guibutik.pt\\\/loja\\\/produto\\\/blusa-s-salsa-7\\\/#primaryimage\"},\"thumbnailUrl\":\"https:\\\/\\\/www.guibutik.pt\\\/loja\\\/wp-content\\\/uploads\\\/2025\\\/06\\\/21009448.jpg\",\"datePublished\":\"2025-06-02T09:21:11+00:00\",\"dateModified\":\"2025-09-27T12:00:02+00:00\",\"breadcrumb\":{\"@id\":\"https:\\\/\\\/www.guibutik.pt\\\/loja\\\/produto\\\/blusa-s-salsa-7\\\/#breadcrumb\"},\"inLanguage\":\"pt-PT\",\"potentialAction\":[{\"@type\":\"ReadAction\",\"target\":[\"https:\\\/\\\/www.guibutik.pt\\\/loja\\\/produto\\\/blusa-s-salsa-7\\\/\"]}]},{\"@type\":\"ImageObject\",\"inLanguage\":\"pt-PT\",\"@id\":\"https:\\\/\\\/www.guibutik.pt\\\/loja\\\/produto\\\/blusa-s-salsa-7\\\/#primaryimage\",\"url\":\"https:\\\/\\\/www.guibutik.pt\\\/loja\\\/wp-content\\\/uploads\\\/2025\\\/06\\\/21009448.jpg\",\"contentUrl\":\"https:\\\/\\\/www.guibutik.pt\\\/loja\\\/wp-content\\\/uploads\\\/2025\\\/06\\\/21009448.jpg\",\"width\":1280,\"height\":1920},{\"@type\":\"BreadcrumbList\",\"@id\":\"https:\\\/\\\/www.guibutik.pt\\\/loja\\\/produto\\\/blusa-s-salsa-7\\\/#breadcrumb\",\"itemListElement\":[{\"@type\":\"ListItem\",\"position\":1,\"name\":\"In\u00edcio\",\"item\":\"https:\\\/\\\/www.guibutik.pt\\\/loja\\\/\"},{\"@type\":\"ListItem\",\"position\":2,\"name\":\"Loja\",\"item\":\"https:\\\/\\\/www.guibutik.pt\\\/loja\\\/shop\\\/\"},{\"@type\":\"ListItem\",\"position\":3,\"name\":\"Blusa S Salsa\"}]},{\"@type\":\"WebSite\",\"@id\":\"https:\\\/\\\/www.guibutik.pt\\\/loja\\\/#website\",\"url\":\"https:\\\/\\\/www.guibutik.pt\\\/loja\\\/\",\"name\":\"Guibutik\",\"description\":\"Moda e Sapataria\",\"potentialAction\":[{\"@type\":\"SearchAction\",\"target\":{\"@type\":\"EntryPoint\",\"urlTemplate\":\"https:\\\/\\\/www.guibutik.pt\\\/loja\\\/?s={search_term_string}\"},\"query-input\":{\"@type\":\"PropertyValueSpecification\",\"valueRequired\":true,\"valueName\":\"search_term_string\"}}],\"inLanguage\":\"pt-PT\"}]}<\/script>\n<!-- \/ Yoast SEO plugin. -->","yoast_head_json":{"title":"Blusa S Salsa - Guibutik","robots":{"index":"index","follow":"follow","max-snippet":"max-snippet:-1","max-image-preview":"max-image-preview:large","max-video-preview":"max-video-preview:-1"},"canonical":"https:\/\/www.guibutik.pt\/loja\/produto\/blusa-s-salsa-7\/","og_locale":"pt_PT","og_type":"article","og_title":"Blusa S Salsa - Guibutik","og_description":"Inspirada no esp\u00edrito descontra\u00eddo e sofisticado da Riviera Europeia, esta camisa de linho em tom branco capta a ess\u00eancia dos ver\u00f5es intermin\u00e1veis, onde o luxo se funde com a simplicidade. Com um corte regular e um decote redondo, esta pe\u00e7a alia conforto e eleg\u00e2ncia sem esfor\u00e7o. A renda delicada na parte superior acrescenta um toque [&hellip;]","og_url":"https:\/\/www.guibutik.pt\/loja\/produto\/blusa-s-salsa-7\/","og_site_name":"Guibutik","article_publisher":"https:\/\/www.facebook.com\/guibutik\/","article_modified_time":"2025-09-27T12:00:02+00:00","og_image":[{"width":1280,"height":1920,"url":"https:\/\/www.guibutik.pt\/loja\/wp-content\/uploads\/2025\/06\/21009448.jpg","type":"image\/jpeg"}],"twitter_card":"summary_large_image","twitter_misc":{"Tempo estimado de leitura":"2 minutos"},"schema":{"@context":"https:\/\/schema.org","@graph":[{"@type":"WebPage","@id":"https:\/\/www.guibutik.pt\/loja\/produto\/blusa-s-salsa-7\/","url":"https:\/\/www.guibutik.pt\/loja\/produto\/blusa-s-salsa-7\/","name":"Blusa S Salsa - Guibutik","isPartOf":{"@id":"https:\/\/www.guibutik.pt\/loja\/#website"},"primaryImageOfPage":{"@id":"https:\/\/www.guibutik.pt\/loja\/produto\/blusa-s-salsa-7\/#primaryimage"},"image":{"@id":"https:\/\/www.guibutik.pt\/loja\/produto\/blusa-s-salsa-7\/#primaryimage"},"thumbnailUrl":"https:\/\/www.guibutik.pt\/loja\/wp-content\/uploads\/2025\/06\/21009448.jpg","datePublished":"2025-06-02T09:21:11+00:00","dateModified":"2025-09-27T12:00:02+00:00","breadcrumb":{"@id":"https:\/\/www.guibutik.pt\/loja\/produto\/blusa-s-salsa-7\/#breadcrumb"},"inLanguage":"pt-PT","potentialAction":[{"@type":"ReadAction","target":["https:\/\/www.guibutik.pt\/loja\/produto\/blusa-s-salsa-7\/"]}]},{"@type":"ImageObject","inLanguage":"pt-PT","@id":"https:\/\/www.guibutik.pt\/loja\/produto\/blusa-s-salsa-7\/#primaryimage","url":"https:\/\/www.guibutik.pt\/loja\/wp-content\/uploads\/2025\/06\/21009448.jpg","contentUrl":"https:\/\/www.guibutik.pt\/loja\/wp-content\/uploads\/2025\/06\/21009448.jpg","width":1280,"height":1920},{"@type":"BreadcrumbList","@id":"https:\/\/www.guibutik.pt\/loja\/produto\/blusa-s-salsa-7\/#breadcrumb","itemListElement":[{"@type":"ListItem","position":1,"name":"In\u00edcio","item":"https:\/\/www.guibutik.pt\/loja\/"},{"@type":"ListItem","position":2,"name":"Loja","item":"https:\/\/www.guibutik.pt\/loja\/shop\/"},{"@type":"ListItem","position":3,"name":"Blusa S Salsa"}]},{"@type":"WebSite","@id":"https:\/\/www.guibutik.pt\/loja\/#website","url":"https:\/\/www.guibutik.pt\/loja\/","name":"Guibutik","description":"Moda e Sapataria","potentialAction":[{"@type":"SearchAction","target":{"@type":"EntryPoint","urlTemplate":"https:\/\/www.guibutik.pt\/loja\/?s={search_term_string}"},"query-input":{"@type":"PropertyValueSpecification","valueRequired":true,"valueName":"search_term_string"}}],"inLanguage":"pt-PT"}]}},"_links":{"self":[{"href":"https:\/\/www.guibutik.pt\/loja\/wp-json\/wp\/v2\/product\/72429","targetHints":{"allow":["GET"]}}],"collection":[{"href":"https:\/\/www.guibutik.pt\/loja\/wp-json\/wp\/v2\/product"}],"about":[{"href":"https:\/\/www.guibutik.pt\/loja\/wp-json\/wp\/v2\/types\/product"}],"replies":[{"embeddable":true,"href":"https:\/\/www.guibutik.pt\/loja\/wp-json\/wp\/v2\/comments?post=72429"}],"wp:featuredmedia":[{"embeddable":true,"href":"https:\/\/www.guibutik.pt\/loja\/wp-json\/wp\/v2\/media\/72434"}],"wp:attachment":[{"href":"https:\/\/www.guibutik.pt\/loja\/wp-json\/wp\/v2\/media?parent=72429"}],"wp:term":[{"taxonomy":"product_cat","embeddable":true,"href":"https:\/\/www.guibutik.pt\/loja\/wp-json\/wp\/v2\/product_cat?post=72429"},{"taxonomy":"product_tag","embeddable":true,"href":"https:\/\/www.guibutik.pt\/loja\/wp-json\/wp\/v2\/product_tag?post=72429"}],"curies":[{"name":"wp","href":"https:\/\/api.w.org\/{rel}","templated":true}]}}