{"id":72392,"date":"2025-06-02T10:02:49","date_gmt":"2025-06-02T09:02:49","guid":{"rendered":"https:\/\/www.guibutik.pt\/loja\/?post_type=product&#038;p=72392"},"modified":"2026-03-11T20:20:16","modified_gmt":"2026-03-11T19:20:16","slug":"jeans-true-s-salsa-3","status":"publish","type":"product","link":"https:\/\/www.guibutik.pt\/loja\/produto\/jeans-true-s-salsa-3\/","title":{"rendered":"Jeans True S Salsa"},"content":{"rendered":"<p>Esta pe\u00e7a \u00e9 uma edi\u00e7\u00e3o limitada, totalmente biodegrad\u00e1vel e foi produzida com mat\u00e9rias-primas inovadoras e monomateriais. Inspirada na natureza, celebra o ciclo de vida do denim, como um reflexo do nosso pr\u00f3prio caminho. Com bot\u00f5es feitos com base celulosa compost\u00e1vel e biodegrad\u00e1vel, linhas, forro, bordados e etiquetas 100% algod\u00e3o altamente resistentes, esta pe\u00e7a projeta a inova\u00e7\u00e3o e \u00e9 a prova de que a moda e a consci\u00eancia ambiental podem coexistir.<br \/>\n&#8211; Jeans True<br \/>\n&#8211; Cor azul<br \/>\n&#8211; Perna cropped slim<br \/>\n&#8211; Cintura alta<br \/>\n&#8211; Abertura frontal com bot\u00f5es biodegrad\u00e1veis<br \/>\n&#8211; Cinco bolsos, um deles com detalhe de bordado &#8220;infinito&#8221;<br \/>\n&#8211; Com presilhas<\/p>\n<p>Para refer\u00eancia, a modelo mede 1,78m e est\u00e1 a usar o tamanho 28.<\/p>\n<div class=\"productdetail-extrainfo\">\n<div class=\"productdetail-composition\">\n<div id=\"section_866362147\" class=\"product-composition ng-scope\" data-compositiongroupid=\"1\">\n<div class=\"list-composition\">\n<div class=\"row-composition \" data-compositionname=\"Perna\">\n<div class=\"composition-title\">\n<p><b>Perna:<\/b><\/p>\n<\/div>\n<div class=\"composition-info\">Cropped Slim<\/div>\n<\/div>\n<div class=\"row-composition \" data-compositionname=\"Cintura\">\n<div class=\"composition-title\">\n<p><b>Cintura:<\/b><\/p>\n<\/div>\n<div class=\"composition-info\">Alta<\/div>\n<\/div>\n<div class=\"row-composition \" data-compositionname=\"Mat\u00e9ria-prima\">\n<div class=\"composition-title\">\n<p><b>Mat\u00e9ria-prima:<\/b><\/p>\n<\/div>\n<div class=\"composition-info\">Algod\u00e3o<\/div>\n<div>Esta pe\u00e7a \u00e9 uma edi\u00e7\u00e3o limitada, totalmente biodegrad\u00e1vel e foi produzida com mat\u00e9rias-primas inovadoras e monomateriais. Inspirada na natureza, celebra o ciclo de vida do denim, como um reflexo do nosso pr\u00f3prio caminho. Com bot\u00f5es feitos com base celulosa compost\u00e1vel e biodegrad\u00e1vel, linhas, forro, bordados e etiquetas 100% algod\u00e3o altamente resistentes, esta pe\u00e7a projeta a inova\u00e7\u00e3o e \u00e9 a prova de que a moda e a consci\u00eancia ambiental podem coexistir.<br \/>\n&#8211; Jeans True<br \/>\n&#8211; Cor azul<br \/>\n&#8211; Perna cropped slim<br \/>\n&#8211; Cintura alta<br \/>\n&#8211; Abertura frontal com bot\u00f5es biodegrad\u00e1veis<br \/>\n&#8211; Cinco bolsos, um deles com detalhe de bordado &#8220;infinito&#8221;<br \/>\n&#8211; Com presilhasPara refer\u00eancia, a modelo mede 1,78m e est\u00e1 a usar o tamanho 28.<\/p>\n<div class=\"productdetail-extrainfo\">\n<div class=\"productdetail-composition\">\n<div id=\"section_866362147\" class=\"product-composition ng-scope\" data-compositiongroupid=\"1\">\n<div class=\"list-composition\">\n<div class=\"row-composition \" data-compositionname=\"Perna\">\n<div class=\"composition-title\">\n<p><b>Composi\u00e7\u00e3o:<\/b><\/p>\n<ul class=\"composition-list\">\n<li>96% Algod\u00e3o<\/li>\n<li>4% Elastano<\/li>\n<\/ul>\n<p><strong>Cuidados de lavagem:<\/strong><\/p>\n<div class=\"col-sm-12 column clearfix\">\n<p class=\"paragraph\">Lavar m\u00e1quina a 30\u00baC, processo moderado<\/p>\n<\/div>\n<div class=\"col-sm-12 column clearfix\">\n<p class=\"paragraph\">N\u00e3o usar lixivia<\/p>\n<\/div>\n<div class=\"col-sm-12 column clearfix\">\n<p class=\"paragraph\">N\u00e3o passar com ferro quente<\/p>\n<\/div>\n<div class=\"col-sm-12 column clearfix\">\n<p class=\"paragraph\">N\u00e3o utilizar m\u00e1quina de secar<\/p>\n<\/div>\n<div class=\"col-sm-12 column clearfix\">\n<p class=\"paragraph\">Limpeza a seco delicada P<\/p>\n<\/div>\n<\/div>\n<\/div>\n<\/div>\n<\/div>\n<\/div>\n<\/div>\n<\/div>\n<\/div>\n<\/div>\n<\/div>\n<\/div>\n<\/div>\n","protected":false},"excerpt":{"rendered":"<p>Esta pe\u00e7a \u00e9 uma edi\u00e7\u00e3o limitada, totalmente biodegrad\u00e1vel e foi produzida com mat\u00e9rias-primas inovadoras e monomateriais. Inspirada na natureza, celebra o ciclo de vida do denim, como um reflexo do nosso pr\u00f3prio caminho. Com bot\u00f5es feitos com base celulosa compost\u00e1vel e biodegrad\u00e1vel, linhas, forro, bordados e etiquetas 100% algod\u00e3o altamente resistentes, esta pe\u00e7a projeta a [&hellip;]<\/p>\n","protected":false},"featured_media":72394,"comment_status":"closed","ping_status":"closed","template":"","meta":[],"product_cat":[285,222],"product_tag":[],"class_list":{"0":"post-72392","1":"product","2":"type-product","3":"status-publish","4":"has-post-thumbnail","6":"product_cat-calcas-senhora","7":"product_cat-senhora","8":"ts_product_brand-salsa","10":"first","11":"instock","12":"sale","13":"shipping-taxable","14":"purchasable","15":"product-type-variable"},"yoast_head":"<!-- This site is optimized with the Yoast SEO plugin v27.5 - https:\/\/yoast.com\/product\/yoast-seo-wordpress\/ -->\n<title>Jeans True S Salsa - Guibutik<\/title>\n<meta name=\"robots\" content=\"index, follow, max-snippet:-1, max-image-preview:large, max-video-preview:-1\" \/>\n<link rel=\"canonical\" href=\"https:\/\/www.guibutik.pt\/loja\/produto\/jeans-true-s-salsa-3\/\" \/>\n<meta property=\"og:locale\" content=\"pt_PT\" \/>\n<meta property=\"og:type\" content=\"article\" \/>\n<meta property=\"og:title\" content=\"Jeans True S Salsa - Guibutik\" \/>\n<meta property=\"og:description\" content=\"Esta pe\u00e7a \u00e9 uma edi\u00e7\u00e3o limitada, totalmente biodegrad\u00e1vel e foi produzida com mat\u00e9rias-primas inovadoras e monomateriais. Inspirada na natureza, celebra o ciclo de vida do denim, como um reflexo do nosso pr\u00f3prio caminho. Com bot\u00f5es feitos com base celulosa compost\u00e1vel e biodegrad\u00e1vel, linhas, forro, bordados e etiquetas 100% algod\u00e3o altamente resistentes, esta pe\u00e7a projeta a [&hellip;]\" \/>\n<meta property=\"og:url\" content=\"https:\/\/www.guibutik.pt\/loja\/produto\/jeans-true-s-salsa-3\/\" \/>\n<meta property=\"og:site_name\" content=\"Guibutik\" \/>\n<meta property=\"article:publisher\" content=\"https:\/\/www.facebook.com\/guibutik\/\" \/>\n<meta property=\"article:modified_time\" content=\"2026-03-11T19:20:16+00:00\" \/>\n<meta property=\"og:image\" content=\"https:\/\/www.guibutik.pt\/loja\/wp-content\/uploads\/2025\/06\/21009926.jpg\" \/>\n\t<meta property=\"og:image:width\" content=\"1280\" \/>\n\t<meta property=\"og:image:height\" content=\"1920\" \/>\n\t<meta property=\"og:image:type\" content=\"image\/jpeg\" \/>\n<meta name=\"twitter:card\" content=\"summary_large_image\" \/>\n<meta name=\"twitter:label1\" content=\"Tempo estimado de leitura\" \/>\n\t<meta name=\"twitter:data1\" content=\"2 minutos\" \/>\n<script type=\"application\/ld+json\" class=\"yoast-schema-graph\">{\"@context\":\"https:\\\/\\\/schema.org\",\"@graph\":[{\"@type\":\"WebPage\",\"@id\":\"https:\\\/\\\/www.guibutik.pt\\\/loja\\\/produto\\\/jeans-true-s-salsa-3\\\/\",\"url\":\"https:\\\/\\\/www.guibutik.pt\\\/loja\\\/produto\\\/jeans-true-s-salsa-3\\\/\",\"name\":\"Jeans True S Salsa - Guibutik\",\"isPartOf\":{\"@id\":\"https:\\\/\\\/www.guibutik.pt\\\/loja\\\/#website\"},\"primaryImageOfPage\":{\"@id\":\"https:\\\/\\\/www.guibutik.pt\\\/loja\\\/produto\\\/jeans-true-s-salsa-3\\\/#primaryimage\"},\"image\":{\"@id\":\"https:\\\/\\\/www.guibutik.pt\\\/loja\\\/produto\\\/jeans-true-s-salsa-3\\\/#primaryimage\"},\"thumbnailUrl\":\"https:\\\/\\\/www.guibutik.pt\\\/loja\\\/wp-content\\\/uploads\\\/2025\\\/06\\\/21009926.jpg\",\"datePublished\":\"2025-06-02T09:02:49+00:00\",\"dateModified\":\"2026-03-11T19:20:16+00:00\",\"breadcrumb\":{\"@id\":\"https:\\\/\\\/www.guibutik.pt\\\/loja\\\/produto\\\/jeans-true-s-salsa-3\\\/#breadcrumb\"},\"inLanguage\":\"pt-PT\",\"potentialAction\":[{\"@type\":\"ReadAction\",\"target\":[\"https:\\\/\\\/www.guibutik.pt\\\/loja\\\/produto\\\/jeans-true-s-salsa-3\\\/\"]}]},{\"@type\":\"ImageObject\",\"inLanguage\":\"pt-PT\",\"@id\":\"https:\\\/\\\/www.guibutik.pt\\\/loja\\\/produto\\\/jeans-true-s-salsa-3\\\/#primaryimage\",\"url\":\"https:\\\/\\\/www.guibutik.pt\\\/loja\\\/wp-content\\\/uploads\\\/2025\\\/06\\\/21009926.jpg\",\"contentUrl\":\"https:\\\/\\\/www.guibutik.pt\\\/loja\\\/wp-content\\\/uploads\\\/2025\\\/06\\\/21009926.jpg\",\"width\":1280,\"height\":1920},{\"@type\":\"BreadcrumbList\",\"@id\":\"https:\\\/\\\/www.guibutik.pt\\\/loja\\\/produto\\\/jeans-true-s-salsa-3\\\/#breadcrumb\",\"itemListElement\":[{\"@type\":\"ListItem\",\"position\":1,\"name\":\"In\u00edcio\",\"item\":\"https:\\\/\\\/www.guibutik.pt\\\/loja\\\/\"},{\"@type\":\"ListItem\",\"position\":2,\"name\":\"Loja\",\"item\":\"https:\\\/\\\/www.guibutik.pt\\\/loja\\\/shop\\\/\"},{\"@type\":\"ListItem\",\"position\":3,\"name\":\"Jeans True S Salsa\"}]},{\"@type\":\"WebSite\",\"@id\":\"https:\\\/\\\/www.guibutik.pt\\\/loja\\\/#website\",\"url\":\"https:\\\/\\\/www.guibutik.pt\\\/loja\\\/\",\"name\":\"Guibutik\",\"description\":\"Moda e Sapataria\",\"potentialAction\":[{\"@type\":\"SearchAction\",\"target\":{\"@type\":\"EntryPoint\",\"urlTemplate\":\"https:\\\/\\\/www.guibutik.pt\\\/loja\\\/?s={search_term_string}\"},\"query-input\":{\"@type\":\"PropertyValueSpecification\",\"valueRequired\":true,\"valueName\":\"search_term_string\"}}],\"inLanguage\":\"pt-PT\"}]}<\/script>\n<!-- \/ Yoast SEO plugin. -->","yoast_head_json":{"title":"Jeans True S Salsa - Guibutik","robots":{"index":"index","follow":"follow","max-snippet":"max-snippet:-1","max-image-preview":"max-image-preview:large","max-video-preview":"max-video-preview:-1"},"canonical":"https:\/\/www.guibutik.pt\/loja\/produto\/jeans-true-s-salsa-3\/","og_locale":"pt_PT","og_type":"article","og_title":"Jeans True S Salsa - Guibutik","og_description":"Esta pe\u00e7a \u00e9 uma edi\u00e7\u00e3o limitada, totalmente biodegrad\u00e1vel e foi produzida com mat\u00e9rias-primas inovadoras e monomateriais. Inspirada na natureza, celebra o ciclo de vida do denim, como um reflexo do nosso pr\u00f3prio caminho. Com bot\u00f5es feitos com base celulosa compost\u00e1vel e biodegrad\u00e1vel, linhas, forro, bordados e etiquetas 100% algod\u00e3o altamente resistentes, esta pe\u00e7a projeta a [&hellip;]","og_url":"https:\/\/www.guibutik.pt\/loja\/produto\/jeans-true-s-salsa-3\/","og_site_name":"Guibutik","article_publisher":"https:\/\/www.facebook.com\/guibutik\/","article_modified_time":"2026-03-11T19:20:16+00:00","og_image":[{"width":1280,"height":1920,"url":"https:\/\/www.guibutik.pt\/loja\/wp-content\/uploads\/2025\/06\/21009926.jpg","type":"image\/jpeg"}],"twitter_card":"summary_large_image","twitter_misc":{"Tempo estimado de leitura":"2 minutos"},"schema":{"@context":"https:\/\/schema.org","@graph":[{"@type":"WebPage","@id":"https:\/\/www.guibutik.pt\/loja\/produto\/jeans-true-s-salsa-3\/","url":"https:\/\/www.guibutik.pt\/loja\/produto\/jeans-true-s-salsa-3\/","name":"Jeans True S Salsa - Guibutik","isPartOf":{"@id":"https:\/\/www.guibutik.pt\/loja\/#website"},"primaryImageOfPage":{"@id":"https:\/\/www.guibutik.pt\/loja\/produto\/jeans-true-s-salsa-3\/#primaryimage"},"image":{"@id":"https:\/\/www.guibutik.pt\/loja\/produto\/jeans-true-s-salsa-3\/#primaryimage"},"thumbnailUrl":"https:\/\/www.guibutik.pt\/loja\/wp-content\/uploads\/2025\/06\/21009926.jpg","datePublished":"2025-06-02T09:02:49+00:00","dateModified":"2026-03-11T19:20:16+00:00","breadcrumb":{"@id":"https:\/\/www.guibutik.pt\/loja\/produto\/jeans-true-s-salsa-3\/#breadcrumb"},"inLanguage":"pt-PT","potentialAction":[{"@type":"ReadAction","target":["https:\/\/www.guibutik.pt\/loja\/produto\/jeans-true-s-salsa-3\/"]}]},{"@type":"ImageObject","inLanguage":"pt-PT","@id":"https:\/\/www.guibutik.pt\/loja\/produto\/jeans-true-s-salsa-3\/#primaryimage","url":"https:\/\/www.guibutik.pt\/loja\/wp-content\/uploads\/2025\/06\/21009926.jpg","contentUrl":"https:\/\/www.guibutik.pt\/loja\/wp-content\/uploads\/2025\/06\/21009926.jpg","width":1280,"height":1920},{"@type":"BreadcrumbList","@id":"https:\/\/www.guibutik.pt\/loja\/produto\/jeans-true-s-salsa-3\/#breadcrumb","itemListElement":[{"@type":"ListItem","position":1,"name":"In\u00edcio","item":"https:\/\/www.guibutik.pt\/loja\/"},{"@type":"ListItem","position":2,"name":"Loja","item":"https:\/\/www.guibutik.pt\/loja\/shop\/"},{"@type":"ListItem","position":3,"name":"Jeans True S Salsa"}]},{"@type":"WebSite","@id":"https:\/\/www.guibutik.pt\/loja\/#website","url":"https:\/\/www.guibutik.pt\/loja\/","name":"Guibutik","description":"Moda e Sapataria","potentialAction":[{"@type":"SearchAction","target":{"@type":"EntryPoint","urlTemplate":"https:\/\/www.guibutik.pt\/loja\/?s={search_term_string}"},"query-input":{"@type":"PropertyValueSpecification","valueRequired":true,"valueName":"search_term_string"}}],"inLanguage":"pt-PT"}]}},"_links":{"self":[{"href":"https:\/\/www.guibutik.pt\/loja\/wp-json\/wp\/v2\/product\/72392","targetHints":{"allow":["GET"]}}],"collection":[{"href":"https:\/\/www.guibutik.pt\/loja\/wp-json\/wp\/v2\/product"}],"about":[{"href":"https:\/\/www.guibutik.pt\/loja\/wp-json\/wp\/v2\/types\/product"}],"replies":[{"embeddable":true,"href":"https:\/\/www.guibutik.pt\/loja\/wp-json\/wp\/v2\/comments?post=72392"}],"wp:featuredmedia":[{"embeddable":true,"href":"https:\/\/www.guibutik.pt\/loja\/wp-json\/wp\/v2\/media\/72394"}],"wp:attachment":[{"href":"https:\/\/www.guibutik.pt\/loja\/wp-json\/wp\/v2\/media?parent=72392"}],"wp:term":[{"taxonomy":"product_cat","embeddable":true,"href":"https:\/\/www.guibutik.pt\/loja\/wp-json\/wp\/v2\/product_cat?post=72392"},{"taxonomy":"product_tag","embeddable":true,"href":"https:\/\/www.guibutik.pt\/loja\/wp-json\/wp\/v2\/product_tag?post=72392"}],"curies":[{"name":"wp","href":"https:\/\/api.w.org\/{rel}","templated":true}]}}