{"id":72075,"date":"2025-05-13T09:39:49","date_gmt":"2025-05-13T08:39:49","guid":{"rendered":"https:\/\/www.guibutik.pt\/loja\/?post_type=product&#038;p=72075"},"modified":"2025-08-23T12:48:07","modified_gmt":"2025-08-23T11:48:07","slug":"polo-s-levis-2","status":"publish","type":"product","link":"https:\/\/www.guibutik.pt\/loja\/produto\/polo-s-levis-2\/","title":{"rendered":"Polo S Levi&#8217;s"},"content":{"rendered":"<p id=\"tw-target-text\" class=\"tw-data-text tw-text-large tw-ta\" dir=\"ltr\" data-placeholder=\"Tradu\u00e7\u00e3o\" data-ved=\"2ahUKEwiTvdyImumNAxXD2QIHHZq7BdUQ3ewLegQICRAV\" aria-label=\"Texto traduzido: A polo atemporal, atualizada com um corte moderno e slim \u2022 Piqu\u00e9 supermacio e el\u00e1stico Informa\u00e7\u00f5es adicionais \u2022 Lycra\u00ae \u00e9 uma marca registrada da Lycra Company \u2022 Lavar e secar do avesso com cores semelhantes. Recomenda-se detergente l\u00edquido. 95% Algod\u00e3o\/5% Elastano\"><span class=\"Y2IQFc\" lang=\"pt\">Polo atemporal, atualizada com um corte moderno e slim <\/span><\/p>\n<p class=\"tw-data-text tw-text-large tw-ta\" dir=\"ltr\" data-placeholder=\"Tradu\u00e7\u00e3o\" data-ved=\"2ahUKEwiTvdyImumNAxXD2QIHHZq7BdUQ3ewLegQICRAV\" aria-label=\"Texto traduzido: A polo atemporal, atualizada com um corte moderno e slim \u2022 Piqu\u00e9 supermacio e el\u00e1stico Informa\u00e7\u00f5es adicionais \u2022 Lycra\u00ae \u00e9 uma marca registrada da Lycra Company \u2022 Lavar e secar do avesso com cores semelhantes. Recomenda-se detergente l\u00edquido. 95% Algod\u00e3o\/5% Elastano\"><span class=\"Y2IQFc\" lang=\"pt\">\u2022 Piqu\u00e9 supermacio e el\u00e1stico Informa\u00e7\u00f5es adicionais <\/span><\/p>\n<p class=\"tw-data-text tw-text-large tw-ta\" dir=\"ltr\" data-placeholder=\"Tradu\u00e7\u00e3o\" data-ved=\"2ahUKEwiTvdyImumNAxXD2QIHHZq7BdUQ3ewLegQICRAV\" aria-label=\"Texto traduzido: A polo atemporal, atualizada com um corte moderno e slim \u2022 Piqu\u00e9 supermacio e el\u00e1stico Informa\u00e7\u00f5es adicionais \u2022 Lycra\u00ae \u00e9 uma marca registrada da Lycra Company \u2022 Lavar e secar do avesso com cores semelhantes. Recomenda-se detergente l\u00edquido. 95% Algod\u00e3o\/5% Elastano\"><span class=\"Y2IQFc\" lang=\"pt\">\u2022 Lycra\u00ae \u00e9 uma marca registrada da Lycra Company <\/span><\/p>\n<p class=\"tw-data-text tw-text-large tw-ta\" dir=\"ltr\" data-placeholder=\"Tradu\u00e7\u00e3o\" data-ved=\"2ahUKEwiTvdyImumNAxXD2QIHHZq7BdUQ3ewLegQICRAV\" aria-label=\"Texto traduzido: A polo atemporal, atualizada com um corte moderno e slim \u2022 Piqu\u00e9 supermacio e el\u00e1stico Informa\u00e7\u00f5es adicionais \u2022 Lycra\u00ae \u00e9 uma marca registrada da Lycra Company \u2022 Lavar e secar do avesso com cores semelhantes. Recomenda-se detergente l\u00edquido. 95% Algod\u00e3o\/5% Elastano\"><span class=\"Y2IQFc\" lang=\"pt\">\u2022 Lavar e secar do avesso com cores semelhantes. Recomenda-se detergente l\u00edquido. <\/span><\/p>\n<p class=\"tw-data-text tw-text-large tw-ta\" dir=\"ltr\" data-placeholder=\"Tradu\u00e7\u00e3o\" data-ved=\"2ahUKEwiTvdyImumNAxXD2QIHHZq7BdUQ3ewLegQICRAV\" aria-label=\"Texto traduzido: A polo atemporal, atualizada com um corte moderno e slim \u2022 Piqu\u00e9 supermacio e el\u00e1stico Informa\u00e7\u00f5es adicionais \u2022 Lycra\u00ae \u00e9 uma marca registrada da Lycra Company \u2022 Lavar e secar do avesso com cores semelhantes. Recomenda-se detergente l\u00edquido. 95% Algod\u00e3o\/5% Elastano\"><span class=\"Y2IQFc\" lang=\"pt\">95% Algod\u00e3o\/5% Elastano<\/span><\/p>\n","protected":false},"excerpt":{"rendered":"<p>Polo atemporal, atualizada com um corte moderno e slim \u2022 Piqu\u00e9 supermacio e el\u00e1stico Informa\u00e7\u00f5es adicionais \u2022 Lycra\u00ae \u00e9 uma marca registrada da Lycra Company \u2022 Lavar e secar do avesso com cores semelhantes. Recomenda-se detergente l\u00edquido. 95% Algod\u00e3o\/5% Elastano<\/p>\n","protected":false},"featured_media":72084,"comment_status":"closed","ping_status":"closed","template":"","meta":[],"product_cat":[222,226],"product_tag":[],"class_list":{"0":"post-72075","1":"product","2":"type-product","3":"status-publish","4":"has-post-thumbnail","6":"product_cat-senhora","7":"product_cat-t-shirts","8":"ts_product_brand-levis","10":"first","11":"instock","12":"shipping-taxable","13":"purchasable","14":"product-type-variable"},"yoast_head":"<!-- This site is optimized with the Yoast SEO plugin v27.4 - https:\/\/yoast.com\/product\/yoast-seo-wordpress\/ -->\n<title>Polo S Levi&#039;s - Guibutik<\/title>\n<meta name=\"robots\" content=\"index, follow, max-snippet:-1, max-image-preview:large, max-video-preview:-1\" \/>\n<link rel=\"canonical\" href=\"https:\/\/www.guibutik.pt\/loja\/produto\/polo-s-levis-2\/\" \/>\n<meta property=\"og:locale\" content=\"pt_PT\" \/>\n<meta property=\"og:type\" content=\"article\" \/>\n<meta property=\"og:title\" content=\"Polo S Levi&#039;s - Guibutik\" \/>\n<meta property=\"og:description\" content=\"Polo atemporal, atualizada com um corte moderno e slim \u2022 Piqu\u00e9 supermacio e el\u00e1stico Informa\u00e7\u00f5es adicionais \u2022 Lycra\u00ae \u00e9 uma marca registrada da Lycra Company \u2022 Lavar e secar do avesso com cores semelhantes. Recomenda-se detergente l\u00edquido. 95% Algod\u00e3o\/5% Elastano\" \/>\n<meta property=\"og:url\" content=\"https:\/\/www.guibutik.pt\/loja\/produto\/polo-s-levis-2\/\" \/>\n<meta property=\"og:site_name\" content=\"Guibutik\" \/>\n<meta property=\"article:publisher\" content=\"https:\/\/www.facebook.com\/guibutik\/\" \/>\n<meta property=\"article:modified_time\" content=\"2025-08-23T11:48:07+00:00\" \/>\n<meta property=\"og:image\" content=\"https:\/\/www.guibutik.pt\/loja\/wp-content\/uploads\/2025\/05\/525990000-alt1-pdp-bcm-scaled.jpg\" \/>\n\t<meta property=\"og:image:width\" content=\"2560\" \/>\n\t<meta property=\"og:image:height\" content=\"1439\" \/>\n\t<meta property=\"og:image:type\" content=\"image\/jpeg\" \/>\n<meta name=\"twitter:card\" content=\"summary_large_image\" \/>\n<meta name=\"twitter:label1\" content=\"Tempo estimado de leitura\" \/>\n\t<meta name=\"twitter:data1\" content=\"1 minuto\" \/>\n<script type=\"application\/ld+json\" class=\"yoast-schema-graph\">{\"@context\":\"https:\\\/\\\/schema.org\",\"@graph\":[{\"@type\":\"WebPage\",\"@id\":\"https:\\\/\\\/www.guibutik.pt\\\/loja\\\/produto\\\/polo-s-levis-2\\\/\",\"url\":\"https:\\\/\\\/www.guibutik.pt\\\/loja\\\/produto\\\/polo-s-levis-2\\\/\",\"name\":\"Polo S Levi's - Guibutik\",\"isPartOf\":{\"@id\":\"https:\\\/\\\/www.guibutik.pt\\\/loja\\\/#website\"},\"primaryImageOfPage\":{\"@id\":\"https:\\\/\\\/www.guibutik.pt\\\/loja\\\/produto\\\/polo-s-levis-2\\\/#primaryimage\"},\"image\":{\"@id\":\"https:\\\/\\\/www.guibutik.pt\\\/loja\\\/produto\\\/polo-s-levis-2\\\/#primaryimage\"},\"thumbnailUrl\":\"https:\\\/\\\/www.guibutik.pt\\\/loja\\\/wp-content\\\/uploads\\\/2025\\\/05\\\/525990000-alt1-pdp-bcm-scaled.jpg\",\"datePublished\":\"2025-05-13T08:39:49+00:00\",\"dateModified\":\"2025-08-23T11:48:07+00:00\",\"breadcrumb\":{\"@id\":\"https:\\\/\\\/www.guibutik.pt\\\/loja\\\/produto\\\/polo-s-levis-2\\\/#breadcrumb\"},\"inLanguage\":\"pt-PT\",\"potentialAction\":[{\"@type\":\"ReadAction\",\"target\":[\"https:\\\/\\\/www.guibutik.pt\\\/loja\\\/produto\\\/polo-s-levis-2\\\/\"]}]},{\"@type\":\"ImageObject\",\"inLanguage\":\"pt-PT\",\"@id\":\"https:\\\/\\\/www.guibutik.pt\\\/loja\\\/produto\\\/polo-s-levis-2\\\/#primaryimage\",\"url\":\"https:\\\/\\\/www.guibutik.pt\\\/loja\\\/wp-content\\\/uploads\\\/2025\\\/05\\\/525990000-alt1-pdp-bcm-scaled.jpg\",\"contentUrl\":\"https:\\\/\\\/www.guibutik.pt\\\/loja\\\/wp-content\\\/uploads\\\/2025\\\/05\\\/525990000-alt1-pdp-bcm-scaled.jpg\",\"width\":2560,\"height\":1439},{\"@type\":\"BreadcrumbList\",\"@id\":\"https:\\\/\\\/www.guibutik.pt\\\/loja\\\/produto\\\/polo-s-levis-2\\\/#breadcrumb\",\"itemListElement\":[{\"@type\":\"ListItem\",\"position\":1,\"name\":\"In\u00edcio\",\"item\":\"https:\\\/\\\/www.guibutik.pt\\\/loja\\\/\"},{\"@type\":\"ListItem\",\"position\":2,\"name\":\"Loja\",\"item\":\"https:\\\/\\\/www.guibutik.pt\\\/loja\\\/shop\\\/\"},{\"@type\":\"ListItem\",\"position\":3,\"name\":\"Polo S Levi&#8217;s\"}]},{\"@type\":\"WebSite\",\"@id\":\"https:\\\/\\\/www.guibutik.pt\\\/loja\\\/#website\",\"url\":\"https:\\\/\\\/www.guibutik.pt\\\/loja\\\/\",\"name\":\"Guibutik\",\"description\":\"Moda e Sapataria\",\"potentialAction\":[{\"@type\":\"SearchAction\",\"target\":{\"@type\":\"EntryPoint\",\"urlTemplate\":\"https:\\\/\\\/www.guibutik.pt\\\/loja\\\/?s={search_term_string}\"},\"query-input\":{\"@type\":\"PropertyValueSpecification\",\"valueRequired\":true,\"valueName\":\"search_term_string\"}}],\"inLanguage\":\"pt-PT\"}]}<\/script>\n<!-- \/ Yoast SEO plugin. -->","yoast_head_json":{"title":"Polo S Levi's - Guibutik","robots":{"index":"index","follow":"follow","max-snippet":"max-snippet:-1","max-image-preview":"max-image-preview:large","max-video-preview":"max-video-preview:-1"},"canonical":"https:\/\/www.guibutik.pt\/loja\/produto\/polo-s-levis-2\/","og_locale":"pt_PT","og_type":"article","og_title":"Polo S Levi's - Guibutik","og_description":"Polo atemporal, atualizada com um corte moderno e slim \u2022 Piqu\u00e9 supermacio e el\u00e1stico Informa\u00e7\u00f5es adicionais \u2022 Lycra\u00ae \u00e9 uma marca registrada da Lycra Company \u2022 Lavar e secar do avesso com cores semelhantes. Recomenda-se detergente l\u00edquido. 95% Algod\u00e3o\/5% Elastano","og_url":"https:\/\/www.guibutik.pt\/loja\/produto\/polo-s-levis-2\/","og_site_name":"Guibutik","article_publisher":"https:\/\/www.facebook.com\/guibutik\/","article_modified_time":"2025-08-23T11:48:07+00:00","og_image":[{"width":2560,"height":1439,"url":"https:\/\/www.guibutik.pt\/loja\/wp-content\/uploads\/2025\/05\/525990000-alt1-pdp-bcm-scaled.jpg","type":"image\/jpeg"}],"twitter_card":"summary_large_image","twitter_misc":{"Tempo estimado de leitura":"1 minuto"},"schema":{"@context":"https:\/\/schema.org","@graph":[{"@type":"WebPage","@id":"https:\/\/www.guibutik.pt\/loja\/produto\/polo-s-levis-2\/","url":"https:\/\/www.guibutik.pt\/loja\/produto\/polo-s-levis-2\/","name":"Polo S Levi's - Guibutik","isPartOf":{"@id":"https:\/\/www.guibutik.pt\/loja\/#website"},"primaryImageOfPage":{"@id":"https:\/\/www.guibutik.pt\/loja\/produto\/polo-s-levis-2\/#primaryimage"},"image":{"@id":"https:\/\/www.guibutik.pt\/loja\/produto\/polo-s-levis-2\/#primaryimage"},"thumbnailUrl":"https:\/\/www.guibutik.pt\/loja\/wp-content\/uploads\/2025\/05\/525990000-alt1-pdp-bcm-scaled.jpg","datePublished":"2025-05-13T08:39:49+00:00","dateModified":"2025-08-23T11:48:07+00:00","breadcrumb":{"@id":"https:\/\/www.guibutik.pt\/loja\/produto\/polo-s-levis-2\/#breadcrumb"},"inLanguage":"pt-PT","potentialAction":[{"@type":"ReadAction","target":["https:\/\/www.guibutik.pt\/loja\/produto\/polo-s-levis-2\/"]}]},{"@type":"ImageObject","inLanguage":"pt-PT","@id":"https:\/\/www.guibutik.pt\/loja\/produto\/polo-s-levis-2\/#primaryimage","url":"https:\/\/www.guibutik.pt\/loja\/wp-content\/uploads\/2025\/05\/525990000-alt1-pdp-bcm-scaled.jpg","contentUrl":"https:\/\/www.guibutik.pt\/loja\/wp-content\/uploads\/2025\/05\/525990000-alt1-pdp-bcm-scaled.jpg","width":2560,"height":1439},{"@type":"BreadcrumbList","@id":"https:\/\/www.guibutik.pt\/loja\/produto\/polo-s-levis-2\/#breadcrumb","itemListElement":[{"@type":"ListItem","position":1,"name":"In\u00edcio","item":"https:\/\/www.guibutik.pt\/loja\/"},{"@type":"ListItem","position":2,"name":"Loja","item":"https:\/\/www.guibutik.pt\/loja\/shop\/"},{"@type":"ListItem","position":3,"name":"Polo S Levi&#8217;s"}]},{"@type":"WebSite","@id":"https:\/\/www.guibutik.pt\/loja\/#website","url":"https:\/\/www.guibutik.pt\/loja\/","name":"Guibutik","description":"Moda e Sapataria","potentialAction":[{"@type":"SearchAction","target":{"@type":"EntryPoint","urlTemplate":"https:\/\/www.guibutik.pt\/loja\/?s={search_term_string}"},"query-input":{"@type":"PropertyValueSpecification","valueRequired":true,"valueName":"search_term_string"}}],"inLanguage":"pt-PT"}]}},"_links":{"self":[{"href":"https:\/\/www.guibutik.pt\/loja\/wp-json\/wp\/v2\/product\/72075","targetHints":{"allow":["GET"]}}],"collection":[{"href":"https:\/\/www.guibutik.pt\/loja\/wp-json\/wp\/v2\/product"}],"about":[{"href":"https:\/\/www.guibutik.pt\/loja\/wp-json\/wp\/v2\/types\/product"}],"replies":[{"embeddable":true,"href":"https:\/\/www.guibutik.pt\/loja\/wp-json\/wp\/v2\/comments?post=72075"}],"wp:featuredmedia":[{"embeddable":true,"href":"https:\/\/www.guibutik.pt\/loja\/wp-json\/wp\/v2\/media\/72084"}],"wp:attachment":[{"href":"https:\/\/www.guibutik.pt\/loja\/wp-json\/wp\/v2\/media?parent=72075"}],"wp:term":[{"taxonomy":"product_cat","embeddable":true,"href":"https:\/\/www.guibutik.pt\/loja\/wp-json\/wp\/v2\/product_cat?post=72075"},{"taxonomy":"product_tag","embeddable":true,"href":"https:\/\/www.guibutik.pt\/loja\/wp-json\/wp\/v2\/product_tag?post=72075"}],"curies":[{"name":"wp","href":"https:\/\/api.w.org\/{rel}","templated":true}]}}