{"id":72016,"date":"2025-05-09T13:56:32","date_gmt":"2025-05-09T12:56:32","guid":{"rendered":"https:\/\/www.guibutik.pt\/loja\/?post_type=product&#038;p=72016"},"modified":"2025-08-21T09:41:00","modified_gmt":"2025-08-21T08:41:00","slug":"calcao-s-salsa-6","status":"publish","type":"product","link":"https:\/\/www.guibutik.pt\/loja\/produto\/calcao-s-salsa-6\/","title":{"rendered":"Cal\u00e7\u00e3o S Salsa"},"content":{"rendered":"<p>Saia ou cal\u00e7\u00e3o? Os dois! Este skort em lightdenim, com cintura alta, combina conforto e feminilidade para usar nos dias de calor. O detalhe de trespasse com aplique prateado, confere-lhe personalidade e charme, enquanto que o tecido fluido evoca leveza e eleg\u00e2ncia. Vers\u00e1til para usar de manh\u00e3 \u00e0 noite, \u00e9 a escolha perfeita para combinar estilo e praticidade nos looks de primavera\/ver\u00e3o.<br \/>\n&#8211; Skort em lightdenim<br \/>\n&#8211; Cor azul<br \/>\n&#8211; Cintura alta<br \/>\n&#8211; Abertura com fecho de correr lateral<br \/>\n&#8211; Detalhe de trespasse com aplique prateado<br \/>\n&#8211; Bolsos traseiros falsos<\/p>\n<p>Para refer\u00eancia, a modelo mede 1,75m e est\u00e1 a usar o tamanho S.<\/p>\n<p>Composi\u00e7\u00e3o: 100% Liocel<\/p>\n<p>Cuidados de lavagem:<\/p>\n<div class=\"col-sm-12 column clearfix\">\n<p class=\"paragraph\">Lavar m\u00e1quina a 30\u00baC, processo moderado<\/p>\n<\/div>\n<div class=\"col-sm-12 column clearfix\">\n<p class=\"paragraph\">N\u00e3o usar lixivia<\/p>\n<\/div>\n<div class=\"col-sm-12 column clearfix\">\n<p class=\"paragraph\">N\u00e3o passar com ferro quente<\/p>\n<\/div>\n<div class=\"col-sm-12 column clearfix\">\n<p class=\"paragraph\">N\u00e3o utilizar m\u00e1quina de secar<\/p>\n<\/div>\n<div class=\"col-sm-12 column clearfix\">\n<p class=\"paragraph\">Limpeza a seco P<\/p>\n<\/div>\n","protected":false},"excerpt":{"rendered":"<p>Saia ou cal\u00e7\u00e3o? Os dois! Este skort em lightdenim, com cintura alta, combina conforto e feminilidade para usar nos dias de calor. O detalhe de trespasse com aplique prateado, confere-lhe personalidade e charme, enquanto que o tecido fluido evoca leveza e eleg\u00e2ncia. Vers\u00e1til para usar de manh\u00e3 \u00e0 noite, \u00e9 a escolha perfeita para combinar [&hellip;]<\/p>\n","protected":false},"featured_media":72025,"comment_status":"closed","ping_status":"closed","template":"","meta":[],"product_cat":[305,484,222],"product_tag":[],"class_list":{"0":"post-72016","1":"product","2":"type-product","3":"status-publish","4":"has-post-thumbnail","6":"product_cat-calcoes","7":"product_cat-promocoes-senhora","8":"product_cat-senhora","9":"ts_product_brand-salsa","11":"first","12":"instock","13":"sale","14":"shipping-taxable","15":"purchasable","16":"product-type-variable"},"yoast_head":"<!-- This site is optimized with the Yoast SEO plugin v27.4 - https:\/\/yoast.com\/product\/yoast-seo-wordpress\/ -->\n<title>Cal\u00e7\u00e3o S Salsa - Guibutik<\/title>\n<meta name=\"robots\" content=\"index, follow, max-snippet:-1, max-image-preview:large, max-video-preview:-1\" \/>\n<link rel=\"canonical\" href=\"https:\/\/www.guibutik.pt\/loja\/produto\/calcao-s-salsa-6\/\" \/>\n<meta property=\"og:locale\" content=\"pt_PT\" \/>\n<meta property=\"og:type\" content=\"article\" \/>\n<meta property=\"og:title\" content=\"Cal\u00e7\u00e3o S Salsa - Guibutik\" \/>\n<meta property=\"og:description\" content=\"Saia ou cal\u00e7\u00e3o? Os dois! Este skort em lightdenim, com cintura alta, combina conforto e feminilidade para usar nos dias de calor. O detalhe de trespasse com aplique prateado, confere-lhe personalidade e charme, enquanto que o tecido fluido evoca leveza e eleg\u00e2ncia. Vers\u00e1til para usar de manh\u00e3 \u00e0 noite, \u00e9 a escolha perfeita para combinar [&hellip;]\" \/>\n<meta property=\"og:url\" content=\"https:\/\/www.guibutik.pt\/loja\/produto\/calcao-s-salsa-6\/\" \/>\n<meta property=\"og:site_name\" content=\"Guibutik\" \/>\n<meta property=\"article:publisher\" content=\"https:\/\/www.facebook.com\/guibutik\/\" \/>\n<meta property=\"article:modified_time\" content=\"2025-08-21T08:41:00+00:00\" \/>\n<meta property=\"og:image\" content=\"https:\/\/www.guibutik.pt\/loja\/wp-content\/uploads\/2025\/05\/21009416.jpg\" \/>\n\t<meta property=\"og:image:width\" content=\"1280\" \/>\n\t<meta property=\"og:image:height\" content=\"1920\" \/>\n\t<meta property=\"og:image:type\" content=\"image\/jpeg\" \/>\n<meta name=\"twitter:card\" content=\"summary_large_image\" \/>\n<meta name=\"twitter:label1\" content=\"Tempo estimado de leitura\" \/>\n\t<meta name=\"twitter:data1\" content=\"1 minuto\" \/>\n<script type=\"application\/ld+json\" class=\"yoast-schema-graph\">{\"@context\":\"https:\\\/\\\/schema.org\",\"@graph\":[{\"@type\":\"WebPage\",\"@id\":\"https:\\\/\\\/www.guibutik.pt\\\/loja\\\/produto\\\/calcao-s-salsa-6\\\/\",\"url\":\"https:\\\/\\\/www.guibutik.pt\\\/loja\\\/produto\\\/calcao-s-salsa-6\\\/\",\"name\":\"Cal\u00e7\u00e3o S Salsa - Guibutik\",\"isPartOf\":{\"@id\":\"https:\\\/\\\/www.guibutik.pt\\\/loja\\\/#website\"},\"primaryImageOfPage\":{\"@id\":\"https:\\\/\\\/www.guibutik.pt\\\/loja\\\/produto\\\/calcao-s-salsa-6\\\/#primaryimage\"},\"image\":{\"@id\":\"https:\\\/\\\/www.guibutik.pt\\\/loja\\\/produto\\\/calcao-s-salsa-6\\\/#primaryimage\"},\"thumbnailUrl\":\"https:\\\/\\\/www.guibutik.pt\\\/loja\\\/wp-content\\\/uploads\\\/2025\\\/05\\\/21009416.jpg\",\"datePublished\":\"2025-05-09T12:56:32+00:00\",\"dateModified\":\"2025-08-21T08:41:00+00:00\",\"breadcrumb\":{\"@id\":\"https:\\\/\\\/www.guibutik.pt\\\/loja\\\/produto\\\/calcao-s-salsa-6\\\/#breadcrumb\"},\"inLanguage\":\"pt-PT\",\"potentialAction\":[{\"@type\":\"ReadAction\",\"target\":[\"https:\\\/\\\/www.guibutik.pt\\\/loja\\\/produto\\\/calcao-s-salsa-6\\\/\"]}]},{\"@type\":\"ImageObject\",\"inLanguage\":\"pt-PT\",\"@id\":\"https:\\\/\\\/www.guibutik.pt\\\/loja\\\/produto\\\/calcao-s-salsa-6\\\/#primaryimage\",\"url\":\"https:\\\/\\\/www.guibutik.pt\\\/loja\\\/wp-content\\\/uploads\\\/2025\\\/05\\\/21009416.jpg\",\"contentUrl\":\"https:\\\/\\\/www.guibutik.pt\\\/loja\\\/wp-content\\\/uploads\\\/2025\\\/05\\\/21009416.jpg\",\"width\":1280,\"height\":1920},{\"@type\":\"BreadcrumbList\",\"@id\":\"https:\\\/\\\/www.guibutik.pt\\\/loja\\\/produto\\\/calcao-s-salsa-6\\\/#breadcrumb\",\"itemListElement\":[{\"@type\":\"ListItem\",\"position\":1,\"name\":\"In\u00edcio\",\"item\":\"https:\\\/\\\/www.guibutik.pt\\\/loja\\\/\"},{\"@type\":\"ListItem\",\"position\":2,\"name\":\"Loja\",\"item\":\"https:\\\/\\\/www.guibutik.pt\\\/loja\\\/shop\\\/\"},{\"@type\":\"ListItem\",\"position\":3,\"name\":\"Cal\u00e7\u00e3o S Salsa\"}]},{\"@type\":\"WebSite\",\"@id\":\"https:\\\/\\\/www.guibutik.pt\\\/loja\\\/#website\",\"url\":\"https:\\\/\\\/www.guibutik.pt\\\/loja\\\/\",\"name\":\"Guibutik\",\"description\":\"Moda e Sapataria\",\"potentialAction\":[{\"@type\":\"SearchAction\",\"target\":{\"@type\":\"EntryPoint\",\"urlTemplate\":\"https:\\\/\\\/www.guibutik.pt\\\/loja\\\/?s={search_term_string}\"},\"query-input\":{\"@type\":\"PropertyValueSpecification\",\"valueRequired\":true,\"valueName\":\"search_term_string\"}}],\"inLanguage\":\"pt-PT\"}]}<\/script>\n<!-- \/ Yoast SEO plugin. -->","yoast_head_json":{"title":"Cal\u00e7\u00e3o S Salsa - Guibutik","robots":{"index":"index","follow":"follow","max-snippet":"max-snippet:-1","max-image-preview":"max-image-preview:large","max-video-preview":"max-video-preview:-1"},"canonical":"https:\/\/www.guibutik.pt\/loja\/produto\/calcao-s-salsa-6\/","og_locale":"pt_PT","og_type":"article","og_title":"Cal\u00e7\u00e3o S Salsa - Guibutik","og_description":"Saia ou cal\u00e7\u00e3o? Os dois! Este skort em lightdenim, com cintura alta, combina conforto e feminilidade para usar nos dias de calor. O detalhe de trespasse com aplique prateado, confere-lhe personalidade e charme, enquanto que o tecido fluido evoca leveza e eleg\u00e2ncia. Vers\u00e1til para usar de manh\u00e3 \u00e0 noite, \u00e9 a escolha perfeita para combinar [&hellip;]","og_url":"https:\/\/www.guibutik.pt\/loja\/produto\/calcao-s-salsa-6\/","og_site_name":"Guibutik","article_publisher":"https:\/\/www.facebook.com\/guibutik\/","article_modified_time":"2025-08-21T08:41:00+00:00","og_image":[{"width":1280,"height":1920,"url":"https:\/\/www.guibutik.pt\/loja\/wp-content\/uploads\/2025\/05\/21009416.jpg","type":"image\/jpeg"}],"twitter_card":"summary_large_image","twitter_misc":{"Tempo estimado de leitura":"1 minuto"},"schema":{"@context":"https:\/\/schema.org","@graph":[{"@type":"WebPage","@id":"https:\/\/www.guibutik.pt\/loja\/produto\/calcao-s-salsa-6\/","url":"https:\/\/www.guibutik.pt\/loja\/produto\/calcao-s-salsa-6\/","name":"Cal\u00e7\u00e3o S Salsa - Guibutik","isPartOf":{"@id":"https:\/\/www.guibutik.pt\/loja\/#website"},"primaryImageOfPage":{"@id":"https:\/\/www.guibutik.pt\/loja\/produto\/calcao-s-salsa-6\/#primaryimage"},"image":{"@id":"https:\/\/www.guibutik.pt\/loja\/produto\/calcao-s-salsa-6\/#primaryimage"},"thumbnailUrl":"https:\/\/www.guibutik.pt\/loja\/wp-content\/uploads\/2025\/05\/21009416.jpg","datePublished":"2025-05-09T12:56:32+00:00","dateModified":"2025-08-21T08:41:00+00:00","breadcrumb":{"@id":"https:\/\/www.guibutik.pt\/loja\/produto\/calcao-s-salsa-6\/#breadcrumb"},"inLanguage":"pt-PT","potentialAction":[{"@type":"ReadAction","target":["https:\/\/www.guibutik.pt\/loja\/produto\/calcao-s-salsa-6\/"]}]},{"@type":"ImageObject","inLanguage":"pt-PT","@id":"https:\/\/www.guibutik.pt\/loja\/produto\/calcao-s-salsa-6\/#primaryimage","url":"https:\/\/www.guibutik.pt\/loja\/wp-content\/uploads\/2025\/05\/21009416.jpg","contentUrl":"https:\/\/www.guibutik.pt\/loja\/wp-content\/uploads\/2025\/05\/21009416.jpg","width":1280,"height":1920},{"@type":"BreadcrumbList","@id":"https:\/\/www.guibutik.pt\/loja\/produto\/calcao-s-salsa-6\/#breadcrumb","itemListElement":[{"@type":"ListItem","position":1,"name":"In\u00edcio","item":"https:\/\/www.guibutik.pt\/loja\/"},{"@type":"ListItem","position":2,"name":"Loja","item":"https:\/\/www.guibutik.pt\/loja\/shop\/"},{"@type":"ListItem","position":3,"name":"Cal\u00e7\u00e3o S Salsa"}]},{"@type":"WebSite","@id":"https:\/\/www.guibutik.pt\/loja\/#website","url":"https:\/\/www.guibutik.pt\/loja\/","name":"Guibutik","description":"Moda e Sapataria","potentialAction":[{"@type":"SearchAction","target":{"@type":"EntryPoint","urlTemplate":"https:\/\/www.guibutik.pt\/loja\/?s={search_term_string}"},"query-input":{"@type":"PropertyValueSpecification","valueRequired":true,"valueName":"search_term_string"}}],"inLanguage":"pt-PT"}]}},"_links":{"self":[{"href":"https:\/\/www.guibutik.pt\/loja\/wp-json\/wp\/v2\/product\/72016","targetHints":{"allow":["GET"]}}],"collection":[{"href":"https:\/\/www.guibutik.pt\/loja\/wp-json\/wp\/v2\/product"}],"about":[{"href":"https:\/\/www.guibutik.pt\/loja\/wp-json\/wp\/v2\/types\/product"}],"replies":[{"embeddable":true,"href":"https:\/\/www.guibutik.pt\/loja\/wp-json\/wp\/v2\/comments?post=72016"}],"wp:featuredmedia":[{"embeddable":true,"href":"https:\/\/www.guibutik.pt\/loja\/wp-json\/wp\/v2\/media\/72025"}],"wp:attachment":[{"href":"https:\/\/www.guibutik.pt\/loja\/wp-json\/wp\/v2\/media?parent=72016"}],"wp:term":[{"taxonomy":"product_cat","embeddable":true,"href":"https:\/\/www.guibutik.pt\/loja\/wp-json\/wp\/v2\/product_cat?post=72016"},{"taxonomy":"product_tag","embeddable":true,"href":"https:\/\/www.guibutik.pt\/loja\/wp-json\/wp\/v2\/product_tag?post=72016"}],"curies":[{"name":"wp","href":"https:\/\/api.w.org\/{rel}","templated":true}]}}