{"id":71854,"date":"2025-05-06T13:07:23","date_gmt":"2025-05-06T12:07:23","guid":{"rendered":"https:\/\/www.guibutik.pt\/loja\/?post_type=product&#038;p=71854"},"modified":"2025-10-10T12:09:59","modified_gmt":"2025-10-10T11:09:59","slug":"chinelo-s-inblu","status":"publish","type":"product","link":"https:\/\/www.guibutik.pt\/loja\/produto\/chinelo-s-inblu\/","title":{"rendered":"Chinelo S Inblu"},"content":{"rendered":"<p>Voc\u00ea est\u00e1 procurando um chinelo original? Voc\u00ea encontrou! Com contas, palmilha acolchoada confort\u00e1vel e cunha com plat\u00f4 que facilita uma caminhada r\u00e1pida. Este sapato elegante \u00e9 ideal para combinar com um vestido longo leve.<\/p>\n<table class=\"data-table\">\n<thead><\/thead>\n<tbody>\n<tr class=\"odd\">\n<td class=\"spec-name\">Material superior<\/td>\n<td class=\"spec-value\">COURO ECOL\u00d3GICO<\/td>\n<\/tr>\n<tr class=\"even\">\n<td class=\"spec-name\">Material de forro<\/td>\n<td class=\"spec-value\">SINT\u00c9TICO<\/td>\n<\/tr>\n<tr class=\"odd\">\n<td class=\"spec-name\">Material da sola<\/td>\n<td class=\"spec-value\">SINT\u00c9TICO<\/td>\n<\/tr>\n<tr class=\"even\">\n<td class=\"spec-name\">Altura do salto<\/td>\n<td class=\"spec-value\">6,5 cm<\/td>\n<\/tr>\n<tr class=\"odd\">\n<td class=\"spec-name\">Material da palmilha<\/td>\n<td class=\"spec-value\">COURO ECOL\u00d3GICO ACOLCHOADO<\/td>\n<\/tr>\n<\/tbody>\n<\/table>\n","protected":false},"excerpt":{"rendered":"<p>Voc\u00ea est\u00e1 procurando um chinelo original? Voc\u00ea encontrou! Com contas, palmilha acolchoada confort\u00e1vel e cunha com plat\u00f4 que facilita uma caminhada r\u00e1pida. Este sapato elegante \u00e9 ideal para combinar com um vestido longo leve. Material superior COURO ECOL\u00d3GICO Material de forro SINT\u00c9TICO Material da sola SINT\u00c9TICO Altura do salto 6,5 cm Material da palmilha COURO [&hellip;]<\/p>\n","protected":false},"featured_media":71856,"comment_status":"closed","ping_status":"closed","template":"","meta":[],"product_cat":[291,222],"product_tag":[],"class_list":{"0":"post-71854","1":"product","2":"type-product","3":"status-publish","4":"has-post-thumbnail","6":"product_cat-calcado-senhora","7":"product_cat-senhora","8":"ts_product_brand-inblu","10":"first","11":"instock","12":"shipping-taxable","13":"purchasable","14":"product-type-variable"},"yoast_head":"<!-- This site is optimized with the Yoast SEO plugin v27.4 - https:\/\/yoast.com\/product\/yoast-seo-wordpress\/ -->\n<title>Chinelo S Inblu - Guibutik<\/title>\n<meta name=\"robots\" content=\"index, follow, max-snippet:-1, max-image-preview:large, max-video-preview:-1\" \/>\n<link rel=\"canonical\" href=\"https:\/\/www.guibutik.pt\/loja\/produto\/chinelo-s-inblu\/\" \/>\n<meta property=\"og:locale\" content=\"pt_PT\" \/>\n<meta property=\"og:type\" content=\"article\" \/>\n<meta property=\"og:title\" content=\"Chinelo S Inblu - Guibutik\" \/>\n<meta property=\"og:description\" content=\"Voc\u00ea est\u00e1 procurando um chinelo original? Voc\u00ea encontrou! Com contas, palmilha acolchoada confort\u00e1vel e cunha com plat\u00f4 que facilita uma caminhada r\u00e1pida. Este sapato elegante \u00e9 ideal para combinar com um vestido longo leve. Material superior COURO ECOL\u00d3GICO Material de forro SINT\u00c9TICO Material da sola SINT\u00c9TICO Altura do salto 6,5 cm Material da palmilha COURO [&hellip;]\" \/>\n<meta property=\"og:url\" content=\"https:\/\/www.guibutik.pt\/loja\/produto\/chinelo-s-inblu\/\" \/>\n<meta property=\"og:site_name\" content=\"Guibutik\" \/>\n<meta property=\"article:publisher\" content=\"https:\/\/www.facebook.com\/guibutik\/\" \/>\n<meta property=\"article:modified_time\" content=\"2025-10-10T11:09:59+00:00\" \/>\n<meta property=\"og:image\" content=\"https:\/\/www.guibutik.pt\/loja\/wp-content\/uploads\/2025\/05\/EL000035_001.jpg\" \/>\n\t<meta property=\"og:image:width\" content=\"1024\" \/>\n\t<meta property=\"og:image:height\" content=\"768\" \/>\n\t<meta property=\"og:image:type\" content=\"image\/jpeg\" \/>\n<meta name=\"twitter:card\" content=\"summary_large_image\" \/>\n<meta name=\"twitter:label1\" content=\"Tempo estimado de leitura\" \/>\n\t<meta name=\"twitter:data1\" content=\"1 minuto\" \/>\n<script type=\"application\/ld+json\" class=\"yoast-schema-graph\">{\"@context\":\"https:\\\/\\\/schema.org\",\"@graph\":[{\"@type\":\"WebPage\",\"@id\":\"https:\\\/\\\/www.guibutik.pt\\\/loja\\\/produto\\\/chinelo-s-inblu\\\/\",\"url\":\"https:\\\/\\\/www.guibutik.pt\\\/loja\\\/produto\\\/chinelo-s-inblu\\\/\",\"name\":\"Chinelo S Inblu - Guibutik\",\"isPartOf\":{\"@id\":\"https:\\\/\\\/www.guibutik.pt\\\/loja\\\/#website\"},\"primaryImageOfPage\":{\"@id\":\"https:\\\/\\\/www.guibutik.pt\\\/loja\\\/produto\\\/chinelo-s-inblu\\\/#primaryimage\"},\"image\":{\"@id\":\"https:\\\/\\\/www.guibutik.pt\\\/loja\\\/produto\\\/chinelo-s-inblu\\\/#primaryimage\"},\"thumbnailUrl\":\"https:\\\/\\\/www.guibutik.pt\\\/loja\\\/wp-content\\\/uploads\\\/2025\\\/05\\\/EL000035_001.jpg\",\"datePublished\":\"2025-05-06T12:07:23+00:00\",\"dateModified\":\"2025-10-10T11:09:59+00:00\",\"breadcrumb\":{\"@id\":\"https:\\\/\\\/www.guibutik.pt\\\/loja\\\/produto\\\/chinelo-s-inblu\\\/#breadcrumb\"},\"inLanguage\":\"pt-PT\",\"potentialAction\":[{\"@type\":\"ReadAction\",\"target\":[\"https:\\\/\\\/www.guibutik.pt\\\/loja\\\/produto\\\/chinelo-s-inblu\\\/\"]}]},{\"@type\":\"ImageObject\",\"inLanguage\":\"pt-PT\",\"@id\":\"https:\\\/\\\/www.guibutik.pt\\\/loja\\\/produto\\\/chinelo-s-inblu\\\/#primaryimage\",\"url\":\"https:\\\/\\\/www.guibutik.pt\\\/loja\\\/wp-content\\\/uploads\\\/2025\\\/05\\\/EL000035_001.jpg\",\"contentUrl\":\"https:\\\/\\\/www.guibutik.pt\\\/loja\\\/wp-content\\\/uploads\\\/2025\\\/05\\\/EL000035_001.jpg\",\"width\":1024,\"height\":768},{\"@type\":\"BreadcrumbList\",\"@id\":\"https:\\\/\\\/www.guibutik.pt\\\/loja\\\/produto\\\/chinelo-s-inblu\\\/#breadcrumb\",\"itemListElement\":[{\"@type\":\"ListItem\",\"position\":1,\"name\":\"In\u00edcio\",\"item\":\"https:\\\/\\\/www.guibutik.pt\\\/loja\\\/\"},{\"@type\":\"ListItem\",\"position\":2,\"name\":\"Loja\",\"item\":\"https:\\\/\\\/www.guibutik.pt\\\/loja\\\/shop\\\/\"},{\"@type\":\"ListItem\",\"position\":3,\"name\":\"Chinelo S Inblu\"}]},{\"@type\":\"WebSite\",\"@id\":\"https:\\\/\\\/www.guibutik.pt\\\/loja\\\/#website\",\"url\":\"https:\\\/\\\/www.guibutik.pt\\\/loja\\\/\",\"name\":\"Guibutik\",\"description\":\"Moda e Sapataria\",\"potentialAction\":[{\"@type\":\"SearchAction\",\"target\":{\"@type\":\"EntryPoint\",\"urlTemplate\":\"https:\\\/\\\/www.guibutik.pt\\\/loja\\\/?s={search_term_string}\"},\"query-input\":{\"@type\":\"PropertyValueSpecification\",\"valueRequired\":true,\"valueName\":\"search_term_string\"}}],\"inLanguage\":\"pt-PT\"}]}<\/script>\n<!-- \/ Yoast SEO plugin. -->","yoast_head_json":{"title":"Chinelo S Inblu - Guibutik","robots":{"index":"index","follow":"follow","max-snippet":"max-snippet:-1","max-image-preview":"max-image-preview:large","max-video-preview":"max-video-preview:-1"},"canonical":"https:\/\/www.guibutik.pt\/loja\/produto\/chinelo-s-inblu\/","og_locale":"pt_PT","og_type":"article","og_title":"Chinelo S Inblu - Guibutik","og_description":"Voc\u00ea est\u00e1 procurando um chinelo original? Voc\u00ea encontrou! Com contas, palmilha acolchoada confort\u00e1vel e cunha com plat\u00f4 que facilita uma caminhada r\u00e1pida. Este sapato elegante \u00e9 ideal para combinar com um vestido longo leve. Material superior COURO ECOL\u00d3GICO Material de forro SINT\u00c9TICO Material da sola SINT\u00c9TICO Altura do salto 6,5 cm Material da palmilha COURO [&hellip;]","og_url":"https:\/\/www.guibutik.pt\/loja\/produto\/chinelo-s-inblu\/","og_site_name":"Guibutik","article_publisher":"https:\/\/www.facebook.com\/guibutik\/","article_modified_time":"2025-10-10T11:09:59+00:00","og_image":[{"width":1024,"height":768,"url":"https:\/\/www.guibutik.pt\/loja\/wp-content\/uploads\/2025\/05\/EL000035_001.jpg","type":"image\/jpeg"}],"twitter_card":"summary_large_image","twitter_misc":{"Tempo estimado de leitura":"1 minuto"},"schema":{"@context":"https:\/\/schema.org","@graph":[{"@type":"WebPage","@id":"https:\/\/www.guibutik.pt\/loja\/produto\/chinelo-s-inblu\/","url":"https:\/\/www.guibutik.pt\/loja\/produto\/chinelo-s-inblu\/","name":"Chinelo S Inblu - Guibutik","isPartOf":{"@id":"https:\/\/www.guibutik.pt\/loja\/#website"},"primaryImageOfPage":{"@id":"https:\/\/www.guibutik.pt\/loja\/produto\/chinelo-s-inblu\/#primaryimage"},"image":{"@id":"https:\/\/www.guibutik.pt\/loja\/produto\/chinelo-s-inblu\/#primaryimage"},"thumbnailUrl":"https:\/\/www.guibutik.pt\/loja\/wp-content\/uploads\/2025\/05\/EL000035_001.jpg","datePublished":"2025-05-06T12:07:23+00:00","dateModified":"2025-10-10T11:09:59+00:00","breadcrumb":{"@id":"https:\/\/www.guibutik.pt\/loja\/produto\/chinelo-s-inblu\/#breadcrumb"},"inLanguage":"pt-PT","potentialAction":[{"@type":"ReadAction","target":["https:\/\/www.guibutik.pt\/loja\/produto\/chinelo-s-inblu\/"]}]},{"@type":"ImageObject","inLanguage":"pt-PT","@id":"https:\/\/www.guibutik.pt\/loja\/produto\/chinelo-s-inblu\/#primaryimage","url":"https:\/\/www.guibutik.pt\/loja\/wp-content\/uploads\/2025\/05\/EL000035_001.jpg","contentUrl":"https:\/\/www.guibutik.pt\/loja\/wp-content\/uploads\/2025\/05\/EL000035_001.jpg","width":1024,"height":768},{"@type":"BreadcrumbList","@id":"https:\/\/www.guibutik.pt\/loja\/produto\/chinelo-s-inblu\/#breadcrumb","itemListElement":[{"@type":"ListItem","position":1,"name":"In\u00edcio","item":"https:\/\/www.guibutik.pt\/loja\/"},{"@type":"ListItem","position":2,"name":"Loja","item":"https:\/\/www.guibutik.pt\/loja\/shop\/"},{"@type":"ListItem","position":3,"name":"Chinelo S Inblu"}]},{"@type":"WebSite","@id":"https:\/\/www.guibutik.pt\/loja\/#website","url":"https:\/\/www.guibutik.pt\/loja\/","name":"Guibutik","description":"Moda e Sapataria","potentialAction":[{"@type":"SearchAction","target":{"@type":"EntryPoint","urlTemplate":"https:\/\/www.guibutik.pt\/loja\/?s={search_term_string}"},"query-input":{"@type":"PropertyValueSpecification","valueRequired":true,"valueName":"search_term_string"}}],"inLanguage":"pt-PT"}]}},"_links":{"self":[{"href":"https:\/\/www.guibutik.pt\/loja\/wp-json\/wp\/v2\/product\/71854","targetHints":{"allow":["GET"]}}],"collection":[{"href":"https:\/\/www.guibutik.pt\/loja\/wp-json\/wp\/v2\/product"}],"about":[{"href":"https:\/\/www.guibutik.pt\/loja\/wp-json\/wp\/v2\/types\/product"}],"replies":[{"embeddable":true,"href":"https:\/\/www.guibutik.pt\/loja\/wp-json\/wp\/v2\/comments?post=71854"}],"wp:featuredmedia":[{"embeddable":true,"href":"https:\/\/www.guibutik.pt\/loja\/wp-json\/wp\/v2\/media\/71856"}],"wp:attachment":[{"href":"https:\/\/www.guibutik.pt\/loja\/wp-json\/wp\/v2\/media?parent=71854"}],"wp:term":[{"taxonomy":"product_cat","embeddable":true,"href":"https:\/\/www.guibutik.pt\/loja\/wp-json\/wp\/v2\/product_cat?post=71854"},{"taxonomy":"product_tag","embeddable":true,"href":"https:\/\/www.guibutik.pt\/loja\/wp-json\/wp\/v2\/product_tag?post=71854"}],"curies":[{"name":"wp","href":"https:\/\/api.w.org\/{rel}","templated":true}]}}