{"id":71625,"date":"2025-04-22T12:51:29","date_gmt":"2025-04-22T11:51:29","guid":{"rendered":"https:\/\/www.guibutik.pt\/loja\/?post_type=product&#038;p=71625"},"modified":"2025-08-05T16:14:23","modified_gmt":"2025-08-05T15:14:23","slug":"polo-h-dockers-4","status":"publish","type":"product","link":"https:\/\/www.guibutik.pt\/loja\/produto\/polo-h-dockers-4\/","title":{"rendered":"Polo H Dockers"},"content":{"rendered":"<p class=\"template-product__description--bold\">N\u00f3s amamos polos por muitos motivos.<\/p>\n<p>A principal delas: sua versatilidade incompar\u00e1vel. Voc\u00ea pode us\u00e1-los de forma mais formal ou mais informal, por baixo ou com qualquer coisa, e eles sempre ficar\u00e3o \u00f3timos.<\/p>\n<ul>\n<li>Feito em piqu\u00e9 COOLMAX\u00ae EcoMade e tecido de algod\u00e3o<\/li>\n<li>Mangas curtas<\/li>\n<li>Possui gola No Roll para um visual elegante<\/li>\n<li>Bordado no peito esquerdo<\/li>\n<li>Ajuste fino<\/li>\n<li>Projetado para um visual limpo, nosso ajuste mais estreito \u00e9 cortado pr\u00f3ximo ao corpo sem parecer apertado ou apertado<\/li>\n<li>Ajustado nos ombros<\/li>\n<li>Afunilado do peito \u00e0 cintura<\/li>\n<\/ul>\n<p>Composi\u00e7\u00e3o e cuidados:<\/p>\n<ul>\n<li>60% algod\u00e3o, 40% poli\u00e9ster COOLMAX\u00ae EcoMade<\/li>\n<li>Lavar \u00e0 m\u00e1quina com \u00e1gua fria<\/li>\n<\/ul>\n","protected":false},"excerpt":{"rendered":"<p>N\u00f3s amamos polos por muitos motivos. A principal delas: sua versatilidade incompar\u00e1vel. Voc\u00ea pode us\u00e1-los de forma mais formal ou mais informal, por baixo ou com qualquer coisa, e eles sempre ficar\u00e3o \u00f3timos. Feito em piqu\u00e9 COOLMAX\u00ae EcoMade e tecido de algod\u00e3o Mangas curtas Possui gola No Roll para um visual elegante Bordado no peito [&hellip;]<\/p>\n","protected":false},"featured_media":71634,"comment_status":"closed","ping_status":"closed","template":"","meta":[],"product_cat":[221,230,483],"product_tag":[],"class_list":{"0":"post-71625","1":"product","2":"type-product","3":"status-publish","4":"has-post-thumbnail","6":"product_cat-homem","7":"product_cat-polos","8":"product_cat-promocoes-homem","9":"ts_product_brand-dockers","11":"first","12":"instock","13":"sale","14":"shipping-taxable","15":"purchasable","16":"product-type-variable"},"yoast_head":"<!-- This site is optimized with the Yoast SEO plugin v27.5 - https:\/\/yoast.com\/product\/yoast-seo-wordpress\/ -->\n<title>Polo H Dockers - Guibutik<\/title>\n<meta name=\"robots\" content=\"index, follow, max-snippet:-1, max-image-preview:large, max-video-preview:-1\" \/>\n<link rel=\"canonical\" href=\"https:\/\/www.guibutik.pt\/loja\/produto\/polo-h-dockers-4\/\" \/>\n<meta property=\"og:locale\" content=\"pt_PT\" \/>\n<meta property=\"og:type\" content=\"article\" \/>\n<meta property=\"og:title\" content=\"Polo H Dockers - Guibutik\" \/>\n<meta property=\"og:description\" content=\"N\u00f3s amamos polos por muitos motivos. A principal delas: sua versatilidade incompar\u00e1vel. Voc\u00ea pode us\u00e1-los de forma mais formal ou mais informal, por baixo ou com qualquer coisa, e eles sempre ficar\u00e3o \u00f3timos. Feito em piqu\u00e9 COOLMAX\u00ae EcoMade e tecido de algod\u00e3o Mangas curtas Possui gola No Roll para um visual elegante Bordado no peito [&hellip;]\" \/>\n<meta property=\"og:url\" content=\"https:\/\/www.guibutik.pt\/loja\/produto\/polo-h-dockers-4\/\" \/>\n<meta property=\"og:site_name\" content=\"Guibutik\" \/>\n<meta property=\"article:publisher\" content=\"https:\/\/www.facebook.com\/guibutik\/\" \/>\n<meta property=\"article:modified_time\" content=\"2025-08-05T15:14:23+00:00\" \/>\n<meta property=\"og:image\" content=\"https:\/\/www.guibutik.pt\/loja\/wp-content\/uploads\/2025\/04\/A7292-0009.webp\" \/>\n\t<meta property=\"og:image:width\" content=\"360\" \/>\n\t<meta property=\"og:image:height\" content=\"450\" \/>\n\t<meta property=\"og:image:type\" content=\"image\/webp\" \/>\n<meta name=\"twitter:card\" content=\"summary_large_image\" \/>\n<meta name=\"twitter:label1\" content=\"Tempo estimado de leitura\" \/>\n\t<meta name=\"twitter:data1\" content=\"1 minuto\" \/>\n<script type=\"application\/ld+json\" class=\"yoast-schema-graph\">{\"@context\":\"https:\\\/\\\/schema.org\",\"@graph\":[{\"@type\":\"WebPage\",\"@id\":\"https:\\\/\\\/www.guibutik.pt\\\/loja\\\/produto\\\/polo-h-dockers-4\\\/\",\"url\":\"https:\\\/\\\/www.guibutik.pt\\\/loja\\\/produto\\\/polo-h-dockers-4\\\/\",\"name\":\"Polo H Dockers - Guibutik\",\"isPartOf\":{\"@id\":\"https:\\\/\\\/www.guibutik.pt\\\/loja\\\/#website\"},\"primaryImageOfPage\":{\"@id\":\"https:\\\/\\\/www.guibutik.pt\\\/loja\\\/produto\\\/polo-h-dockers-4\\\/#primaryimage\"},\"image\":{\"@id\":\"https:\\\/\\\/www.guibutik.pt\\\/loja\\\/produto\\\/polo-h-dockers-4\\\/#primaryimage\"},\"thumbnailUrl\":\"https:\\\/\\\/www.guibutik.pt\\\/loja\\\/wp-content\\\/uploads\\\/2025\\\/04\\\/A7292-0009.webp\",\"datePublished\":\"2025-04-22T11:51:29+00:00\",\"dateModified\":\"2025-08-05T15:14:23+00:00\",\"breadcrumb\":{\"@id\":\"https:\\\/\\\/www.guibutik.pt\\\/loja\\\/produto\\\/polo-h-dockers-4\\\/#breadcrumb\"},\"inLanguage\":\"pt-PT\",\"potentialAction\":[{\"@type\":\"ReadAction\",\"target\":[\"https:\\\/\\\/www.guibutik.pt\\\/loja\\\/produto\\\/polo-h-dockers-4\\\/\"]}]},{\"@type\":\"ImageObject\",\"inLanguage\":\"pt-PT\",\"@id\":\"https:\\\/\\\/www.guibutik.pt\\\/loja\\\/produto\\\/polo-h-dockers-4\\\/#primaryimage\",\"url\":\"https:\\\/\\\/www.guibutik.pt\\\/loja\\\/wp-content\\\/uploads\\\/2025\\\/04\\\/A7292-0009.webp\",\"contentUrl\":\"https:\\\/\\\/www.guibutik.pt\\\/loja\\\/wp-content\\\/uploads\\\/2025\\\/04\\\/A7292-0009.webp\",\"width\":360,\"height\":450},{\"@type\":\"BreadcrumbList\",\"@id\":\"https:\\\/\\\/www.guibutik.pt\\\/loja\\\/produto\\\/polo-h-dockers-4\\\/#breadcrumb\",\"itemListElement\":[{\"@type\":\"ListItem\",\"position\":1,\"name\":\"In\u00edcio\",\"item\":\"https:\\\/\\\/www.guibutik.pt\\\/loja\\\/\"},{\"@type\":\"ListItem\",\"position\":2,\"name\":\"Loja\",\"item\":\"https:\\\/\\\/www.guibutik.pt\\\/loja\\\/shop\\\/\"},{\"@type\":\"ListItem\",\"position\":3,\"name\":\"Polo H Dockers\"}]},{\"@type\":\"WebSite\",\"@id\":\"https:\\\/\\\/www.guibutik.pt\\\/loja\\\/#website\",\"url\":\"https:\\\/\\\/www.guibutik.pt\\\/loja\\\/\",\"name\":\"Guibutik\",\"description\":\"Moda e Sapataria\",\"potentialAction\":[{\"@type\":\"SearchAction\",\"target\":{\"@type\":\"EntryPoint\",\"urlTemplate\":\"https:\\\/\\\/www.guibutik.pt\\\/loja\\\/?s={search_term_string}\"},\"query-input\":{\"@type\":\"PropertyValueSpecification\",\"valueRequired\":true,\"valueName\":\"search_term_string\"}}],\"inLanguage\":\"pt-PT\"}]}<\/script>\n<!-- \/ Yoast SEO plugin. -->","yoast_head_json":{"title":"Polo H Dockers - Guibutik","robots":{"index":"index","follow":"follow","max-snippet":"max-snippet:-1","max-image-preview":"max-image-preview:large","max-video-preview":"max-video-preview:-1"},"canonical":"https:\/\/www.guibutik.pt\/loja\/produto\/polo-h-dockers-4\/","og_locale":"pt_PT","og_type":"article","og_title":"Polo H Dockers - Guibutik","og_description":"N\u00f3s amamos polos por muitos motivos. A principal delas: sua versatilidade incompar\u00e1vel. Voc\u00ea pode us\u00e1-los de forma mais formal ou mais informal, por baixo ou com qualquer coisa, e eles sempre ficar\u00e3o \u00f3timos. Feito em piqu\u00e9 COOLMAX\u00ae EcoMade e tecido de algod\u00e3o Mangas curtas Possui gola No Roll para um visual elegante Bordado no peito [&hellip;]","og_url":"https:\/\/www.guibutik.pt\/loja\/produto\/polo-h-dockers-4\/","og_site_name":"Guibutik","article_publisher":"https:\/\/www.facebook.com\/guibutik\/","article_modified_time":"2025-08-05T15:14:23+00:00","og_image":[{"width":360,"height":450,"url":"https:\/\/www.guibutik.pt\/loja\/wp-content\/uploads\/2025\/04\/A7292-0009.webp","type":"image\/webp"}],"twitter_card":"summary_large_image","twitter_misc":{"Tempo estimado de leitura":"1 minuto"},"schema":{"@context":"https:\/\/schema.org","@graph":[{"@type":"WebPage","@id":"https:\/\/www.guibutik.pt\/loja\/produto\/polo-h-dockers-4\/","url":"https:\/\/www.guibutik.pt\/loja\/produto\/polo-h-dockers-4\/","name":"Polo H Dockers - Guibutik","isPartOf":{"@id":"https:\/\/www.guibutik.pt\/loja\/#website"},"primaryImageOfPage":{"@id":"https:\/\/www.guibutik.pt\/loja\/produto\/polo-h-dockers-4\/#primaryimage"},"image":{"@id":"https:\/\/www.guibutik.pt\/loja\/produto\/polo-h-dockers-4\/#primaryimage"},"thumbnailUrl":"https:\/\/www.guibutik.pt\/loja\/wp-content\/uploads\/2025\/04\/A7292-0009.webp","datePublished":"2025-04-22T11:51:29+00:00","dateModified":"2025-08-05T15:14:23+00:00","breadcrumb":{"@id":"https:\/\/www.guibutik.pt\/loja\/produto\/polo-h-dockers-4\/#breadcrumb"},"inLanguage":"pt-PT","potentialAction":[{"@type":"ReadAction","target":["https:\/\/www.guibutik.pt\/loja\/produto\/polo-h-dockers-4\/"]}]},{"@type":"ImageObject","inLanguage":"pt-PT","@id":"https:\/\/www.guibutik.pt\/loja\/produto\/polo-h-dockers-4\/#primaryimage","url":"https:\/\/www.guibutik.pt\/loja\/wp-content\/uploads\/2025\/04\/A7292-0009.webp","contentUrl":"https:\/\/www.guibutik.pt\/loja\/wp-content\/uploads\/2025\/04\/A7292-0009.webp","width":360,"height":450},{"@type":"BreadcrumbList","@id":"https:\/\/www.guibutik.pt\/loja\/produto\/polo-h-dockers-4\/#breadcrumb","itemListElement":[{"@type":"ListItem","position":1,"name":"In\u00edcio","item":"https:\/\/www.guibutik.pt\/loja\/"},{"@type":"ListItem","position":2,"name":"Loja","item":"https:\/\/www.guibutik.pt\/loja\/shop\/"},{"@type":"ListItem","position":3,"name":"Polo H Dockers"}]},{"@type":"WebSite","@id":"https:\/\/www.guibutik.pt\/loja\/#website","url":"https:\/\/www.guibutik.pt\/loja\/","name":"Guibutik","description":"Moda e Sapataria","potentialAction":[{"@type":"SearchAction","target":{"@type":"EntryPoint","urlTemplate":"https:\/\/www.guibutik.pt\/loja\/?s={search_term_string}"},"query-input":{"@type":"PropertyValueSpecification","valueRequired":true,"valueName":"search_term_string"}}],"inLanguage":"pt-PT"}]}},"_links":{"self":[{"href":"https:\/\/www.guibutik.pt\/loja\/wp-json\/wp\/v2\/product\/71625","targetHints":{"allow":["GET"]}}],"collection":[{"href":"https:\/\/www.guibutik.pt\/loja\/wp-json\/wp\/v2\/product"}],"about":[{"href":"https:\/\/www.guibutik.pt\/loja\/wp-json\/wp\/v2\/types\/product"}],"replies":[{"embeddable":true,"href":"https:\/\/www.guibutik.pt\/loja\/wp-json\/wp\/v2\/comments?post=71625"}],"wp:featuredmedia":[{"embeddable":true,"href":"https:\/\/www.guibutik.pt\/loja\/wp-json\/wp\/v2\/media\/71634"}],"wp:attachment":[{"href":"https:\/\/www.guibutik.pt\/loja\/wp-json\/wp\/v2\/media?parent=71625"}],"wp:term":[{"taxonomy":"product_cat","embeddable":true,"href":"https:\/\/www.guibutik.pt\/loja\/wp-json\/wp\/v2\/product_cat?post=71625"},{"taxonomy":"product_tag","embeddable":true,"href":"https:\/\/www.guibutik.pt\/loja\/wp-json\/wp\/v2\/product_tag?post=71625"}],"curies":[{"name":"wp","href":"https:\/\/api.w.org\/{rel}","templated":true}]}}