{"id":71217,"date":"2025-04-12T10:07:58","date_gmt":"2025-04-12T09:07:58","guid":{"rendered":"https:\/\/www.guibutik.pt\/loja\/?post_type=product&#038;p=71217"},"modified":"2025-08-22T14:04:36","modified_gmt":"2025-08-22T13:04:36","slug":"t-shirt-dockers","status":"publish","type":"product","link":"https:\/\/www.guibutik.pt\/loja\/produto\/t-shirt-dockers\/","title":{"rendered":"T-Shirt Dockers"},"content":{"rendered":"<p class=\"template-product__description--bold\">Uma camiseta gr\u00e1fica favorita de todos os tempos que pode ser usada sozinha ou como camada de base.<\/p>\n<p>Fizemos este de jersey de algod\u00e3o puro.<\/p>\n<p>Uma camiseta gr\u00e1fica favorita de todos os tempos em jersey de algod\u00e3o<\/p>\n<ul>\n<li>Jersey de algod\u00e3o<\/li>\n<li>Mangas curtas<\/li>\n<li>Gola redonda<\/li>\n<li>Ajuste fino<\/li>\n<li>Ajustado nos ombros<\/li>\n<li>Afilado atrav\u00e9s do corpo<\/li>\n<li>A modelo tem 185 cm e veste tamanho M.<\/li>\n<li>Estilo: A11030304<\/li>\n<li>Pa\u00eds de origem: Paquist\u00e3o<\/li>\n<li>80% algod\u00e3o, 20% algod\u00e3o reciclado<\/li>\n<\/ul>\n<p>Cuidados de lavagem:<\/p>\n<ul>\n<li>Lavagem \u00e0 m\u00e1quina com \u00e1gua fria<\/li>\n<li>N\u00e3o utilizar alvejante<\/li>\n<li>Secar em temperatura baixa<\/li>\n<li>Ferro quente se necess\u00e1rio<\/li>\n<li>N\u00e3o lavar a seco<\/li>\n<li>Lave do avesso com cores semelhantes<\/li>\n<li>N\u00e3o passar decora\u00e7\u00e3o<\/li>\n<\/ul>\n","protected":false},"excerpt":{"rendered":"<p>Uma camiseta gr\u00e1fica favorita de todos os tempos que pode ser usada sozinha ou como camada de base. Fizemos este de jersey de algod\u00e3o puro. Uma camiseta gr\u00e1fica favorita de todos os tempos em jersey de algod\u00e3o Jersey de algod\u00e3o Mangas curtas Gola redonda Ajuste fino Ajustado nos ombros Afilado atrav\u00e9s do corpo A modelo [&hellip;]<\/p>\n","protected":false},"featured_media":71232,"comment_status":"closed","ping_status":"closed","template":"","meta":[],"product_cat":[221,290],"product_tag":[],"class_list":{"0":"post-71217","1":"product","2":"type-product","3":"status-publish","4":"has-post-thumbnail","6":"product_cat-homem","7":"product_cat-t-shirt-homem","8":"ts_product_brand-dockers","10":"first","11":"instock","12":"shipping-taxable","13":"purchasable","14":"product-type-variable"},"yoast_head":"<!-- This site is optimized with the Yoast SEO plugin v27.6 - https:\/\/yoast.com\/product\/yoast-seo-wordpress\/ -->\n<title>T-Shirt Dockers - Guibutik<\/title>\n<meta name=\"robots\" content=\"index, follow, max-snippet:-1, max-image-preview:large, max-video-preview:-1\" \/>\n<link rel=\"canonical\" href=\"https:\/\/www.guibutik.pt\/loja\/produto\/t-shirt-dockers\/\" \/>\n<meta property=\"og:locale\" content=\"pt_PT\" \/>\n<meta property=\"og:type\" content=\"article\" \/>\n<meta property=\"og:title\" content=\"T-Shirt Dockers - Guibutik\" \/>\n<meta property=\"og:description\" content=\"Uma camiseta gr\u00e1fica favorita de todos os tempos que pode ser usada sozinha ou como camada de base. Fizemos este de jersey de algod\u00e3o puro. Uma camiseta gr\u00e1fica favorita de todos os tempos em jersey de algod\u00e3o Jersey de algod\u00e3o Mangas curtas Gola redonda Ajuste fino Ajustado nos ombros Afilado atrav\u00e9s do corpo A modelo [&hellip;]\" \/>\n<meta property=\"og:url\" content=\"https:\/\/www.guibutik.pt\/loja\/produto\/t-shirt-dockers\/\" \/>\n<meta property=\"og:site_name\" content=\"Guibutik\" \/>\n<meta property=\"article:publisher\" content=\"https:\/\/www.facebook.com\/guibutik\/\" \/>\n<meta property=\"article:modified_time\" content=\"2025-08-22T13:04:36+00:00\" \/>\n<meta property=\"og:image\" content=\"https:\/\/www.guibutik.pt\/loja\/wp-content\/uploads\/2025\/04\/A1103-0304.webp\" \/>\n\t<meta property=\"og:image:width\" content=\"360\" \/>\n\t<meta property=\"og:image:height\" content=\"450\" \/>\n\t<meta property=\"og:image:type\" content=\"image\/webp\" \/>\n<meta name=\"twitter:card\" content=\"summary_large_image\" \/>\n<meta name=\"twitter:label1\" content=\"Tempo estimado de leitura\" \/>\n\t<meta name=\"twitter:data1\" content=\"1 minuto\" \/>\n<script type=\"application\/ld+json\" class=\"yoast-schema-graph\">{\"@context\":\"https:\\\/\\\/schema.org\",\"@graph\":[{\"@type\":\"WebPage\",\"@id\":\"https:\\\/\\\/www.guibutik.pt\\\/loja\\\/produto\\\/t-shirt-dockers\\\/\",\"url\":\"https:\\\/\\\/www.guibutik.pt\\\/loja\\\/produto\\\/t-shirt-dockers\\\/\",\"name\":\"T-Shirt Dockers - Guibutik\",\"isPartOf\":{\"@id\":\"https:\\\/\\\/www.guibutik.pt\\\/loja\\\/#website\"},\"primaryImageOfPage\":{\"@id\":\"https:\\\/\\\/www.guibutik.pt\\\/loja\\\/produto\\\/t-shirt-dockers\\\/#primaryimage\"},\"image\":{\"@id\":\"https:\\\/\\\/www.guibutik.pt\\\/loja\\\/produto\\\/t-shirt-dockers\\\/#primaryimage\"},\"thumbnailUrl\":\"https:\\\/\\\/www.guibutik.pt\\\/loja\\\/wp-content\\\/uploads\\\/2025\\\/04\\\/A1103-0304.webp\",\"datePublished\":\"2025-04-12T09:07:58+00:00\",\"dateModified\":\"2025-08-22T13:04:36+00:00\",\"breadcrumb\":{\"@id\":\"https:\\\/\\\/www.guibutik.pt\\\/loja\\\/produto\\\/t-shirt-dockers\\\/#breadcrumb\"},\"inLanguage\":\"pt-PT\",\"potentialAction\":[{\"@type\":\"ReadAction\",\"target\":[\"https:\\\/\\\/www.guibutik.pt\\\/loja\\\/produto\\\/t-shirt-dockers\\\/\"]}]},{\"@type\":\"ImageObject\",\"inLanguage\":\"pt-PT\",\"@id\":\"https:\\\/\\\/www.guibutik.pt\\\/loja\\\/produto\\\/t-shirt-dockers\\\/#primaryimage\",\"url\":\"https:\\\/\\\/www.guibutik.pt\\\/loja\\\/wp-content\\\/uploads\\\/2025\\\/04\\\/A1103-0304.webp\",\"contentUrl\":\"https:\\\/\\\/www.guibutik.pt\\\/loja\\\/wp-content\\\/uploads\\\/2025\\\/04\\\/A1103-0304.webp\",\"width\":360,\"height\":450},{\"@type\":\"BreadcrumbList\",\"@id\":\"https:\\\/\\\/www.guibutik.pt\\\/loja\\\/produto\\\/t-shirt-dockers\\\/#breadcrumb\",\"itemListElement\":[{\"@type\":\"ListItem\",\"position\":1,\"name\":\"In\u00edcio\",\"item\":\"https:\\\/\\\/www.guibutik.pt\\\/loja\\\/\"},{\"@type\":\"ListItem\",\"position\":2,\"name\":\"Loja\",\"item\":\"https:\\\/\\\/www.guibutik.pt\\\/loja\\\/shop\\\/\"},{\"@type\":\"ListItem\",\"position\":3,\"name\":\"T-Shirt Dockers\"}]},{\"@type\":\"WebSite\",\"@id\":\"https:\\\/\\\/www.guibutik.pt\\\/loja\\\/#website\",\"url\":\"https:\\\/\\\/www.guibutik.pt\\\/loja\\\/\",\"name\":\"Guibutik\",\"description\":\"Moda e Sapataria\",\"potentialAction\":[{\"@type\":\"SearchAction\",\"target\":{\"@type\":\"EntryPoint\",\"urlTemplate\":\"https:\\\/\\\/www.guibutik.pt\\\/loja\\\/?s={search_term_string}\"},\"query-input\":{\"@type\":\"PropertyValueSpecification\",\"valueRequired\":true,\"valueName\":\"search_term_string\"}}],\"inLanguage\":\"pt-PT\"}]}<\/script>\n<!-- \/ Yoast SEO plugin. -->","yoast_head_json":{"title":"T-Shirt Dockers - Guibutik","robots":{"index":"index","follow":"follow","max-snippet":"max-snippet:-1","max-image-preview":"max-image-preview:large","max-video-preview":"max-video-preview:-1"},"canonical":"https:\/\/www.guibutik.pt\/loja\/produto\/t-shirt-dockers\/","og_locale":"pt_PT","og_type":"article","og_title":"T-Shirt Dockers - Guibutik","og_description":"Uma camiseta gr\u00e1fica favorita de todos os tempos que pode ser usada sozinha ou como camada de base. Fizemos este de jersey de algod\u00e3o puro. Uma camiseta gr\u00e1fica favorita de todos os tempos em jersey de algod\u00e3o Jersey de algod\u00e3o Mangas curtas Gola redonda Ajuste fino Ajustado nos ombros Afilado atrav\u00e9s do corpo A modelo [&hellip;]","og_url":"https:\/\/www.guibutik.pt\/loja\/produto\/t-shirt-dockers\/","og_site_name":"Guibutik","article_publisher":"https:\/\/www.facebook.com\/guibutik\/","article_modified_time":"2025-08-22T13:04:36+00:00","og_image":[{"width":360,"height":450,"url":"https:\/\/www.guibutik.pt\/loja\/wp-content\/uploads\/2025\/04\/A1103-0304.webp","type":"image\/webp"}],"twitter_card":"summary_large_image","twitter_misc":{"Tempo estimado de leitura":"1 minuto"},"schema":{"@context":"https:\/\/schema.org","@graph":[{"@type":"WebPage","@id":"https:\/\/www.guibutik.pt\/loja\/produto\/t-shirt-dockers\/","url":"https:\/\/www.guibutik.pt\/loja\/produto\/t-shirt-dockers\/","name":"T-Shirt Dockers - Guibutik","isPartOf":{"@id":"https:\/\/www.guibutik.pt\/loja\/#website"},"primaryImageOfPage":{"@id":"https:\/\/www.guibutik.pt\/loja\/produto\/t-shirt-dockers\/#primaryimage"},"image":{"@id":"https:\/\/www.guibutik.pt\/loja\/produto\/t-shirt-dockers\/#primaryimage"},"thumbnailUrl":"https:\/\/www.guibutik.pt\/loja\/wp-content\/uploads\/2025\/04\/A1103-0304.webp","datePublished":"2025-04-12T09:07:58+00:00","dateModified":"2025-08-22T13:04:36+00:00","breadcrumb":{"@id":"https:\/\/www.guibutik.pt\/loja\/produto\/t-shirt-dockers\/#breadcrumb"},"inLanguage":"pt-PT","potentialAction":[{"@type":"ReadAction","target":["https:\/\/www.guibutik.pt\/loja\/produto\/t-shirt-dockers\/"]}]},{"@type":"ImageObject","inLanguage":"pt-PT","@id":"https:\/\/www.guibutik.pt\/loja\/produto\/t-shirt-dockers\/#primaryimage","url":"https:\/\/www.guibutik.pt\/loja\/wp-content\/uploads\/2025\/04\/A1103-0304.webp","contentUrl":"https:\/\/www.guibutik.pt\/loja\/wp-content\/uploads\/2025\/04\/A1103-0304.webp","width":360,"height":450},{"@type":"BreadcrumbList","@id":"https:\/\/www.guibutik.pt\/loja\/produto\/t-shirt-dockers\/#breadcrumb","itemListElement":[{"@type":"ListItem","position":1,"name":"In\u00edcio","item":"https:\/\/www.guibutik.pt\/loja\/"},{"@type":"ListItem","position":2,"name":"Loja","item":"https:\/\/www.guibutik.pt\/loja\/shop\/"},{"@type":"ListItem","position":3,"name":"T-Shirt Dockers"}]},{"@type":"WebSite","@id":"https:\/\/www.guibutik.pt\/loja\/#website","url":"https:\/\/www.guibutik.pt\/loja\/","name":"Guibutik","description":"Moda e Sapataria","potentialAction":[{"@type":"SearchAction","target":{"@type":"EntryPoint","urlTemplate":"https:\/\/www.guibutik.pt\/loja\/?s={search_term_string}"},"query-input":{"@type":"PropertyValueSpecification","valueRequired":true,"valueName":"search_term_string"}}],"inLanguage":"pt-PT"}]}},"_links":{"self":[{"href":"https:\/\/www.guibutik.pt\/loja\/wp-json\/wp\/v2\/product\/71217","targetHints":{"allow":["GET"]}}],"collection":[{"href":"https:\/\/www.guibutik.pt\/loja\/wp-json\/wp\/v2\/product"}],"about":[{"href":"https:\/\/www.guibutik.pt\/loja\/wp-json\/wp\/v2\/types\/product"}],"replies":[{"embeddable":true,"href":"https:\/\/www.guibutik.pt\/loja\/wp-json\/wp\/v2\/comments?post=71217"}],"wp:featuredmedia":[{"embeddable":true,"href":"https:\/\/www.guibutik.pt\/loja\/wp-json\/wp\/v2\/media\/71232"}],"wp:attachment":[{"href":"https:\/\/www.guibutik.pt\/loja\/wp-json\/wp\/v2\/media?parent=71217"}],"wp:term":[{"taxonomy":"product_cat","embeddable":true,"href":"https:\/\/www.guibutik.pt\/loja\/wp-json\/wp\/v2\/product_cat?post=71217"},{"taxonomy":"product_tag","embeddable":true,"href":"https:\/\/www.guibutik.pt\/loja\/wp-json\/wp\/v2\/product_tag?post=71217"}],"curies":[{"name":"wp","href":"https:\/\/api.w.org\/{rel}","templated":true}]}}