{"id":71178,"date":"2025-04-12T09:38:10","date_gmt":"2025-04-12T08:38:10","guid":{"rendered":"https:\/\/www.guibutik.pt\/loja\/?post_type=product&#038;p=71178"},"modified":"2025-07-18T18:08:42","modified_gmt":"2025-07-18T17:08:42","slug":"calca-dockers-5","status":"publish","type":"product","link":"https:\/\/www.guibutik.pt\/loja\/produto\/calca-dockers-5\/","title":{"rendered":"Cal\u00e7a Dockers"},"content":{"rendered":"<div class=\"template-product__description--content\">\n<p class=\"template-product__description--bold\">Dockers\u00ae Originals: uma cole\u00e7\u00e3o dos estilos mais essenciais.<\/p>\n<p>Esses produtos atemporais, modernos e incrivelmente confort\u00e1veis \u200b\u200bapresentam os ajustes e detalhes que amamos acima de tudo.<\/p>\n<p>Nossa cal\u00e7a chino original \u00e9 a cal\u00e7a chino casual ideal \u2014 e garantimos isso dedicando-nos a cada detalhe. Simplificamos seu estilo, ajustamos o caimento para um caimento ainda melhor e finalizamos com uma mistura de elementos inspirados em algumas das nossas cal\u00e7as favoritas dos nossos arquivos.<\/p>\n<p>Uma cal\u00e7a com a combina\u00e7\u00e3o perfeita de estilo, ajuste e detalhes para durar d\u00e9cadas<\/p>\n<\/div>\n<ul>\n<li>Alongue-se para maior conforto<\/li>\n<li>Sarja de papel<\/li>\n<li>Tirolesa<\/li>\n<li>Bolso de debrum<\/li>\n<li>Skinny Fit<\/li>\n<li>Abertura fina na perna que estreita no tornozelo<\/li>\n<li>Bate na sua cintura<\/li>\n<li>A modelo tem 185 cm\/6&#8217;1&#8243; e veste tamanho 32 x 32<\/li>\n<li>Estilo: A48610034<\/li>\n<li>Pa\u00eds de origem: Camboja<\/li>\n<li>77% algod\u00e3o, 20% algod\u00e3o reciclado, 3% elastano<\/li>\n<\/ul>\n<p>Cuidados de lavagem:<\/p>\n<ul>\n<li>Lavagem \u00e0 m\u00e1quina com \u00e1gua fria<\/li>\n<li>N\u00e3o utilizar alvejante<\/li>\n<li>Secar em temperatura baixa<\/li>\n<li>Ferro quente se necess\u00e1rio<\/li>\n<li>Possibilidade de lavagem a seco<\/li>\n<li>Lave do avesso com cores semelhantes<\/li>\n<li>Remover imediatamente<\/li>\n<\/ul>\n","protected":false},"excerpt":{"rendered":"<p>Dockers\u00ae Originals: uma cole\u00e7\u00e3o dos estilos mais essenciais. Esses produtos atemporais, modernos e incrivelmente confort\u00e1veis \u200b\u200bapresentam os ajustes e detalhes que amamos acima de tudo. Nossa cal\u00e7a chino original \u00e9 a cal\u00e7a chino casual ideal \u2014 e garantimos isso dedicando-nos a cada detalhe. Simplificamos seu estilo, ajustamos o caimento para um caimento ainda melhor e [&hellip;]<\/p>\n","protected":false},"featured_media":71180,"comment_status":"closed","ping_status":"closed","template":"","meta":[],"product_cat":[298,221],"product_tag":[],"class_list":{"0":"post-71178","1":"product","2":"type-product","3":"status-publish","4":"has-post-thumbnail","6":"product_cat-calcas","7":"product_cat-homem","8":"ts_product_brand-dockers","10":"first","11":"instock","12":"shipping-taxable","13":"purchasable","14":"product-type-variable"},"yoast_head":"<!-- This site is optimized with the Yoast SEO plugin v27.6 - https:\/\/yoast.com\/product\/yoast-seo-wordpress\/ -->\n<title>Cal\u00e7a Dockers - Guibutik<\/title>\n<meta name=\"robots\" content=\"index, follow, max-snippet:-1, max-image-preview:large, max-video-preview:-1\" \/>\n<link rel=\"canonical\" href=\"https:\/\/www.guibutik.pt\/loja\/produto\/calca-dockers-5\/\" \/>\n<meta property=\"og:locale\" content=\"pt_PT\" \/>\n<meta property=\"og:type\" content=\"article\" \/>\n<meta property=\"og:title\" content=\"Cal\u00e7a Dockers - Guibutik\" \/>\n<meta property=\"og:description\" content=\"Dockers\u00ae Originals: uma cole\u00e7\u00e3o dos estilos mais essenciais. Esses produtos atemporais, modernos e incrivelmente confort\u00e1veis \u200b\u200bapresentam os ajustes e detalhes que amamos acima de tudo. Nossa cal\u00e7a chino original \u00e9 a cal\u00e7a chino casual ideal \u2014 e garantimos isso dedicando-nos a cada detalhe. Simplificamos seu estilo, ajustamos o caimento para um caimento ainda melhor e [&hellip;]\" \/>\n<meta property=\"og:url\" content=\"https:\/\/www.guibutik.pt\/loja\/produto\/calca-dockers-5\/\" \/>\n<meta property=\"og:site_name\" content=\"Guibutik\" \/>\n<meta property=\"article:publisher\" content=\"https:\/\/www.facebook.com\/guibutik\/\" \/>\n<meta property=\"article:modified_time\" content=\"2025-07-18T17:08:42+00:00\" \/>\n<meta property=\"og:image\" content=\"https:\/\/www.guibutik.pt\/loja\/wp-content\/uploads\/2025\/04\/A4861-0034.webp\" \/>\n\t<meta property=\"og:image:width\" content=\"360\" \/>\n\t<meta property=\"og:image:height\" content=\"450\" \/>\n\t<meta property=\"og:image:type\" content=\"image\/webp\" \/>\n<meta name=\"twitter:card\" content=\"summary_large_image\" \/>\n<meta name=\"twitter:label1\" content=\"Tempo estimado de leitura\" \/>\n\t<meta name=\"twitter:data1\" content=\"2 minutos\" \/>\n<script type=\"application\/ld+json\" class=\"yoast-schema-graph\">{\"@context\":\"https:\\\/\\\/schema.org\",\"@graph\":[{\"@type\":\"WebPage\",\"@id\":\"https:\\\/\\\/www.guibutik.pt\\\/loja\\\/produto\\\/calca-dockers-5\\\/\",\"url\":\"https:\\\/\\\/www.guibutik.pt\\\/loja\\\/produto\\\/calca-dockers-5\\\/\",\"name\":\"Cal\u00e7a Dockers - Guibutik\",\"isPartOf\":{\"@id\":\"https:\\\/\\\/www.guibutik.pt\\\/loja\\\/#website\"},\"primaryImageOfPage\":{\"@id\":\"https:\\\/\\\/www.guibutik.pt\\\/loja\\\/produto\\\/calca-dockers-5\\\/#primaryimage\"},\"image\":{\"@id\":\"https:\\\/\\\/www.guibutik.pt\\\/loja\\\/produto\\\/calca-dockers-5\\\/#primaryimage\"},\"thumbnailUrl\":\"https:\\\/\\\/www.guibutik.pt\\\/loja\\\/wp-content\\\/uploads\\\/2025\\\/04\\\/A4861-0034.webp\",\"datePublished\":\"2025-04-12T08:38:10+00:00\",\"dateModified\":\"2025-07-18T17:08:42+00:00\",\"breadcrumb\":{\"@id\":\"https:\\\/\\\/www.guibutik.pt\\\/loja\\\/produto\\\/calca-dockers-5\\\/#breadcrumb\"},\"inLanguage\":\"pt-PT\",\"potentialAction\":[{\"@type\":\"ReadAction\",\"target\":[\"https:\\\/\\\/www.guibutik.pt\\\/loja\\\/produto\\\/calca-dockers-5\\\/\"]}]},{\"@type\":\"ImageObject\",\"inLanguage\":\"pt-PT\",\"@id\":\"https:\\\/\\\/www.guibutik.pt\\\/loja\\\/produto\\\/calca-dockers-5\\\/#primaryimage\",\"url\":\"https:\\\/\\\/www.guibutik.pt\\\/loja\\\/wp-content\\\/uploads\\\/2025\\\/04\\\/A4861-0034.webp\",\"contentUrl\":\"https:\\\/\\\/www.guibutik.pt\\\/loja\\\/wp-content\\\/uploads\\\/2025\\\/04\\\/A4861-0034.webp\",\"width\":360,\"height\":450},{\"@type\":\"BreadcrumbList\",\"@id\":\"https:\\\/\\\/www.guibutik.pt\\\/loja\\\/produto\\\/calca-dockers-5\\\/#breadcrumb\",\"itemListElement\":[{\"@type\":\"ListItem\",\"position\":1,\"name\":\"In\u00edcio\",\"item\":\"https:\\\/\\\/www.guibutik.pt\\\/loja\\\/\"},{\"@type\":\"ListItem\",\"position\":2,\"name\":\"Loja\",\"item\":\"https:\\\/\\\/www.guibutik.pt\\\/loja\\\/shop\\\/\"},{\"@type\":\"ListItem\",\"position\":3,\"name\":\"Cal\u00e7a Dockers\"}]},{\"@type\":\"WebSite\",\"@id\":\"https:\\\/\\\/www.guibutik.pt\\\/loja\\\/#website\",\"url\":\"https:\\\/\\\/www.guibutik.pt\\\/loja\\\/\",\"name\":\"Guibutik\",\"description\":\"Moda e Sapataria\",\"potentialAction\":[{\"@type\":\"SearchAction\",\"target\":{\"@type\":\"EntryPoint\",\"urlTemplate\":\"https:\\\/\\\/www.guibutik.pt\\\/loja\\\/?s={search_term_string}\"},\"query-input\":{\"@type\":\"PropertyValueSpecification\",\"valueRequired\":true,\"valueName\":\"search_term_string\"}}],\"inLanguage\":\"pt-PT\"}]}<\/script>\n<!-- \/ Yoast SEO plugin. -->","yoast_head_json":{"title":"Cal\u00e7a Dockers - Guibutik","robots":{"index":"index","follow":"follow","max-snippet":"max-snippet:-1","max-image-preview":"max-image-preview:large","max-video-preview":"max-video-preview:-1"},"canonical":"https:\/\/www.guibutik.pt\/loja\/produto\/calca-dockers-5\/","og_locale":"pt_PT","og_type":"article","og_title":"Cal\u00e7a Dockers - Guibutik","og_description":"Dockers\u00ae Originals: uma cole\u00e7\u00e3o dos estilos mais essenciais. Esses produtos atemporais, modernos e incrivelmente confort\u00e1veis \u200b\u200bapresentam os ajustes e detalhes que amamos acima de tudo. Nossa cal\u00e7a chino original \u00e9 a cal\u00e7a chino casual ideal \u2014 e garantimos isso dedicando-nos a cada detalhe. Simplificamos seu estilo, ajustamos o caimento para um caimento ainda melhor e [&hellip;]","og_url":"https:\/\/www.guibutik.pt\/loja\/produto\/calca-dockers-5\/","og_site_name":"Guibutik","article_publisher":"https:\/\/www.facebook.com\/guibutik\/","article_modified_time":"2025-07-18T17:08:42+00:00","og_image":[{"width":360,"height":450,"url":"https:\/\/www.guibutik.pt\/loja\/wp-content\/uploads\/2025\/04\/A4861-0034.webp","type":"image\/webp"}],"twitter_card":"summary_large_image","twitter_misc":{"Tempo estimado de leitura":"2 minutos"},"schema":{"@context":"https:\/\/schema.org","@graph":[{"@type":"WebPage","@id":"https:\/\/www.guibutik.pt\/loja\/produto\/calca-dockers-5\/","url":"https:\/\/www.guibutik.pt\/loja\/produto\/calca-dockers-5\/","name":"Cal\u00e7a Dockers - Guibutik","isPartOf":{"@id":"https:\/\/www.guibutik.pt\/loja\/#website"},"primaryImageOfPage":{"@id":"https:\/\/www.guibutik.pt\/loja\/produto\/calca-dockers-5\/#primaryimage"},"image":{"@id":"https:\/\/www.guibutik.pt\/loja\/produto\/calca-dockers-5\/#primaryimage"},"thumbnailUrl":"https:\/\/www.guibutik.pt\/loja\/wp-content\/uploads\/2025\/04\/A4861-0034.webp","datePublished":"2025-04-12T08:38:10+00:00","dateModified":"2025-07-18T17:08:42+00:00","breadcrumb":{"@id":"https:\/\/www.guibutik.pt\/loja\/produto\/calca-dockers-5\/#breadcrumb"},"inLanguage":"pt-PT","potentialAction":[{"@type":"ReadAction","target":["https:\/\/www.guibutik.pt\/loja\/produto\/calca-dockers-5\/"]}]},{"@type":"ImageObject","inLanguage":"pt-PT","@id":"https:\/\/www.guibutik.pt\/loja\/produto\/calca-dockers-5\/#primaryimage","url":"https:\/\/www.guibutik.pt\/loja\/wp-content\/uploads\/2025\/04\/A4861-0034.webp","contentUrl":"https:\/\/www.guibutik.pt\/loja\/wp-content\/uploads\/2025\/04\/A4861-0034.webp","width":360,"height":450},{"@type":"BreadcrumbList","@id":"https:\/\/www.guibutik.pt\/loja\/produto\/calca-dockers-5\/#breadcrumb","itemListElement":[{"@type":"ListItem","position":1,"name":"In\u00edcio","item":"https:\/\/www.guibutik.pt\/loja\/"},{"@type":"ListItem","position":2,"name":"Loja","item":"https:\/\/www.guibutik.pt\/loja\/shop\/"},{"@type":"ListItem","position":3,"name":"Cal\u00e7a Dockers"}]},{"@type":"WebSite","@id":"https:\/\/www.guibutik.pt\/loja\/#website","url":"https:\/\/www.guibutik.pt\/loja\/","name":"Guibutik","description":"Moda e Sapataria","potentialAction":[{"@type":"SearchAction","target":{"@type":"EntryPoint","urlTemplate":"https:\/\/www.guibutik.pt\/loja\/?s={search_term_string}"},"query-input":{"@type":"PropertyValueSpecification","valueRequired":true,"valueName":"search_term_string"}}],"inLanguage":"pt-PT"}]}},"_links":{"self":[{"href":"https:\/\/www.guibutik.pt\/loja\/wp-json\/wp\/v2\/product\/71178","targetHints":{"allow":["GET"]}}],"collection":[{"href":"https:\/\/www.guibutik.pt\/loja\/wp-json\/wp\/v2\/product"}],"about":[{"href":"https:\/\/www.guibutik.pt\/loja\/wp-json\/wp\/v2\/types\/product"}],"replies":[{"embeddable":true,"href":"https:\/\/www.guibutik.pt\/loja\/wp-json\/wp\/v2\/comments?post=71178"}],"wp:featuredmedia":[{"embeddable":true,"href":"https:\/\/www.guibutik.pt\/loja\/wp-json\/wp\/v2\/media\/71180"}],"wp:attachment":[{"href":"https:\/\/www.guibutik.pt\/loja\/wp-json\/wp\/v2\/media?parent=71178"}],"wp:term":[{"taxonomy":"product_cat","embeddable":true,"href":"https:\/\/www.guibutik.pt\/loja\/wp-json\/wp\/v2\/product_cat?post=71178"},{"taxonomy":"product_tag","embeddable":true,"href":"https:\/\/www.guibutik.pt\/loja\/wp-json\/wp\/v2\/product_tag?post=71178"}],"curies":[{"name":"wp","href":"https:\/\/api.w.org\/{rel}","templated":true}]}}