{"id":71152,"date":"2025-04-11T13:35:51","date_gmt":"2025-04-11T12:35:51","guid":{"rendered":"https:\/\/www.guibutik.pt\/loja\/?post_type=product&#038;p=71152"},"modified":"2025-08-25T18:53:44","modified_gmt":"2025-08-25T17:53:44","slug":"sandalia-s-xti-8","status":"publish","type":"product","link":"https:\/\/www.guibutik.pt\/loja\/produto\/sandalia-s-xti-8\/","title":{"rendered":"Sand\u00e1lia S XTI"},"content":{"rendered":"<p>Sand\u00e1lia feminina, da marca Xti. Feito de material semelhante ao couro de alta qualidade. Design de p\u00e1 com detalhes recortados. Fecho de fivela de metal para f\u00e1cil ajuste. Sola de borracha antiderrapante. Este modelo foi certificado vegano pela organiza\u00e7\u00e3o global PETA (Animal Rights Organization).<\/p>\n","protected":false},"excerpt":{"rendered":"<p>Sand\u00e1lia feminina, da marca Xti. Feito de material semelhante ao couro de alta qualidade. Design de p\u00e1 com detalhes recortados. Fecho de fivela de metal para f\u00e1cil ajuste. Sola de borracha antiderrapante. Este modelo foi certificado vegano pela organiza\u00e7\u00e3o global PETA (Animal Rights Organization).<\/p>\n","protected":false},"featured_media":71154,"comment_status":"closed","ping_status":"closed","template":"","meta":[],"product_cat":[291,222],"product_tag":[],"class_list":{"0":"post-71152","1":"product","2":"type-product","3":"status-publish","4":"has-post-thumbnail","6":"product_cat-calcado-senhora","7":"product_cat-senhora","8":"ts_product_brand-xti","10":"first","11":"instock","12":"shipping-taxable","13":"purchasable","14":"product-type-variable"},"yoast_head":"<!-- This site is optimized with the Yoast SEO plugin v27.6 - https:\/\/yoast.com\/product\/yoast-seo-wordpress\/ -->\n<title>Sand\u00e1lia S XTI - Guibutik<\/title>\n<meta name=\"robots\" content=\"index, follow, max-snippet:-1, max-image-preview:large, max-video-preview:-1\" \/>\n<link rel=\"canonical\" href=\"https:\/\/www.guibutik.pt\/loja\/produto\/sandalia-s-xti-8\/\" \/>\n<meta property=\"og:locale\" content=\"pt_PT\" \/>\n<meta property=\"og:type\" content=\"article\" \/>\n<meta property=\"og:title\" content=\"Sand\u00e1lia S XTI - Guibutik\" \/>\n<meta property=\"og:description\" content=\"Sand\u00e1lia feminina, da marca Xti. Feito de material semelhante ao couro de alta qualidade. Design de p\u00e1 com detalhes recortados. Fecho de fivela de metal para f\u00e1cil ajuste. Sola de borracha antiderrapante. Este modelo foi certificado vegano pela organiza\u00e7\u00e3o global PETA (Animal Rights Organization).\" \/>\n<meta property=\"og:url\" content=\"https:\/\/www.guibutik.pt\/loja\/produto\/sandalia-s-xti-8\/\" \/>\n<meta property=\"og:site_name\" content=\"Guibutik\" \/>\n<meta property=\"article:publisher\" content=\"https:\/\/www.facebook.com\/guibutik\/\" \/>\n<meta property=\"article:modified_time\" content=\"2025-08-25T17:53:44+00:00\" \/>\n<meta property=\"og:image\" content=\"https:\/\/www.guibutik.pt\/loja\/wp-content\/uploads\/2025\/04\/14385602_38.webp\" \/>\n\t<meta property=\"og:image:width\" content=\"500\" \/>\n\t<meta property=\"og:image:height\" content=\"500\" \/>\n\t<meta property=\"og:image:type\" content=\"image\/webp\" \/>\n<meta name=\"twitter:card\" content=\"summary_large_image\" \/>\n<meta name=\"twitter:label1\" content=\"Tempo estimado de leitura\" \/>\n\t<meta name=\"twitter:data1\" content=\"1 minuto\" \/>\n<script type=\"application\/ld+json\" class=\"yoast-schema-graph\">{\"@context\":\"https:\\\/\\\/schema.org\",\"@graph\":[{\"@type\":\"WebPage\",\"@id\":\"https:\\\/\\\/www.guibutik.pt\\\/loja\\\/produto\\\/sandalia-s-xti-8\\\/\",\"url\":\"https:\\\/\\\/www.guibutik.pt\\\/loja\\\/produto\\\/sandalia-s-xti-8\\\/\",\"name\":\"Sand\u00e1lia S XTI - Guibutik\",\"isPartOf\":{\"@id\":\"https:\\\/\\\/www.guibutik.pt\\\/loja\\\/#website\"},\"primaryImageOfPage\":{\"@id\":\"https:\\\/\\\/www.guibutik.pt\\\/loja\\\/produto\\\/sandalia-s-xti-8\\\/#primaryimage\"},\"image\":{\"@id\":\"https:\\\/\\\/www.guibutik.pt\\\/loja\\\/produto\\\/sandalia-s-xti-8\\\/#primaryimage\"},\"thumbnailUrl\":\"https:\\\/\\\/www.guibutik.pt\\\/loja\\\/wp-content\\\/uploads\\\/2025\\\/04\\\/14385602_38.webp\",\"datePublished\":\"2025-04-11T12:35:51+00:00\",\"dateModified\":\"2025-08-25T17:53:44+00:00\",\"breadcrumb\":{\"@id\":\"https:\\\/\\\/www.guibutik.pt\\\/loja\\\/produto\\\/sandalia-s-xti-8\\\/#breadcrumb\"},\"inLanguage\":\"pt-PT\",\"potentialAction\":[{\"@type\":\"ReadAction\",\"target\":[\"https:\\\/\\\/www.guibutik.pt\\\/loja\\\/produto\\\/sandalia-s-xti-8\\\/\"]}]},{\"@type\":\"ImageObject\",\"inLanguage\":\"pt-PT\",\"@id\":\"https:\\\/\\\/www.guibutik.pt\\\/loja\\\/produto\\\/sandalia-s-xti-8\\\/#primaryimage\",\"url\":\"https:\\\/\\\/www.guibutik.pt\\\/loja\\\/wp-content\\\/uploads\\\/2025\\\/04\\\/14385602_38.webp\",\"contentUrl\":\"https:\\\/\\\/www.guibutik.pt\\\/loja\\\/wp-content\\\/uploads\\\/2025\\\/04\\\/14385602_38.webp\",\"width\":500,\"height\":500},{\"@type\":\"BreadcrumbList\",\"@id\":\"https:\\\/\\\/www.guibutik.pt\\\/loja\\\/produto\\\/sandalia-s-xti-8\\\/#breadcrumb\",\"itemListElement\":[{\"@type\":\"ListItem\",\"position\":1,\"name\":\"In\u00edcio\",\"item\":\"https:\\\/\\\/www.guibutik.pt\\\/loja\\\/\"},{\"@type\":\"ListItem\",\"position\":2,\"name\":\"Loja\",\"item\":\"https:\\\/\\\/www.guibutik.pt\\\/loja\\\/shop\\\/\"},{\"@type\":\"ListItem\",\"position\":3,\"name\":\"Sand\u00e1lia S XTI\"}]},{\"@type\":\"WebSite\",\"@id\":\"https:\\\/\\\/www.guibutik.pt\\\/loja\\\/#website\",\"url\":\"https:\\\/\\\/www.guibutik.pt\\\/loja\\\/\",\"name\":\"Guibutik\",\"description\":\"Moda e Sapataria\",\"potentialAction\":[{\"@type\":\"SearchAction\",\"target\":{\"@type\":\"EntryPoint\",\"urlTemplate\":\"https:\\\/\\\/www.guibutik.pt\\\/loja\\\/?s={search_term_string}\"},\"query-input\":{\"@type\":\"PropertyValueSpecification\",\"valueRequired\":true,\"valueName\":\"search_term_string\"}}],\"inLanguage\":\"pt-PT\"}]}<\/script>\n<!-- \/ Yoast SEO plugin. -->","yoast_head_json":{"title":"Sand\u00e1lia S XTI - Guibutik","robots":{"index":"index","follow":"follow","max-snippet":"max-snippet:-1","max-image-preview":"max-image-preview:large","max-video-preview":"max-video-preview:-1"},"canonical":"https:\/\/www.guibutik.pt\/loja\/produto\/sandalia-s-xti-8\/","og_locale":"pt_PT","og_type":"article","og_title":"Sand\u00e1lia S XTI - Guibutik","og_description":"Sand\u00e1lia feminina, da marca Xti. Feito de material semelhante ao couro de alta qualidade. Design de p\u00e1 com detalhes recortados. Fecho de fivela de metal para f\u00e1cil ajuste. Sola de borracha antiderrapante. Este modelo foi certificado vegano pela organiza\u00e7\u00e3o global PETA (Animal Rights Organization).","og_url":"https:\/\/www.guibutik.pt\/loja\/produto\/sandalia-s-xti-8\/","og_site_name":"Guibutik","article_publisher":"https:\/\/www.facebook.com\/guibutik\/","article_modified_time":"2025-08-25T17:53:44+00:00","og_image":[{"width":500,"height":500,"url":"https:\/\/www.guibutik.pt\/loja\/wp-content\/uploads\/2025\/04\/14385602_38.webp","type":"image\/webp"}],"twitter_card":"summary_large_image","twitter_misc":{"Tempo estimado de leitura":"1 minuto"},"schema":{"@context":"https:\/\/schema.org","@graph":[{"@type":"WebPage","@id":"https:\/\/www.guibutik.pt\/loja\/produto\/sandalia-s-xti-8\/","url":"https:\/\/www.guibutik.pt\/loja\/produto\/sandalia-s-xti-8\/","name":"Sand\u00e1lia S XTI - Guibutik","isPartOf":{"@id":"https:\/\/www.guibutik.pt\/loja\/#website"},"primaryImageOfPage":{"@id":"https:\/\/www.guibutik.pt\/loja\/produto\/sandalia-s-xti-8\/#primaryimage"},"image":{"@id":"https:\/\/www.guibutik.pt\/loja\/produto\/sandalia-s-xti-8\/#primaryimage"},"thumbnailUrl":"https:\/\/www.guibutik.pt\/loja\/wp-content\/uploads\/2025\/04\/14385602_38.webp","datePublished":"2025-04-11T12:35:51+00:00","dateModified":"2025-08-25T17:53:44+00:00","breadcrumb":{"@id":"https:\/\/www.guibutik.pt\/loja\/produto\/sandalia-s-xti-8\/#breadcrumb"},"inLanguage":"pt-PT","potentialAction":[{"@type":"ReadAction","target":["https:\/\/www.guibutik.pt\/loja\/produto\/sandalia-s-xti-8\/"]}]},{"@type":"ImageObject","inLanguage":"pt-PT","@id":"https:\/\/www.guibutik.pt\/loja\/produto\/sandalia-s-xti-8\/#primaryimage","url":"https:\/\/www.guibutik.pt\/loja\/wp-content\/uploads\/2025\/04\/14385602_38.webp","contentUrl":"https:\/\/www.guibutik.pt\/loja\/wp-content\/uploads\/2025\/04\/14385602_38.webp","width":500,"height":500},{"@type":"BreadcrumbList","@id":"https:\/\/www.guibutik.pt\/loja\/produto\/sandalia-s-xti-8\/#breadcrumb","itemListElement":[{"@type":"ListItem","position":1,"name":"In\u00edcio","item":"https:\/\/www.guibutik.pt\/loja\/"},{"@type":"ListItem","position":2,"name":"Loja","item":"https:\/\/www.guibutik.pt\/loja\/shop\/"},{"@type":"ListItem","position":3,"name":"Sand\u00e1lia S XTI"}]},{"@type":"WebSite","@id":"https:\/\/www.guibutik.pt\/loja\/#website","url":"https:\/\/www.guibutik.pt\/loja\/","name":"Guibutik","description":"Moda e Sapataria","potentialAction":[{"@type":"SearchAction","target":{"@type":"EntryPoint","urlTemplate":"https:\/\/www.guibutik.pt\/loja\/?s={search_term_string}"},"query-input":{"@type":"PropertyValueSpecification","valueRequired":true,"valueName":"search_term_string"}}],"inLanguage":"pt-PT"}]}},"_links":{"self":[{"href":"https:\/\/www.guibutik.pt\/loja\/wp-json\/wp\/v2\/product\/71152","targetHints":{"allow":["GET"]}}],"collection":[{"href":"https:\/\/www.guibutik.pt\/loja\/wp-json\/wp\/v2\/product"}],"about":[{"href":"https:\/\/www.guibutik.pt\/loja\/wp-json\/wp\/v2\/types\/product"}],"replies":[{"embeddable":true,"href":"https:\/\/www.guibutik.pt\/loja\/wp-json\/wp\/v2\/comments?post=71152"}],"wp:featuredmedia":[{"embeddable":true,"href":"https:\/\/www.guibutik.pt\/loja\/wp-json\/wp\/v2\/media\/71154"}],"wp:attachment":[{"href":"https:\/\/www.guibutik.pt\/loja\/wp-json\/wp\/v2\/media?parent=71152"}],"wp:term":[{"taxonomy":"product_cat","embeddable":true,"href":"https:\/\/www.guibutik.pt\/loja\/wp-json\/wp\/v2\/product_cat?post=71152"},{"taxonomy":"product_tag","embeddable":true,"href":"https:\/\/www.guibutik.pt\/loja\/wp-json\/wp\/v2\/product_tag?post=71152"}],"curies":[{"name":"wp","href":"https:\/\/api.w.org\/{rel}","templated":true}]}}