{"id":70351,"date":"2025-03-29T17:09:07","date_gmt":"2025-03-29T16:09:07","guid":{"rendered":"https:\/\/www.guibutik.pt\/loja\/?post_type=product&#038;p=70351"},"modified":"2026-01-17T18:46:54","modified_gmt":"2026-01-17T17:46:54","slug":"calca-h-dockers-5","status":"publish","type":"product","link":"https:\/\/www.guibutik.pt\/loja\/produto\/calca-h-dockers-5\/","title":{"rendered":"Cal\u00e7a H Dockers"},"content":{"rendered":"<p id=\"tw-target-text\" class=\"tw-data-text tw-text-large tw-ta\" dir=\"ltr\" data-placeholder=\"Tradu\u00e7\u00e3o\" data-ved=\"2ahUKEwjb7dmr0q-MAxWYUqQEHTrCLlwQ3ewLegQICBAV\" aria-label=\"Texto traduzido: Cl\u00e1ssico e f\u00e1cil. N\u00f3s diferenciamos o Alpha Chino do resto com bastante elasticidade e uma constru\u00e7\u00e3o duradoura. Conforto nunca ser\u00e1 um problema. Um par essencial de cal\u00e7as c\u00e1qui\"><span class=\"Y2IQFc\" lang=\"pt\">Cl\u00e1ssico e f\u00e1cil. <\/span><\/p>\n<p class=\"tw-data-text tw-text-large tw-ta\" dir=\"ltr\" data-placeholder=\"Tradu\u00e7\u00e3o\" data-ved=\"2ahUKEwjb7dmr0q-MAxWYUqQEHTrCLlwQ3ewLegQICBAV\" aria-label=\"Texto traduzido: Cl\u00e1ssico e f\u00e1cil. N\u00f3s diferenciamos o Alpha Chino do resto com bastante elasticidade e uma constru\u00e7\u00e3o duradoura. Conforto nunca ser\u00e1 um problema. Um par essencial de cal\u00e7as c\u00e1qui\"><span class=\"Y2IQFc\" lang=\"pt\">N\u00f3s diferenciamos o Alpha Chino do resto com bastante elasticidade e uma constru\u00e7\u00e3o duradoura. Conforto nunca ser\u00e1 um problema. <\/span><\/p>\n<p class=\"tw-data-text tw-text-large tw-ta\" dir=\"ltr\" data-placeholder=\"Tradu\u00e7\u00e3o\" data-ved=\"2ahUKEwjb7dmr0q-MAxWYUqQEHTrCLlwQ3ewLegQICBAV\" aria-label=\"Texto traduzido: Cl\u00e1ssico e f\u00e1cil. N\u00f3s diferenciamos o Alpha Chino do resto com bastante elasticidade e uma constru\u00e7\u00e3o duradoura. Conforto nunca ser\u00e1 um problema. Um par essencial de cal\u00e7as c\u00e1qui\"><span class=\"Y2IQFc\" lang=\"pt\">Um par essencial de cal\u00e7as c\u00e1qui<\/span><\/p>\n<p id=\"tw-target-text\" class=\"tw-data-text tw-text-large tw-ta\" dir=\"ltr\" data-placeholder=\"Tradu\u00e7\u00e3o\" data-ved=\"2ahUKEwjb7dmr0q-MAxWYUqQEHTrCLlwQ3ewLegQICBAV\" aria-label=\"Texto traduzido: El\u00e1stico em 4 dire\u00e7\u00f5es Lona Braguilha com z\u00edper Bolsos embutidos Possui um bolso de seguran\u00e7a oculto com z\u00edper oculto e compartimento para moedas Ajuste justo Abertura de perna justa que estreita no tornozelo Fica na cintura A modelo tem 185 cm\/6'1&quot; e veste tamanho 32 x 32\"><span class=\"Y2IQFc\" lang=\"pt\">El\u00e1stico em 4 dire\u00e7\u00f5es <\/span><\/p>\n<p class=\"tw-data-text tw-text-large tw-ta\" dir=\"ltr\" data-placeholder=\"Tradu\u00e7\u00e3o\" data-ved=\"2ahUKEwjb7dmr0q-MAxWYUqQEHTrCLlwQ3ewLegQICBAV\" aria-label=\"Texto traduzido: El\u00e1stico em 4 dire\u00e7\u00f5es Lona Braguilha com z\u00edper Bolsos embutidos Possui um bolso de seguran\u00e7a oculto com z\u00edper oculto e compartimento para moedas Ajuste justo Abertura de perna justa que estreita no tornozelo Fica na cintura A modelo tem 185 cm\/6'1&quot; e veste tamanho 32 x 32\"><span class=\"Y2IQFc\" lang=\"pt\">Braguilha com z\u00edper <\/span><\/p>\n<p class=\"tw-data-text tw-text-large tw-ta\" dir=\"ltr\" data-placeholder=\"Tradu\u00e7\u00e3o\" data-ved=\"2ahUKEwjb7dmr0q-MAxWYUqQEHTrCLlwQ3ewLegQICBAV\" aria-label=\"Texto traduzido: El\u00e1stico em 4 dire\u00e7\u00f5es Lona Braguilha com z\u00edper Bolsos embutidos Possui um bolso de seguran\u00e7a oculto com z\u00edper oculto e compartimento para moedas Ajuste justo Abertura de perna justa que estreita no tornozelo Fica na cintura A modelo tem 185 cm\/6'1&quot; e veste tamanho 32 x 32\"><span class=\"Y2IQFc\" lang=\"pt\">Bolsos embutidos <\/span><\/p>\n<p class=\"tw-data-text tw-text-large tw-ta\" dir=\"ltr\" data-placeholder=\"Tradu\u00e7\u00e3o\" data-ved=\"2ahUKEwjb7dmr0q-MAxWYUqQEHTrCLlwQ3ewLegQICBAV\" aria-label=\"Texto traduzido: El\u00e1stico em 4 dire\u00e7\u00f5es Lona Braguilha com z\u00edper Bolsos embutidos Possui um bolso de seguran\u00e7a oculto com z\u00edper oculto e compartimento para moedas Ajuste justo Abertura de perna justa que estreita no tornozelo Fica na cintura A modelo tem 185 cm\/6'1&quot; e veste tamanho 32 x 32\"><span class=\"Y2IQFc\" lang=\"pt\">Possui um bolso de seguran\u00e7a oculto com z\u00edper oculto e compartimento para moedas <\/span><\/p>\n<p class=\"tw-data-text tw-text-large tw-ta\" dir=\"ltr\" data-placeholder=\"Tradu\u00e7\u00e3o\" data-ved=\"2ahUKEwjb7dmr0q-MAxWYUqQEHTrCLlwQ3ewLegQICBAV\" aria-label=\"Texto traduzido: El\u00e1stico em 4 dire\u00e7\u00f5es Lona Braguilha com z\u00edper Bolsos embutidos Possui um bolso de seguran\u00e7a oculto com z\u00edper oculto e compartimento para moedas Ajuste justo Abertura de perna justa que estreita no tornozelo Fica na cintura A modelo tem 185 cm\/6'1&quot; e veste tamanho 32 x 32\"><span class=\"Y2IQFc\" lang=\"pt\">Ajuste justo <\/span><\/p>\n<p class=\"tw-data-text tw-text-large tw-ta\" dir=\"ltr\" data-placeholder=\"Tradu\u00e7\u00e3o\" data-ved=\"2ahUKEwjb7dmr0q-MAxWYUqQEHTrCLlwQ3ewLegQICBAV\" aria-label=\"Texto traduzido: El\u00e1stico em 4 dire\u00e7\u00f5es Lona Braguilha com z\u00edper Bolsos embutidos Possui um bolso de seguran\u00e7a oculto com z\u00edper oculto e compartimento para moedas Ajuste justo Abertura de perna justa que estreita no tornozelo Fica na cintura A modelo tem 185 cm\/6'1&quot; e veste tamanho 32 x 32\"><span class=\"Y2IQFc\" lang=\"pt\">Abertura de perna justa que estreita no tornozelo <\/span><\/p>\n<p class=\"tw-data-text tw-text-large tw-ta\" dir=\"ltr\" data-placeholder=\"Tradu\u00e7\u00e3o\" data-ved=\"2ahUKEwjb7dmr0q-MAxWYUqQEHTrCLlwQ3ewLegQICBAV\" aria-label=\"Texto traduzido: El\u00e1stico em 4 dire\u00e7\u00f5es Lona Braguilha com z\u00edper Bolsos embutidos Possui um bolso de seguran\u00e7a oculto com z\u00edper oculto e compartimento para moedas Ajuste justo Abertura de perna justa que estreita no tornozelo Fica na cintura A modelo tem 185 cm\/6'1&quot; e veste tamanho 32 x 32\"><span class=\"Y2IQFc\" lang=\"pt\">Fica na cintura <\/span><\/p>\n<p class=\"tw-data-text tw-text-large tw-ta\" dir=\"ltr\" data-placeholder=\"Tradu\u00e7\u00e3o\" data-ved=\"2ahUKEwjb7dmr0q-MAxWYUqQEHTrCLlwQ3ewLegQICBAV\" aria-label=\"Texto traduzido: El\u00e1stico em 4 dire\u00e7\u00f5es Lona Braguilha com z\u00edper Bolsos embutidos Possui um bolso de seguran\u00e7a oculto com z\u00edper oculto e compartimento para moedas Ajuste justo Abertura de perna justa que estreita no tornozelo Fica na cintura A modelo tem 185 cm\/6'1&quot; e veste tamanho 32 x 32\"><span class=\"Y2IQFc\" lang=\"pt\">O modelo tem 185 cm\/6&#8217;1&#8243; e veste tamanho 32 x 32<\/span><\/p>\n<p dir=\"ltr\" data-placeholder=\"Tradu\u00e7\u00e3o\" data-ved=\"2ahUKEwjb7dmr0q-MAxWYUqQEHTrCLlwQ3ewLegQICBAV\" aria-label=\"Texto traduzido: El\u00e1stico em 4 dire\u00e7\u00f5es Lona Braguilha com z\u00edper Bolsos embutidos Possui um bolso de seguran\u00e7a oculto com z\u00edper oculto e compartimento para moedas Ajuste justo Abertura de perna justa que estreita no tornozelo Fica na cintura A modelo tem 185 cm\/6'1&quot; e veste tamanho 32 x 32\">Composi\u00e7\u00e3o e cuidados:<\/p>\n<p id=\"tw-target-text\" class=\"tw-data-text tw-text-large tw-ta\" dir=\"ltr\" data-placeholder=\"Tradu\u00e7\u00e3o\" data-ved=\"2ahUKEwjb7dmr0q-MAxWYUqQEHTrCLlwQ3ewLegQICBAV\" aria-label=\"Texto traduzido: 94% algod\u00e3o, 6% elastano Lavar \u00e0 m\u00e1quina com \u00e1gua fria N\u00e3o usar alvejante Secar em temperatura baixa Passar a ferro morno se necess\u00e1rio Lavagem a seco poss\u00edvel Lavar do avesso com cores semelhantes Remover imediatamente\"><span class=\"Y2IQFc\" lang=\"pt\">94% algod\u00e3o, 6% elastano <\/span><\/p>\n<p class=\"tw-data-text tw-text-large tw-ta\" dir=\"ltr\" data-placeholder=\"Tradu\u00e7\u00e3o\" data-ved=\"2ahUKEwjb7dmr0q-MAxWYUqQEHTrCLlwQ3ewLegQICBAV\" aria-label=\"Texto traduzido: 94% algod\u00e3o, 6% elastano Lavar \u00e0 m\u00e1quina com \u00e1gua fria N\u00e3o usar alvejante Secar em temperatura baixa Passar a ferro morno se necess\u00e1rio Lavagem a seco poss\u00edvel Lavar do avesso com cores semelhantes Remover imediatamente\"><span class=\"Y2IQFc\" lang=\"pt\">Lavar \u00e0 m\u00e1quina com \u00e1gua fria <\/span><\/p>\n<p class=\"tw-data-text tw-text-large tw-ta\" dir=\"ltr\" data-placeholder=\"Tradu\u00e7\u00e3o\" data-ved=\"2ahUKEwjb7dmr0q-MAxWYUqQEHTrCLlwQ3ewLegQICBAV\" aria-label=\"Texto traduzido: 94% algod\u00e3o, 6% elastano Lavar \u00e0 m\u00e1quina com \u00e1gua fria N\u00e3o usar alvejante Secar em temperatura baixa Passar a ferro morno se necess\u00e1rio Lavagem a seco poss\u00edvel Lavar do avesso com cores semelhantes Remover imediatamente\"><span class=\"Y2IQFc\" lang=\"pt\">N\u00e3o usar lix\u00edvia <\/span><\/p>\n<p class=\"tw-data-text tw-text-large tw-ta\" dir=\"ltr\" data-placeholder=\"Tradu\u00e7\u00e3o\" data-ved=\"2ahUKEwjb7dmr0q-MAxWYUqQEHTrCLlwQ3ewLegQICBAV\" aria-label=\"Texto traduzido: 94% algod\u00e3o, 6% elastano Lavar \u00e0 m\u00e1quina com \u00e1gua fria N\u00e3o usar alvejante Secar em temperatura baixa Passar a ferro morno se necess\u00e1rio Lavagem a seco poss\u00edvel Lavar do avesso com cores semelhantes Remover imediatamente\"><span class=\"Y2IQFc\" lang=\"pt\">Secar em temperatura baixa <\/span><\/p>\n<p class=\"tw-data-text tw-text-large tw-ta\" dir=\"ltr\" data-placeholder=\"Tradu\u00e7\u00e3o\" data-ved=\"2ahUKEwjb7dmr0q-MAxWYUqQEHTrCLlwQ3ewLegQICBAV\" aria-label=\"Texto traduzido: 94% algod\u00e3o, 6% elastano Lavar \u00e0 m\u00e1quina com \u00e1gua fria N\u00e3o usar alvejante Secar em temperatura baixa Passar a ferro morno se necess\u00e1rio Lavagem a seco poss\u00edvel Lavar do avesso com cores semelhantes Remover imediatamente\"><span class=\"Y2IQFc\" lang=\"pt\">Passar a ferro morno se necess\u00e1rio <\/span><\/p>\n<p class=\"tw-data-text tw-text-large tw-ta\" dir=\"ltr\" data-placeholder=\"Tradu\u00e7\u00e3o\" data-ved=\"2ahUKEwjb7dmr0q-MAxWYUqQEHTrCLlwQ3ewLegQICBAV\" aria-label=\"Texto traduzido: 94% algod\u00e3o, 6% elastano Lavar \u00e0 m\u00e1quina com \u00e1gua fria N\u00e3o usar alvejante Secar em temperatura baixa Passar a ferro morno se necess\u00e1rio Lavagem a seco poss\u00edvel Lavar do avesso com cores semelhantes Remover imediatamente\"><span class=\"Y2IQFc\" lang=\"pt\">Lavagem a seco poss\u00edvel <\/span><\/p>\n<p class=\"tw-data-text tw-text-large tw-ta\" dir=\"ltr\" data-placeholder=\"Tradu\u00e7\u00e3o\" data-ved=\"2ahUKEwjb7dmr0q-MAxWYUqQEHTrCLlwQ3ewLegQICBAV\" aria-label=\"Texto traduzido: 94% algod\u00e3o, 6% elastano Lavar \u00e0 m\u00e1quina com \u00e1gua fria N\u00e3o usar alvejante Secar em temperatura baixa Passar a ferro morno se necess\u00e1rio Lavagem a seco poss\u00edvel Lavar do avesso com cores semelhantes Remover imediatamente\"><span class=\"Y2IQFc\" lang=\"pt\">Lavar do avesso com cores semelhantes\u00a0<\/span><\/p>\n","protected":false},"excerpt":{"rendered":"<p>Cl\u00e1ssico e f\u00e1cil. N\u00f3s diferenciamos o Alpha Chino do resto com bastante elasticidade e uma constru\u00e7\u00e3o duradoura. Conforto nunca ser\u00e1 um problema. Um par essencial de cal\u00e7as c\u00e1qui El\u00e1stico em 4 dire\u00e7\u00f5es Braguilha com z\u00edper Bolsos embutidos Possui um bolso de seguran\u00e7a oculto com z\u00edper oculto e compartimento para moedas Ajuste justo Abertura de perna [&hellip;]<\/p>\n","protected":false},"featured_media":70361,"comment_status":"closed","ping_status":"closed","template":"","meta":[],"product_cat":[298,221],"product_tag":[],"class_list":{"0":"post-70351","1":"product","2":"type-product","3":"status-publish","4":"has-post-thumbnail","6":"product_cat-calcas","7":"product_cat-homem","8":"ts_product_brand-dockers","10":"first","11":"instock","12":"shipping-taxable","13":"purchasable","14":"product-type-variable"},"yoast_head":"<!-- This site is optimized with the Yoast SEO plugin v27.5 - https:\/\/yoast.com\/product\/yoast-seo-wordpress\/ -->\n<title>Cal\u00e7a H Dockers - Guibutik<\/title>\n<meta name=\"robots\" content=\"index, follow, max-snippet:-1, max-image-preview:large, max-video-preview:-1\" \/>\n<link rel=\"canonical\" href=\"https:\/\/www.guibutik.pt\/loja\/produto\/calca-h-dockers-5\/\" \/>\n<meta property=\"og:locale\" content=\"pt_PT\" \/>\n<meta property=\"og:type\" content=\"article\" \/>\n<meta property=\"og:title\" content=\"Cal\u00e7a H Dockers - Guibutik\" \/>\n<meta property=\"og:description\" content=\"Cl\u00e1ssico e f\u00e1cil. N\u00f3s diferenciamos o Alpha Chino do resto com bastante elasticidade e uma constru\u00e7\u00e3o duradoura. Conforto nunca ser\u00e1 um problema. Um par essencial de cal\u00e7as c\u00e1qui El\u00e1stico em 4 dire\u00e7\u00f5es Braguilha com z\u00edper Bolsos embutidos Possui um bolso de seguran\u00e7a oculto com z\u00edper oculto e compartimento para moedas Ajuste justo Abertura de perna [&hellip;]\" \/>\n<meta property=\"og:url\" content=\"https:\/\/www.guibutik.pt\/loja\/produto\/calca-h-dockers-5\/\" \/>\n<meta property=\"og:site_name\" content=\"Guibutik\" \/>\n<meta property=\"article:publisher\" content=\"https:\/\/www.facebook.com\/guibutik\/\" \/>\n<meta property=\"article:modified_time\" content=\"2026-01-17T17:46:54+00:00\" \/>\n<meta property=\"og:image\" content=\"https:\/\/www.guibutik.pt\/loja\/wp-content\/uploads\/2025\/03\/A3130-0036.webp\" \/>\n\t<meta property=\"og:image:width\" content=\"360\" \/>\n\t<meta property=\"og:image:height\" content=\"450\" \/>\n\t<meta property=\"og:image:type\" content=\"image\/webp\" \/>\n<meta name=\"twitter:card\" content=\"summary_large_image\" \/>\n<meta name=\"twitter:label1\" content=\"Tempo estimado de leitura\" \/>\n\t<meta name=\"twitter:data1\" content=\"1 minuto\" \/>\n<script type=\"application\/ld+json\" class=\"yoast-schema-graph\">{\"@context\":\"https:\\\/\\\/schema.org\",\"@graph\":[{\"@type\":\"WebPage\",\"@id\":\"https:\\\/\\\/www.guibutik.pt\\\/loja\\\/produto\\\/calca-h-dockers-5\\\/\",\"url\":\"https:\\\/\\\/www.guibutik.pt\\\/loja\\\/produto\\\/calca-h-dockers-5\\\/\",\"name\":\"Cal\u00e7a H Dockers - Guibutik\",\"isPartOf\":{\"@id\":\"https:\\\/\\\/www.guibutik.pt\\\/loja\\\/#website\"},\"primaryImageOfPage\":{\"@id\":\"https:\\\/\\\/www.guibutik.pt\\\/loja\\\/produto\\\/calca-h-dockers-5\\\/#primaryimage\"},\"image\":{\"@id\":\"https:\\\/\\\/www.guibutik.pt\\\/loja\\\/produto\\\/calca-h-dockers-5\\\/#primaryimage\"},\"thumbnailUrl\":\"https:\\\/\\\/www.guibutik.pt\\\/loja\\\/wp-content\\\/uploads\\\/2025\\\/03\\\/A3130-0036.webp\",\"datePublished\":\"2025-03-29T16:09:07+00:00\",\"dateModified\":\"2026-01-17T17:46:54+00:00\",\"breadcrumb\":{\"@id\":\"https:\\\/\\\/www.guibutik.pt\\\/loja\\\/produto\\\/calca-h-dockers-5\\\/#breadcrumb\"},\"inLanguage\":\"pt-PT\",\"potentialAction\":[{\"@type\":\"ReadAction\",\"target\":[\"https:\\\/\\\/www.guibutik.pt\\\/loja\\\/produto\\\/calca-h-dockers-5\\\/\"]}]},{\"@type\":\"ImageObject\",\"inLanguage\":\"pt-PT\",\"@id\":\"https:\\\/\\\/www.guibutik.pt\\\/loja\\\/produto\\\/calca-h-dockers-5\\\/#primaryimage\",\"url\":\"https:\\\/\\\/www.guibutik.pt\\\/loja\\\/wp-content\\\/uploads\\\/2025\\\/03\\\/A3130-0036.webp\",\"contentUrl\":\"https:\\\/\\\/www.guibutik.pt\\\/loja\\\/wp-content\\\/uploads\\\/2025\\\/03\\\/A3130-0036.webp\",\"width\":360,\"height\":450},{\"@type\":\"BreadcrumbList\",\"@id\":\"https:\\\/\\\/www.guibutik.pt\\\/loja\\\/produto\\\/calca-h-dockers-5\\\/#breadcrumb\",\"itemListElement\":[{\"@type\":\"ListItem\",\"position\":1,\"name\":\"In\u00edcio\",\"item\":\"https:\\\/\\\/www.guibutik.pt\\\/loja\\\/\"},{\"@type\":\"ListItem\",\"position\":2,\"name\":\"Loja\",\"item\":\"https:\\\/\\\/www.guibutik.pt\\\/loja\\\/shop\\\/\"},{\"@type\":\"ListItem\",\"position\":3,\"name\":\"Cal\u00e7a H Dockers\"}]},{\"@type\":\"WebSite\",\"@id\":\"https:\\\/\\\/www.guibutik.pt\\\/loja\\\/#website\",\"url\":\"https:\\\/\\\/www.guibutik.pt\\\/loja\\\/\",\"name\":\"Guibutik\",\"description\":\"Moda e Sapataria\",\"potentialAction\":[{\"@type\":\"SearchAction\",\"target\":{\"@type\":\"EntryPoint\",\"urlTemplate\":\"https:\\\/\\\/www.guibutik.pt\\\/loja\\\/?s={search_term_string}\"},\"query-input\":{\"@type\":\"PropertyValueSpecification\",\"valueRequired\":true,\"valueName\":\"search_term_string\"}}],\"inLanguage\":\"pt-PT\"}]}<\/script>\n<!-- \/ Yoast SEO plugin. -->","yoast_head_json":{"title":"Cal\u00e7a H Dockers - Guibutik","robots":{"index":"index","follow":"follow","max-snippet":"max-snippet:-1","max-image-preview":"max-image-preview:large","max-video-preview":"max-video-preview:-1"},"canonical":"https:\/\/www.guibutik.pt\/loja\/produto\/calca-h-dockers-5\/","og_locale":"pt_PT","og_type":"article","og_title":"Cal\u00e7a H Dockers - Guibutik","og_description":"Cl\u00e1ssico e f\u00e1cil. N\u00f3s diferenciamos o Alpha Chino do resto com bastante elasticidade e uma constru\u00e7\u00e3o duradoura. Conforto nunca ser\u00e1 um problema. Um par essencial de cal\u00e7as c\u00e1qui El\u00e1stico em 4 dire\u00e7\u00f5es Braguilha com z\u00edper Bolsos embutidos Possui um bolso de seguran\u00e7a oculto com z\u00edper oculto e compartimento para moedas Ajuste justo Abertura de perna [&hellip;]","og_url":"https:\/\/www.guibutik.pt\/loja\/produto\/calca-h-dockers-5\/","og_site_name":"Guibutik","article_publisher":"https:\/\/www.facebook.com\/guibutik\/","article_modified_time":"2026-01-17T17:46:54+00:00","og_image":[{"width":360,"height":450,"url":"https:\/\/www.guibutik.pt\/loja\/wp-content\/uploads\/2025\/03\/A3130-0036.webp","type":"image\/webp"}],"twitter_card":"summary_large_image","twitter_misc":{"Tempo estimado de leitura":"1 minuto"},"schema":{"@context":"https:\/\/schema.org","@graph":[{"@type":"WebPage","@id":"https:\/\/www.guibutik.pt\/loja\/produto\/calca-h-dockers-5\/","url":"https:\/\/www.guibutik.pt\/loja\/produto\/calca-h-dockers-5\/","name":"Cal\u00e7a H Dockers - Guibutik","isPartOf":{"@id":"https:\/\/www.guibutik.pt\/loja\/#website"},"primaryImageOfPage":{"@id":"https:\/\/www.guibutik.pt\/loja\/produto\/calca-h-dockers-5\/#primaryimage"},"image":{"@id":"https:\/\/www.guibutik.pt\/loja\/produto\/calca-h-dockers-5\/#primaryimage"},"thumbnailUrl":"https:\/\/www.guibutik.pt\/loja\/wp-content\/uploads\/2025\/03\/A3130-0036.webp","datePublished":"2025-03-29T16:09:07+00:00","dateModified":"2026-01-17T17:46:54+00:00","breadcrumb":{"@id":"https:\/\/www.guibutik.pt\/loja\/produto\/calca-h-dockers-5\/#breadcrumb"},"inLanguage":"pt-PT","potentialAction":[{"@type":"ReadAction","target":["https:\/\/www.guibutik.pt\/loja\/produto\/calca-h-dockers-5\/"]}]},{"@type":"ImageObject","inLanguage":"pt-PT","@id":"https:\/\/www.guibutik.pt\/loja\/produto\/calca-h-dockers-5\/#primaryimage","url":"https:\/\/www.guibutik.pt\/loja\/wp-content\/uploads\/2025\/03\/A3130-0036.webp","contentUrl":"https:\/\/www.guibutik.pt\/loja\/wp-content\/uploads\/2025\/03\/A3130-0036.webp","width":360,"height":450},{"@type":"BreadcrumbList","@id":"https:\/\/www.guibutik.pt\/loja\/produto\/calca-h-dockers-5\/#breadcrumb","itemListElement":[{"@type":"ListItem","position":1,"name":"In\u00edcio","item":"https:\/\/www.guibutik.pt\/loja\/"},{"@type":"ListItem","position":2,"name":"Loja","item":"https:\/\/www.guibutik.pt\/loja\/shop\/"},{"@type":"ListItem","position":3,"name":"Cal\u00e7a H Dockers"}]},{"@type":"WebSite","@id":"https:\/\/www.guibutik.pt\/loja\/#website","url":"https:\/\/www.guibutik.pt\/loja\/","name":"Guibutik","description":"Moda e Sapataria","potentialAction":[{"@type":"SearchAction","target":{"@type":"EntryPoint","urlTemplate":"https:\/\/www.guibutik.pt\/loja\/?s={search_term_string}"},"query-input":{"@type":"PropertyValueSpecification","valueRequired":true,"valueName":"search_term_string"}}],"inLanguage":"pt-PT"}]}},"_links":{"self":[{"href":"https:\/\/www.guibutik.pt\/loja\/wp-json\/wp\/v2\/product\/70351","targetHints":{"allow":["GET"]}}],"collection":[{"href":"https:\/\/www.guibutik.pt\/loja\/wp-json\/wp\/v2\/product"}],"about":[{"href":"https:\/\/www.guibutik.pt\/loja\/wp-json\/wp\/v2\/types\/product"}],"replies":[{"embeddable":true,"href":"https:\/\/www.guibutik.pt\/loja\/wp-json\/wp\/v2\/comments?post=70351"}],"wp:featuredmedia":[{"embeddable":true,"href":"https:\/\/www.guibutik.pt\/loja\/wp-json\/wp\/v2\/media\/70361"}],"wp:attachment":[{"href":"https:\/\/www.guibutik.pt\/loja\/wp-json\/wp\/v2\/media?parent=70351"}],"wp:term":[{"taxonomy":"product_cat","embeddable":true,"href":"https:\/\/www.guibutik.pt\/loja\/wp-json\/wp\/v2\/product_cat?post=70351"},{"taxonomy":"product_tag","embeddable":true,"href":"https:\/\/www.guibutik.pt\/loja\/wp-json\/wp\/v2\/product_tag?post=70351"}],"curies":[{"name":"wp","href":"https:\/\/api.w.org\/{rel}","templated":true}]}}