{"id":70314,"date":"2025-03-29T13:03:30","date_gmt":"2025-03-29T12:03:30","guid":{"rendered":"https:\/\/www.guibutik.pt\/loja\/?post_type=product&#038;p=70314"},"modified":"2025-08-07T12:13:36","modified_gmt":"2025-08-07T11:13:36","slug":"sandalia-s-xti","status":"publish","type":"product","link":"https:\/\/www.guibutik.pt\/loja\/produto\/sandalia-s-xti\/","title":{"rendered":"Sand\u00e1lia S XTI"},"content":{"rendered":"<p>Sand\u00e1lia feminina de salto alto, da marca Xti. Feito em material similar ao couro, com detalhe met\u00e1lico no calcanhar, dando um toque especial. Fecho de fivela na pulseira. Salto confort\u00e1vel de 6 cm de largura e sola de borracha antiderrapante. Este modelo foi certificado vegano pela organiza\u00e7\u00e3o global PETA (Animal Rights Organization).<\/p>\n","protected":false},"excerpt":{"rendered":"<p>Sand\u00e1lia feminina de salto alto, da marca Xti. Feito em material similar ao couro, com detalhe met\u00e1lico no calcanhar, dando um toque especial. Fecho de fivela na pulseira. Salto confort\u00e1vel de 6 cm de largura e sola de borracha antiderrapante. Este modelo foi certificado vegano pela organiza\u00e7\u00e3o global PETA (Animal Rights Organization).<\/p>\n","protected":false},"featured_media":70316,"comment_status":"closed","ping_status":"closed","template":"","meta":[],"product_cat":[291,222],"product_tag":[],"class_list":{"0":"post-70314","1":"product","2":"type-product","3":"status-publish","4":"has-post-thumbnail","6":"product_cat-calcado-senhora","7":"product_cat-senhora","8":"ts_product_brand-xti","10":"first","11":"instock","12":"shipping-taxable","13":"purchasable","14":"product-type-variable"},"yoast_head":"<!-- This site is optimized with the Yoast SEO plugin v27.5 - https:\/\/yoast.com\/product\/yoast-seo-wordpress\/ -->\n<title>Sand\u00e1lia S XTI - Guibutik<\/title>\n<meta name=\"robots\" content=\"index, follow, max-snippet:-1, max-image-preview:large, max-video-preview:-1\" \/>\n<link rel=\"canonical\" href=\"https:\/\/www.guibutik.pt\/loja\/produto\/sandalia-s-xti\/\" \/>\n<meta property=\"og:locale\" content=\"pt_PT\" \/>\n<meta property=\"og:type\" content=\"article\" \/>\n<meta property=\"og:title\" content=\"Sand\u00e1lia S XTI - Guibutik\" \/>\n<meta property=\"og:description\" content=\"Sand\u00e1lia feminina de salto alto, da marca Xti. Feito em material similar ao couro, com detalhe met\u00e1lico no calcanhar, dando um toque especial. Fecho de fivela na pulseira. Salto confort\u00e1vel de 6 cm de largura e sola de borracha antiderrapante. Este modelo foi certificado vegano pela organiza\u00e7\u00e3o global PETA (Animal Rights Organization).\" \/>\n<meta property=\"og:url\" content=\"https:\/\/www.guibutik.pt\/loja\/produto\/sandalia-s-xti\/\" \/>\n<meta property=\"og:site_name\" content=\"Guibutik\" \/>\n<meta property=\"article:publisher\" content=\"https:\/\/www.facebook.com\/guibutik\/\" \/>\n<meta property=\"article:modified_time\" content=\"2025-08-07T11:13:36+00:00\" \/>\n<meta property=\"og:image\" content=\"https:\/\/www.guibutik.pt\/loja\/wp-content\/uploads\/2025\/03\/14283302_38.webp\" \/>\n\t<meta property=\"og:image:width\" content=\"500\" \/>\n\t<meta property=\"og:image:height\" content=\"500\" \/>\n\t<meta property=\"og:image:type\" content=\"image\/webp\" \/>\n<meta name=\"twitter:card\" content=\"summary_large_image\" \/>\n<meta name=\"twitter:label1\" content=\"Tempo estimado de leitura\" \/>\n\t<meta name=\"twitter:data1\" content=\"1 minuto\" \/>\n<script type=\"application\/ld+json\" class=\"yoast-schema-graph\">{\"@context\":\"https:\\\/\\\/schema.org\",\"@graph\":[{\"@type\":\"WebPage\",\"@id\":\"https:\\\/\\\/www.guibutik.pt\\\/loja\\\/produto\\\/sandalia-s-xti\\\/\",\"url\":\"https:\\\/\\\/www.guibutik.pt\\\/loja\\\/produto\\\/sandalia-s-xti\\\/\",\"name\":\"Sand\u00e1lia S XTI - Guibutik\",\"isPartOf\":{\"@id\":\"https:\\\/\\\/www.guibutik.pt\\\/loja\\\/#website\"},\"primaryImageOfPage\":{\"@id\":\"https:\\\/\\\/www.guibutik.pt\\\/loja\\\/produto\\\/sandalia-s-xti\\\/#primaryimage\"},\"image\":{\"@id\":\"https:\\\/\\\/www.guibutik.pt\\\/loja\\\/produto\\\/sandalia-s-xti\\\/#primaryimage\"},\"thumbnailUrl\":\"https:\\\/\\\/www.guibutik.pt\\\/loja\\\/wp-content\\\/uploads\\\/2025\\\/03\\\/14283302_38.webp\",\"datePublished\":\"2025-03-29T12:03:30+00:00\",\"dateModified\":\"2025-08-07T11:13:36+00:00\",\"breadcrumb\":{\"@id\":\"https:\\\/\\\/www.guibutik.pt\\\/loja\\\/produto\\\/sandalia-s-xti\\\/#breadcrumb\"},\"inLanguage\":\"pt-PT\",\"potentialAction\":[{\"@type\":\"ReadAction\",\"target\":[\"https:\\\/\\\/www.guibutik.pt\\\/loja\\\/produto\\\/sandalia-s-xti\\\/\"]}]},{\"@type\":\"ImageObject\",\"inLanguage\":\"pt-PT\",\"@id\":\"https:\\\/\\\/www.guibutik.pt\\\/loja\\\/produto\\\/sandalia-s-xti\\\/#primaryimage\",\"url\":\"https:\\\/\\\/www.guibutik.pt\\\/loja\\\/wp-content\\\/uploads\\\/2025\\\/03\\\/14283302_38.webp\",\"contentUrl\":\"https:\\\/\\\/www.guibutik.pt\\\/loja\\\/wp-content\\\/uploads\\\/2025\\\/03\\\/14283302_38.webp\",\"width\":500,\"height\":500},{\"@type\":\"BreadcrumbList\",\"@id\":\"https:\\\/\\\/www.guibutik.pt\\\/loja\\\/produto\\\/sandalia-s-xti\\\/#breadcrumb\",\"itemListElement\":[{\"@type\":\"ListItem\",\"position\":1,\"name\":\"In\u00edcio\",\"item\":\"https:\\\/\\\/www.guibutik.pt\\\/loja\\\/\"},{\"@type\":\"ListItem\",\"position\":2,\"name\":\"Loja\",\"item\":\"https:\\\/\\\/www.guibutik.pt\\\/loja\\\/shop\\\/\"},{\"@type\":\"ListItem\",\"position\":3,\"name\":\"Sand\u00e1lia S XTI\"}]},{\"@type\":\"WebSite\",\"@id\":\"https:\\\/\\\/www.guibutik.pt\\\/loja\\\/#website\",\"url\":\"https:\\\/\\\/www.guibutik.pt\\\/loja\\\/\",\"name\":\"Guibutik\",\"description\":\"Moda e Sapataria\",\"potentialAction\":[{\"@type\":\"SearchAction\",\"target\":{\"@type\":\"EntryPoint\",\"urlTemplate\":\"https:\\\/\\\/www.guibutik.pt\\\/loja\\\/?s={search_term_string}\"},\"query-input\":{\"@type\":\"PropertyValueSpecification\",\"valueRequired\":true,\"valueName\":\"search_term_string\"}}],\"inLanguage\":\"pt-PT\"}]}<\/script>\n<!-- \/ Yoast SEO plugin. -->","yoast_head_json":{"title":"Sand\u00e1lia S XTI - Guibutik","robots":{"index":"index","follow":"follow","max-snippet":"max-snippet:-1","max-image-preview":"max-image-preview:large","max-video-preview":"max-video-preview:-1"},"canonical":"https:\/\/www.guibutik.pt\/loja\/produto\/sandalia-s-xti\/","og_locale":"pt_PT","og_type":"article","og_title":"Sand\u00e1lia S XTI - Guibutik","og_description":"Sand\u00e1lia feminina de salto alto, da marca Xti. Feito em material similar ao couro, com detalhe met\u00e1lico no calcanhar, dando um toque especial. Fecho de fivela na pulseira. Salto confort\u00e1vel de 6 cm de largura e sola de borracha antiderrapante. Este modelo foi certificado vegano pela organiza\u00e7\u00e3o global PETA (Animal Rights Organization).","og_url":"https:\/\/www.guibutik.pt\/loja\/produto\/sandalia-s-xti\/","og_site_name":"Guibutik","article_publisher":"https:\/\/www.facebook.com\/guibutik\/","article_modified_time":"2025-08-07T11:13:36+00:00","og_image":[{"width":500,"height":500,"url":"https:\/\/www.guibutik.pt\/loja\/wp-content\/uploads\/2025\/03\/14283302_38.webp","type":"image\/webp"}],"twitter_card":"summary_large_image","twitter_misc":{"Tempo estimado de leitura":"1 minuto"},"schema":{"@context":"https:\/\/schema.org","@graph":[{"@type":"WebPage","@id":"https:\/\/www.guibutik.pt\/loja\/produto\/sandalia-s-xti\/","url":"https:\/\/www.guibutik.pt\/loja\/produto\/sandalia-s-xti\/","name":"Sand\u00e1lia S XTI - Guibutik","isPartOf":{"@id":"https:\/\/www.guibutik.pt\/loja\/#website"},"primaryImageOfPage":{"@id":"https:\/\/www.guibutik.pt\/loja\/produto\/sandalia-s-xti\/#primaryimage"},"image":{"@id":"https:\/\/www.guibutik.pt\/loja\/produto\/sandalia-s-xti\/#primaryimage"},"thumbnailUrl":"https:\/\/www.guibutik.pt\/loja\/wp-content\/uploads\/2025\/03\/14283302_38.webp","datePublished":"2025-03-29T12:03:30+00:00","dateModified":"2025-08-07T11:13:36+00:00","breadcrumb":{"@id":"https:\/\/www.guibutik.pt\/loja\/produto\/sandalia-s-xti\/#breadcrumb"},"inLanguage":"pt-PT","potentialAction":[{"@type":"ReadAction","target":["https:\/\/www.guibutik.pt\/loja\/produto\/sandalia-s-xti\/"]}]},{"@type":"ImageObject","inLanguage":"pt-PT","@id":"https:\/\/www.guibutik.pt\/loja\/produto\/sandalia-s-xti\/#primaryimage","url":"https:\/\/www.guibutik.pt\/loja\/wp-content\/uploads\/2025\/03\/14283302_38.webp","contentUrl":"https:\/\/www.guibutik.pt\/loja\/wp-content\/uploads\/2025\/03\/14283302_38.webp","width":500,"height":500},{"@type":"BreadcrumbList","@id":"https:\/\/www.guibutik.pt\/loja\/produto\/sandalia-s-xti\/#breadcrumb","itemListElement":[{"@type":"ListItem","position":1,"name":"In\u00edcio","item":"https:\/\/www.guibutik.pt\/loja\/"},{"@type":"ListItem","position":2,"name":"Loja","item":"https:\/\/www.guibutik.pt\/loja\/shop\/"},{"@type":"ListItem","position":3,"name":"Sand\u00e1lia S XTI"}]},{"@type":"WebSite","@id":"https:\/\/www.guibutik.pt\/loja\/#website","url":"https:\/\/www.guibutik.pt\/loja\/","name":"Guibutik","description":"Moda e Sapataria","potentialAction":[{"@type":"SearchAction","target":{"@type":"EntryPoint","urlTemplate":"https:\/\/www.guibutik.pt\/loja\/?s={search_term_string}"},"query-input":{"@type":"PropertyValueSpecification","valueRequired":true,"valueName":"search_term_string"}}],"inLanguage":"pt-PT"}]}},"_links":{"self":[{"href":"https:\/\/www.guibutik.pt\/loja\/wp-json\/wp\/v2\/product\/70314","targetHints":{"allow":["GET"]}}],"collection":[{"href":"https:\/\/www.guibutik.pt\/loja\/wp-json\/wp\/v2\/product"}],"about":[{"href":"https:\/\/www.guibutik.pt\/loja\/wp-json\/wp\/v2\/types\/product"}],"replies":[{"embeddable":true,"href":"https:\/\/www.guibutik.pt\/loja\/wp-json\/wp\/v2\/comments?post=70314"}],"wp:featuredmedia":[{"embeddable":true,"href":"https:\/\/www.guibutik.pt\/loja\/wp-json\/wp\/v2\/media\/70316"}],"wp:attachment":[{"href":"https:\/\/www.guibutik.pt\/loja\/wp-json\/wp\/v2\/media?parent=70314"}],"wp:term":[{"taxonomy":"product_cat","embeddable":true,"href":"https:\/\/www.guibutik.pt\/loja\/wp-json\/wp\/v2\/product_cat?post=70314"},{"taxonomy":"product_tag","embeddable":true,"href":"https:\/\/www.guibutik.pt\/loja\/wp-json\/wp\/v2\/product_tag?post=70314"}],"curies":[{"name":"wp","href":"https:\/\/api.w.org\/{rel}","templated":true}]}}