{"id":70036,"date":"2025-03-26T10:40:16","date_gmt":"2025-03-26T09:40:16","guid":{"rendered":"https:\/\/www.guibutik.pt\/loja\/?post_type=product&#038;p=70036"},"modified":"2026-02-21T18:19:08","modified_gmt":"2026-02-21T17:19:08","slug":"sapatilha-face-off-s-skechers","status":"publish","type":"product","link":"https:\/\/www.guibutik.pt\/loja\/produto\/sapatilha-face-off-s-skechers\/","title":{"rendered":"Sapatilha Face Off S Skechers"},"content":{"rendered":"<p>Combina estilo desportivo e conforto usando BOBS Squad Chaos \u2013 Face Off da BOBS from Skechers\u2122. Este modelo fashion com atacadores apresenta uma parte superior de malha de refor\u00e7o em rede com palmilhas viscoel\u00e1sticas de amortecimento.<\/p>\n<h2 class=\"c-product-features-details__title title d-none d-md-block\" aria-expanded=\"false\">Principais funcionalidades<\/h2>\n<ul class=\"c-product-features-details__bullets content value\">\n<li class=\"c-product-features-details__bullet\">Palmilhas confort\u00e1veis almofadadas Skechers Memory Foam<\/li>\n<li class=\"c-product-features-details__bullet\">Parte superior em rede de malha especialmente concebida e atacadores \u00e0 frente<\/li>\n<\/ul>\n<h2 class=\"c-product-features-details__title title d-none d-md-block\" aria-expanded=\"true\">Detalhes do design<\/h2>\n<ul class=\"c-product-features-details__bullets content value\">\n<li class=\"c-product-features-details__bullet\">Entressola com absor\u00e7\u00e3o de impacto com contornos<\/li>\n<li class=\"c-product-features-details__bullet\">Sola exterior em borracha flex\u00edvel para maior tra\u00e7\u00e3o<\/li>\n<li class=\"c-product-features-details__bullet\">Calcanhar de 3,2\u00a0cm<\/li>\n<li class=\"c-product-features-details__bullet\">Log\u00f3tipo BOBS from Skechers\u2122 vis\u00edvel<\/li>\n<\/ul>\n","protected":false},"excerpt":{"rendered":"<p>Combina estilo desportivo e conforto usando BOBS Squad Chaos \u2013 Face Off da BOBS from Skechers\u2122. Este modelo fashion com atacadores apresenta uma parte superior de malha de refor\u00e7o em rede com palmilhas viscoel\u00e1sticas de amortecimento. Principais funcionalidades Palmilhas confort\u00e1veis almofadadas Skechers Memory Foam Parte superior em rede de malha especialmente concebida e atacadores \u00e0 [&hellip;]<\/p>\n","protected":false},"featured_media":70043,"comment_status":"closed","ping_status":"closed","template":"","meta":[],"product_cat":[291,222],"product_tag":[],"class_list":{"0":"post-70036","1":"product","2":"type-product","3":"status-publish","4":"has-post-thumbnail","6":"product_cat-calcado-senhora","7":"product_cat-senhora","8":"ts_product_brand-skechers","10":"first","11":"instock","12":"shipping-taxable","13":"purchasable","14":"product-type-variable"},"yoast_head":"<!-- This site is optimized with the Yoast SEO plugin v27.6 - https:\/\/yoast.com\/product\/yoast-seo-wordpress\/ -->\n<title>Sapatilha Face Off S Skechers - Guibutik<\/title>\n<meta name=\"robots\" content=\"index, follow, max-snippet:-1, max-image-preview:large, max-video-preview:-1\" \/>\n<link rel=\"canonical\" href=\"https:\/\/www.guibutik.pt\/loja\/produto\/sapatilha-face-off-s-skechers\/\" \/>\n<meta property=\"og:locale\" content=\"pt_PT\" \/>\n<meta property=\"og:type\" content=\"article\" \/>\n<meta property=\"og:title\" content=\"Sapatilha Face Off S Skechers - Guibutik\" \/>\n<meta property=\"og:description\" content=\"Combina estilo desportivo e conforto usando BOBS Squad Chaos \u2013 Face Off da BOBS from Skechers\u2122. Este modelo fashion com atacadores apresenta uma parte superior de malha de refor\u00e7o em rede com palmilhas viscoel\u00e1sticas de amortecimento. Principais funcionalidades Palmilhas confort\u00e1veis almofadadas Skechers Memory Foam Parte superior em rede de malha especialmente concebida e atacadores \u00e0 [&hellip;]\" \/>\n<meta property=\"og:url\" content=\"https:\/\/www.guibutik.pt\/loja\/produto\/sapatilha-face-off-s-skechers\/\" \/>\n<meta property=\"og:site_name\" content=\"Guibutik\" \/>\n<meta property=\"article:publisher\" content=\"https:\/\/www.facebook.com\/guibutik\/\" \/>\n<meta property=\"article:modified_time\" content=\"2026-02-21T17:19:08+00:00\" \/>\n<meta property=\"og:image\" content=\"https:\/\/www.guibutik.pt\/loja\/wp-content\/uploads\/2025\/03\/117209_SAGE.jpg\" \/>\n\t<meta property=\"og:image:width\" content=\"800\" \/>\n\t<meta property=\"og:image:height\" content=\"708\" \/>\n\t<meta property=\"og:image:type\" content=\"image\/jpeg\" \/>\n<meta name=\"twitter:card\" content=\"summary_large_image\" \/>\n<meta name=\"twitter:label1\" content=\"Tempo estimado de leitura\" \/>\n\t<meta name=\"twitter:data1\" content=\"1 minuto\" \/>\n<script type=\"application\/ld+json\" class=\"yoast-schema-graph\">{\"@context\":\"https:\\\/\\\/schema.org\",\"@graph\":[{\"@type\":\"WebPage\",\"@id\":\"https:\\\/\\\/www.guibutik.pt\\\/loja\\\/produto\\\/sapatilha-face-off-s-skechers\\\/\",\"url\":\"https:\\\/\\\/www.guibutik.pt\\\/loja\\\/produto\\\/sapatilha-face-off-s-skechers\\\/\",\"name\":\"Sapatilha Face Off S Skechers - Guibutik\",\"isPartOf\":{\"@id\":\"https:\\\/\\\/www.guibutik.pt\\\/loja\\\/#website\"},\"primaryImageOfPage\":{\"@id\":\"https:\\\/\\\/www.guibutik.pt\\\/loja\\\/produto\\\/sapatilha-face-off-s-skechers\\\/#primaryimage\"},\"image\":{\"@id\":\"https:\\\/\\\/www.guibutik.pt\\\/loja\\\/produto\\\/sapatilha-face-off-s-skechers\\\/#primaryimage\"},\"thumbnailUrl\":\"https:\\\/\\\/www.guibutik.pt\\\/loja\\\/wp-content\\\/uploads\\\/2025\\\/03\\\/117209_SAGE.jpg\",\"datePublished\":\"2025-03-26T09:40:16+00:00\",\"dateModified\":\"2026-02-21T17:19:08+00:00\",\"breadcrumb\":{\"@id\":\"https:\\\/\\\/www.guibutik.pt\\\/loja\\\/produto\\\/sapatilha-face-off-s-skechers\\\/#breadcrumb\"},\"inLanguage\":\"pt-PT\",\"potentialAction\":[{\"@type\":\"ReadAction\",\"target\":[\"https:\\\/\\\/www.guibutik.pt\\\/loja\\\/produto\\\/sapatilha-face-off-s-skechers\\\/\"]}]},{\"@type\":\"ImageObject\",\"inLanguage\":\"pt-PT\",\"@id\":\"https:\\\/\\\/www.guibutik.pt\\\/loja\\\/produto\\\/sapatilha-face-off-s-skechers\\\/#primaryimage\",\"url\":\"https:\\\/\\\/www.guibutik.pt\\\/loja\\\/wp-content\\\/uploads\\\/2025\\\/03\\\/117209_SAGE.jpg\",\"contentUrl\":\"https:\\\/\\\/www.guibutik.pt\\\/loja\\\/wp-content\\\/uploads\\\/2025\\\/03\\\/117209_SAGE.jpg\",\"width\":800,\"height\":708},{\"@type\":\"BreadcrumbList\",\"@id\":\"https:\\\/\\\/www.guibutik.pt\\\/loja\\\/produto\\\/sapatilha-face-off-s-skechers\\\/#breadcrumb\",\"itemListElement\":[{\"@type\":\"ListItem\",\"position\":1,\"name\":\"In\u00edcio\",\"item\":\"https:\\\/\\\/www.guibutik.pt\\\/loja\\\/\"},{\"@type\":\"ListItem\",\"position\":2,\"name\":\"Loja\",\"item\":\"https:\\\/\\\/www.guibutik.pt\\\/loja\\\/shop\\\/\"},{\"@type\":\"ListItem\",\"position\":3,\"name\":\"Sapatilha Face Off S Skechers\"}]},{\"@type\":\"WebSite\",\"@id\":\"https:\\\/\\\/www.guibutik.pt\\\/loja\\\/#website\",\"url\":\"https:\\\/\\\/www.guibutik.pt\\\/loja\\\/\",\"name\":\"Guibutik\",\"description\":\"Moda e Sapataria\",\"potentialAction\":[{\"@type\":\"SearchAction\",\"target\":{\"@type\":\"EntryPoint\",\"urlTemplate\":\"https:\\\/\\\/www.guibutik.pt\\\/loja\\\/?s={search_term_string}\"},\"query-input\":{\"@type\":\"PropertyValueSpecification\",\"valueRequired\":true,\"valueName\":\"search_term_string\"}}],\"inLanguage\":\"pt-PT\"}]}<\/script>\n<!-- \/ Yoast SEO plugin. -->","yoast_head_json":{"title":"Sapatilha Face Off S Skechers - Guibutik","robots":{"index":"index","follow":"follow","max-snippet":"max-snippet:-1","max-image-preview":"max-image-preview:large","max-video-preview":"max-video-preview:-1"},"canonical":"https:\/\/www.guibutik.pt\/loja\/produto\/sapatilha-face-off-s-skechers\/","og_locale":"pt_PT","og_type":"article","og_title":"Sapatilha Face Off S Skechers - Guibutik","og_description":"Combina estilo desportivo e conforto usando BOBS Squad Chaos \u2013 Face Off da BOBS from Skechers\u2122. Este modelo fashion com atacadores apresenta uma parte superior de malha de refor\u00e7o em rede com palmilhas viscoel\u00e1sticas de amortecimento. Principais funcionalidades Palmilhas confort\u00e1veis almofadadas Skechers Memory Foam Parte superior em rede de malha especialmente concebida e atacadores \u00e0 [&hellip;]","og_url":"https:\/\/www.guibutik.pt\/loja\/produto\/sapatilha-face-off-s-skechers\/","og_site_name":"Guibutik","article_publisher":"https:\/\/www.facebook.com\/guibutik\/","article_modified_time":"2026-02-21T17:19:08+00:00","og_image":[{"width":800,"height":708,"url":"https:\/\/www.guibutik.pt\/loja\/wp-content\/uploads\/2025\/03\/117209_SAGE.jpg","type":"image\/jpeg"}],"twitter_card":"summary_large_image","twitter_misc":{"Tempo estimado de leitura":"1 minuto"},"schema":{"@context":"https:\/\/schema.org","@graph":[{"@type":"WebPage","@id":"https:\/\/www.guibutik.pt\/loja\/produto\/sapatilha-face-off-s-skechers\/","url":"https:\/\/www.guibutik.pt\/loja\/produto\/sapatilha-face-off-s-skechers\/","name":"Sapatilha Face Off S Skechers - Guibutik","isPartOf":{"@id":"https:\/\/www.guibutik.pt\/loja\/#website"},"primaryImageOfPage":{"@id":"https:\/\/www.guibutik.pt\/loja\/produto\/sapatilha-face-off-s-skechers\/#primaryimage"},"image":{"@id":"https:\/\/www.guibutik.pt\/loja\/produto\/sapatilha-face-off-s-skechers\/#primaryimage"},"thumbnailUrl":"https:\/\/www.guibutik.pt\/loja\/wp-content\/uploads\/2025\/03\/117209_SAGE.jpg","datePublished":"2025-03-26T09:40:16+00:00","dateModified":"2026-02-21T17:19:08+00:00","breadcrumb":{"@id":"https:\/\/www.guibutik.pt\/loja\/produto\/sapatilha-face-off-s-skechers\/#breadcrumb"},"inLanguage":"pt-PT","potentialAction":[{"@type":"ReadAction","target":["https:\/\/www.guibutik.pt\/loja\/produto\/sapatilha-face-off-s-skechers\/"]}]},{"@type":"ImageObject","inLanguage":"pt-PT","@id":"https:\/\/www.guibutik.pt\/loja\/produto\/sapatilha-face-off-s-skechers\/#primaryimage","url":"https:\/\/www.guibutik.pt\/loja\/wp-content\/uploads\/2025\/03\/117209_SAGE.jpg","contentUrl":"https:\/\/www.guibutik.pt\/loja\/wp-content\/uploads\/2025\/03\/117209_SAGE.jpg","width":800,"height":708},{"@type":"BreadcrumbList","@id":"https:\/\/www.guibutik.pt\/loja\/produto\/sapatilha-face-off-s-skechers\/#breadcrumb","itemListElement":[{"@type":"ListItem","position":1,"name":"In\u00edcio","item":"https:\/\/www.guibutik.pt\/loja\/"},{"@type":"ListItem","position":2,"name":"Loja","item":"https:\/\/www.guibutik.pt\/loja\/shop\/"},{"@type":"ListItem","position":3,"name":"Sapatilha Face Off S Skechers"}]},{"@type":"WebSite","@id":"https:\/\/www.guibutik.pt\/loja\/#website","url":"https:\/\/www.guibutik.pt\/loja\/","name":"Guibutik","description":"Moda e Sapataria","potentialAction":[{"@type":"SearchAction","target":{"@type":"EntryPoint","urlTemplate":"https:\/\/www.guibutik.pt\/loja\/?s={search_term_string}"},"query-input":{"@type":"PropertyValueSpecification","valueRequired":true,"valueName":"search_term_string"}}],"inLanguage":"pt-PT"}]}},"_links":{"self":[{"href":"https:\/\/www.guibutik.pt\/loja\/wp-json\/wp\/v2\/product\/70036","targetHints":{"allow":["GET"]}}],"collection":[{"href":"https:\/\/www.guibutik.pt\/loja\/wp-json\/wp\/v2\/product"}],"about":[{"href":"https:\/\/www.guibutik.pt\/loja\/wp-json\/wp\/v2\/types\/product"}],"replies":[{"embeddable":true,"href":"https:\/\/www.guibutik.pt\/loja\/wp-json\/wp\/v2\/comments?post=70036"}],"wp:featuredmedia":[{"embeddable":true,"href":"https:\/\/www.guibutik.pt\/loja\/wp-json\/wp\/v2\/media\/70043"}],"wp:attachment":[{"href":"https:\/\/www.guibutik.pt\/loja\/wp-json\/wp\/v2\/media?parent=70036"}],"wp:term":[{"taxonomy":"product_cat","embeddable":true,"href":"https:\/\/www.guibutik.pt\/loja\/wp-json\/wp\/v2\/product_cat?post=70036"},{"taxonomy":"product_tag","embeddable":true,"href":"https:\/\/www.guibutik.pt\/loja\/wp-json\/wp\/v2\/product_tag?post=70036"}],"curies":[{"name":"wp","href":"https:\/\/api.w.org\/{rel}","templated":true}]}}