{"id":69803,"date":"2025-03-20T12:21:18","date_gmt":"2025-03-20T11:21:18","guid":{"rendered":"https:\/\/www.guibutik.pt\/loja\/?post_type=product&#038;p=69803"},"modified":"2025-08-16T12:21:48","modified_gmt":"2025-08-16T11:21:48","slug":"sandalia-sandal-h-geox","status":"publish","type":"product","link":"https:\/\/www.guibutik.pt\/loja\/produto\/sandalia-sandal-h-geox\/","title":{"rendered":"Sand\u00e1lia Sandal H Geox"},"content":{"rendered":"<p>Sand\u00e1lia homem leve e amortecida, ideal para o ver\u00e3o. Feita de corti\u00e7a com g\u00e1spea em nobuk de cor castanho-escura, Ghita \u00e9 uma sand\u00e1lia perfeita para usar no ver\u00e3o, gra\u00e7as ao seu elevado n\u00edvel de conforto e estilo atual. Ideal para criar looks ecl\u00e9ticos, esta sand\u00e1lia pode ser combinada com uma variedade de outfits de lazer. Superconfort\u00e1vel e respir\u00e1vel, este modelo caracteriza-se por um elevado n\u00edvel de leveza e grande amortecimento, permitindo us\u00e1-lo tranquilamente durante todo o dia.<\/p>\n<p>Composi\u00e7\u00e3o:<\/p>\n<p>Parte superior: 100% Pele<br \/>\nForro: 100% Pele<\/p>\n<p class=\"m-0\">Sola: 100% Material sint\u00e9tico<br \/>\nPalmilha: 100% Pele<\/p>\n<div class=\"h2 pdp-technology-title\" data-seo-label=\"technological line respira\">Respira<sup>TM<\/sup><\/div>\n<h5 class=\"pdp-technology-descr\">Estilo em movimento, bem-estar em todas as ocasi\u00f5es, gra\u00e7as ao sistema original idealizado pela Geox que promove a\u00a0<strong>respirabilidade<\/strong>, oferecendo\u00a0<strong>conforto\u00a0<\/strong>e prote\u00e7\u00e3o a cada passo.<\/h5>\n","protected":false},"excerpt":{"rendered":"<p>Sand\u00e1lia homem leve e amortecida, ideal para o ver\u00e3o. Feita de corti\u00e7a com g\u00e1spea em nobuk de cor castanho-escura, Ghita \u00e9 uma sand\u00e1lia perfeita para usar no ver\u00e3o, gra\u00e7as ao seu elevado n\u00edvel de conforto e estilo atual. Ideal para criar looks ecl\u00e9ticos, esta sand\u00e1lia pode ser combinada com uma variedade de outfits de lazer. [&hellip;]<\/p>\n","protected":false},"featured_media":69818,"comment_status":"closed","ping_status":"closed","template":"","meta":[],"product_cat":[231,221],"product_tag":[],"class_list":{"0":"post-69803","1":"product","2":"type-product","3":"status-publish","4":"has-post-thumbnail","6":"product_cat-calcado-homem","7":"product_cat-homem","8":"ts_product_brand-geox","10":"first","11":"instock","12":"shipping-taxable","13":"purchasable","14":"product-type-variable"},"yoast_head":"<!-- This site is optimized with the Yoast SEO plugin v27.5 - https:\/\/yoast.com\/product\/yoast-seo-wordpress\/ -->\n<title>Sand\u00e1lia Sandal H Geox - Guibutik<\/title>\n<meta name=\"robots\" content=\"index, follow, max-snippet:-1, max-image-preview:large, max-video-preview:-1\" \/>\n<link rel=\"canonical\" href=\"https:\/\/www.guibutik.pt\/loja\/produto\/sandalia-sandal-h-geox\/\" \/>\n<meta property=\"og:locale\" content=\"pt_PT\" \/>\n<meta property=\"og:type\" content=\"article\" \/>\n<meta property=\"og:title\" content=\"Sand\u00e1lia Sandal H Geox - Guibutik\" \/>\n<meta property=\"og:description\" content=\"Sand\u00e1lia homem leve e amortecida, ideal para o ver\u00e3o. Feita de corti\u00e7a com g\u00e1spea em nobuk de cor castanho-escura, Ghita \u00e9 uma sand\u00e1lia perfeita para usar no ver\u00e3o, gra\u00e7as ao seu elevado n\u00edvel de conforto e estilo atual. Ideal para criar looks ecl\u00e9ticos, esta sand\u00e1lia pode ser combinada com uma variedade de outfits de lazer. [&hellip;]\" \/>\n<meta property=\"og:url\" content=\"https:\/\/www.guibutik.pt\/loja\/produto\/sandalia-sandal-h-geox\/\" \/>\n<meta property=\"og:site_name\" content=\"Guibutik\" \/>\n<meta property=\"article:publisher\" content=\"https:\/\/www.facebook.com\/guibutik\/\" \/>\n<meta property=\"article:modified_time\" content=\"2025-08-16T11:21:48+00:00\" \/>\n<meta property=\"og:image\" content=\"https:\/\/www.guibutik.pt\/loja\/wp-content\/uploads\/2025\/03\/U159VB.jpg\" \/>\n\t<meta property=\"og:image:width\" content=\"1024\" \/>\n\t<meta property=\"og:image:height\" content=\"1024\" \/>\n\t<meta property=\"og:image:type\" content=\"image\/jpeg\" \/>\n<meta name=\"twitter:card\" content=\"summary_large_image\" \/>\n<meta name=\"twitter:label1\" content=\"Tempo estimado de leitura\" \/>\n\t<meta name=\"twitter:data1\" content=\"1 minuto\" \/>\n<script type=\"application\/ld+json\" class=\"yoast-schema-graph\">{\"@context\":\"https:\\\/\\\/schema.org\",\"@graph\":[{\"@type\":\"WebPage\",\"@id\":\"https:\\\/\\\/www.guibutik.pt\\\/loja\\\/produto\\\/sandalia-sandal-h-geox\\\/\",\"url\":\"https:\\\/\\\/www.guibutik.pt\\\/loja\\\/produto\\\/sandalia-sandal-h-geox\\\/\",\"name\":\"Sand\u00e1lia Sandal H Geox - Guibutik\",\"isPartOf\":{\"@id\":\"https:\\\/\\\/www.guibutik.pt\\\/loja\\\/#website\"},\"primaryImageOfPage\":{\"@id\":\"https:\\\/\\\/www.guibutik.pt\\\/loja\\\/produto\\\/sandalia-sandal-h-geox\\\/#primaryimage\"},\"image\":{\"@id\":\"https:\\\/\\\/www.guibutik.pt\\\/loja\\\/produto\\\/sandalia-sandal-h-geox\\\/#primaryimage\"},\"thumbnailUrl\":\"https:\\\/\\\/www.guibutik.pt\\\/loja\\\/wp-content\\\/uploads\\\/2025\\\/03\\\/U159VB.jpg\",\"datePublished\":\"2025-03-20T11:21:18+00:00\",\"dateModified\":\"2025-08-16T11:21:48+00:00\",\"breadcrumb\":{\"@id\":\"https:\\\/\\\/www.guibutik.pt\\\/loja\\\/produto\\\/sandalia-sandal-h-geox\\\/#breadcrumb\"},\"inLanguage\":\"pt-PT\",\"potentialAction\":[{\"@type\":\"ReadAction\",\"target\":[\"https:\\\/\\\/www.guibutik.pt\\\/loja\\\/produto\\\/sandalia-sandal-h-geox\\\/\"]}]},{\"@type\":\"ImageObject\",\"inLanguage\":\"pt-PT\",\"@id\":\"https:\\\/\\\/www.guibutik.pt\\\/loja\\\/produto\\\/sandalia-sandal-h-geox\\\/#primaryimage\",\"url\":\"https:\\\/\\\/www.guibutik.pt\\\/loja\\\/wp-content\\\/uploads\\\/2025\\\/03\\\/U159VB.jpg\",\"contentUrl\":\"https:\\\/\\\/www.guibutik.pt\\\/loja\\\/wp-content\\\/uploads\\\/2025\\\/03\\\/U159VB.jpg\",\"width\":1024,\"height\":1024},{\"@type\":\"BreadcrumbList\",\"@id\":\"https:\\\/\\\/www.guibutik.pt\\\/loja\\\/produto\\\/sandalia-sandal-h-geox\\\/#breadcrumb\",\"itemListElement\":[{\"@type\":\"ListItem\",\"position\":1,\"name\":\"In\u00edcio\",\"item\":\"https:\\\/\\\/www.guibutik.pt\\\/loja\\\/\"},{\"@type\":\"ListItem\",\"position\":2,\"name\":\"Loja\",\"item\":\"https:\\\/\\\/www.guibutik.pt\\\/loja\\\/shop\\\/\"},{\"@type\":\"ListItem\",\"position\":3,\"name\":\"Sand\u00e1lia Sandal H Geox\"}]},{\"@type\":\"WebSite\",\"@id\":\"https:\\\/\\\/www.guibutik.pt\\\/loja\\\/#website\",\"url\":\"https:\\\/\\\/www.guibutik.pt\\\/loja\\\/\",\"name\":\"Guibutik\",\"description\":\"Moda e Sapataria\",\"potentialAction\":[{\"@type\":\"SearchAction\",\"target\":{\"@type\":\"EntryPoint\",\"urlTemplate\":\"https:\\\/\\\/www.guibutik.pt\\\/loja\\\/?s={search_term_string}\"},\"query-input\":{\"@type\":\"PropertyValueSpecification\",\"valueRequired\":true,\"valueName\":\"search_term_string\"}}],\"inLanguage\":\"pt-PT\"}]}<\/script>\n<!-- \/ Yoast SEO plugin. -->","yoast_head_json":{"title":"Sand\u00e1lia Sandal H Geox - Guibutik","robots":{"index":"index","follow":"follow","max-snippet":"max-snippet:-1","max-image-preview":"max-image-preview:large","max-video-preview":"max-video-preview:-1"},"canonical":"https:\/\/www.guibutik.pt\/loja\/produto\/sandalia-sandal-h-geox\/","og_locale":"pt_PT","og_type":"article","og_title":"Sand\u00e1lia Sandal H Geox - Guibutik","og_description":"Sand\u00e1lia homem leve e amortecida, ideal para o ver\u00e3o. Feita de corti\u00e7a com g\u00e1spea em nobuk de cor castanho-escura, Ghita \u00e9 uma sand\u00e1lia perfeita para usar no ver\u00e3o, gra\u00e7as ao seu elevado n\u00edvel de conforto e estilo atual. Ideal para criar looks ecl\u00e9ticos, esta sand\u00e1lia pode ser combinada com uma variedade de outfits de lazer. [&hellip;]","og_url":"https:\/\/www.guibutik.pt\/loja\/produto\/sandalia-sandal-h-geox\/","og_site_name":"Guibutik","article_publisher":"https:\/\/www.facebook.com\/guibutik\/","article_modified_time":"2025-08-16T11:21:48+00:00","og_image":[{"width":1024,"height":1024,"url":"https:\/\/www.guibutik.pt\/loja\/wp-content\/uploads\/2025\/03\/U159VB.jpg","type":"image\/jpeg"}],"twitter_card":"summary_large_image","twitter_misc":{"Tempo estimado de leitura":"1 minuto"},"schema":{"@context":"https:\/\/schema.org","@graph":[{"@type":"WebPage","@id":"https:\/\/www.guibutik.pt\/loja\/produto\/sandalia-sandal-h-geox\/","url":"https:\/\/www.guibutik.pt\/loja\/produto\/sandalia-sandal-h-geox\/","name":"Sand\u00e1lia Sandal H Geox - Guibutik","isPartOf":{"@id":"https:\/\/www.guibutik.pt\/loja\/#website"},"primaryImageOfPage":{"@id":"https:\/\/www.guibutik.pt\/loja\/produto\/sandalia-sandal-h-geox\/#primaryimage"},"image":{"@id":"https:\/\/www.guibutik.pt\/loja\/produto\/sandalia-sandal-h-geox\/#primaryimage"},"thumbnailUrl":"https:\/\/www.guibutik.pt\/loja\/wp-content\/uploads\/2025\/03\/U159VB.jpg","datePublished":"2025-03-20T11:21:18+00:00","dateModified":"2025-08-16T11:21:48+00:00","breadcrumb":{"@id":"https:\/\/www.guibutik.pt\/loja\/produto\/sandalia-sandal-h-geox\/#breadcrumb"},"inLanguage":"pt-PT","potentialAction":[{"@type":"ReadAction","target":["https:\/\/www.guibutik.pt\/loja\/produto\/sandalia-sandal-h-geox\/"]}]},{"@type":"ImageObject","inLanguage":"pt-PT","@id":"https:\/\/www.guibutik.pt\/loja\/produto\/sandalia-sandal-h-geox\/#primaryimage","url":"https:\/\/www.guibutik.pt\/loja\/wp-content\/uploads\/2025\/03\/U159VB.jpg","contentUrl":"https:\/\/www.guibutik.pt\/loja\/wp-content\/uploads\/2025\/03\/U159VB.jpg","width":1024,"height":1024},{"@type":"BreadcrumbList","@id":"https:\/\/www.guibutik.pt\/loja\/produto\/sandalia-sandal-h-geox\/#breadcrumb","itemListElement":[{"@type":"ListItem","position":1,"name":"In\u00edcio","item":"https:\/\/www.guibutik.pt\/loja\/"},{"@type":"ListItem","position":2,"name":"Loja","item":"https:\/\/www.guibutik.pt\/loja\/shop\/"},{"@type":"ListItem","position":3,"name":"Sand\u00e1lia Sandal H Geox"}]},{"@type":"WebSite","@id":"https:\/\/www.guibutik.pt\/loja\/#website","url":"https:\/\/www.guibutik.pt\/loja\/","name":"Guibutik","description":"Moda e Sapataria","potentialAction":[{"@type":"SearchAction","target":{"@type":"EntryPoint","urlTemplate":"https:\/\/www.guibutik.pt\/loja\/?s={search_term_string}"},"query-input":{"@type":"PropertyValueSpecification","valueRequired":true,"valueName":"search_term_string"}}],"inLanguage":"pt-PT"}]}},"_links":{"self":[{"href":"https:\/\/www.guibutik.pt\/loja\/wp-json\/wp\/v2\/product\/69803","targetHints":{"allow":["GET"]}}],"collection":[{"href":"https:\/\/www.guibutik.pt\/loja\/wp-json\/wp\/v2\/product"}],"about":[{"href":"https:\/\/www.guibutik.pt\/loja\/wp-json\/wp\/v2\/types\/product"}],"replies":[{"embeddable":true,"href":"https:\/\/www.guibutik.pt\/loja\/wp-json\/wp\/v2\/comments?post=69803"}],"wp:featuredmedia":[{"embeddable":true,"href":"https:\/\/www.guibutik.pt\/loja\/wp-json\/wp\/v2\/media\/69818"}],"wp:attachment":[{"href":"https:\/\/www.guibutik.pt\/loja\/wp-json\/wp\/v2\/media?parent=69803"}],"wp:term":[{"taxonomy":"product_cat","embeddable":true,"href":"https:\/\/www.guibutik.pt\/loja\/wp-json\/wp\/v2\/product_cat?post=69803"},{"taxonomy":"product_tag","embeddable":true,"href":"https:\/\/www.guibutik.pt\/loja\/wp-json\/wp\/v2\/product_tag?post=69803"}],"curies":[{"name":"wp","href":"https:\/\/api.w.org\/{rel}","templated":true}]}}