{"id":69680,"date":"2025-03-19T11:26:55","date_gmt":"2025-03-19T10:26:55","guid":{"rendered":"https:\/\/www.guibutik.pt\/loja\/?post_type=product&#038;p=69680"},"modified":"2025-05-10T10:18:31","modified_gmt":"2025-05-10T09:18:31","slug":"sapatilha-sierra-h-joma","status":"publish","type":"product","link":"https:\/\/www.guibutik.pt\/loja\/produto\/sapatilha-sierra-h-joma\/","title":{"rendered":"Sapatilha Sierra H Joma"},"content":{"rendered":"<p id=\"tw-target-text\" class=\"tw-data-text tw-text-large tw-ta\" dir=\"ltr\" data-placeholder=\"Tradu\u00e7\u00e3o\" data-ved=\"2ahUKEwjk7dnx8ZWMAxVmKvsDHTUeISIQ3ewLegQIChAV\" aria-label=\"Texto traduzido: T\u00eanis de corrida de trilha masculino. O lend\u00e1rio Sierra aprimorado, oferecendo amortecimento e estabilidade extras ao correr em terrenos t\u00e9cnicos. Destacando-se por seu formato largo, proporcionando m\u00e1ximo conforto \u00e0 \u00e1rea dos dedos durante as descidas. Cabedal feito principalmente de malha Jacquard respir\u00e1vel, garantindo a expuls\u00e3o do suor gra\u00e7as \u00e0 tecnologia VTS. O sistema JOMA SPORTTECH sem costuras e termoselado \u00e9 usado para um melhor ajuste. Refor\u00e7o PROTECTION termoselado nos dedos e nas laterais, evitando elementos externos durante a corrida. Nova entressola composta pela tecnologia FOAM REACTIVE, proporcionando altos n\u00edveis de amortecimento e suavizando o impacto do p\u00e9 ao correr em trilhas desafiadoras na floresta. A parte frontal oferece o phylon mais est\u00e1vel. Solado de borracha DURABILITY com padr\u00f5es de ader\u00eancia que garantem estabilidade e controle dos movimentos.\"><span class=\"Y2IQFc\" lang=\"pt\">T\u00eanis de corrida de trilha masculino. O lend\u00e1rio Sierra aprimorado, oferecendo amortecimento e estabilidade extras ao correr em terrenos t\u00e9cnicos. Destacando-se por seu formato largo, proporcionando m\u00e1ximo conforto \u00e0 \u00e1rea dos dedos durante as descidas. Cabedal feito principalmente de malha Jacquard respir\u00e1vel, garantindo a expuls\u00e3o do suor gra\u00e7as \u00e0 tecnologia VTS. O sistema JOMA SPORTTECH sem costuras e termoselado \u00e9 usado para um melhor ajuste. Refor\u00e7o PROTECTION termoselado nos dedos e nas laterais, evitando elementos externos durante a corrida. Nova entressola composta pela tecnologia FOAM REACTIVE, proporcionando altos n\u00edveis de amortecimento e suavizando o impacto do p\u00e9 ao correr em trilhas desafiadoras na floresta. A parte frontal oferece o phylon mais est\u00e1vel. Solado de borracha DURABILITY com padr\u00f5es de ader\u00eancia que garantem estabilidade e controle dos movimentos.<\/span><\/p>\n<ul class=\"featuresul\">\n<li>\n<h3>Corte com malha respir\u00e1vel VTS<\/h3>\n<\/li>\n<li>\n<h3>Corte com sistema de ajuste termosselado SPORTECH<\/h3>\n<\/li>\n<li>\n<h3>Entressola de phylon com tecnologia FOAM REACTIVE<\/h3>\n<\/li>\n<li>\n<h3>Sola de borracha DURABILITY<\/h3>\n<\/li>\n<\/ul>\n<div class=\"col-sm-12 p-0\">\n<ul class=\"featuresul\">\n<li>\n<h3>Drop 7 mm<\/h3>\n<\/li>\n<li>\n<h3>Ritmo m\u00e9dio: entre 4&#8242; e 5&#8217;30&#8221; por km<\/h3>\n<\/li>\n<li>\n<h3>Impermeabilidade; nenhuma<\/h3>\n<\/li>\n<li>\n<h3>Intensidade de utiliza\u00e7\u00e3o: treino<\/h3>\n<\/li>\n<li>\n<h3>Dist\u00e2ncia: entre 20 km e 30 km<\/h3>\n<\/li>\n<li>\n<h3>Dificuldade do terreno: t\u00e9cnica\/m\u00e9dia<\/h3>\n<\/li>\n<\/ul>\n<\/div>\n<div class=\"col-sm-12 p-0\">\n<ul class=\"featuresul\">\n<li>\n<h3>Desempenho: alto<\/h3>\n<\/li>\n<\/ul>\n<\/div>\n","protected":false},"excerpt":{"rendered":"<p>T\u00eanis de corrida de trilha masculino. O lend\u00e1rio Sierra aprimorado, oferecendo amortecimento e estabilidade extras ao correr em terrenos t\u00e9cnicos. Destacando-se por seu formato largo, proporcionando m\u00e1ximo conforto \u00e0 \u00e1rea dos dedos durante as descidas. Cabedal feito principalmente de malha Jacquard respir\u00e1vel, garantindo a expuls\u00e3o do suor gra\u00e7as \u00e0 tecnologia VTS. O sistema JOMA SPORTTECH [&hellip;]<\/p>\n","protected":false},"featured_media":69681,"comment_status":"closed","ping_status":"closed","template":"","meta":[],"product_cat":[231,221],"product_tag":[],"class_list":{"0":"post-69680","1":"product","2":"type-product","3":"status-publish","4":"has-post-thumbnail","6":"product_cat-calcado-homem","7":"product_cat-homem","8":"ts_product_brand-joma","10":"first","11":"instock","12":"shipping-taxable","13":"purchasable","14":"product-type-variable"},"yoast_head":"<!-- This site is optimized with the Yoast SEO plugin v27.5 - https:\/\/yoast.com\/product\/yoast-seo-wordpress\/ -->\n<title>Sapatilha Sierra H Joma - Guibutik<\/title>\n<meta name=\"robots\" content=\"index, follow, max-snippet:-1, max-image-preview:large, max-video-preview:-1\" \/>\n<link rel=\"canonical\" href=\"https:\/\/www.guibutik.pt\/loja\/produto\/sapatilha-sierra-h-joma\/\" \/>\n<meta property=\"og:locale\" content=\"pt_PT\" \/>\n<meta property=\"og:type\" content=\"article\" \/>\n<meta property=\"og:title\" content=\"Sapatilha Sierra H Joma - Guibutik\" \/>\n<meta property=\"og:description\" content=\"T\u00eanis de corrida de trilha masculino. O lend\u00e1rio Sierra aprimorado, oferecendo amortecimento e estabilidade extras ao correr em terrenos t\u00e9cnicos. Destacando-se por seu formato largo, proporcionando m\u00e1ximo conforto \u00e0 \u00e1rea dos dedos durante as descidas. Cabedal feito principalmente de malha Jacquard respir\u00e1vel, garantindo a expuls\u00e3o do suor gra\u00e7as \u00e0 tecnologia VTS. O sistema JOMA SPORTTECH [&hellip;]\" \/>\n<meta property=\"og:url\" content=\"https:\/\/www.guibutik.pt\/loja\/produto\/sapatilha-sierra-h-joma\/\" \/>\n<meta property=\"og:site_name\" content=\"Guibutik\" \/>\n<meta property=\"article:publisher\" content=\"https:\/\/www.facebook.com\/guibutik\/\" \/>\n<meta property=\"article:modified_time\" content=\"2025-05-10T09:18:31+00:00\" \/>\n<meta property=\"og:image\" content=\"https:\/\/www.guibutik.pt\/loja\/wp-content\/uploads\/2025\/03\/TKSIES2521.jpg\" \/>\n\t<meta property=\"og:image:width\" content=\"2000\" \/>\n\t<meta property=\"og:image:height\" content=\"2000\" \/>\n\t<meta property=\"og:image:type\" content=\"image\/jpeg\" \/>\n<meta name=\"twitter:card\" content=\"summary_large_image\" \/>\n<meta name=\"twitter:label1\" content=\"Tempo estimado de leitura\" \/>\n\t<meta name=\"twitter:data1\" content=\"2 minutos\" \/>\n<script type=\"application\/ld+json\" class=\"yoast-schema-graph\">{\"@context\":\"https:\\\/\\\/schema.org\",\"@graph\":[{\"@type\":\"WebPage\",\"@id\":\"https:\\\/\\\/www.guibutik.pt\\\/loja\\\/produto\\\/sapatilha-sierra-h-joma\\\/\",\"url\":\"https:\\\/\\\/www.guibutik.pt\\\/loja\\\/produto\\\/sapatilha-sierra-h-joma\\\/\",\"name\":\"Sapatilha Sierra H Joma - Guibutik\",\"isPartOf\":{\"@id\":\"https:\\\/\\\/www.guibutik.pt\\\/loja\\\/#website\"},\"primaryImageOfPage\":{\"@id\":\"https:\\\/\\\/www.guibutik.pt\\\/loja\\\/produto\\\/sapatilha-sierra-h-joma\\\/#primaryimage\"},\"image\":{\"@id\":\"https:\\\/\\\/www.guibutik.pt\\\/loja\\\/produto\\\/sapatilha-sierra-h-joma\\\/#primaryimage\"},\"thumbnailUrl\":\"https:\\\/\\\/www.guibutik.pt\\\/loja\\\/wp-content\\\/uploads\\\/2025\\\/03\\\/TKSIES2521.jpg\",\"datePublished\":\"2025-03-19T10:26:55+00:00\",\"dateModified\":\"2025-05-10T09:18:31+00:00\",\"breadcrumb\":{\"@id\":\"https:\\\/\\\/www.guibutik.pt\\\/loja\\\/produto\\\/sapatilha-sierra-h-joma\\\/#breadcrumb\"},\"inLanguage\":\"pt-PT\",\"potentialAction\":[{\"@type\":\"ReadAction\",\"target\":[\"https:\\\/\\\/www.guibutik.pt\\\/loja\\\/produto\\\/sapatilha-sierra-h-joma\\\/\"]}]},{\"@type\":\"ImageObject\",\"inLanguage\":\"pt-PT\",\"@id\":\"https:\\\/\\\/www.guibutik.pt\\\/loja\\\/produto\\\/sapatilha-sierra-h-joma\\\/#primaryimage\",\"url\":\"https:\\\/\\\/www.guibutik.pt\\\/loja\\\/wp-content\\\/uploads\\\/2025\\\/03\\\/TKSIES2521.jpg\",\"contentUrl\":\"https:\\\/\\\/www.guibutik.pt\\\/loja\\\/wp-content\\\/uploads\\\/2025\\\/03\\\/TKSIES2521.jpg\",\"width\":2000,\"height\":2000},{\"@type\":\"BreadcrumbList\",\"@id\":\"https:\\\/\\\/www.guibutik.pt\\\/loja\\\/produto\\\/sapatilha-sierra-h-joma\\\/#breadcrumb\",\"itemListElement\":[{\"@type\":\"ListItem\",\"position\":1,\"name\":\"In\u00edcio\",\"item\":\"https:\\\/\\\/www.guibutik.pt\\\/loja\\\/\"},{\"@type\":\"ListItem\",\"position\":2,\"name\":\"Loja\",\"item\":\"https:\\\/\\\/www.guibutik.pt\\\/loja\\\/shop\\\/\"},{\"@type\":\"ListItem\",\"position\":3,\"name\":\"Sapatilha Sierra H Joma\"}]},{\"@type\":\"WebSite\",\"@id\":\"https:\\\/\\\/www.guibutik.pt\\\/loja\\\/#website\",\"url\":\"https:\\\/\\\/www.guibutik.pt\\\/loja\\\/\",\"name\":\"Guibutik\",\"description\":\"Moda e Sapataria\",\"potentialAction\":[{\"@type\":\"SearchAction\",\"target\":{\"@type\":\"EntryPoint\",\"urlTemplate\":\"https:\\\/\\\/www.guibutik.pt\\\/loja\\\/?s={search_term_string}\"},\"query-input\":{\"@type\":\"PropertyValueSpecification\",\"valueRequired\":true,\"valueName\":\"search_term_string\"}}],\"inLanguage\":\"pt-PT\"}]}<\/script>\n<!-- \/ Yoast SEO plugin. -->","yoast_head_json":{"title":"Sapatilha Sierra H Joma - Guibutik","robots":{"index":"index","follow":"follow","max-snippet":"max-snippet:-1","max-image-preview":"max-image-preview:large","max-video-preview":"max-video-preview:-1"},"canonical":"https:\/\/www.guibutik.pt\/loja\/produto\/sapatilha-sierra-h-joma\/","og_locale":"pt_PT","og_type":"article","og_title":"Sapatilha Sierra H Joma - Guibutik","og_description":"T\u00eanis de corrida de trilha masculino. O lend\u00e1rio Sierra aprimorado, oferecendo amortecimento e estabilidade extras ao correr em terrenos t\u00e9cnicos. Destacando-se por seu formato largo, proporcionando m\u00e1ximo conforto \u00e0 \u00e1rea dos dedos durante as descidas. Cabedal feito principalmente de malha Jacquard respir\u00e1vel, garantindo a expuls\u00e3o do suor gra\u00e7as \u00e0 tecnologia VTS. O sistema JOMA SPORTTECH [&hellip;]","og_url":"https:\/\/www.guibutik.pt\/loja\/produto\/sapatilha-sierra-h-joma\/","og_site_name":"Guibutik","article_publisher":"https:\/\/www.facebook.com\/guibutik\/","article_modified_time":"2025-05-10T09:18:31+00:00","og_image":[{"width":2000,"height":2000,"url":"https:\/\/www.guibutik.pt\/loja\/wp-content\/uploads\/2025\/03\/TKSIES2521.jpg","type":"image\/jpeg"}],"twitter_card":"summary_large_image","twitter_misc":{"Tempo estimado de leitura":"2 minutos"},"schema":{"@context":"https:\/\/schema.org","@graph":[{"@type":"WebPage","@id":"https:\/\/www.guibutik.pt\/loja\/produto\/sapatilha-sierra-h-joma\/","url":"https:\/\/www.guibutik.pt\/loja\/produto\/sapatilha-sierra-h-joma\/","name":"Sapatilha Sierra H Joma - Guibutik","isPartOf":{"@id":"https:\/\/www.guibutik.pt\/loja\/#website"},"primaryImageOfPage":{"@id":"https:\/\/www.guibutik.pt\/loja\/produto\/sapatilha-sierra-h-joma\/#primaryimage"},"image":{"@id":"https:\/\/www.guibutik.pt\/loja\/produto\/sapatilha-sierra-h-joma\/#primaryimage"},"thumbnailUrl":"https:\/\/www.guibutik.pt\/loja\/wp-content\/uploads\/2025\/03\/TKSIES2521.jpg","datePublished":"2025-03-19T10:26:55+00:00","dateModified":"2025-05-10T09:18:31+00:00","breadcrumb":{"@id":"https:\/\/www.guibutik.pt\/loja\/produto\/sapatilha-sierra-h-joma\/#breadcrumb"},"inLanguage":"pt-PT","potentialAction":[{"@type":"ReadAction","target":["https:\/\/www.guibutik.pt\/loja\/produto\/sapatilha-sierra-h-joma\/"]}]},{"@type":"ImageObject","inLanguage":"pt-PT","@id":"https:\/\/www.guibutik.pt\/loja\/produto\/sapatilha-sierra-h-joma\/#primaryimage","url":"https:\/\/www.guibutik.pt\/loja\/wp-content\/uploads\/2025\/03\/TKSIES2521.jpg","contentUrl":"https:\/\/www.guibutik.pt\/loja\/wp-content\/uploads\/2025\/03\/TKSIES2521.jpg","width":2000,"height":2000},{"@type":"BreadcrumbList","@id":"https:\/\/www.guibutik.pt\/loja\/produto\/sapatilha-sierra-h-joma\/#breadcrumb","itemListElement":[{"@type":"ListItem","position":1,"name":"In\u00edcio","item":"https:\/\/www.guibutik.pt\/loja\/"},{"@type":"ListItem","position":2,"name":"Loja","item":"https:\/\/www.guibutik.pt\/loja\/shop\/"},{"@type":"ListItem","position":3,"name":"Sapatilha Sierra H Joma"}]},{"@type":"WebSite","@id":"https:\/\/www.guibutik.pt\/loja\/#website","url":"https:\/\/www.guibutik.pt\/loja\/","name":"Guibutik","description":"Moda e Sapataria","potentialAction":[{"@type":"SearchAction","target":{"@type":"EntryPoint","urlTemplate":"https:\/\/www.guibutik.pt\/loja\/?s={search_term_string}"},"query-input":{"@type":"PropertyValueSpecification","valueRequired":true,"valueName":"search_term_string"}}],"inLanguage":"pt-PT"}]}},"_links":{"self":[{"href":"https:\/\/www.guibutik.pt\/loja\/wp-json\/wp\/v2\/product\/69680","targetHints":{"allow":["GET"]}}],"collection":[{"href":"https:\/\/www.guibutik.pt\/loja\/wp-json\/wp\/v2\/product"}],"about":[{"href":"https:\/\/www.guibutik.pt\/loja\/wp-json\/wp\/v2\/types\/product"}],"replies":[{"embeddable":true,"href":"https:\/\/www.guibutik.pt\/loja\/wp-json\/wp\/v2\/comments?post=69680"}],"wp:featuredmedia":[{"embeddable":true,"href":"https:\/\/www.guibutik.pt\/loja\/wp-json\/wp\/v2\/media\/69681"}],"wp:attachment":[{"href":"https:\/\/www.guibutik.pt\/loja\/wp-json\/wp\/v2\/media?parent=69680"}],"wp:term":[{"taxonomy":"product_cat","embeddable":true,"href":"https:\/\/www.guibutik.pt\/loja\/wp-json\/wp\/v2\/product_cat?post=69680"},{"taxonomy":"product_tag","embeddable":true,"href":"https:\/\/www.guibutik.pt\/loja\/wp-json\/wp\/v2\/product_tag?post=69680"}],"curies":[{"name":"wp","href":"https:\/\/api.w.org\/{rel}","templated":true}]}}