{"id":69284,"date":"2025-03-13T13:01:44","date_gmt":"2025-03-13T12:01:44","guid":{"rendered":"https:\/\/www.guibutik.pt\/loja\/?post_type=product&#038;p=69284"},"modified":"2025-08-19T12:04:52","modified_gmt":"2025-08-19T11:04:52","slug":"sweat-s-levis-5","status":"publish","type":"product","link":"https:\/\/www.guibutik.pt\/loja\/produto\/sweat-s-levis-5\/","title":{"rendered":"Sweat S Levi&#8217;s"},"content":{"rendered":"<p>O estilo vintage encontra o aconchego. Nosso Heritage Crewneck Sweatshirt foi feito com tecido ultraconfort\u00e1vel e apresenta um ajuste padr\u00e3o f\u00e1cil com bordas caneladas.<\/p>\n<div class=\"fit-desc\">\n<p><span class=\"desc-title\">Como se encaixa<\/span><\/p>\n<div class=\"metafield-rich_text_field\">\n<ul>\n<li>Uma gola redonda de inspira\u00e7\u00e3o vintage<\/li>\n<li>Corte com ajuste padr\u00e3o<\/li>\n<li>Feito com tecido ultra aconchegante<\/li>\n<li>A modelo tem 5&#8217;9&#8243; com cintura de 25&#8243;. Ela est\u00e1 vestindo tamanho S.<\/li>\n<\/ul>\n<\/div>\n<\/div>\n<div class=\"care-desc\">\n<p><span class=\"desc-title\">Composi\u00e7\u00e3o e Cuidados<\/span><\/p>\n<div class=\"metafield-rich_text_field\">\n<ul>\n<li>100% algod\u00e3o<\/li>\n<li>Lavar \u00e0 m\u00e1quina com \u00e1gua fria, N\u00e3o usar alvejante, Secar em temperatura baixa, Passar a ferro morno se necess\u00e1rio, Lavar a seco poss\u00edvel, Lavar com cores semelhantes<\/li>\n<\/ul>\n<\/div>\n<\/div>\n","protected":false},"excerpt":{"rendered":"<p>O estilo vintage encontra o aconchego. Nosso Heritage Crewneck Sweatshirt foi feito com tecido ultraconfort\u00e1vel e apresenta um ajuste padr\u00e3o f\u00e1cil com bordas caneladas. Como se encaixa Uma gola redonda de inspira\u00e7\u00e3o vintage Corte com ajuste padr\u00e3o Feito com tecido ultra aconchegante A modelo tem 5&#8217;9&#8243; com cintura de 25&#8243;. Ela est\u00e1 vestindo tamanho S. [&hellip;]<\/p>\n","protected":false},"featured_media":69299,"comment_status":"closed","ping_status":"closed","template":"","meta":[],"product_cat":[234,222],"product_tag":[],"class_list":{"0":"post-69284","1":"product","2":"type-product","3":"status-publish","4":"has-post-thumbnail","6":"product_cat-camisolass","7":"product_cat-senhora","8":"ts_product_brand-levis","10":"first","11":"instock","12":"shipping-taxable","13":"purchasable","14":"product-type-variable"},"yoast_head":"<!-- This site is optimized with the Yoast SEO plugin v27.6 - https:\/\/yoast.com\/product\/yoast-seo-wordpress\/ -->\n<title>Sweat S Levi&#039;s - Guibutik<\/title>\n<meta name=\"robots\" content=\"index, follow, max-snippet:-1, max-image-preview:large, max-video-preview:-1\" \/>\n<link rel=\"canonical\" href=\"https:\/\/www.guibutik.pt\/loja\/produto\/sweat-s-levis-5\/\" \/>\n<meta property=\"og:locale\" content=\"pt_PT\" \/>\n<meta property=\"og:type\" content=\"article\" \/>\n<meta property=\"og:title\" content=\"Sweat S Levi&#039;s - Guibutik\" \/>\n<meta property=\"og:description\" content=\"O estilo vintage encontra o aconchego. Nosso Heritage Crewneck Sweatshirt foi feito com tecido ultraconfort\u00e1vel e apresenta um ajuste padr\u00e3o f\u00e1cil com bordas caneladas. Como se encaixa Uma gola redonda de inspira\u00e7\u00e3o vintage Corte com ajuste padr\u00e3o Feito com tecido ultra aconchegante A modelo tem 5&#8217;9&#8243; com cintura de 25&#8243;. Ela est\u00e1 vestindo tamanho S. [&hellip;]\" \/>\n<meta property=\"og:url\" content=\"https:\/\/www.guibutik.pt\/loja\/produto\/sweat-s-levis-5\/\" \/>\n<meta property=\"og:site_name\" content=\"Guibutik\" \/>\n<meta property=\"article:publisher\" content=\"https:\/\/www.facebook.com\/guibutik\/\" \/>\n<meta property=\"article:modified_time\" content=\"2025-08-19T11:04:52+00:00\" \/>\n<meta property=\"og:image\" content=\"https:\/\/www.guibutik.pt\/loja\/wp-content\/uploads\/2025\/03\/A8789-0011.webp\" \/>\n\t<meta property=\"og:image:width\" content=\"860\" \/>\n\t<meta property=\"og:image:height\" content=\"945\" \/>\n\t<meta property=\"og:image:type\" content=\"image\/webp\" \/>\n<meta name=\"twitter:card\" content=\"summary_large_image\" \/>\n<meta name=\"twitter:label1\" content=\"Tempo estimado de leitura\" \/>\n\t<meta name=\"twitter:data1\" content=\"1 minuto\" \/>\n<script type=\"application\/ld+json\" class=\"yoast-schema-graph\">{\"@context\":\"https:\\\/\\\/schema.org\",\"@graph\":[{\"@type\":\"WebPage\",\"@id\":\"https:\\\/\\\/www.guibutik.pt\\\/loja\\\/produto\\\/sweat-s-levis-5\\\/\",\"url\":\"https:\\\/\\\/www.guibutik.pt\\\/loja\\\/produto\\\/sweat-s-levis-5\\\/\",\"name\":\"Sweat S Levi's - Guibutik\",\"isPartOf\":{\"@id\":\"https:\\\/\\\/www.guibutik.pt\\\/loja\\\/#website\"},\"primaryImageOfPage\":{\"@id\":\"https:\\\/\\\/www.guibutik.pt\\\/loja\\\/produto\\\/sweat-s-levis-5\\\/#primaryimage\"},\"image\":{\"@id\":\"https:\\\/\\\/www.guibutik.pt\\\/loja\\\/produto\\\/sweat-s-levis-5\\\/#primaryimage\"},\"thumbnailUrl\":\"https:\\\/\\\/www.guibutik.pt\\\/loja\\\/wp-content\\\/uploads\\\/2025\\\/03\\\/A8789-0011.webp\",\"datePublished\":\"2025-03-13T12:01:44+00:00\",\"dateModified\":\"2025-08-19T11:04:52+00:00\",\"breadcrumb\":{\"@id\":\"https:\\\/\\\/www.guibutik.pt\\\/loja\\\/produto\\\/sweat-s-levis-5\\\/#breadcrumb\"},\"inLanguage\":\"pt-PT\",\"potentialAction\":[{\"@type\":\"ReadAction\",\"target\":[\"https:\\\/\\\/www.guibutik.pt\\\/loja\\\/produto\\\/sweat-s-levis-5\\\/\"]}]},{\"@type\":\"ImageObject\",\"inLanguage\":\"pt-PT\",\"@id\":\"https:\\\/\\\/www.guibutik.pt\\\/loja\\\/produto\\\/sweat-s-levis-5\\\/#primaryimage\",\"url\":\"https:\\\/\\\/www.guibutik.pt\\\/loja\\\/wp-content\\\/uploads\\\/2025\\\/03\\\/A8789-0011.webp\",\"contentUrl\":\"https:\\\/\\\/www.guibutik.pt\\\/loja\\\/wp-content\\\/uploads\\\/2025\\\/03\\\/A8789-0011.webp\",\"width\":860,\"height\":945},{\"@type\":\"BreadcrumbList\",\"@id\":\"https:\\\/\\\/www.guibutik.pt\\\/loja\\\/produto\\\/sweat-s-levis-5\\\/#breadcrumb\",\"itemListElement\":[{\"@type\":\"ListItem\",\"position\":1,\"name\":\"In\u00edcio\",\"item\":\"https:\\\/\\\/www.guibutik.pt\\\/loja\\\/\"},{\"@type\":\"ListItem\",\"position\":2,\"name\":\"Loja\",\"item\":\"https:\\\/\\\/www.guibutik.pt\\\/loja\\\/shop\\\/\"},{\"@type\":\"ListItem\",\"position\":3,\"name\":\"Sweat S Levi&#8217;s\"}]},{\"@type\":\"WebSite\",\"@id\":\"https:\\\/\\\/www.guibutik.pt\\\/loja\\\/#website\",\"url\":\"https:\\\/\\\/www.guibutik.pt\\\/loja\\\/\",\"name\":\"Guibutik\",\"description\":\"Moda e Sapataria\",\"potentialAction\":[{\"@type\":\"SearchAction\",\"target\":{\"@type\":\"EntryPoint\",\"urlTemplate\":\"https:\\\/\\\/www.guibutik.pt\\\/loja\\\/?s={search_term_string}\"},\"query-input\":{\"@type\":\"PropertyValueSpecification\",\"valueRequired\":true,\"valueName\":\"search_term_string\"}}],\"inLanguage\":\"pt-PT\"}]}<\/script>\n<!-- \/ Yoast SEO plugin. -->","yoast_head_json":{"title":"Sweat S Levi's - Guibutik","robots":{"index":"index","follow":"follow","max-snippet":"max-snippet:-1","max-image-preview":"max-image-preview:large","max-video-preview":"max-video-preview:-1"},"canonical":"https:\/\/www.guibutik.pt\/loja\/produto\/sweat-s-levis-5\/","og_locale":"pt_PT","og_type":"article","og_title":"Sweat S Levi's - Guibutik","og_description":"O estilo vintage encontra o aconchego. Nosso Heritage Crewneck Sweatshirt foi feito com tecido ultraconfort\u00e1vel e apresenta um ajuste padr\u00e3o f\u00e1cil com bordas caneladas. Como se encaixa Uma gola redonda de inspira\u00e7\u00e3o vintage Corte com ajuste padr\u00e3o Feito com tecido ultra aconchegante A modelo tem 5&#8217;9&#8243; com cintura de 25&#8243;. Ela est\u00e1 vestindo tamanho S. [&hellip;]","og_url":"https:\/\/www.guibutik.pt\/loja\/produto\/sweat-s-levis-5\/","og_site_name":"Guibutik","article_publisher":"https:\/\/www.facebook.com\/guibutik\/","article_modified_time":"2025-08-19T11:04:52+00:00","og_image":[{"width":860,"height":945,"url":"https:\/\/www.guibutik.pt\/loja\/wp-content\/uploads\/2025\/03\/A8789-0011.webp","type":"image\/webp"}],"twitter_card":"summary_large_image","twitter_misc":{"Tempo estimado de leitura":"1 minuto"},"schema":{"@context":"https:\/\/schema.org","@graph":[{"@type":"WebPage","@id":"https:\/\/www.guibutik.pt\/loja\/produto\/sweat-s-levis-5\/","url":"https:\/\/www.guibutik.pt\/loja\/produto\/sweat-s-levis-5\/","name":"Sweat S Levi's - Guibutik","isPartOf":{"@id":"https:\/\/www.guibutik.pt\/loja\/#website"},"primaryImageOfPage":{"@id":"https:\/\/www.guibutik.pt\/loja\/produto\/sweat-s-levis-5\/#primaryimage"},"image":{"@id":"https:\/\/www.guibutik.pt\/loja\/produto\/sweat-s-levis-5\/#primaryimage"},"thumbnailUrl":"https:\/\/www.guibutik.pt\/loja\/wp-content\/uploads\/2025\/03\/A8789-0011.webp","datePublished":"2025-03-13T12:01:44+00:00","dateModified":"2025-08-19T11:04:52+00:00","breadcrumb":{"@id":"https:\/\/www.guibutik.pt\/loja\/produto\/sweat-s-levis-5\/#breadcrumb"},"inLanguage":"pt-PT","potentialAction":[{"@type":"ReadAction","target":["https:\/\/www.guibutik.pt\/loja\/produto\/sweat-s-levis-5\/"]}]},{"@type":"ImageObject","inLanguage":"pt-PT","@id":"https:\/\/www.guibutik.pt\/loja\/produto\/sweat-s-levis-5\/#primaryimage","url":"https:\/\/www.guibutik.pt\/loja\/wp-content\/uploads\/2025\/03\/A8789-0011.webp","contentUrl":"https:\/\/www.guibutik.pt\/loja\/wp-content\/uploads\/2025\/03\/A8789-0011.webp","width":860,"height":945},{"@type":"BreadcrumbList","@id":"https:\/\/www.guibutik.pt\/loja\/produto\/sweat-s-levis-5\/#breadcrumb","itemListElement":[{"@type":"ListItem","position":1,"name":"In\u00edcio","item":"https:\/\/www.guibutik.pt\/loja\/"},{"@type":"ListItem","position":2,"name":"Loja","item":"https:\/\/www.guibutik.pt\/loja\/shop\/"},{"@type":"ListItem","position":3,"name":"Sweat S Levi&#8217;s"}]},{"@type":"WebSite","@id":"https:\/\/www.guibutik.pt\/loja\/#website","url":"https:\/\/www.guibutik.pt\/loja\/","name":"Guibutik","description":"Moda e Sapataria","potentialAction":[{"@type":"SearchAction","target":{"@type":"EntryPoint","urlTemplate":"https:\/\/www.guibutik.pt\/loja\/?s={search_term_string}"},"query-input":{"@type":"PropertyValueSpecification","valueRequired":true,"valueName":"search_term_string"}}],"inLanguage":"pt-PT"}]}},"_links":{"self":[{"href":"https:\/\/www.guibutik.pt\/loja\/wp-json\/wp\/v2\/product\/69284","targetHints":{"allow":["GET"]}}],"collection":[{"href":"https:\/\/www.guibutik.pt\/loja\/wp-json\/wp\/v2\/product"}],"about":[{"href":"https:\/\/www.guibutik.pt\/loja\/wp-json\/wp\/v2\/types\/product"}],"replies":[{"embeddable":true,"href":"https:\/\/www.guibutik.pt\/loja\/wp-json\/wp\/v2\/comments?post=69284"}],"wp:featuredmedia":[{"embeddable":true,"href":"https:\/\/www.guibutik.pt\/loja\/wp-json\/wp\/v2\/media\/69299"}],"wp:attachment":[{"href":"https:\/\/www.guibutik.pt\/loja\/wp-json\/wp\/v2\/media?parent=69284"}],"wp:term":[{"taxonomy":"product_cat","embeddable":true,"href":"https:\/\/www.guibutik.pt\/loja\/wp-json\/wp\/v2\/product_cat?post=69284"},{"taxonomy":"product_tag","embeddable":true,"href":"https:\/\/www.guibutik.pt\/loja\/wp-json\/wp\/v2\/product_tag?post=69284"}],"curies":[{"name":"wp","href":"https:\/\/api.w.org\/{rel}","templated":true}]}}