{"id":68198,"date":"2025-03-06T18:42:22","date_gmt":"2025-03-06T17:42:22","guid":{"rendered":"https:\/\/www.guibutik.pt\/loja\/?post_type=product&#038;p=68198"},"modified":"2026-05-08T16:12:17","modified_gmt":"2026-05-08T15:12:17","slug":"sweat-s-levis-4","status":"publish","type":"product","link":"https:\/\/www.guibutik.pt\/loja\/produto\/sweat-s-levis-4\/","title":{"rendered":"Sweat S Levi&#8217;s"},"content":{"rendered":"<p id=\"tw-target-text\" class=\"tw-data-text tw-text-large tw-ta\" dir=\"ltr\" data-placeholder=\"Tradu\u00e7\u00e3o\" data-ved=\"2ahUKEwjTxva43YGMAxX7VPEDHUMFLsIQ3ewLegQICBAV\" aria-label=\"Texto traduzido: Um moletom confort\u00e1vel para o dia a dia \u2022 Corte com ajuste padr\u00e3o \u2022 Projetado com tecido ultraconfort\u00e1vel \u2022 Acabamento com logotipo exclusivo Levi's\u00ae Informa\u00e7\u00f5es adicionais \u2022 Lavar \u00e0 m\u00e1quina com \u00e1gua fria, n\u00e3o usar alvejante, secar em temperatura baixa, passar a ferro quente se necess\u00e1rio, lavagem a seco poss\u00edvel, lavar com cores semelhantes 58% algod\u00e3o\/42% poli\u00e9ster\"><span class=\"Y2IQFc\" lang=\"pt\">Um moletom confort\u00e1vel para o dia a dia <\/span><\/p>\n<p class=\"tw-data-text tw-text-large tw-ta\" dir=\"ltr\" data-placeholder=\"Tradu\u00e7\u00e3o\" data-ved=\"2ahUKEwjTxva43YGMAxX7VPEDHUMFLsIQ3ewLegQICBAV\" aria-label=\"Texto traduzido: Um moletom confort\u00e1vel para o dia a dia \u2022 Corte com ajuste padr\u00e3o \u2022 Projetado com tecido ultraconfort\u00e1vel \u2022 Acabamento com logotipo exclusivo Levi's\u00ae Informa\u00e7\u00f5es adicionais \u2022 Lavar \u00e0 m\u00e1quina com \u00e1gua fria, n\u00e3o usar alvejante, secar em temperatura baixa, passar a ferro quente se necess\u00e1rio, lavagem a seco poss\u00edvel, lavar com cores semelhantes 58% algod\u00e3o\/42% poli\u00e9ster\"><span class=\"Y2IQFc\" lang=\"pt\">\u2022 Corte com ajuste padr\u00e3o <\/span><\/p>\n<p class=\"tw-data-text tw-text-large tw-ta\" dir=\"ltr\" data-placeholder=\"Tradu\u00e7\u00e3o\" data-ved=\"2ahUKEwjTxva43YGMAxX7VPEDHUMFLsIQ3ewLegQICBAV\" aria-label=\"Texto traduzido: Um moletom confort\u00e1vel para o dia a dia \u2022 Corte com ajuste padr\u00e3o \u2022 Projetado com tecido ultraconfort\u00e1vel \u2022 Acabamento com logotipo exclusivo Levi's\u00ae Informa\u00e7\u00f5es adicionais \u2022 Lavar \u00e0 m\u00e1quina com \u00e1gua fria, n\u00e3o usar alvejante, secar em temperatura baixa, passar a ferro quente se necess\u00e1rio, lavagem a seco poss\u00edvel, lavar com cores semelhantes 58% algod\u00e3o\/42% poli\u00e9ster\"><span class=\"Y2IQFc\" lang=\"pt\">\u2022 Projetado com tecido ultraconfort\u00e1vel <\/span><\/p>\n<p class=\"tw-data-text tw-text-large tw-ta\" dir=\"ltr\" data-placeholder=\"Tradu\u00e7\u00e3o\" data-ved=\"2ahUKEwjTxva43YGMAxX7VPEDHUMFLsIQ3ewLegQICBAV\" aria-label=\"Texto traduzido: Um moletom confort\u00e1vel para o dia a dia \u2022 Corte com ajuste padr\u00e3o \u2022 Projetado com tecido ultraconfort\u00e1vel \u2022 Acabamento com logotipo exclusivo Levi's\u00ae Informa\u00e7\u00f5es adicionais \u2022 Lavar \u00e0 m\u00e1quina com \u00e1gua fria, n\u00e3o usar alvejante, secar em temperatura baixa, passar a ferro quente se necess\u00e1rio, lavagem a seco poss\u00edvel, lavar com cores semelhantes 58% algod\u00e3o\/42% poli\u00e9ster\"><span class=\"Y2IQFc\" lang=\"pt\">\u2022 Acabamento com logotipo exclusivo Levi&#8217;s\u00ae Informa\u00e7\u00f5es adicionais <\/span><\/p>\n<p class=\"tw-data-text tw-text-large tw-ta\" dir=\"ltr\" data-placeholder=\"Tradu\u00e7\u00e3o\" data-ved=\"2ahUKEwjTxva43YGMAxX7VPEDHUMFLsIQ3ewLegQICBAV\" aria-label=\"Texto traduzido: Um moletom confort\u00e1vel para o dia a dia \u2022 Corte com ajuste padr\u00e3o \u2022 Projetado com tecido ultraconfort\u00e1vel \u2022 Acabamento com logotipo exclusivo Levi's\u00ae Informa\u00e7\u00f5es adicionais \u2022 Lavar \u00e0 m\u00e1quina com \u00e1gua fria, n\u00e3o usar alvejante, secar em temperatura baixa, passar a ferro quente se necess\u00e1rio, lavagem a seco poss\u00edvel, lavar com cores semelhantes 58% algod\u00e3o\/42% poli\u00e9ster\"><span class=\"Y2IQFc\" lang=\"pt\">\u2022 Lavar \u00e0 m\u00e1quina com \u00e1gua fria, n\u00e3o usar alvejante, secar em temperatura baixa, passar a ferro quente se necess\u00e1rio, lavagem a seco poss\u00edvel, lavar com cores semelhantes <\/span><\/p>\n<p class=\"tw-data-text tw-text-large tw-ta\" dir=\"ltr\" data-placeholder=\"Tradu\u00e7\u00e3o\" data-ved=\"2ahUKEwjTxva43YGMAxX7VPEDHUMFLsIQ3ewLegQICBAV\" aria-label=\"Texto traduzido: Um moletom confort\u00e1vel para o dia a dia \u2022 Corte com ajuste padr\u00e3o \u2022 Projetado com tecido ultraconfort\u00e1vel \u2022 Acabamento com logotipo exclusivo Levi's\u00ae Informa\u00e7\u00f5es adicionais \u2022 Lavar \u00e0 m\u00e1quina com \u00e1gua fria, n\u00e3o usar alvejante, secar em temperatura baixa, passar a ferro quente se necess\u00e1rio, lavagem a seco poss\u00edvel, lavar com cores semelhantes 58% algod\u00e3o\/42% poli\u00e9ster\"><span class=\"Y2IQFc\" lang=\"pt\">58% algod\u00e3o\/42% poli\u00e9ster<\/span><\/p>\n","protected":false},"excerpt":{"rendered":"<p>Um moletom confort\u00e1vel para o dia a dia \u2022 Corte com ajuste padr\u00e3o \u2022 Projetado com tecido ultraconfort\u00e1vel \u2022 Acabamento com logotipo exclusivo Levi&#8217;s\u00ae Informa\u00e7\u00f5es adicionais \u2022 Lavar \u00e0 m\u00e1quina com \u00e1gua fria, n\u00e3o usar alvejante, secar em temperatura baixa, passar a ferro quente se necess\u00e1rio, lavagem a seco poss\u00edvel, lavar com cores semelhantes 58% [&hellip;]<\/p>\n","protected":false},"featured_media":68210,"comment_status":"closed","ping_status":"closed","template":"","meta":[],"product_cat":[234,222],"product_tag":[],"class_list":{"0":"post-68198","1":"product","2":"type-product","3":"status-publish","4":"has-post-thumbnail","6":"product_cat-camisolass","7":"product_cat-senhora","8":"ts_product_brand-levis","10":"first","11":"instock","12":"shipping-taxable","13":"purchasable","14":"product-type-variable"},"yoast_head":"<!-- This site is optimized with the Yoast SEO plugin v27.6 - https:\/\/yoast.com\/product\/yoast-seo-wordpress\/ -->\n<title>Sweat S Levi&#039;s - Guibutik<\/title>\n<meta name=\"robots\" content=\"index, follow, max-snippet:-1, max-image-preview:large, max-video-preview:-1\" \/>\n<link rel=\"canonical\" href=\"https:\/\/www.guibutik.pt\/loja\/produto\/sweat-s-levis-4\/\" \/>\n<meta property=\"og:locale\" content=\"pt_PT\" \/>\n<meta property=\"og:type\" content=\"article\" \/>\n<meta property=\"og:title\" content=\"Sweat S Levi&#039;s - Guibutik\" \/>\n<meta property=\"og:description\" content=\"Um moletom confort\u00e1vel para o dia a dia \u2022 Corte com ajuste padr\u00e3o \u2022 Projetado com tecido ultraconfort\u00e1vel \u2022 Acabamento com logotipo exclusivo Levi&#8217;s\u00ae Informa\u00e7\u00f5es adicionais \u2022 Lavar \u00e0 m\u00e1quina com \u00e1gua fria, n\u00e3o usar alvejante, secar em temperatura baixa, passar a ferro quente se necess\u00e1rio, lavagem a seco poss\u00edvel, lavar com cores semelhantes 58% [&hellip;]\" \/>\n<meta property=\"og:url\" content=\"https:\/\/www.guibutik.pt\/loja\/produto\/sweat-s-levis-4\/\" \/>\n<meta property=\"og:site_name\" content=\"Guibutik\" \/>\n<meta property=\"article:publisher\" content=\"https:\/\/www.facebook.com\/guibutik\/\" \/>\n<meta property=\"article:modified_time\" content=\"2026-05-08T15:12:17+00:00\" \/>\n<meta property=\"og:image\" content=\"https:\/\/www.guibutik.pt\/loja\/wp-content\/uploads\/2025\/03\/A59420048-front-pdp-scaled.jpg\" \/>\n\t<meta property=\"og:image:width\" content=\"2560\" \/>\n\t<meta property=\"og:image:height\" content=\"1441\" \/>\n\t<meta property=\"og:image:type\" content=\"image\/jpeg\" \/>\n<meta name=\"twitter:card\" content=\"summary_large_image\" \/>\n<meta name=\"twitter:label1\" content=\"Tempo estimado de leitura\" \/>\n\t<meta name=\"twitter:data1\" content=\"1 minuto\" \/>\n<script type=\"application\/ld+json\" class=\"yoast-schema-graph\">{\"@context\":\"https:\\\/\\\/schema.org\",\"@graph\":[{\"@type\":\"WebPage\",\"@id\":\"https:\\\/\\\/www.guibutik.pt\\\/loja\\\/produto\\\/sweat-s-levis-4\\\/\",\"url\":\"https:\\\/\\\/www.guibutik.pt\\\/loja\\\/produto\\\/sweat-s-levis-4\\\/\",\"name\":\"Sweat S Levi's - Guibutik\",\"isPartOf\":{\"@id\":\"https:\\\/\\\/www.guibutik.pt\\\/loja\\\/#website\"},\"primaryImageOfPage\":{\"@id\":\"https:\\\/\\\/www.guibutik.pt\\\/loja\\\/produto\\\/sweat-s-levis-4\\\/#primaryimage\"},\"image\":{\"@id\":\"https:\\\/\\\/www.guibutik.pt\\\/loja\\\/produto\\\/sweat-s-levis-4\\\/#primaryimage\"},\"thumbnailUrl\":\"https:\\\/\\\/www.guibutik.pt\\\/loja\\\/wp-content\\\/uploads\\\/2025\\\/03\\\/A59420048-front-pdp-scaled.jpg\",\"datePublished\":\"2025-03-06T17:42:22+00:00\",\"dateModified\":\"2026-05-08T15:12:17+00:00\",\"breadcrumb\":{\"@id\":\"https:\\\/\\\/www.guibutik.pt\\\/loja\\\/produto\\\/sweat-s-levis-4\\\/#breadcrumb\"},\"inLanguage\":\"pt-PT\",\"potentialAction\":[{\"@type\":\"ReadAction\",\"target\":[\"https:\\\/\\\/www.guibutik.pt\\\/loja\\\/produto\\\/sweat-s-levis-4\\\/\"]}]},{\"@type\":\"ImageObject\",\"inLanguage\":\"pt-PT\",\"@id\":\"https:\\\/\\\/www.guibutik.pt\\\/loja\\\/produto\\\/sweat-s-levis-4\\\/#primaryimage\",\"url\":\"https:\\\/\\\/www.guibutik.pt\\\/loja\\\/wp-content\\\/uploads\\\/2025\\\/03\\\/A59420048-front-pdp-scaled.jpg\",\"contentUrl\":\"https:\\\/\\\/www.guibutik.pt\\\/loja\\\/wp-content\\\/uploads\\\/2025\\\/03\\\/A59420048-front-pdp-scaled.jpg\",\"width\":2560,\"height\":1441},{\"@type\":\"BreadcrumbList\",\"@id\":\"https:\\\/\\\/www.guibutik.pt\\\/loja\\\/produto\\\/sweat-s-levis-4\\\/#breadcrumb\",\"itemListElement\":[{\"@type\":\"ListItem\",\"position\":1,\"name\":\"In\u00edcio\",\"item\":\"https:\\\/\\\/www.guibutik.pt\\\/loja\\\/\"},{\"@type\":\"ListItem\",\"position\":2,\"name\":\"Loja\",\"item\":\"https:\\\/\\\/www.guibutik.pt\\\/loja\\\/shop\\\/\"},{\"@type\":\"ListItem\",\"position\":3,\"name\":\"Sweat S Levi&#8217;s\"}]},{\"@type\":\"WebSite\",\"@id\":\"https:\\\/\\\/www.guibutik.pt\\\/loja\\\/#website\",\"url\":\"https:\\\/\\\/www.guibutik.pt\\\/loja\\\/\",\"name\":\"Guibutik\",\"description\":\"Moda e Sapataria\",\"potentialAction\":[{\"@type\":\"SearchAction\",\"target\":{\"@type\":\"EntryPoint\",\"urlTemplate\":\"https:\\\/\\\/www.guibutik.pt\\\/loja\\\/?s={search_term_string}\"},\"query-input\":{\"@type\":\"PropertyValueSpecification\",\"valueRequired\":true,\"valueName\":\"search_term_string\"}}],\"inLanguage\":\"pt-PT\"}]}<\/script>\n<!-- \/ Yoast SEO plugin. -->","yoast_head_json":{"title":"Sweat S Levi's - Guibutik","robots":{"index":"index","follow":"follow","max-snippet":"max-snippet:-1","max-image-preview":"max-image-preview:large","max-video-preview":"max-video-preview:-1"},"canonical":"https:\/\/www.guibutik.pt\/loja\/produto\/sweat-s-levis-4\/","og_locale":"pt_PT","og_type":"article","og_title":"Sweat S Levi's - Guibutik","og_description":"Um moletom confort\u00e1vel para o dia a dia \u2022 Corte com ajuste padr\u00e3o \u2022 Projetado com tecido ultraconfort\u00e1vel \u2022 Acabamento com logotipo exclusivo Levi&#8217;s\u00ae Informa\u00e7\u00f5es adicionais \u2022 Lavar \u00e0 m\u00e1quina com \u00e1gua fria, n\u00e3o usar alvejante, secar em temperatura baixa, passar a ferro quente se necess\u00e1rio, lavagem a seco poss\u00edvel, lavar com cores semelhantes 58% [&hellip;]","og_url":"https:\/\/www.guibutik.pt\/loja\/produto\/sweat-s-levis-4\/","og_site_name":"Guibutik","article_publisher":"https:\/\/www.facebook.com\/guibutik\/","article_modified_time":"2026-05-08T15:12:17+00:00","og_image":[{"width":2560,"height":1441,"url":"https:\/\/www.guibutik.pt\/loja\/wp-content\/uploads\/2025\/03\/A59420048-front-pdp-scaled.jpg","type":"image\/jpeg"}],"twitter_card":"summary_large_image","twitter_misc":{"Tempo estimado de leitura":"1 minuto"},"schema":{"@context":"https:\/\/schema.org","@graph":[{"@type":"WebPage","@id":"https:\/\/www.guibutik.pt\/loja\/produto\/sweat-s-levis-4\/","url":"https:\/\/www.guibutik.pt\/loja\/produto\/sweat-s-levis-4\/","name":"Sweat S Levi's - Guibutik","isPartOf":{"@id":"https:\/\/www.guibutik.pt\/loja\/#website"},"primaryImageOfPage":{"@id":"https:\/\/www.guibutik.pt\/loja\/produto\/sweat-s-levis-4\/#primaryimage"},"image":{"@id":"https:\/\/www.guibutik.pt\/loja\/produto\/sweat-s-levis-4\/#primaryimage"},"thumbnailUrl":"https:\/\/www.guibutik.pt\/loja\/wp-content\/uploads\/2025\/03\/A59420048-front-pdp-scaled.jpg","datePublished":"2025-03-06T17:42:22+00:00","dateModified":"2026-05-08T15:12:17+00:00","breadcrumb":{"@id":"https:\/\/www.guibutik.pt\/loja\/produto\/sweat-s-levis-4\/#breadcrumb"},"inLanguage":"pt-PT","potentialAction":[{"@type":"ReadAction","target":["https:\/\/www.guibutik.pt\/loja\/produto\/sweat-s-levis-4\/"]}]},{"@type":"ImageObject","inLanguage":"pt-PT","@id":"https:\/\/www.guibutik.pt\/loja\/produto\/sweat-s-levis-4\/#primaryimage","url":"https:\/\/www.guibutik.pt\/loja\/wp-content\/uploads\/2025\/03\/A59420048-front-pdp-scaled.jpg","contentUrl":"https:\/\/www.guibutik.pt\/loja\/wp-content\/uploads\/2025\/03\/A59420048-front-pdp-scaled.jpg","width":2560,"height":1441},{"@type":"BreadcrumbList","@id":"https:\/\/www.guibutik.pt\/loja\/produto\/sweat-s-levis-4\/#breadcrumb","itemListElement":[{"@type":"ListItem","position":1,"name":"In\u00edcio","item":"https:\/\/www.guibutik.pt\/loja\/"},{"@type":"ListItem","position":2,"name":"Loja","item":"https:\/\/www.guibutik.pt\/loja\/shop\/"},{"@type":"ListItem","position":3,"name":"Sweat S Levi&#8217;s"}]},{"@type":"WebSite","@id":"https:\/\/www.guibutik.pt\/loja\/#website","url":"https:\/\/www.guibutik.pt\/loja\/","name":"Guibutik","description":"Moda e Sapataria","potentialAction":[{"@type":"SearchAction","target":{"@type":"EntryPoint","urlTemplate":"https:\/\/www.guibutik.pt\/loja\/?s={search_term_string}"},"query-input":{"@type":"PropertyValueSpecification","valueRequired":true,"valueName":"search_term_string"}}],"inLanguage":"pt-PT"}]}},"_links":{"self":[{"href":"https:\/\/www.guibutik.pt\/loja\/wp-json\/wp\/v2\/product\/68198","targetHints":{"allow":["GET"]}}],"collection":[{"href":"https:\/\/www.guibutik.pt\/loja\/wp-json\/wp\/v2\/product"}],"about":[{"href":"https:\/\/www.guibutik.pt\/loja\/wp-json\/wp\/v2\/types\/product"}],"replies":[{"embeddable":true,"href":"https:\/\/www.guibutik.pt\/loja\/wp-json\/wp\/v2\/comments?post=68198"}],"wp:featuredmedia":[{"embeddable":true,"href":"https:\/\/www.guibutik.pt\/loja\/wp-json\/wp\/v2\/media\/68210"}],"wp:attachment":[{"href":"https:\/\/www.guibutik.pt\/loja\/wp-json\/wp\/v2\/media?parent=68198"}],"wp:term":[{"taxonomy":"product_cat","embeddable":true,"href":"https:\/\/www.guibutik.pt\/loja\/wp-json\/wp\/v2\/product_cat?post=68198"},{"taxonomy":"product_tag","embeddable":true,"href":"https:\/\/www.guibutik.pt\/loja\/wp-json\/wp\/v2\/product_tag?post=68198"}],"curies":[{"name":"wp","href":"https:\/\/api.w.org\/{rel}","templated":true}]}}