{"id":67271,"date":"2025-03-03T16:03:49","date_gmt":"2025-03-03T15:03:49","guid":{"rendered":"https:\/\/www.guibutik.pt\/loja\/?post_type=product&#038;p=67271"},"modified":"2025-03-03T16:03:49","modified_gmt":"2025-03-03T15:03:49","slug":"carteira-s-replay-7","status":"publish","type":"product","link":"https:\/\/www.guibutik.pt\/loja\/produto\/carteira-s-replay-7\/","title":{"rendered":"Carteira S Replay"},"content":{"rendered":"<p id=\"tw-target-text\" class=\"tw-data-text tw-text-large tw-ta\" dir=\"ltr\" data-placeholder=\"Tradu\u00e7\u00e3o\" data-ved=\"2ahUKEwjh_srbi9yLAxXfK_sDHUuUH7oQ3ewLegQIBxAV\" aria-label=\"Texto traduzido: Bolsa pequena de cor s\u00f3lida com fecho de correr. Este acess\u00f3rio possui bolso central para moedas com z\u00edper no interior, compartimentos laterais para notas e recibos e compartimentos para cart\u00f5es. O letreiro met\u00e1lico Replay na frente, que personifica o DNA da marca, d\u00e1 o toque final ao acess\u00f3rio. Comprimento 11 cm x Altura 8,5 cm x Largura 2 cm.\"><span class=\"Y2IQFc\" lang=\"pt\">Carteira pequena de cor s\u00f3lida com fecho de correr. <\/span><\/p>\n<p class=\"tw-data-text tw-text-large tw-ta\" dir=\"ltr\" data-placeholder=\"Tradu\u00e7\u00e3o\" data-ved=\"2ahUKEwjh_srbi9yLAxXfK_sDHUuUH7oQ3ewLegQIBxAV\" aria-label=\"Texto traduzido: Bolsa pequena de cor s\u00f3lida com fecho de correr. Este acess\u00f3rio possui bolso central para moedas com z\u00edper no interior, compartimentos laterais para notas e recibos e compartimentos para cart\u00f5es. O letreiro met\u00e1lico Replay na frente, que personifica o DNA da marca, d\u00e1 o toque final ao acess\u00f3rio. Comprimento 11 cm x Altura 8,5 cm x Largura 2 cm.\"><span class=\"Y2IQFc\" lang=\"pt\">Este acess\u00f3rio possui bolso central para moedas com z\u00edper no interior, compartimentos laterais para notas e recibos e compartimentos para cart\u00f5es. <\/span><\/p>\n<p class=\"tw-data-text tw-text-large tw-ta\" dir=\"ltr\" data-placeholder=\"Tradu\u00e7\u00e3o\" data-ved=\"2ahUKEwjh_srbi9yLAxXfK_sDHUuUH7oQ3ewLegQIBxAV\" aria-label=\"Texto traduzido: Bolsa pequena de cor s\u00f3lida com fecho de correr. Este acess\u00f3rio possui bolso central para moedas com z\u00edper no interior, compartimentos laterais para notas e recibos e compartimentos para cart\u00f5es. O letreiro met\u00e1lico Replay na frente, que personifica o DNA da marca, d\u00e1 o toque final ao acess\u00f3rio. Comprimento 11 cm x Altura 8,5 cm x Largura 2 cm.\"><span class=\"Y2IQFc\" lang=\"pt\">O letreiro met\u00e1lico Replay na frente, que personifica o DNA da marca, d\u00e1 o toque final ao acess\u00f3rio. Comprimento 11 cm x Altura 8,5 cm x Largura 2 cm.<\/span><\/p>\n","protected":false},"excerpt":{"rendered":"<p>Carteira pequena de cor s\u00f3lida com fecho de correr. Este acess\u00f3rio possui bolso central para moedas com z\u00edper no interior, compartimentos laterais para notas e recibos e compartimentos para cart\u00f5es. O letreiro met\u00e1lico Replay na frente, que personifica o DNA da marca, d\u00e1 o toque final ao acess\u00f3rio. Comprimento 11 cm x Altura 8,5 cm [&hellip;]<\/p>\n","protected":false},"featured_media":67274,"comment_status":"closed","ping_status":"closed","template":"","meta":[],"product_cat":[232,303],"product_tag":[],"class_list":{"0":"post-67271","1":"product","2":"type-product","3":"status-publish","4":"has-post-thumbnail","6":"product_cat-acessorios","7":"product_cat-carteiras-e-porta-moedas","8":"ts_product_brand-replay","10":"first","11":"instock","12":"shipping-taxable","13":"purchasable","14":"product-type-simple"},"yoast_head":"<!-- This site is optimized with the Yoast SEO plugin v27.4 - https:\/\/yoast.com\/product\/yoast-seo-wordpress\/ -->\n<title>Carteira S Replay - Guibutik<\/title>\n<meta name=\"robots\" content=\"index, follow, max-snippet:-1, max-image-preview:large, max-video-preview:-1\" \/>\n<link rel=\"canonical\" href=\"https:\/\/www.guibutik.pt\/loja\/produto\/carteira-s-replay-7\/\" \/>\n<meta property=\"og:locale\" content=\"pt_PT\" \/>\n<meta property=\"og:type\" content=\"article\" \/>\n<meta property=\"og:title\" content=\"Carteira S Replay - Guibutik\" \/>\n<meta property=\"og:description\" content=\"Carteira pequena de cor s\u00f3lida com fecho de correr. Este acess\u00f3rio possui bolso central para moedas com z\u00edper no interior, compartimentos laterais para notas e recibos e compartimentos para cart\u00f5es. O letreiro met\u00e1lico Replay na frente, que personifica o DNA da marca, d\u00e1 o toque final ao acess\u00f3rio. Comprimento 11 cm x Altura 8,5 cm [&hellip;]\" \/>\n<meta property=\"og:url\" content=\"https:\/\/www.guibutik.pt\/loja\/produto\/carteira-s-replay-7\/\" \/>\n<meta property=\"og:site_name\" content=\"Guibutik\" \/>\n<meta property=\"article:publisher\" content=\"https:\/\/www.facebook.com\/guibutik\/\" \/>\n<meta property=\"og:image\" content=\"https:\/\/www.guibutik.pt\/loja\/wp-content\/uploads\/2025\/02\/FW5342.000.A0500D.0104-1.jpg\" \/>\n\t<meta property=\"og:image:width\" content=\"592\" \/>\n\t<meta property=\"og:image:height\" content=\"592\" \/>\n\t<meta property=\"og:image:type\" content=\"image\/jpeg\" \/>\n<meta name=\"twitter:card\" content=\"summary_large_image\" \/>\n<meta name=\"twitter:label1\" content=\"Tempo estimado de leitura\" \/>\n\t<meta name=\"twitter:data1\" content=\"1 minuto\" \/>\n<script type=\"application\/ld+json\" class=\"yoast-schema-graph\">{\"@context\":\"https:\\\/\\\/schema.org\",\"@graph\":[{\"@type\":\"WebPage\",\"@id\":\"https:\\\/\\\/www.guibutik.pt\\\/loja\\\/produto\\\/carteira-s-replay-7\\\/\",\"url\":\"https:\\\/\\\/www.guibutik.pt\\\/loja\\\/produto\\\/carteira-s-replay-7\\\/\",\"name\":\"Carteira S Replay - Guibutik\",\"isPartOf\":{\"@id\":\"https:\\\/\\\/www.guibutik.pt\\\/loja\\\/#website\"},\"primaryImageOfPage\":{\"@id\":\"https:\\\/\\\/www.guibutik.pt\\\/loja\\\/produto\\\/carteira-s-replay-7\\\/#primaryimage\"},\"image\":{\"@id\":\"https:\\\/\\\/www.guibutik.pt\\\/loja\\\/produto\\\/carteira-s-replay-7\\\/#primaryimage\"},\"thumbnailUrl\":\"https:\\\/\\\/www.guibutik.pt\\\/loja\\\/wp-content\\\/uploads\\\/2025\\\/02\\\/FW5342.000.A0500D.0104-1.jpg\",\"datePublished\":\"2025-03-03T15:03:49+00:00\",\"breadcrumb\":{\"@id\":\"https:\\\/\\\/www.guibutik.pt\\\/loja\\\/produto\\\/carteira-s-replay-7\\\/#breadcrumb\"},\"inLanguage\":\"pt-PT\",\"potentialAction\":[{\"@type\":\"ReadAction\",\"target\":[\"https:\\\/\\\/www.guibutik.pt\\\/loja\\\/produto\\\/carteira-s-replay-7\\\/\"]}]},{\"@type\":\"ImageObject\",\"inLanguage\":\"pt-PT\",\"@id\":\"https:\\\/\\\/www.guibutik.pt\\\/loja\\\/produto\\\/carteira-s-replay-7\\\/#primaryimage\",\"url\":\"https:\\\/\\\/www.guibutik.pt\\\/loja\\\/wp-content\\\/uploads\\\/2025\\\/02\\\/FW5342.000.A0500D.0104-1.jpg\",\"contentUrl\":\"https:\\\/\\\/www.guibutik.pt\\\/loja\\\/wp-content\\\/uploads\\\/2025\\\/02\\\/FW5342.000.A0500D.0104-1.jpg\",\"width\":592,\"height\":592},{\"@type\":\"BreadcrumbList\",\"@id\":\"https:\\\/\\\/www.guibutik.pt\\\/loja\\\/produto\\\/carteira-s-replay-7\\\/#breadcrumb\",\"itemListElement\":[{\"@type\":\"ListItem\",\"position\":1,\"name\":\"In\u00edcio\",\"item\":\"https:\\\/\\\/www.guibutik.pt\\\/loja\\\/\"},{\"@type\":\"ListItem\",\"position\":2,\"name\":\"Loja\",\"item\":\"https:\\\/\\\/www.guibutik.pt\\\/loja\\\/shop\\\/\"},{\"@type\":\"ListItem\",\"position\":3,\"name\":\"Carteira S Replay\"}]},{\"@type\":\"WebSite\",\"@id\":\"https:\\\/\\\/www.guibutik.pt\\\/loja\\\/#website\",\"url\":\"https:\\\/\\\/www.guibutik.pt\\\/loja\\\/\",\"name\":\"Guibutik\",\"description\":\"Moda e Sapataria\",\"potentialAction\":[{\"@type\":\"SearchAction\",\"target\":{\"@type\":\"EntryPoint\",\"urlTemplate\":\"https:\\\/\\\/www.guibutik.pt\\\/loja\\\/?s={search_term_string}\"},\"query-input\":{\"@type\":\"PropertyValueSpecification\",\"valueRequired\":true,\"valueName\":\"search_term_string\"}}],\"inLanguage\":\"pt-PT\"}]}<\/script>\n<!-- \/ Yoast SEO plugin. -->","yoast_head_json":{"title":"Carteira S Replay - Guibutik","robots":{"index":"index","follow":"follow","max-snippet":"max-snippet:-1","max-image-preview":"max-image-preview:large","max-video-preview":"max-video-preview:-1"},"canonical":"https:\/\/www.guibutik.pt\/loja\/produto\/carteira-s-replay-7\/","og_locale":"pt_PT","og_type":"article","og_title":"Carteira S Replay - Guibutik","og_description":"Carteira pequena de cor s\u00f3lida com fecho de correr. Este acess\u00f3rio possui bolso central para moedas com z\u00edper no interior, compartimentos laterais para notas e recibos e compartimentos para cart\u00f5es. O letreiro met\u00e1lico Replay na frente, que personifica o DNA da marca, d\u00e1 o toque final ao acess\u00f3rio. Comprimento 11 cm x Altura 8,5 cm [&hellip;]","og_url":"https:\/\/www.guibutik.pt\/loja\/produto\/carteira-s-replay-7\/","og_site_name":"Guibutik","article_publisher":"https:\/\/www.facebook.com\/guibutik\/","og_image":[{"width":592,"height":592,"url":"https:\/\/www.guibutik.pt\/loja\/wp-content\/uploads\/2025\/02\/FW5342.000.A0500D.0104-1.jpg","type":"image\/jpeg"}],"twitter_card":"summary_large_image","twitter_misc":{"Tempo estimado de leitura":"1 minuto"},"schema":{"@context":"https:\/\/schema.org","@graph":[{"@type":"WebPage","@id":"https:\/\/www.guibutik.pt\/loja\/produto\/carteira-s-replay-7\/","url":"https:\/\/www.guibutik.pt\/loja\/produto\/carteira-s-replay-7\/","name":"Carteira S Replay - Guibutik","isPartOf":{"@id":"https:\/\/www.guibutik.pt\/loja\/#website"},"primaryImageOfPage":{"@id":"https:\/\/www.guibutik.pt\/loja\/produto\/carteira-s-replay-7\/#primaryimage"},"image":{"@id":"https:\/\/www.guibutik.pt\/loja\/produto\/carteira-s-replay-7\/#primaryimage"},"thumbnailUrl":"https:\/\/www.guibutik.pt\/loja\/wp-content\/uploads\/2025\/02\/FW5342.000.A0500D.0104-1.jpg","datePublished":"2025-03-03T15:03:49+00:00","breadcrumb":{"@id":"https:\/\/www.guibutik.pt\/loja\/produto\/carteira-s-replay-7\/#breadcrumb"},"inLanguage":"pt-PT","potentialAction":[{"@type":"ReadAction","target":["https:\/\/www.guibutik.pt\/loja\/produto\/carteira-s-replay-7\/"]}]},{"@type":"ImageObject","inLanguage":"pt-PT","@id":"https:\/\/www.guibutik.pt\/loja\/produto\/carteira-s-replay-7\/#primaryimage","url":"https:\/\/www.guibutik.pt\/loja\/wp-content\/uploads\/2025\/02\/FW5342.000.A0500D.0104-1.jpg","contentUrl":"https:\/\/www.guibutik.pt\/loja\/wp-content\/uploads\/2025\/02\/FW5342.000.A0500D.0104-1.jpg","width":592,"height":592},{"@type":"BreadcrumbList","@id":"https:\/\/www.guibutik.pt\/loja\/produto\/carteira-s-replay-7\/#breadcrumb","itemListElement":[{"@type":"ListItem","position":1,"name":"In\u00edcio","item":"https:\/\/www.guibutik.pt\/loja\/"},{"@type":"ListItem","position":2,"name":"Loja","item":"https:\/\/www.guibutik.pt\/loja\/shop\/"},{"@type":"ListItem","position":3,"name":"Carteira S Replay"}]},{"@type":"WebSite","@id":"https:\/\/www.guibutik.pt\/loja\/#website","url":"https:\/\/www.guibutik.pt\/loja\/","name":"Guibutik","description":"Moda e Sapataria","potentialAction":[{"@type":"SearchAction","target":{"@type":"EntryPoint","urlTemplate":"https:\/\/www.guibutik.pt\/loja\/?s={search_term_string}"},"query-input":{"@type":"PropertyValueSpecification","valueRequired":true,"valueName":"search_term_string"}}],"inLanguage":"pt-PT"}]}},"_links":{"self":[{"href":"https:\/\/www.guibutik.pt\/loja\/wp-json\/wp\/v2\/product\/67271","targetHints":{"allow":["GET"]}}],"collection":[{"href":"https:\/\/www.guibutik.pt\/loja\/wp-json\/wp\/v2\/product"}],"about":[{"href":"https:\/\/www.guibutik.pt\/loja\/wp-json\/wp\/v2\/types\/product"}],"replies":[{"embeddable":true,"href":"https:\/\/www.guibutik.pt\/loja\/wp-json\/wp\/v2\/comments?post=67271"}],"wp:featuredmedia":[{"embeddable":true,"href":"https:\/\/www.guibutik.pt\/loja\/wp-json\/wp\/v2\/media\/67274"}],"wp:attachment":[{"href":"https:\/\/www.guibutik.pt\/loja\/wp-json\/wp\/v2\/media?parent=67271"}],"wp:term":[{"taxonomy":"product_cat","embeddable":true,"href":"https:\/\/www.guibutik.pt\/loja\/wp-json\/wp\/v2\/product_cat?post=67271"},{"taxonomy":"product_tag","embeddable":true,"href":"https:\/\/www.guibutik.pt\/loja\/wp-json\/wp\/v2\/product_tag?post=67271"}],"curies":[{"name":"wp","href":"https:\/\/api.w.org\/{rel}","templated":true}]}}