{"id":65879,"date":"2024-10-29T19:27:50","date_gmt":"2024-10-29T18:27:50","guid":{"rendered":"https:\/\/www.guibutik.pt\/loja\/?post_type=product&#038;p=65879"},"modified":"2026-02-24T18:24:32","modified_gmt":"2026-02-24T17:24:32","slug":"protetor-timberland","status":"publish","type":"product","link":"https:\/\/www.guibutik.pt\/loja\/produto\/protetor-timberland\/","title":{"rendered":"Protetor Timberland"},"content":{"rendered":"<p><button class=\"Collapsible__Button Heading u-h6\" data-action=\"toggle-collapsible\" aria-expanded=\"true\">Descri\u00e7\u00e3o do Produto<\/button><\/p>\n<div class=\"Collapsible__Inner\">\n<div class=\"Collapsible__Content\">\n<div class=\"Rte\">\n<p id=\"drawer_description_content_long_description\" class=\"desc-container desc-container-js\">Este spray de b\u00e1lsamo ajuda a proteger algod\u00e3o, poli\u00e9ster, lona, pele, camur\u00e7a, nobuck, nylon e tecido contra \u00e1gua e manchas sem afetar a respirabilidade do material. Este produto de cuidado \u00e9 seguro para utiliza\u00e7\u00e3o na maioria do cal\u00e7ado, vestu\u00e1rio e acess\u00f3rios, mas n\u00e3o deve ser utilizado apenas em produtos de limpeza a seco.<\/p>\n<div id=\"drawer_description_content_additional_description\" class=\"drawer-description-content-list-js\" data-list-content=\"Ajuda a proteger algod\u00e3o, poli\u00e9ster, lona, pele, camur\u00e7a, nobuck, nylon e tecido | N\u00e3o afeta a respirabilidade do material em que \u00e9 usado | Ideal para a maior parte do cal\u00e7ado, vestu\u00e1rio e acess\u00f3rios | N\u00e3o utilizar com produtos marcados com &quot;Apenas lavagem a seco&quot; | Tamanho: 177 ml (6fl. oz.)\">\n<ul>\n<li>Ajuda a proteger algod\u00e3o, poli\u00e9ster, lona, pele, camur\u00e7a, nobuck, nylon e tecido<\/li>\n<li>N\u00e3o afeta a respirabilidade do material em que \u00e9 usado<\/li>\n<li>Ideal para a maior parte do cal\u00e7ado, vestu\u00e1rio e acess\u00f3rios<\/li>\n<li>N\u00e3o utilizar com produtos marcados com &#8220;Apenas lavagem a seco&#8221;<\/li>\n<li>Tamanho: 177 ml (6fl. oz.)<\/li>\n<\/ul>\n<\/div>\n<\/div>\n<\/div>\n<\/div>\n","protected":false},"excerpt":{"rendered":"<p>Descri\u00e7\u00e3o do Produto Este spray de b\u00e1lsamo ajuda a proteger algod\u00e3o, poli\u00e9ster, lona, pele, camur\u00e7a, nobuck, nylon e tecido contra \u00e1gua e manchas sem afetar a respirabilidade do material. Este produto de cuidado \u00e9 seguro para utiliza\u00e7\u00e3o na maioria do cal\u00e7ado, vestu\u00e1rio e acess\u00f3rios, mas n\u00e3o deve ser utilizado apenas em produtos de limpeza a [&hellip;]<\/p>\n","protected":false},"featured_media":65889,"comment_status":"closed","ping_status":"closed","template":"","meta":[],"product_cat":[232],"product_tag":[],"class_list":{"0":"post-65879","1":"product","2":"type-product","3":"status-publish","4":"has-post-thumbnail","6":"product_cat-acessorios","7":"ts_product_brand-timberland","9":"first","10":"instock","11":"shipping-taxable","12":"purchasable","13":"product-type-simple"},"yoast_head":"<!-- This site is optimized with the Yoast SEO plugin v27.6 - https:\/\/yoast.com\/product\/yoast-seo-wordpress\/ -->\n<title>Protetor Timberland - Guibutik<\/title>\n<meta name=\"robots\" content=\"index, follow, max-snippet:-1, max-image-preview:large, max-video-preview:-1\" \/>\n<link rel=\"canonical\" href=\"https:\/\/www.guibutik.pt\/loja\/produto\/protetor-timberland\/\" \/>\n<meta property=\"og:locale\" content=\"pt_PT\" \/>\n<meta property=\"og:type\" content=\"article\" \/>\n<meta property=\"og:title\" content=\"Protetor Timberland - Guibutik\" \/>\n<meta property=\"og:description\" content=\"Descri\u00e7\u00e3o do Produto Este spray de b\u00e1lsamo ajuda a proteger algod\u00e3o, poli\u00e9ster, lona, pele, camur\u00e7a, nobuck, nylon e tecido contra \u00e1gua e manchas sem afetar a respirabilidade do material. Este produto de cuidado \u00e9 seguro para utiliza\u00e7\u00e3o na maioria do cal\u00e7ado, vestu\u00e1rio e acess\u00f3rios, mas n\u00e3o deve ser utilizado apenas em produtos de limpeza a [&hellip;]\" \/>\n<meta property=\"og:url\" content=\"https:\/\/www.guibutik.pt\/loja\/produto\/protetor-timberland\/\" \/>\n<meta property=\"og:site_name\" content=\"Guibutik\" \/>\n<meta property=\"article:publisher\" content=\"https:\/\/www.facebook.com\/guibutik\/\" \/>\n<meta property=\"article:modified_time\" content=\"2026-02-24T17:24:32+00:00\" \/>\n<meta property=\"og:image\" content=\"https:\/\/www.guibutik.pt\/loja\/wp-content\/uploads\/2024\/10\/A2JYR000.jpg\" \/>\n\t<meta property=\"og:image:width\" content=\"720\" \/>\n\t<meta property=\"og:image:height\" content=\"720\" \/>\n\t<meta property=\"og:image:type\" content=\"image\/jpeg\" \/>\n<meta name=\"twitter:card\" content=\"summary_large_image\" \/>\n<meta name=\"twitter:label1\" content=\"Tempo estimado de leitura\" \/>\n\t<meta name=\"twitter:data1\" content=\"1 minuto\" \/>\n<script type=\"application\/ld+json\" class=\"yoast-schema-graph\">{\"@context\":\"https:\\\/\\\/schema.org\",\"@graph\":[{\"@type\":\"WebPage\",\"@id\":\"https:\\\/\\\/www.guibutik.pt\\\/loja\\\/produto\\\/protetor-timberland\\\/\",\"url\":\"https:\\\/\\\/www.guibutik.pt\\\/loja\\\/produto\\\/protetor-timberland\\\/\",\"name\":\"Protetor Timberland - Guibutik\",\"isPartOf\":{\"@id\":\"https:\\\/\\\/www.guibutik.pt\\\/loja\\\/#website\"},\"primaryImageOfPage\":{\"@id\":\"https:\\\/\\\/www.guibutik.pt\\\/loja\\\/produto\\\/protetor-timberland\\\/#primaryimage\"},\"image\":{\"@id\":\"https:\\\/\\\/www.guibutik.pt\\\/loja\\\/produto\\\/protetor-timberland\\\/#primaryimage\"},\"thumbnailUrl\":\"https:\\\/\\\/www.guibutik.pt\\\/loja\\\/wp-content\\\/uploads\\\/2024\\\/10\\\/A2JYR000.jpg\",\"datePublished\":\"2024-10-29T18:27:50+00:00\",\"dateModified\":\"2026-02-24T17:24:32+00:00\",\"breadcrumb\":{\"@id\":\"https:\\\/\\\/www.guibutik.pt\\\/loja\\\/produto\\\/protetor-timberland\\\/#breadcrumb\"},\"inLanguage\":\"pt-PT\",\"potentialAction\":[{\"@type\":\"ReadAction\",\"target\":[\"https:\\\/\\\/www.guibutik.pt\\\/loja\\\/produto\\\/protetor-timberland\\\/\"]}]},{\"@type\":\"ImageObject\",\"inLanguage\":\"pt-PT\",\"@id\":\"https:\\\/\\\/www.guibutik.pt\\\/loja\\\/produto\\\/protetor-timberland\\\/#primaryimage\",\"url\":\"https:\\\/\\\/www.guibutik.pt\\\/loja\\\/wp-content\\\/uploads\\\/2024\\\/10\\\/A2JYR000.jpg\",\"contentUrl\":\"https:\\\/\\\/www.guibutik.pt\\\/loja\\\/wp-content\\\/uploads\\\/2024\\\/10\\\/A2JYR000.jpg\",\"width\":720,\"height\":720},{\"@type\":\"BreadcrumbList\",\"@id\":\"https:\\\/\\\/www.guibutik.pt\\\/loja\\\/produto\\\/protetor-timberland\\\/#breadcrumb\",\"itemListElement\":[{\"@type\":\"ListItem\",\"position\":1,\"name\":\"In\u00edcio\",\"item\":\"https:\\\/\\\/www.guibutik.pt\\\/loja\\\/\"},{\"@type\":\"ListItem\",\"position\":2,\"name\":\"Loja\",\"item\":\"https:\\\/\\\/www.guibutik.pt\\\/loja\\\/shop\\\/\"},{\"@type\":\"ListItem\",\"position\":3,\"name\":\"Protetor Timberland\"}]},{\"@type\":\"WebSite\",\"@id\":\"https:\\\/\\\/www.guibutik.pt\\\/loja\\\/#website\",\"url\":\"https:\\\/\\\/www.guibutik.pt\\\/loja\\\/\",\"name\":\"Guibutik\",\"description\":\"Moda e Sapataria\",\"potentialAction\":[{\"@type\":\"SearchAction\",\"target\":{\"@type\":\"EntryPoint\",\"urlTemplate\":\"https:\\\/\\\/www.guibutik.pt\\\/loja\\\/?s={search_term_string}\"},\"query-input\":{\"@type\":\"PropertyValueSpecification\",\"valueRequired\":true,\"valueName\":\"search_term_string\"}}],\"inLanguage\":\"pt-PT\"}]}<\/script>\n<!-- \/ Yoast SEO plugin. -->","yoast_head_json":{"title":"Protetor Timberland - Guibutik","robots":{"index":"index","follow":"follow","max-snippet":"max-snippet:-1","max-image-preview":"max-image-preview:large","max-video-preview":"max-video-preview:-1"},"canonical":"https:\/\/www.guibutik.pt\/loja\/produto\/protetor-timberland\/","og_locale":"pt_PT","og_type":"article","og_title":"Protetor Timberland - Guibutik","og_description":"Descri\u00e7\u00e3o do Produto Este spray de b\u00e1lsamo ajuda a proteger algod\u00e3o, poli\u00e9ster, lona, pele, camur\u00e7a, nobuck, nylon e tecido contra \u00e1gua e manchas sem afetar a respirabilidade do material. Este produto de cuidado \u00e9 seguro para utiliza\u00e7\u00e3o na maioria do cal\u00e7ado, vestu\u00e1rio e acess\u00f3rios, mas n\u00e3o deve ser utilizado apenas em produtos de limpeza a [&hellip;]","og_url":"https:\/\/www.guibutik.pt\/loja\/produto\/protetor-timberland\/","og_site_name":"Guibutik","article_publisher":"https:\/\/www.facebook.com\/guibutik\/","article_modified_time":"2026-02-24T17:24:32+00:00","og_image":[{"width":720,"height":720,"url":"https:\/\/www.guibutik.pt\/loja\/wp-content\/uploads\/2024\/10\/A2JYR000.jpg","type":"image\/jpeg"}],"twitter_card":"summary_large_image","twitter_misc":{"Tempo estimado de leitura":"1 minuto"},"schema":{"@context":"https:\/\/schema.org","@graph":[{"@type":"WebPage","@id":"https:\/\/www.guibutik.pt\/loja\/produto\/protetor-timberland\/","url":"https:\/\/www.guibutik.pt\/loja\/produto\/protetor-timberland\/","name":"Protetor Timberland - Guibutik","isPartOf":{"@id":"https:\/\/www.guibutik.pt\/loja\/#website"},"primaryImageOfPage":{"@id":"https:\/\/www.guibutik.pt\/loja\/produto\/protetor-timberland\/#primaryimage"},"image":{"@id":"https:\/\/www.guibutik.pt\/loja\/produto\/protetor-timberland\/#primaryimage"},"thumbnailUrl":"https:\/\/www.guibutik.pt\/loja\/wp-content\/uploads\/2024\/10\/A2JYR000.jpg","datePublished":"2024-10-29T18:27:50+00:00","dateModified":"2026-02-24T17:24:32+00:00","breadcrumb":{"@id":"https:\/\/www.guibutik.pt\/loja\/produto\/protetor-timberland\/#breadcrumb"},"inLanguage":"pt-PT","potentialAction":[{"@type":"ReadAction","target":["https:\/\/www.guibutik.pt\/loja\/produto\/protetor-timberland\/"]}]},{"@type":"ImageObject","inLanguage":"pt-PT","@id":"https:\/\/www.guibutik.pt\/loja\/produto\/protetor-timberland\/#primaryimage","url":"https:\/\/www.guibutik.pt\/loja\/wp-content\/uploads\/2024\/10\/A2JYR000.jpg","contentUrl":"https:\/\/www.guibutik.pt\/loja\/wp-content\/uploads\/2024\/10\/A2JYR000.jpg","width":720,"height":720},{"@type":"BreadcrumbList","@id":"https:\/\/www.guibutik.pt\/loja\/produto\/protetor-timberland\/#breadcrumb","itemListElement":[{"@type":"ListItem","position":1,"name":"In\u00edcio","item":"https:\/\/www.guibutik.pt\/loja\/"},{"@type":"ListItem","position":2,"name":"Loja","item":"https:\/\/www.guibutik.pt\/loja\/shop\/"},{"@type":"ListItem","position":3,"name":"Protetor Timberland"}]},{"@type":"WebSite","@id":"https:\/\/www.guibutik.pt\/loja\/#website","url":"https:\/\/www.guibutik.pt\/loja\/","name":"Guibutik","description":"Moda e Sapataria","potentialAction":[{"@type":"SearchAction","target":{"@type":"EntryPoint","urlTemplate":"https:\/\/www.guibutik.pt\/loja\/?s={search_term_string}"},"query-input":{"@type":"PropertyValueSpecification","valueRequired":true,"valueName":"search_term_string"}}],"inLanguage":"pt-PT"}]}},"_links":{"self":[{"href":"https:\/\/www.guibutik.pt\/loja\/wp-json\/wp\/v2\/product\/65879","targetHints":{"allow":["GET"]}}],"collection":[{"href":"https:\/\/www.guibutik.pt\/loja\/wp-json\/wp\/v2\/product"}],"about":[{"href":"https:\/\/www.guibutik.pt\/loja\/wp-json\/wp\/v2\/types\/product"}],"replies":[{"embeddable":true,"href":"https:\/\/www.guibutik.pt\/loja\/wp-json\/wp\/v2\/comments?post=65879"}],"wp:featuredmedia":[{"embeddable":true,"href":"https:\/\/www.guibutik.pt\/loja\/wp-json\/wp\/v2\/media\/65889"}],"wp:attachment":[{"href":"https:\/\/www.guibutik.pt\/loja\/wp-json\/wp\/v2\/media?parent=65879"}],"wp:term":[{"taxonomy":"product_cat","embeddable":true,"href":"https:\/\/www.guibutik.pt\/loja\/wp-json\/wp\/v2\/product_cat?post=65879"},{"taxonomy":"product_tag","embeddable":true,"href":"https:\/\/www.guibutik.pt\/loja\/wp-json\/wp\/v2\/product_tag?post=65879"}],"curies":[{"name":"wp","href":"https:\/\/api.w.org\/{rel}","templated":true}]}}