{"id":64859,"date":"2024-10-02T10:50:28","date_gmt":"2024-10-02T09:50:28","guid":{"rendered":"https:\/\/www.guibutik.pt\/loja\/?post_type=product&#038;p=64859"},"modified":"2025-12-22T20:54:23","modified_gmt":"2025-12-22T19:54:23","slug":"calca-h-dockers-4","status":"publish","type":"product","link":"https:\/\/www.guibutik.pt\/loja\/produto\/calca-h-dockers-4\/","title":{"rendered":"Cal\u00e7a H Dockers"},"content":{"rendered":"<p>Dockers\u00ae Originals: Uma cole\u00e7\u00e3o dos estilos mais quintessenciais. Esses produtos atemporais, modernos e incrivelmente confort\u00e1veis \u200b\u200bapresentam os ajustes e detalhes que amamos acima de tudo.<\/p>\n<p>Nosso Original Chino \u00e9 o chino casual ideal \u2014 e garantimos isso ao nos debru\u00e7armos sobre cada detalhe. Simplificamos seu estilo, ajustamos seu ajuste para cair ainda melhor e finalizamos com uma mistura de elementos inspirados em algumas de nossas cal\u00e7as favoritas de nossos arquivos.<\/p>\n<p>Uma cal\u00e7a com a mistura perfeita de estilo, ajuste e detalhes para durar por d\u00e9cadas<\/p>\n<ul>\n<li><b>Nosso produto da mais alta qualidade. Feito para o estilo. Constru\u00eddo para durar. Projetado na Calif\u00f3rnia.<\/b><\/li>\n<li>Ajuste fino<\/li>\n<li>Nosso ajuste fino \u00e9 na medida certa, com uma abertura fina nas pernas<\/li>\n<li>Alongue-se para maior conforto<\/li>\n<li>Fizemos esta pe\u00e7a com 20% de algod\u00e3o reciclado<\/li>\n<li>Tirolesa<\/li>\n<li>Estilo: A48620023<\/li>\n<li>Filhote<\/li>\n<li>Pa\u00eds de origem: China<\/li>\n<\/ul>\n","protected":false},"excerpt":{"rendered":"<p>Dockers\u00ae Originals: Uma cole\u00e7\u00e3o dos estilos mais quintessenciais. Esses produtos atemporais, modernos e incrivelmente confort\u00e1veis \u200b\u200bapresentam os ajustes e detalhes que amamos acima de tudo. Nosso Original Chino \u00e9 o chino casual ideal \u2014 e garantimos isso ao nos debru\u00e7armos sobre cada detalhe. Simplificamos seu estilo, ajustamos seu ajuste para cair ainda melhor e finalizamos [&hellip;]<\/p>\n","protected":false},"featured_media":64895,"comment_status":"closed","ping_status":"closed","template":"","meta":[],"product_cat":[298,221],"product_tag":[],"class_list":{"0":"post-64859","1":"product","2":"type-product","3":"status-publish","4":"has-post-thumbnail","6":"product_cat-calcas","7":"product_cat-homem","8":"ts_product_brand-dockers","10":"first","11":"instock","12":"shipping-taxable","13":"purchasable","14":"product-type-variable"},"yoast_head":"<!-- This site is optimized with the Yoast SEO plugin v27.5 - https:\/\/yoast.com\/product\/yoast-seo-wordpress\/ -->\n<title>Cal\u00e7a H Dockers - Guibutik<\/title>\n<meta name=\"robots\" content=\"index, follow, max-snippet:-1, max-image-preview:large, max-video-preview:-1\" \/>\n<link rel=\"canonical\" href=\"https:\/\/www.guibutik.pt\/loja\/produto\/calca-h-dockers-4\/\" \/>\n<meta property=\"og:locale\" content=\"pt_PT\" \/>\n<meta property=\"og:type\" content=\"article\" \/>\n<meta property=\"og:title\" content=\"Cal\u00e7a H Dockers - Guibutik\" \/>\n<meta property=\"og:description\" content=\"Dockers\u00ae Originals: Uma cole\u00e7\u00e3o dos estilos mais quintessenciais. Esses produtos atemporais, modernos e incrivelmente confort\u00e1veis \u200b\u200bapresentam os ajustes e detalhes que amamos acima de tudo. Nosso Original Chino \u00e9 o chino casual ideal \u2014 e garantimos isso ao nos debru\u00e7armos sobre cada detalhe. Simplificamos seu estilo, ajustamos seu ajuste para cair ainda melhor e finalizamos [&hellip;]\" \/>\n<meta property=\"og:url\" content=\"https:\/\/www.guibutik.pt\/loja\/produto\/calca-h-dockers-4\/\" \/>\n<meta property=\"og:site_name\" content=\"Guibutik\" \/>\n<meta property=\"article:publisher\" content=\"https:\/\/www.facebook.com\/guibutik\/\" \/>\n<meta property=\"article:modified_time\" content=\"2025-12-22T19:54:23+00:00\" \/>\n<meta property=\"og:image\" content=\"https:\/\/www.guibutik.pt\/loja\/wp-content\/uploads\/2024\/10\/A4862-0023.webp\" \/>\n\t<meta property=\"og:image:width\" content=\"360\" \/>\n\t<meta property=\"og:image:height\" content=\"450\" \/>\n\t<meta property=\"og:image:type\" content=\"image\/webp\" \/>\n<meta name=\"twitter:card\" content=\"summary_large_image\" \/>\n<meta name=\"twitter:label1\" content=\"Tempo estimado de leitura\" \/>\n\t<meta name=\"twitter:data1\" content=\"1 minuto\" \/>\n<script type=\"application\/ld+json\" class=\"yoast-schema-graph\">{\"@context\":\"https:\\\/\\\/schema.org\",\"@graph\":[{\"@type\":\"WebPage\",\"@id\":\"https:\\\/\\\/www.guibutik.pt\\\/loja\\\/produto\\\/calca-h-dockers-4\\\/\",\"url\":\"https:\\\/\\\/www.guibutik.pt\\\/loja\\\/produto\\\/calca-h-dockers-4\\\/\",\"name\":\"Cal\u00e7a H Dockers - Guibutik\",\"isPartOf\":{\"@id\":\"https:\\\/\\\/www.guibutik.pt\\\/loja\\\/#website\"},\"primaryImageOfPage\":{\"@id\":\"https:\\\/\\\/www.guibutik.pt\\\/loja\\\/produto\\\/calca-h-dockers-4\\\/#primaryimage\"},\"image\":{\"@id\":\"https:\\\/\\\/www.guibutik.pt\\\/loja\\\/produto\\\/calca-h-dockers-4\\\/#primaryimage\"},\"thumbnailUrl\":\"https:\\\/\\\/www.guibutik.pt\\\/loja\\\/wp-content\\\/uploads\\\/2024\\\/10\\\/A4862-0023.webp\",\"datePublished\":\"2024-10-02T09:50:28+00:00\",\"dateModified\":\"2025-12-22T19:54:23+00:00\",\"breadcrumb\":{\"@id\":\"https:\\\/\\\/www.guibutik.pt\\\/loja\\\/produto\\\/calca-h-dockers-4\\\/#breadcrumb\"},\"inLanguage\":\"pt-PT\",\"potentialAction\":[{\"@type\":\"ReadAction\",\"target\":[\"https:\\\/\\\/www.guibutik.pt\\\/loja\\\/produto\\\/calca-h-dockers-4\\\/\"]}]},{\"@type\":\"ImageObject\",\"inLanguage\":\"pt-PT\",\"@id\":\"https:\\\/\\\/www.guibutik.pt\\\/loja\\\/produto\\\/calca-h-dockers-4\\\/#primaryimage\",\"url\":\"https:\\\/\\\/www.guibutik.pt\\\/loja\\\/wp-content\\\/uploads\\\/2024\\\/10\\\/A4862-0023.webp\",\"contentUrl\":\"https:\\\/\\\/www.guibutik.pt\\\/loja\\\/wp-content\\\/uploads\\\/2024\\\/10\\\/A4862-0023.webp\",\"width\":360,\"height\":450},{\"@type\":\"BreadcrumbList\",\"@id\":\"https:\\\/\\\/www.guibutik.pt\\\/loja\\\/produto\\\/calca-h-dockers-4\\\/#breadcrumb\",\"itemListElement\":[{\"@type\":\"ListItem\",\"position\":1,\"name\":\"In\u00edcio\",\"item\":\"https:\\\/\\\/www.guibutik.pt\\\/loja\\\/\"},{\"@type\":\"ListItem\",\"position\":2,\"name\":\"Loja\",\"item\":\"https:\\\/\\\/www.guibutik.pt\\\/loja\\\/shop\\\/\"},{\"@type\":\"ListItem\",\"position\":3,\"name\":\"Cal\u00e7a H Dockers\"}]},{\"@type\":\"WebSite\",\"@id\":\"https:\\\/\\\/www.guibutik.pt\\\/loja\\\/#website\",\"url\":\"https:\\\/\\\/www.guibutik.pt\\\/loja\\\/\",\"name\":\"Guibutik\",\"description\":\"Moda e Sapataria\",\"potentialAction\":[{\"@type\":\"SearchAction\",\"target\":{\"@type\":\"EntryPoint\",\"urlTemplate\":\"https:\\\/\\\/www.guibutik.pt\\\/loja\\\/?s={search_term_string}\"},\"query-input\":{\"@type\":\"PropertyValueSpecification\",\"valueRequired\":true,\"valueName\":\"search_term_string\"}}],\"inLanguage\":\"pt-PT\"}]}<\/script>\n<!-- \/ Yoast SEO plugin. -->","yoast_head_json":{"title":"Cal\u00e7a H Dockers - Guibutik","robots":{"index":"index","follow":"follow","max-snippet":"max-snippet:-1","max-image-preview":"max-image-preview:large","max-video-preview":"max-video-preview:-1"},"canonical":"https:\/\/www.guibutik.pt\/loja\/produto\/calca-h-dockers-4\/","og_locale":"pt_PT","og_type":"article","og_title":"Cal\u00e7a H Dockers - Guibutik","og_description":"Dockers\u00ae Originals: Uma cole\u00e7\u00e3o dos estilos mais quintessenciais. Esses produtos atemporais, modernos e incrivelmente confort\u00e1veis \u200b\u200bapresentam os ajustes e detalhes que amamos acima de tudo. Nosso Original Chino \u00e9 o chino casual ideal \u2014 e garantimos isso ao nos debru\u00e7armos sobre cada detalhe. Simplificamos seu estilo, ajustamos seu ajuste para cair ainda melhor e finalizamos [&hellip;]","og_url":"https:\/\/www.guibutik.pt\/loja\/produto\/calca-h-dockers-4\/","og_site_name":"Guibutik","article_publisher":"https:\/\/www.facebook.com\/guibutik\/","article_modified_time":"2025-12-22T19:54:23+00:00","og_image":[{"width":360,"height":450,"url":"https:\/\/www.guibutik.pt\/loja\/wp-content\/uploads\/2024\/10\/A4862-0023.webp","type":"image\/webp"}],"twitter_card":"summary_large_image","twitter_misc":{"Tempo estimado de leitura":"1 minuto"},"schema":{"@context":"https:\/\/schema.org","@graph":[{"@type":"WebPage","@id":"https:\/\/www.guibutik.pt\/loja\/produto\/calca-h-dockers-4\/","url":"https:\/\/www.guibutik.pt\/loja\/produto\/calca-h-dockers-4\/","name":"Cal\u00e7a H Dockers - Guibutik","isPartOf":{"@id":"https:\/\/www.guibutik.pt\/loja\/#website"},"primaryImageOfPage":{"@id":"https:\/\/www.guibutik.pt\/loja\/produto\/calca-h-dockers-4\/#primaryimage"},"image":{"@id":"https:\/\/www.guibutik.pt\/loja\/produto\/calca-h-dockers-4\/#primaryimage"},"thumbnailUrl":"https:\/\/www.guibutik.pt\/loja\/wp-content\/uploads\/2024\/10\/A4862-0023.webp","datePublished":"2024-10-02T09:50:28+00:00","dateModified":"2025-12-22T19:54:23+00:00","breadcrumb":{"@id":"https:\/\/www.guibutik.pt\/loja\/produto\/calca-h-dockers-4\/#breadcrumb"},"inLanguage":"pt-PT","potentialAction":[{"@type":"ReadAction","target":["https:\/\/www.guibutik.pt\/loja\/produto\/calca-h-dockers-4\/"]}]},{"@type":"ImageObject","inLanguage":"pt-PT","@id":"https:\/\/www.guibutik.pt\/loja\/produto\/calca-h-dockers-4\/#primaryimage","url":"https:\/\/www.guibutik.pt\/loja\/wp-content\/uploads\/2024\/10\/A4862-0023.webp","contentUrl":"https:\/\/www.guibutik.pt\/loja\/wp-content\/uploads\/2024\/10\/A4862-0023.webp","width":360,"height":450},{"@type":"BreadcrumbList","@id":"https:\/\/www.guibutik.pt\/loja\/produto\/calca-h-dockers-4\/#breadcrumb","itemListElement":[{"@type":"ListItem","position":1,"name":"In\u00edcio","item":"https:\/\/www.guibutik.pt\/loja\/"},{"@type":"ListItem","position":2,"name":"Loja","item":"https:\/\/www.guibutik.pt\/loja\/shop\/"},{"@type":"ListItem","position":3,"name":"Cal\u00e7a H Dockers"}]},{"@type":"WebSite","@id":"https:\/\/www.guibutik.pt\/loja\/#website","url":"https:\/\/www.guibutik.pt\/loja\/","name":"Guibutik","description":"Moda e Sapataria","potentialAction":[{"@type":"SearchAction","target":{"@type":"EntryPoint","urlTemplate":"https:\/\/www.guibutik.pt\/loja\/?s={search_term_string}"},"query-input":{"@type":"PropertyValueSpecification","valueRequired":true,"valueName":"search_term_string"}}],"inLanguage":"pt-PT"}]}},"_links":{"self":[{"href":"https:\/\/www.guibutik.pt\/loja\/wp-json\/wp\/v2\/product\/64859","targetHints":{"allow":["GET"]}}],"collection":[{"href":"https:\/\/www.guibutik.pt\/loja\/wp-json\/wp\/v2\/product"}],"about":[{"href":"https:\/\/www.guibutik.pt\/loja\/wp-json\/wp\/v2\/types\/product"}],"replies":[{"embeddable":true,"href":"https:\/\/www.guibutik.pt\/loja\/wp-json\/wp\/v2\/comments?post=64859"}],"wp:featuredmedia":[{"embeddable":true,"href":"https:\/\/www.guibutik.pt\/loja\/wp-json\/wp\/v2\/media\/64895"}],"wp:attachment":[{"href":"https:\/\/www.guibutik.pt\/loja\/wp-json\/wp\/v2\/media?parent=64859"}],"wp:term":[{"taxonomy":"product_cat","embeddable":true,"href":"https:\/\/www.guibutik.pt\/loja\/wp-json\/wp\/v2\/product_cat?post=64859"},{"taxonomy":"product_tag","embeddable":true,"href":"https:\/\/www.guibutik.pt\/loja\/wp-json\/wp\/v2\/product_tag?post=64859"}],"curies":[{"name":"wp","href":"https:\/\/api.w.org\/{rel}","templated":true}]}}