{"id":64608,"date":"2024-09-27T10:50:44","date_gmt":"2024-09-27T09:50:44","guid":{"rendered":"https:\/\/www.guibutik.pt\/loja\/?post_type=product&#038;p=64608"},"modified":"2026-02-19T17:13:15","modified_gmt":"2026-02-19T16:13:15","slug":"bota-hudson-h-timberland","status":"publish","type":"product","link":"https:\/\/www.guibutik.pt\/loja\/produto\/bota-hudson-h-timberland\/","title":{"rendered":"Bota Hudson H Timberland"},"content":{"rendered":"<p>Gostas de versatilidade no teu guarda-roupa. Podes usar as confort\u00e1veis botas Chukka com atacadores Mid Hudson Road no exterior, numa caminhada de fim de semana, e vestires-te com estilo \u00e0 noite com as mesmas botas. O sistema de conforto TimberCush\u2122 usa uma entressola de dupla densidade zonal que ajuda a oferecer um conforto responsivo, com um retorno de energia que sentir\u00e1s a cada passada, do calcanhar aos dedos do p\u00e9. T\u00eam uma parte superior em pele Premium Timberland\u00ae Leather e um forro em tecido ReBOTL\u2122 com, pelo menos, 50% de material PET reciclado com uma sola em borracha.<\/p>\n<ul class=\"space-y-4\" title=\"Technology\">\n<li>\n<div class=\"group flex items-start gap-4\">\n<picture class=\"aspect-square w-full shrink-0\" data-test-id=\"base-picture\"><img loading=\"lazy\" decoding=\"async\" class=\"contain\" src=\"https:\/\/images.timberland.com\/is\/image\/TimberlandBrand\/tech_icon_65?$transparent%E2%80%93png$\" alt=\"Certified Tannery\" width=\"52\" height=\"52\" \/><\/picture>\n<div class=\"grow space-y-1\">\n<p class=\"fw-bold\">Certified Tannery<\/p>\n<p class=\"\">Um ou mais componentes utilizam pelo menos 50% de couro curtido numa instala\u00e7\u00e3o com avalia\u00e7\u00e3o de Prata, ou mais elevada, atribu\u00edda por uma auditoria ambiental independente. O Leather Working Group avalia e classifica curtumes com base no utiliza\u00e7\u00e3o energ\u00e9tica, produ\u00e7\u00e3o de res\u00edduos e tratamento de \u00e1gua.<\/p>\n<\/div>\n<\/div>\n<\/li>\n<li>\n<div class=\"group flex items-start gap-4\">\n<picture class=\"aspect-square w-full shrink-0\" data-test-id=\"base-picture\"><img loading=\"lazy\" decoding=\"async\" class=\"contain\" src=\"https:\/\/images.timberland.com\/is\/image\/TimberlandBrand\/reBotl-plp\" alt=\"Material ReBOTL\" width=\"52\" height=\"52\" \/><\/picture>\n<div class=\"grow space-y-1\">\n<p class=\"fw-bold\">Material ReBOTL<\/p>\n<p class=\"\">Cri\u00e1mos este material amigo do ambiente atrav\u00e9s da recolha, reciclagem e transforma\u00e7\u00e3o de garrafas de pl\u00e1stico PET n\u00e3o-biodegrad\u00e1vel em fios RPET (tereftalato de polietileno reciclado). Este material permite-nos conceber produtos com PET 50% reciclado. O objetivo \u00e9 uma redu\u00e7\u00e3o quase total do impacto ambiental dos v\u00e1rios processos de produ\u00e7\u00e3o.<\/p>\n<\/div>\n<\/div>\n<\/li>\n<li>\n<div class=\"group flex items-start gap-4\">\n<picture class=\"aspect-square w-full shrink-0\" data-test-id=\"base-picture\"><img loading=\"lazy\" decoding=\"async\" class=\"contain\" src=\"https:\/\/images.timberland.com\/is\/image\/TimberlandBrand\/timber_grip_badge?$alpha-png$\" alt=\"Tecnologia Timbergrip\" width=\"52\" height=\"52\" \/><\/picture>\n<div class=\"grow space-y-1\">\n<p class=\"fw-bold\">Tecnologia Timbergrip<\/p>\n<p class=\"\">A tecnologia TimberGrip proporciona a melhor e mais aderente tra\u00e7\u00e3o de sempre. Foi confecionada com teor de base biol\u00f3gica 50%, incluindo 3% de resinas derivadas de res\u00edduos de polpa de papel e47% de borracha natural. Recolhemos resinas naturais criadas a partir de pasta de madeira e res\u00edduos de pasta de papel e misturamo-las com borracha natural para criar solas que te ajudam a manter a ader\u00eancia.<\/p>\n<\/div>\n<\/div>\n<\/li>\n<li>\n<div class=\"group flex items-start gap-4\">\n<picture class=\"aspect-square w-full shrink-0\" data-test-id=\"base-picture\"><img loading=\"lazy\" decoding=\"async\" class=\"contain\" src=\"https:\/\/images.timberland.com\/is\/image\/TimberlandBrand\/tech_icon_04?$transparent%E2%80%93png$\" alt=\"Ortholite Insoles\" width=\"52\" height=\"52\" \/><\/picture>\n<div class=\"grow space-y-1\">\n<p class=\"fw-bold\">Ortholite Insoles<\/p>\n<p class=\"\">A palmilha de esponja Ortholite\u00ae proporciona transporte de humidade, a\u00e7\u00e3o antimicrobiana e amortecimento a longo prazo. O material ultra respir\u00e1vel n\u00e3o se deteriora com o passar do tempo, mantendo o cal\u00e7ado confort\u00e1vel e ajustado.<\/p>\n<\/div>\n<\/div>\n<\/li>\n<li>\n<div class=\"group flex items-start gap-4\">\n<picture class=\"aspect-square w-full shrink-0\" data-test-id=\"base-picture\"><img loading=\"lazy\" decoding=\"async\" class=\"contain\" src=\"https:\/\/assets.timberland.eu\/image\/upload\/v1722866748\/Timbercush_logo.png\" alt=\"Timbercush\" width=\"52\" height=\"52\" \/><\/picture>\n<div class=\"grow space-y-1\">\n<p class=\"fw-bold\">Timbercush<\/p>\n<\/div>\n<p>Cuidados:<\/p>\n<ul class=\"grid list-disc gap-4 cols-2\" title=\"Details and Care\" data-test-id=\"product-details-bulletin\">\n<li class=\"ml-5\">Espuma de limpeza CleanerRenewbuck\u00ae para camur\u00e7a e nobuck<\/li>\n<li class=\"ml-5\">Escova de restauro de camur\u00e7a<\/li>\n<li class=\"ml-5\">Kit de limpeza a seco<\/li>\n<li class=\"ml-5\">Protetor para todos os fins ProtectorBalm Proofer\u2122<\/li>\n<\/ul>\n<p>Composi\u00e7\u00e3o:<\/p>\n<ul class=\"grid list-disc gap-4 cols-2\" title=\"Feature\" data-test-id=\"product-details-bulletin\">\n<li class=\"ml-5\">Parte superior em pele Premium Timberland\u00ae Leather<\/li>\n<li class=\"ml-5\">A Timberland apoia uma melhor produ\u00e7\u00e3o de pele atrav\u00e9s do Leather Working Group<\/li>\n<li class=\"ml-5\">Com atacadores<\/li>\n<li class=\"ml-5\">Forro em tecido ReBOTL\u2122 com 50% de pl\u00e1stico PET reciclado<\/li>\n<li class=\"ml-5\">Palmilha Ortholite\u00ae<\/li>\n<li class=\"ml-5\">O sistema de conforto TimberCush\u2122 tem uma entressola de dupla densidade zonal que oferece um conforto responsivo<\/li>\n<li class=\"ml-5\">Entressola EVA<\/li>\n<li class=\"ml-5\">Sola em borracha<\/li>\n<\/ul>\n<\/div>\n<\/li>\n<\/ul>\n","protected":false},"excerpt":{"rendered":"<p>Gostas de versatilidade no teu guarda-roupa. Podes usar as confort\u00e1veis botas Chukka com atacadores Mid Hudson Road no exterior, numa caminhada de fim de semana, e vestires-te com estilo \u00e0 noite com as mesmas botas. O sistema de conforto TimberCush\u2122 usa uma entressola de dupla densidade zonal que ajuda a oferecer um conforto responsivo, com [&hellip;]<\/p>\n","protected":false},"featured_media":64622,"comment_status":"closed","ping_status":"closed","template":"","meta":[],"product_cat":[231,221,483],"product_tag":[492],"class_list":{"0":"post-64608","1":"product","2":"type-product","3":"status-publish","4":"has-post-thumbnail","6":"product_cat-calcado-homem","7":"product_cat-homem","8":"product_cat-promocoes-homem","9":"product_tag-timberland","10":"ts_product_brand-timberland","12":"first","13":"instock","14":"sale","15":"shipping-taxable","16":"purchasable","17":"product-type-variable"},"yoast_head":"<!-- This site is optimized with the Yoast SEO plugin v27.5 - https:\/\/yoast.com\/product\/yoast-seo-wordpress\/ -->\n<title>Bota Hudson H Timberland - Guibutik<\/title>\n<meta name=\"robots\" content=\"index, follow, max-snippet:-1, max-image-preview:large, max-video-preview:-1\" \/>\n<link rel=\"canonical\" href=\"https:\/\/www.guibutik.pt\/loja\/produto\/bota-hudson-h-timberland\/\" \/>\n<meta property=\"og:locale\" content=\"pt_PT\" \/>\n<meta property=\"og:type\" content=\"article\" \/>\n<meta property=\"og:title\" content=\"Bota Hudson H Timberland - Guibutik\" \/>\n<meta property=\"og:description\" content=\"Gostas de versatilidade no teu guarda-roupa. Podes usar as confort\u00e1veis botas Chukka com atacadores Mid Hudson Road no exterior, numa caminhada de fim de semana, e vestires-te com estilo \u00e0 noite com as mesmas botas. O sistema de conforto TimberCush\u2122 usa uma entressola de dupla densidade zonal que ajuda a oferecer um conforto responsivo, com [&hellip;]\" \/>\n<meta property=\"og:url\" content=\"https:\/\/www.guibutik.pt\/loja\/produto\/bota-hudson-h-timberland\/\" \/>\n<meta property=\"og:site_name\" content=\"Guibutik\" \/>\n<meta property=\"article:publisher\" content=\"https:\/\/www.facebook.com\/guibutik\/\" \/>\n<meta property=\"article:modified_time\" content=\"2026-02-19T16:13:15+00:00\" \/>\n<meta property=\"og:image\" content=\"https:\/\/www.guibutik.pt\/loja\/wp-content\/uploads\/2024\/09\/A69Q5W07.jpg\" \/>\n\t<meta property=\"og:image:width\" content=\"650\" \/>\n\t<meta property=\"og:image:height\" content=\"650\" \/>\n\t<meta property=\"og:image:type\" content=\"image\/jpeg\" \/>\n<meta name=\"twitter:card\" content=\"summary_large_image\" \/>\n<meta name=\"twitter:label1\" content=\"Tempo estimado de leitura\" \/>\n\t<meta name=\"twitter:data1\" content=\"4 minutos\" \/>\n<script type=\"application\/ld+json\" class=\"yoast-schema-graph\">{\"@context\":\"https:\\\/\\\/schema.org\",\"@graph\":[{\"@type\":\"WebPage\",\"@id\":\"https:\\\/\\\/www.guibutik.pt\\\/loja\\\/produto\\\/bota-hudson-h-timberland\\\/\",\"url\":\"https:\\\/\\\/www.guibutik.pt\\\/loja\\\/produto\\\/bota-hudson-h-timberland\\\/\",\"name\":\"Bota Hudson H Timberland - Guibutik\",\"isPartOf\":{\"@id\":\"https:\\\/\\\/www.guibutik.pt\\\/loja\\\/#website\"},\"primaryImageOfPage\":{\"@id\":\"https:\\\/\\\/www.guibutik.pt\\\/loja\\\/produto\\\/bota-hudson-h-timberland\\\/#primaryimage\"},\"image\":{\"@id\":\"https:\\\/\\\/www.guibutik.pt\\\/loja\\\/produto\\\/bota-hudson-h-timberland\\\/#primaryimage\"},\"thumbnailUrl\":\"https:\\\/\\\/www.guibutik.pt\\\/loja\\\/wp-content\\\/uploads\\\/2024\\\/09\\\/A69Q5W07.jpg\",\"datePublished\":\"2024-09-27T09:50:44+00:00\",\"dateModified\":\"2026-02-19T16:13:15+00:00\",\"breadcrumb\":{\"@id\":\"https:\\\/\\\/www.guibutik.pt\\\/loja\\\/produto\\\/bota-hudson-h-timberland\\\/#breadcrumb\"},\"inLanguage\":\"pt-PT\",\"potentialAction\":[{\"@type\":\"ReadAction\",\"target\":[\"https:\\\/\\\/www.guibutik.pt\\\/loja\\\/produto\\\/bota-hudson-h-timberland\\\/\"]}]},{\"@type\":\"ImageObject\",\"inLanguage\":\"pt-PT\",\"@id\":\"https:\\\/\\\/www.guibutik.pt\\\/loja\\\/produto\\\/bota-hudson-h-timberland\\\/#primaryimage\",\"url\":\"https:\\\/\\\/www.guibutik.pt\\\/loja\\\/wp-content\\\/uploads\\\/2024\\\/09\\\/A69Q5W07.jpg\",\"contentUrl\":\"https:\\\/\\\/www.guibutik.pt\\\/loja\\\/wp-content\\\/uploads\\\/2024\\\/09\\\/A69Q5W07.jpg\",\"width\":650,\"height\":650},{\"@type\":\"BreadcrumbList\",\"@id\":\"https:\\\/\\\/www.guibutik.pt\\\/loja\\\/produto\\\/bota-hudson-h-timberland\\\/#breadcrumb\",\"itemListElement\":[{\"@type\":\"ListItem\",\"position\":1,\"name\":\"In\u00edcio\",\"item\":\"https:\\\/\\\/www.guibutik.pt\\\/loja\\\/\"},{\"@type\":\"ListItem\",\"position\":2,\"name\":\"Loja\",\"item\":\"https:\\\/\\\/www.guibutik.pt\\\/loja\\\/shop\\\/\"},{\"@type\":\"ListItem\",\"position\":3,\"name\":\"Bota Hudson H Timberland\"}]},{\"@type\":\"WebSite\",\"@id\":\"https:\\\/\\\/www.guibutik.pt\\\/loja\\\/#website\",\"url\":\"https:\\\/\\\/www.guibutik.pt\\\/loja\\\/\",\"name\":\"Guibutik\",\"description\":\"Moda e Sapataria\",\"potentialAction\":[{\"@type\":\"SearchAction\",\"target\":{\"@type\":\"EntryPoint\",\"urlTemplate\":\"https:\\\/\\\/www.guibutik.pt\\\/loja\\\/?s={search_term_string}\"},\"query-input\":{\"@type\":\"PropertyValueSpecification\",\"valueRequired\":true,\"valueName\":\"search_term_string\"}}],\"inLanguage\":\"pt-PT\"}]}<\/script>\n<!-- \/ Yoast SEO plugin. -->","yoast_head_json":{"title":"Bota Hudson H Timberland - Guibutik","robots":{"index":"index","follow":"follow","max-snippet":"max-snippet:-1","max-image-preview":"max-image-preview:large","max-video-preview":"max-video-preview:-1"},"canonical":"https:\/\/www.guibutik.pt\/loja\/produto\/bota-hudson-h-timberland\/","og_locale":"pt_PT","og_type":"article","og_title":"Bota Hudson H Timberland - Guibutik","og_description":"Gostas de versatilidade no teu guarda-roupa. Podes usar as confort\u00e1veis botas Chukka com atacadores Mid Hudson Road no exterior, numa caminhada de fim de semana, e vestires-te com estilo \u00e0 noite com as mesmas botas. O sistema de conforto TimberCush\u2122 usa uma entressola de dupla densidade zonal que ajuda a oferecer um conforto responsivo, com [&hellip;]","og_url":"https:\/\/www.guibutik.pt\/loja\/produto\/bota-hudson-h-timberland\/","og_site_name":"Guibutik","article_publisher":"https:\/\/www.facebook.com\/guibutik\/","article_modified_time":"2026-02-19T16:13:15+00:00","og_image":[{"width":650,"height":650,"url":"https:\/\/www.guibutik.pt\/loja\/wp-content\/uploads\/2024\/09\/A69Q5W07.jpg","type":"image\/jpeg"}],"twitter_card":"summary_large_image","twitter_misc":{"Tempo estimado de leitura":"4 minutos"},"schema":{"@context":"https:\/\/schema.org","@graph":[{"@type":"WebPage","@id":"https:\/\/www.guibutik.pt\/loja\/produto\/bota-hudson-h-timberland\/","url":"https:\/\/www.guibutik.pt\/loja\/produto\/bota-hudson-h-timberland\/","name":"Bota Hudson H Timberland - Guibutik","isPartOf":{"@id":"https:\/\/www.guibutik.pt\/loja\/#website"},"primaryImageOfPage":{"@id":"https:\/\/www.guibutik.pt\/loja\/produto\/bota-hudson-h-timberland\/#primaryimage"},"image":{"@id":"https:\/\/www.guibutik.pt\/loja\/produto\/bota-hudson-h-timberland\/#primaryimage"},"thumbnailUrl":"https:\/\/www.guibutik.pt\/loja\/wp-content\/uploads\/2024\/09\/A69Q5W07.jpg","datePublished":"2024-09-27T09:50:44+00:00","dateModified":"2026-02-19T16:13:15+00:00","breadcrumb":{"@id":"https:\/\/www.guibutik.pt\/loja\/produto\/bota-hudson-h-timberland\/#breadcrumb"},"inLanguage":"pt-PT","potentialAction":[{"@type":"ReadAction","target":["https:\/\/www.guibutik.pt\/loja\/produto\/bota-hudson-h-timberland\/"]}]},{"@type":"ImageObject","inLanguage":"pt-PT","@id":"https:\/\/www.guibutik.pt\/loja\/produto\/bota-hudson-h-timberland\/#primaryimage","url":"https:\/\/www.guibutik.pt\/loja\/wp-content\/uploads\/2024\/09\/A69Q5W07.jpg","contentUrl":"https:\/\/www.guibutik.pt\/loja\/wp-content\/uploads\/2024\/09\/A69Q5W07.jpg","width":650,"height":650},{"@type":"BreadcrumbList","@id":"https:\/\/www.guibutik.pt\/loja\/produto\/bota-hudson-h-timberland\/#breadcrumb","itemListElement":[{"@type":"ListItem","position":1,"name":"In\u00edcio","item":"https:\/\/www.guibutik.pt\/loja\/"},{"@type":"ListItem","position":2,"name":"Loja","item":"https:\/\/www.guibutik.pt\/loja\/shop\/"},{"@type":"ListItem","position":3,"name":"Bota Hudson H Timberland"}]},{"@type":"WebSite","@id":"https:\/\/www.guibutik.pt\/loja\/#website","url":"https:\/\/www.guibutik.pt\/loja\/","name":"Guibutik","description":"Moda e Sapataria","potentialAction":[{"@type":"SearchAction","target":{"@type":"EntryPoint","urlTemplate":"https:\/\/www.guibutik.pt\/loja\/?s={search_term_string}"},"query-input":{"@type":"PropertyValueSpecification","valueRequired":true,"valueName":"search_term_string"}}],"inLanguage":"pt-PT"}]}},"_links":{"self":[{"href":"https:\/\/www.guibutik.pt\/loja\/wp-json\/wp\/v2\/product\/64608","targetHints":{"allow":["GET"]}}],"collection":[{"href":"https:\/\/www.guibutik.pt\/loja\/wp-json\/wp\/v2\/product"}],"about":[{"href":"https:\/\/www.guibutik.pt\/loja\/wp-json\/wp\/v2\/types\/product"}],"replies":[{"embeddable":true,"href":"https:\/\/www.guibutik.pt\/loja\/wp-json\/wp\/v2\/comments?post=64608"}],"wp:featuredmedia":[{"embeddable":true,"href":"https:\/\/www.guibutik.pt\/loja\/wp-json\/wp\/v2\/media\/64622"}],"wp:attachment":[{"href":"https:\/\/www.guibutik.pt\/loja\/wp-json\/wp\/v2\/media?parent=64608"}],"wp:term":[{"taxonomy":"product_cat","embeddable":true,"href":"https:\/\/www.guibutik.pt\/loja\/wp-json\/wp\/v2\/product_cat?post=64608"},{"taxonomy":"product_tag","embeddable":true,"href":"https:\/\/www.guibutik.pt\/loja\/wp-json\/wp\/v2\/product_tag?post=64608"}],"curies":[{"name":"wp","href":"https:\/\/api.w.org\/{rel}","templated":true}]}}