{"id":64173,"date":"2024-09-27T10:28:03","date_gmt":"2024-09-27T09:28:03","guid":{"rendered":"https:\/\/www.guibutik.pt\/loja\/?post_type=product&#038;p=64173"},"modified":"2026-01-23T14:53:36","modified_gmt":"2026-01-23T13:53:36","slug":"casaco-h-timberland-5","status":"publish","type":"product","link":"https:\/\/www.guibutik.pt\/loja\/produto\/casaco-h-timberland-5\/","title":{"rendered":"Casaco H Timberland"},"content":{"rendered":"<p>Descobre o bomber Sailor imperme\u00e1vel para Homem, confecionado em tecido 100% nylon reciclado e isolamento 100% reciclado para te manter quente. O capuz dobr\u00e1vel ajuda-te a manter tudo em ordem e os bolsos diagonais interiores oferecem-te espa\u00e7o para guardares artigos pequenos. Os punhos canelados e a tecnologia imperme\u00e1vel de n\u00edvel 2 mant\u00eam-te seco e em seguran\u00e7a em quaisquer condi\u00e7\u00f5es meteorol\u00f3gicas. O log\u00f3tipo da \u00e1rvore d\u00e1 um toque arrojado ao teu estilo. Parte \u00e0 aventura com este casaco cheio de estilo.<\/p>\n<p class=\"fw-bold\">Conte\u00fado reciclado<\/p>\n<p class=\"\">Fabricada com, pelo menos, 50% de material reciclado, para ajudar a reduzir o impacto ambiental da produ\u00e7\u00e3o de materiais.<\/p>\n<p>\u00c0 prova de vento<\/p>\n<p class=\"fw-bold\">Resistente \u00e0 \u00e1gua<\/p>\n<p class=\"\">Concebidas para resistir \u00e0 entrada de \u00e1gua, gra\u00e7as ao seu fabrico, oferecem prote\u00e7\u00e3o m\u00e9dia contra a chuva ligeira e as condi\u00e7\u00f5es h\u00famidas.<\/p>\n<ul class=\"grid list-disc gap-4 text-sm c-grey-20 cols-2\" title=\"Details and Care\" data-test-id=\"product-details-bulletin\">\n<li class=\"ml-5\">Fechar o fecho antes de lavar<\/li>\n<li class=\"ml-5\">Lavar \u00e0 m\u00e1quina a frio<\/li>\n<li class=\"ml-5\">Programa suave ou delicado<\/li>\n<li class=\"ml-5\">Lavar em separado<\/li>\n<li class=\"ml-5\">Utilizar apenas lix\u00edvia sem cloro, se necess\u00e1rio.<\/li>\n<li class=\"ml-5\">Secar na m\u00e1quina em programa lento<\/li>\n<li class=\"ml-5\">N\u00e3o lavar a seco<\/li>\n<li class=\"ml-5\">Engomar a frio, se necess\u00e1rio<\/li>\n<li class=\"ml-5\">N\u00e3o passar a costura ou as decora\u00e7\u00f5es a ferro<\/li>\n<li class=\"ml-5\">Tecido em 100% nylon reciclado<\/li>\n<li class=\"ml-5\">Log\u00f3tipo da \u00e1rvore bordado<\/li>\n<li class=\"ml-5\">Capuz embal\u00e1vel<\/li>\n<li class=\"ml-5\">Tecnologia imperme\u00e1vel de n\u00edvel 2 com costuras seladas nas zonas cr\u00edticas<\/li>\n<li class=\"ml-5\">Isolamento em 100% poli\u00e9ster reciclado<\/li>\n<li class=\"ml-5\">Bolso interior<\/li>\n<li class=\"ml-5\">Bolsos diagonais<\/li>\n<li class=\"ml-5\">Punhos canelados<\/li>\n<li class=\"ml-5\">\u00c0 prova de vento<\/li>\n<li class=\"ml-5\">Faixa inferior e punhos canelados<\/li>\n<\/ul>\n","protected":false},"excerpt":{"rendered":"<p>Descobre o bomber Sailor imperme\u00e1vel para Homem, confecionado em tecido 100% nylon reciclado e isolamento 100% reciclado para te manter quente. O capuz dobr\u00e1vel ajuda-te a manter tudo em ordem e os bolsos diagonais interiores oferecem-te espa\u00e7o para guardares artigos pequenos. Os punhos canelados e a tecnologia imperme\u00e1vel de n\u00edvel 2 mant\u00eam-te seco e em [&hellip;]<\/p>\n","protected":false},"featured_media":64184,"comment_status":"closed","ping_status":"closed","template":"","meta":[],"product_cat":[223,221],"product_tag":[492],"class_list":{"0":"post-64173","1":"product","2":"type-product","3":"status-publish","4":"has-post-thumbnail","6":"product_cat-casacos","7":"product_cat-homem","8":"product_tag-timberland","9":"ts_product_brand-timberland","11":"first","12":"instock","13":"shipping-taxable","14":"purchasable","15":"product-type-variable"},"yoast_head":"<!-- This site is optimized with the Yoast SEO plugin v27.5 - https:\/\/yoast.com\/product\/yoast-seo-wordpress\/ -->\n<title>Casaco H Timberland - Guibutik<\/title>\n<meta name=\"robots\" content=\"index, follow, max-snippet:-1, max-image-preview:large, max-video-preview:-1\" \/>\n<link rel=\"canonical\" href=\"https:\/\/www.guibutik.pt\/loja\/produto\/casaco-h-timberland-5\/\" \/>\n<meta property=\"og:locale\" content=\"pt_PT\" \/>\n<meta property=\"og:type\" content=\"article\" \/>\n<meta property=\"og:title\" content=\"Casaco H Timberland - Guibutik\" \/>\n<meta property=\"og:description\" content=\"Descobre o bomber Sailor imperme\u00e1vel para Homem, confecionado em tecido 100% nylon reciclado e isolamento 100% reciclado para te manter quente. O capuz dobr\u00e1vel ajuda-te a manter tudo em ordem e os bolsos diagonais interiores oferecem-te espa\u00e7o para guardares artigos pequenos. Os punhos canelados e a tecnologia imperme\u00e1vel de n\u00edvel 2 mant\u00eam-te seco e em [&hellip;]\" \/>\n<meta property=\"og:url\" content=\"https:\/\/www.guibutik.pt\/loja\/produto\/casaco-h-timberland-5\/\" \/>\n<meta property=\"og:site_name\" content=\"Guibutik\" \/>\n<meta property=\"article:publisher\" content=\"https:\/\/www.facebook.com\/guibutik\/\" \/>\n<meta property=\"article:modified_time\" content=\"2026-01-23T13:53:36+00:00\" \/>\n<meta property=\"og:image\" content=\"https:\/\/www.guibutik.pt\/loja\/wp-content\/uploads\/2024\/09\/A62CF433.jpg\" \/>\n\t<meta property=\"og:image:width\" content=\"650\" \/>\n\t<meta property=\"og:image:height\" content=\"650\" \/>\n\t<meta property=\"og:image:type\" content=\"image\/jpeg\" \/>\n<meta name=\"twitter:card\" content=\"summary_large_image\" \/>\n<meta name=\"twitter:label1\" content=\"Tempo estimado de leitura\" \/>\n\t<meta name=\"twitter:data1\" content=\"2 minutos\" \/>\n<script type=\"application\/ld+json\" class=\"yoast-schema-graph\">{\"@context\":\"https:\\\/\\\/schema.org\",\"@graph\":[{\"@type\":\"WebPage\",\"@id\":\"https:\\\/\\\/www.guibutik.pt\\\/loja\\\/produto\\\/casaco-h-timberland-5\\\/\",\"url\":\"https:\\\/\\\/www.guibutik.pt\\\/loja\\\/produto\\\/casaco-h-timberland-5\\\/\",\"name\":\"Casaco H Timberland - Guibutik\",\"isPartOf\":{\"@id\":\"https:\\\/\\\/www.guibutik.pt\\\/loja\\\/#website\"},\"primaryImageOfPage\":{\"@id\":\"https:\\\/\\\/www.guibutik.pt\\\/loja\\\/produto\\\/casaco-h-timberland-5\\\/#primaryimage\"},\"image\":{\"@id\":\"https:\\\/\\\/www.guibutik.pt\\\/loja\\\/produto\\\/casaco-h-timberland-5\\\/#primaryimage\"},\"thumbnailUrl\":\"https:\\\/\\\/www.guibutik.pt\\\/loja\\\/wp-content\\\/uploads\\\/2024\\\/09\\\/A62CF433.jpg\",\"datePublished\":\"2024-09-27T09:28:03+00:00\",\"dateModified\":\"2026-01-23T13:53:36+00:00\",\"breadcrumb\":{\"@id\":\"https:\\\/\\\/www.guibutik.pt\\\/loja\\\/produto\\\/casaco-h-timberland-5\\\/#breadcrumb\"},\"inLanguage\":\"pt-PT\",\"potentialAction\":[{\"@type\":\"ReadAction\",\"target\":[\"https:\\\/\\\/www.guibutik.pt\\\/loja\\\/produto\\\/casaco-h-timberland-5\\\/\"]}]},{\"@type\":\"ImageObject\",\"inLanguage\":\"pt-PT\",\"@id\":\"https:\\\/\\\/www.guibutik.pt\\\/loja\\\/produto\\\/casaco-h-timberland-5\\\/#primaryimage\",\"url\":\"https:\\\/\\\/www.guibutik.pt\\\/loja\\\/wp-content\\\/uploads\\\/2024\\\/09\\\/A62CF433.jpg\",\"contentUrl\":\"https:\\\/\\\/www.guibutik.pt\\\/loja\\\/wp-content\\\/uploads\\\/2024\\\/09\\\/A62CF433.jpg\",\"width\":650,\"height\":650},{\"@type\":\"BreadcrumbList\",\"@id\":\"https:\\\/\\\/www.guibutik.pt\\\/loja\\\/produto\\\/casaco-h-timberland-5\\\/#breadcrumb\",\"itemListElement\":[{\"@type\":\"ListItem\",\"position\":1,\"name\":\"In\u00edcio\",\"item\":\"https:\\\/\\\/www.guibutik.pt\\\/loja\\\/\"},{\"@type\":\"ListItem\",\"position\":2,\"name\":\"Loja\",\"item\":\"https:\\\/\\\/www.guibutik.pt\\\/loja\\\/shop\\\/\"},{\"@type\":\"ListItem\",\"position\":3,\"name\":\"Casaco H Timberland\"}]},{\"@type\":\"WebSite\",\"@id\":\"https:\\\/\\\/www.guibutik.pt\\\/loja\\\/#website\",\"url\":\"https:\\\/\\\/www.guibutik.pt\\\/loja\\\/\",\"name\":\"Guibutik\",\"description\":\"Moda e Sapataria\",\"potentialAction\":[{\"@type\":\"SearchAction\",\"target\":{\"@type\":\"EntryPoint\",\"urlTemplate\":\"https:\\\/\\\/www.guibutik.pt\\\/loja\\\/?s={search_term_string}\"},\"query-input\":{\"@type\":\"PropertyValueSpecification\",\"valueRequired\":true,\"valueName\":\"search_term_string\"}}],\"inLanguage\":\"pt-PT\"}]}<\/script>\n<!-- \/ Yoast SEO plugin. -->","yoast_head_json":{"title":"Casaco H Timberland - Guibutik","robots":{"index":"index","follow":"follow","max-snippet":"max-snippet:-1","max-image-preview":"max-image-preview:large","max-video-preview":"max-video-preview:-1"},"canonical":"https:\/\/www.guibutik.pt\/loja\/produto\/casaco-h-timberland-5\/","og_locale":"pt_PT","og_type":"article","og_title":"Casaco H Timberland - Guibutik","og_description":"Descobre o bomber Sailor imperme\u00e1vel para Homem, confecionado em tecido 100% nylon reciclado e isolamento 100% reciclado para te manter quente. O capuz dobr\u00e1vel ajuda-te a manter tudo em ordem e os bolsos diagonais interiores oferecem-te espa\u00e7o para guardares artigos pequenos. Os punhos canelados e a tecnologia imperme\u00e1vel de n\u00edvel 2 mant\u00eam-te seco e em [&hellip;]","og_url":"https:\/\/www.guibutik.pt\/loja\/produto\/casaco-h-timberland-5\/","og_site_name":"Guibutik","article_publisher":"https:\/\/www.facebook.com\/guibutik\/","article_modified_time":"2026-01-23T13:53:36+00:00","og_image":[{"width":650,"height":650,"url":"https:\/\/www.guibutik.pt\/loja\/wp-content\/uploads\/2024\/09\/A62CF433.jpg","type":"image\/jpeg"}],"twitter_card":"summary_large_image","twitter_misc":{"Tempo estimado de leitura":"2 minutos"},"schema":{"@context":"https:\/\/schema.org","@graph":[{"@type":"WebPage","@id":"https:\/\/www.guibutik.pt\/loja\/produto\/casaco-h-timberland-5\/","url":"https:\/\/www.guibutik.pt\/loja\/produto\/casaco-h-timberland-5\/","name":"Casaco H Timberland - Guibutik","isPartOf":{"@id":"https:\/\/www.guibutik.pt\/loja\/#website"},"primaryImageOfPage":{"@id":"https:\/\/www.guibutik.pt\/loja\/produto\/casaco-h-timberland-5\/#primaryimage"},"image":{"@id":"https:\/\/www.guibutik.pt\/loja\/produto\/casaco-h-timberland-5\/#primaryimage"},"thumbnailUrl":"https:\/\/www.guibutik.pt\/loja\/wp-content\/uploads\/2024\/09\/A62CF433.jpg","datePublished":"2024-09-27T09:28:03+00:00","dateModified":"2026-01-23T13:53:36+00:00","breadcrumb":{"@id":"https:\/\/www.guibutik.pt\/loja\/produto\/casaco-h-timberland-5\/#breadcrumb"},"inLanguage":"pt-PT","potentialAction":[{"@type":"ReadAction","target":["https:\/\/www.guibutik.pt\/loja\/produto\/casaco-h-timberland-5\/"]}]},{"@type":"ImageObject","inLanguage":"pt-PT","@id":"https:\/\/www.guibutik.pt\/loja\/produto\/casaco-h-timberland-5\/#primaryimage","url":"https:\/\/www.guibutik.pt\/loja\/wp-content\/uploads\/2024\/09\/A62CF433.jpg","contentUrl":"https:\/\/www.guibutik.pt\/loja\/wp-content\/uploads\/2024\/09\/A62CF433.jpg","width":650,"height":650},{"@type":"BreadcrumbList","@id":"https:\/\/www.guibutik.pt\/loja\/produto\/casaco-h-timberland-5\/#breadcrumb","itemListElement":[{"@type":"ListItem","position":1,"name":"In\u00edcio","item":"https:\/\/www.guibutik.pt\/loja\/"},{"@type":"ListItem","position":2,"name":"Loja","item":"https:\/\/www.guibutik.pt\/loja\/shop\/"},{"@type":"ListItem","position":3,"name":"Casaco H Timberland"}]},{"@type":"WebSite","@id":"https:\/\/www.guibutik.pt\/loja\/#website","url":"https:\/\/www.guibutik.pt\/loja\/","name":"Guibutik","description":"Moda e Sapataria","potentialAction":[{"@type":"SearchAction","target":{"@type":"EntryPoint","urlTemplate":"https:\/\/www.guibutik.pt\/loja\/?s={search_term_string}"},"query-input":{"@type":"PropertyValueSpecification","valueRequired":true,"valueName":"search_term_string"}}],"inLanguage":"pt-PT"}]}},"_links":{"self":[{"href":"https:\/\/www.guibutik.pt\/loja\/wp-json\/wp\/v2\/product\/64173","targetHints":{"allow":["GET"]}}],"collection":[{"href":"https:\/\/www.guibutik.pt\/loja\/wp-json\/wp\/v2\/product"}],"about":[{"href":"https:\/\/www.guibutik.pt\/loja\/wp-json\/wp\/v2\/types\/product"}],"replies":[{"embeddable":true,"href":"https:\/\/www.guibutik.pt\/loja\/wp-json\/wp\/v2\/comments?post=64173"}],"wp:featuredmedia":[{"embeddable":true,"href":"https:\/\/www.guibutik.pt\/loja\/wp-json\/wp\/v2\/media\/64184"}],"wp:attachment":[{"href":"https:\/\/www.guibutik.pt\/loja\/wp-json\/wp\/v2\/media?parent=64173"}],"wp:term":[{"taxonomy":"product_cat","embeddable":true,"href":"https:\/\/www.guibutik.pt\/loja\/wp-json\/wp\/v2\/product_cat?post=64173"},{"taxonomy":"product_tag","embeddable":true,"href":"https:\/\/www.guibutik.pt\/loja\/wp-json\/wp\/v2\/product_tag?post=64173"}],"curies":[{"name":"wp","href":"https:\/\/api.w.org\/{rel}","templated":true}]}}