{"id":64156,"date":"2024-09-19T15:43:54","date_gmt":"2024-09-19T14:43:54","guid":{"rendered":"https:\/\/www.guibutik.pt\/loja\/?post_type=product&#038;p=64156"},"modified":"2025-02-10T19:57:25","modified_gmt":"2025-02-10T18:57:25","slug":"sweat-h-timberland-6","status":"publish","type":"product","link":"https:\/\/www.guibutik.pt\/loja\/produto\/sweat-h-timberland-6\/","title":{"rendered":"Sweat H Timberland"},"content":{"rendered":"<p>Exibindo um log\u00f3tipo Timberland\u00ae arrojado \u00e0 frente, esta camisola com capuz confort\u00e1vel tem um corte regular, um capuz ajust\u00e1vel, e um bolso tipo canguru para guardares os teus essenciais. Al\u00e9m disso, tem tamb\u00e9m punhos canelados e \u00e9 confeccionada em 78% algod\u00e3o e 22% poli\u00e9ster.<\/p>\n<ul class=\"grid list-disc gap-4 text-sm c-grey-20 cols-2\" title=\"Details and Care\" data-test-id=\"product-details-bulletin\">\n<li class=\"ml-5\">Lavar do avesso<\/li>\n<li class=\"ml-5\">Lavar \u00e0 m\u00e1quina a frio<\/li>\n<li class=\"ml-5\">Programa suave ou delicado<\/li>\n<li class=\"ml-5\">Lavar em separado<\/li>\n<li class=\"ml-5\">N\u00e3o aplicar lix\u00edvia<\/li>\n<li class=\"ml-5\">Secar na corda<\/li>\n<li class=\"ml-5\">Passar a ferro do avesso e a frio, se necess\u00e1rio<\/li>\n<li class=\"ml-5\">N\u00e3o passar a costura ou as decora\u00e7\u00f5es a ferro<\/li>\n<li class=\"ml-5\">N\u00e3o lavar a seco<\/li>\n<li class=\"ml-5\">Composi\u00e7\u00e3o do tecido: 78% algod\u00e3o, 22% poli\u00e9ster<\/li>\n<\/ul>\n","protected":false},"excerpt":{"rendered":"<p>Exibindo um log\u00f3tipo Timberland\u00ae arrojado \u00e0 frente, esta camisola com capuz confort\u00e1vel tem um corte regular, um capuz ajust\u00e1vel, e um bolso tipo canguru para guardares os teus essenciais. Al\u00e9m disso, tem tamb\u00e9m punhos canelados e \u00e9 confeccionada em 78% algod\u00e3o e 22% poli\u00e9ster. Lavar do avesso Lavar \u00e0 m\u00e1quina a frio Programa suave ou [&hellip;]<\/p>\n","protected":false},"featured_media":64162,"comment_status":"closed","ping_status":"closed","template":"","meta":[],"product_cat":[224,221],"product_tag":[492],"class_list":{"0":"post-64156","1":"product","2":"type-product","3":"status-publish","4":"has-post-thumbnail","6":"product_cat-camisolas","7":"product_cat-homem","8":"product_tag-timberland","9":"ts_product_brand-timberland","11":"first","12":"instock","13":"shipping-taxable","14":"purchasable","15":"product-type-variable"},"yoast_head":"<!-- This site is optimized with the Yoast SEO plugin v27.4 - https:\/\/yoast.com\/product\/yoast-seo-wordpress\/ -->\n<title>Sweat H Timberland - Guibutik<\/title>\n<meta name=\"robots\" content=\"index, follow, max-snippet:-1, max-image-preview:large, max-video-preview:-1\" \/>\n<link rel=\"canonical\" href=\"https:\/\/www.guibutik.pt\/loja\/produto\/sweat-h-timberland-6\/\" \/>\n<meta property=\"og:locale\" content=\"pt_PT\" \/>\n<meta property=\"og:type\" content=\"article\" \/>\n<meta property=\"og:title\" content=\"Sweat H Timberland - Guibutik\" \/>\n<meta property=\"og:description\" content=\"Exibindo um log\u00f3tipo Timberland\u00ae arrojado \u00e0 frente, esta camisola com capuz confort\u00e1vel tem um corte regular, um capuz ajust\u00e1vel, e um bolso tipo canguru para guardares os teus essenciais. Al\u00e9m disso, tem tamb\u00e9m punhos canelados e \u00e9 confeccionada em 78% algod\u00e3o e 22% poli\u00e9ster. Lavar do avesso Lavar \u00e0 m\u00e1quina a frio Programa suave ou [&hellip;]\" \/>\n<meta property=\"og:url\" content=\"https:\/\/www.guibutik.pt\/loja\/produto\/sweat-h-timberland-6\/\" \/>\n<meta property=\"og:site_name\" content=\"Guibutik\" \/>\n<meta property=\"article:publisher\" content=\"https:\/\/www.facebook.com\/guibutik\/\" \/>\n<meta property=\"article:modified_time\" content=\"2025-02-10T18:57:25+00:00\" \/>\n<meta property=\"og:image\" content=\"https:\/\/www.guibutik.pt\/loja\/wp-content\/uploads\/2024\/09\/A6VFJ433.jpg\" \/>\n\t<meta property=\"og:image:width\" content=\"650\" \/>\n\t<meta property=\"og:image:height\" content=\"650\" \/>\n\t<meta property=\"og:image:type\" content=\"image\/jpeg\" \/>\n<meta name=\"twitter:card\" content=\"summary_large_image\" \/>\n<meta name=\"twitter:label1\" content=\"Tempo estimado de leitura\" \/>\n\t<meta name=\"twitter:data1\" content=\"1 minuto\" \/>\n<script type=\"application\/ld+json\" class=\"yoast-schema-graph\">{\"@context\":\"https:\\\/\\\/schema.org\",\"@graph\":[{\"@type\":\"WebPage\",\"@id\":\"https:\\\/\\\/www.guibutik.pt\\\/loja\\\/produto\\\/sweat-h-timberland-6\\\/\",\"url\":\"https:\\\/\\\/www.guibutik.pt\\\/loja\\\/produto\\\/sweat-h-timberland-6\\\/\",\"name\":\"Sweat H Timberland - Guibutik\",\"isPartOf\":{\"@id\":\"https:\\\/\\\/www.guibutik.pt\\\/loja\\\/#website\"},\"primaryImageOfPage\":{\"@id\":\"https:\\\/\\\/www.guibutik.pt\\\/loja\\\/produto\\\/sweat-h-timberland-6\\\/#primaryimage\"},\"image\":{\"@id\":\"https:\\\/\\\/www.guibutik.pt\\\/loja\\\/produto\\\/sweat-h-timberland-6\\\/#primaryimage\"},\"thumbnailUrl\":\"https:\\\/\\\/www.guibutik.pt\\\/loja\\\/wp-content\\\/uploads\\\/2024\\\/09\\\/A6VFJ433.jpg\",\"datePublished\":\"2024-09-19T14:43:54+00:00\",\"dateModified\":\"2025-02-10T18:57:25+00:00\",\"breadcrumb\":{\"@id\":\"https:\\\/\\\/www.guibutik.pt\\\/loja\\\/produto\\\/sweat-h-timberland-6\\\/#breadcrumb\"},\"inLanguage\":\"pt-PT\",\"potentialAction\":[{\"@type\":\"ReadAction\",\"target\":[\"https:\\\/\\\/www.guibutik.pt\\\/loja\\\/produto\\\/sweat-h-timberland-6\\\/\"]}]},{\"@type\":\"ImageObject\",\"inLanguage\":\"pt-PT\",\"@id\":\"https:\\\/\\\/www.guibutik.pt\\\/loja\\\/produto\\\/sweat-h-timberland-6\\\/#primaryimage\",\"url\":\"https:\\\/\\\/www.guibutik.pt\\\/loja\\\/wp-content\\\/uploads\\\/2024\\\/09\\\/A6VFJ433.jpg\",\"contentUrl\":\"https:\\\/\\\/www.guibutik.pt\\\/loja\\\/wp-content\\\/uploads\\\/2024\\\/09\\\/A6VFJ433.jpg\",\"width\":650,\"height\":650},{\"@type\":\"BreadcrumbList\",\"@id\":\"https:\\\/\\\/www.guibutik.pt\\\/loja\\\/produto\\\/sweat-h-timberland-6\\\/#breadcrumb\",\"itemListElement\":[{\"@type\":\"ListItem\",\"position\":1,\"name\":\"In\u00edcio\",\"item\":\"https:\\\/\\\/www.guibutik.pt\\\/loja\\\/\"},{\"@type\":\"ListItem\",\"position\":2,\"name\":\"Loja\",\"item\":\"https:\\\/\\\/www.guibutik.pt\\\/loja\\\/shop\\\/\"},{\"@type\":\"ListItem\",\"position\":3,\"name\":\"Sweat H Timberland\"}]},{\"@type\":\"WebSite\",\"@id\":\"https:\\\/\\\/www.guibutik.pt\\\/loja\\\/#website\",\"url\":\"https:\\\/\\\/www.guibutik.pt\\\/loja\\\/\",\"name\":\"Guibutik\",\"description\":\"Moda e Sapataria\",\"potentialAction\":[{\"@type\":\"SearchAction\",\"target\":{\"@type\":\"EntryPoint\",\"urlTemplate\":\"https:\\\/\\\/www.guibutik.pt\\\/loja\\\/?s={search_term_string}\"},\"query-input\":{\"@type\":\"PropertyValueSpecification\",\"valueRequired\":true,\"valueName\":\"search_term_string\"}}],\"inLanguage\":\"pt-PT\"}]}<\/script>\n<!-- \/ Yoast SEO plugin. -->","yoast_head_json":{"title":"Sweat H Timberland - Guibutik","robots":{"index":"index","follow":"follow","max-snippet":"max-snippet:-1","max-image-preview":"max-image-preview:large","max-video-preview":"max-video-preview:-1"},"canonical":"https:\/\/www.guibutik.pt\/loja\/produto\/sweat-h-timberland-6\/","og_locale":"pt_PT","og_type":"article","og_title":"Sweat H Timberland - Guibutik","og_description":"Exibindo um log\u00f3tipo Timberland\u00ae arrojado \u00e0 frente, esta camisola com capuz confort\u00e1vel tem um corte regular, um capuz ajust\u00e1vel, e um bolso tipo canguru para guardares os teus essenciais. Al\u00e9m disso, tem tamb\u00e9m punhos canelados e \u00e9 confeccionada em 78% algod\u00e3o e 22% poli\u00e9ster. Lavar do avesso Lavar \u00e0 m\u00e1quina a frio Programa suave ou [&hellip;]","og_url":"https:\/\/www.guibutik.pt\/loja\/produto\/sweat-h-timberland-6\/","og_site_name":"Guibutik","article_publisher":"https:\/\/www.facebook.com\/guibutik\/","article_modified_time":"2025-02-10T18:57:25+00:00","og_image":[{"width":650,"height":650,"url":"https:\/\/www.guibutik.pt\/loja\/wp-content\/uploads\/2024\/09\/A6VFJ433.jpg","type":"image\/jpeg"}],"twitter_card":"summary_large_image","twitter_misc":{"Tempo estimado de leitura":"1 minuto"},"schema":{"@context":"https:\/\/schema.org","@graph":[{"@type":"WebPage","@id":"https:\/\/www.guibutik.pt\/loja\/produto\/sweat-h-timberland-6\/","url":"https:\/\/www.guibutik.pt\/loja\/produto\/sweat-h-timberland-6\/","name":"Sweat H Timberland - Guibutik","isPartOf":{"@id":"https:\/\/www.guibutik.pt\/loja\/#website"},"primaryImageOfPage":{"@id":"https:\/\/www.guibutik.pt\/loja\/produto\/sweat-h-timberland-6\/#primaryimage"},"image":{"@id":"https:\/\/www.guibutik.pt\/loja\/produto\/sweat-h-timberland-6\/#primaryimage"},"thumbnailUrl":"https:\/\/www.guibutik.pt\/loja\/wp-content\/uploads\/2024\/09\/A6VFJ433.jpg","datePublished":"2024-09-19T14:43:54+00:00","dateModified":"2025-02-10T18:57:25+00:00","breadcrumb":{"@id":"https:\/\/www.guibutik.pt\/loja\/produto\/sweat-h-timberland-6\/#breadcrumb"},"inLanguage":"pt-PT","potentialAction":[{"@type":"ReadAction","target":["https:\/\/www.guibutik.pt\/loja\/produto\/sweat-h-timberland-6\/"]}]},{"@type":"ImageObject","inLanguage":"pt-PT","@id":"https:\/\/www.guibutik.pt\/loja\/produto\/sweat-h-timberland-6\/#primaryimage","url":"https:\/\/www.guibutik.pt\/loja\/wp-content\/uploads\/2024\/09\/A6VFJ433.jpg","contentUrl":"https:\/\/www.guibutik.pt\/loja\/wp-content\/uploads\/2024\/09\/A6VFJ433.jpg","width":650,"height":650},{"@type":"BreadcrumbList","@id":"https:\/\/www.guibutik.pt\/loja\/produto\/sweat-h-timberland-6\/#breadcrumb","itemListElement":[{"@type":"ListItem","position":1,"name":"In\u00edcio","item":"https:\/\/www.guibutik.pt\/loja\/"},{"@type":"ListItem","position":2,"name":"Loja","item":"https:\/\/www.guibutik.pt\/loja\/shop\/"},{"@type":"ListItem","position":3,"name":"Sweat H Timberland"}]},{"@type":"WebSite","@id":"https:\/\/www.guibutik.pt\/loja\/#website","url":"https:\/\/www.guibutik.pt\/loja\/","name":"Guibutik","description":"Moda e Sapataria","potentialAction":[{"@type":"SearchAction","target":{"@type":"EntryPoint","urlTemplate":"https:\/\/www.guibutik.pt\/loja\/?s={search_term_string}"},"query-input":{"@type":"PropertyValueSpecification","valueRequired":true,"valueName":"search_term_string"}}],"inLanguage":"pt-PT"}]}},"_links":{"self":[{"href":"https:\/\/www.guibutik.pt\/loja\/wp-json\/wp\/v2\/product\/64156","targetHints":{"allow":["GET"]}}],"collection":[{"href":"https:\/\/www.guibutik.pt\/loja\/wp-json\/wp\/v2\/product"}],"about":[{"href":"https:\/\/www.guibutik.pt\/loja\/wp-json\/wp\/v2\/types\/product"}],"replies":[{"embeddable":true,"href":"https:\/\/www.guibutik.pt\/loja\/wp-json\/wp\/v2\/comments?post=64156"}],"wp:featuredmedia":[{"embeddable":true,"href":"https:\/\/www.guibutik.pt\/loja\/wp-json\/wp\/v2\/media\/64162"}],"wp:attachment":[{"href":"https:\/\/www.guibutik.pt\/loja\/wp-json\/wp\/v2\/media?parent=64156"}],"wp:term":[{"taxonomy":"product_cat","embeddable":true,"href":"https:\/\/www.guibutik.pt\/loja\/wp-json\/wp\/v2\/product_cat?post=64156"},{"taxonomy":"product_tag","embeddable":true,"href":"https:\/\/www.guibutik.pt\/loja\/wp-json\/wp\/v2\/product_tag?post=64156"}],"curies":[{"name":"wp","href":"https:\/\/api.w.org\/{rel}","templated":true}]}}