{"id":64088,"date":"2024-09-19T15:46:52","date_gmt":"2024-09-19T14:46:52","guid":{"rendered":"https:\/\/www.guibutik.pt\/loja\/?post_type=product&#038;p=64088"},"modified":"2026-01-21T13:05:29","modified_gmt":"2026-01-21T12:05:29","slug":"polo-h-timberland-7","status":"publish","type":"product","link":"https:\/\/www.guibutik.pt\/loja\/produto\/polo-h-timberland-7\/","title":{"rendered":"Polo H Timberland"},"content":{"rendered":"<p>Informal e repleto de caracter\u00edsticas, o nosso polo piqu\u00e9 Millers River \u00e9 confecionado em 100% algod\u00e3o biol\u00f3gico, cultivado usando m\u00e9todos que evitam o uso da maioria dos fertilizantes e pesticidas sint\u00e9ticos. Tem tamb\u00e9m um corte justo, punhos canelados e um log\u00f3tipo da \u00e1rvore bordado.<\/p>\n<p>Esta combina\u00e7\u00e3o de tecidos cont\u00e9m pelo menos 50% de conte\u00fado org\u00e2nico (como algod\u00e3o org\u00e2nico)<\/p>\n<ul class=\"grid list-disc gap-4 text-sm c-grey-20 cols-2\" title=\"Details and Care\" data-test-id=\"product-details-bulletin\">\n<li class=\"ml-5\">Lavar \u00e0 m\u00e1quina a frio<\/li>\n<li class=\"ml-5\">Lavar em separado<\/li>\n<li class=\"ml-5\">Utilizar apenas lix\u00edvia sem cloro, se necess\u00e1rio.<\/li>\n<li class=\"ml-5\">Secar na m\u00e1quina em programa lento<\/li>\n<li class=\"ml-5\">N\u00e3o lavar a seco<\/li>\n<li class=\"ml-5\">Engomar a frio, se necess\u00e1rio<\/li>\n<li class=\"ml-5\">N\u00e3o passar a costura ou as decora\u00e7\u00f5es a ferro<\/li>\n<li class=\"ml-5\">Descri\u00e7\u00e3o do material: Malha<\/li>\n<li class=\"ml-5\">Composi\u00e7\u00e3o do tecido: 100% algod\u00e3o biol\u00f3gico<\/li>\n<li class=\"ml-5\">Detalhes canelados nos punhos e na gola<\/li>\n<li class=\"ml-5\">Marca: Log\u00f3tipo da \u00e1rvore bordado<\/li>\n<li class=\"ml-5\">Corte: Justo<\/li>\n<li class=\"ml-5\">Comprimento das costas no centro: 27,750&#8243; (70,5 cm)<\/li>\n<li class=\"ml-5\">Peso: 265 g\/m2<\/li>\n<\/ul>\n","protected":false},"excerpt":{"rendered":"<p>Informal e repleto de caracter\u00edsticas, o nosso polo piqu\u00e9 Millers River \u00e9 confecionado em 100% algod\u00e3o biol\u00f3gico, cultivado usando m\u00e9todos que evitam o uso da maioria dos fertilizantes e pesticidas sint\u00e9ticos. Tem tamb\u00e9m um corte justo, punhos canelados e um log\u00f3tipo da \u00e1rvore bordado. Esta combina\u00e7\u00e3o de tecidos cont\u00e9m pelo menos 50% de conte\u00fado org\u00e2nico [&hellip;]<\/p>\n","protected":false},"featured_media":64108,"comment_status":"closed","ping_status":"closed","template":"","meta":[],"product_cat":[221,230,483],"product_tag":[492],"class_list":{"0":"post-64088","1":"product","2":"type-product","3":"status-publish","4":"has-post-thumbnail","6":"product_cat-homem","7":"product_cat-polos","8":"product_cat-promocoes-homem","9":"product_tag-timberland","10":"ts_product_brand-timberland","12":"first","13":"instock","14":"sale","15":"shipping-taxable","16":"purchasable","17":"product-type-variable"},"yoast_head":"<!-- This site is optimized with the Yoast SEO plugin v27.4 - https:\/\/yoast.com\/product\/yoast-seo-wordpress\/ -->\n<title>Polo H Timberland - Guibutik<\/title>\n<meta name=\"robots\" content=\"index, follow, max-snippet:-1, max-image-preview:large, max-video-preview:-1\" \/>\n<link rel=\"canonical\" href=\"https:\/\/www.guibutik.pt\/loja\/produto\/polo-h-timberland-7\/\" \/>\n<meta property=\"og:locale\" content=\"pt_PT\" \/>\n<meta property=\"og:type\" content=\"article\" \/>\n<meta property=\"og:title\" content=\"Polo H Timberland - Guibutik\" \/>\n<meta property=\"og:description\" content=\"Informal e repleto de caracter\u00edsticas, o nosso polo piqu\u00e9 Millers River \u00e9 confecionado em 100% algod\u00e3o biol\u00f3gico, cultivado usando m\u00e9todos que evitam o uso da maioria dos fertilizantes e pesticidas sint\u00e9ticos. Tem tamb\u00e9m um corte justo, punhos canelados e um log\u00f3tipo da \u00e1rvore bordado. Esta combina\u00e7\u00e3o de tecidos cont\u00e9m pelo menos 50% de conte\u00fado org\u00e2nico [&hellip;]\" \/>\n<meta property=\"og:url\" content=\"https:\/\/www.guibutik.pt\/loja\/produto\/polo-h-timberland-7\/\" \/>\n<meta property=\"og:site_name\" content=\"Guibutik\" \/>\n<meta property=\"article:publisher\" content=\"https:\/\/www.facebook.com\/guibutik\/\" \/>\n<meta property=\"article:modified_time\" content=\"2026-01-21T12:05:29+00:00\" \/>\n<meta property=\"og:image\" content=\"https:\/\/www.guibutik.pt\/loja\/wp-content\/uploads\/2024\/09\/A6VD2433.jpg\" \/>\n\t<meta property=\"og:image:width\" content=\"650\" \/>\n\t<meta property=\"og:image:height\" content=\"650\" \/>\n\t<meta property=\"og:image:type\" content=\"image\/jpeg\" \/>\n<meta name=\"twitter:card\" content=\"summary_large_image\" \/>\n<meta name=\"twitter:label1\" content=\"Tempo estimado de leitura\" \/>\n\t<meta name=\"twitter:data1\" content=\"1 minuto\" \/>\n<script type=\"application\/ld+json\" class=\"yoast-schema-graph\">{\"@context\":\"https:\\\/\\\/schema.org\",\"@graph\":[{\"@type\":\"WebPage\",\"@id\":\"https:\\\/\\\/www.guibutik.pt\\\/loja\\\/produto\\\/polo-h-timberland-7\\\/\",\"url\":\"https:\\\/\\\/www.guibutik.pt\\\/loja\\\/produto\\\/polo-h-timberland-7\\\/\",\"name\":\"Polo H Timberland - Guibutik\",\"isPartOf\":{\"@id\":\"https:\\\/\\\/www.guibutik.pt\\\/loja\\\/#website\"},\"primaryImageOfPage\":{\"@id\":\"https:\\\/\\\/www.guibutik.pt\\\/loja\\\/produto\\\/polo-h-timberland-7\\\/#primaryimage\"},\"image\":{\"@id\":\"https:\\\/\\\/www.guibutik.pt\\\/loja\\\/produto\\\/polo-h-timberland-7\\\/#primaryimage\"},\"thumbnailUrl\":\"https:\\\/\\\/www.guibutik.pt\\\/loja\\\/wp-content\\\/uploads\\\/2024\\\/09\\\/A6VD2433.jpg\",\"datePublished\":\"2024-09-19T14:46:52+00:00\",\"dateModified\":\"2026-01-21T12:05:29+00:00\",\"breadcrumb\":{\"@id\":\"https:\\\/\\\/www.guibutik.pt\\\/loja\\\/produto\\\/polo-h-timberland-7\\\/#breadcrumb\"},\"inLanguage\":\"pt-PT\",\"potentialAction\":[{\"@type\":\"ReadAction\",\"target\":[\"https:\\\/\\\/www.guibutik.pt\\\/loja\\\/produto\\\/polo-h-timberland-7\\\/\"]}]},{\"@type\":\"ImageObject\",\"inLanguage\":\"pt-PT\",\"@id\":\"https:\\\/\\\/www.guibutik.pt\\\/loja\\\/produto\\\/polo-h-timberland-7\\\/#primaryimage\",\"url\":\"https:\\\/\\\/www.guibutik.pt\\\/loja\\\/wp-content\\\/uploads\\\/2024\\\/09\\\/A6VD2433.jpg\",\"contentUrl\":\"https:\\\/\\\/www.guibutik.pt\\\/loja\\\/wp-content\\\/uploads\\\/2024\\\/09\\\/A6VD2433.jpg\",\"width\":650,\"height\":650},{\"@type\":\"BreadcrumbList\",\"@id\":\"https:\\\/\\\/www.guibutik.pt\\\/loja\\\/produto\\\/polo-h-timberland-7\\\/#breadcrumb\",\"itemListElement\":[{\"@type\":\"ListItem\",\"position\":1,\"name\":\"In\u00edcio\",\"item\":\"https:\\\/\\\/www.guibutik.pt\\\/loja\\\/\"},{\"@type\":\"ListItem\",\"position\":2,\"name\":\"Loja\",\"item\":\"https:\\\/\\\/www.guibutik.pt\\\/loja\\\/shop\\\/\"},{\"@type\":\"ListItem\",\"position\":3,\"name\":\"Polo H Timberland\"}]},{\"@type\":\"WebSite\",\"@id\":\"https:\\\/\\\/www.guibutik.pt\\\/loja\\\/#website\",\"url\":\"https:\\\/\\\/www.guibutik.pt\\\/loja\\\/\",\"name\":\"Guibutik\",\"description\":\"Moda e Sapataria\",\"potentialAction\":[{\"@type\":\"SearchAction\",\"target\":{\"@type\":\"EntryPoint\",\"urlTemplate\":\"https:\\\/\\\/www.guibutik.pt\\\/loja\\\/?s={search_term_string}\"},\"query-input\":{\"@type\":\"PropertyValueSpecification\",\"valueRequired\":true,\"valueName\":\"search_term_string\"}}],\"inLanguage\":\"pt-PT\"}]}<\/script>\n<!-- \/ Yoast SEO plugin. -->","yoast_head_json":{"title":"Polo H Timberland - Guibutik","robots":{"index":"index","follow":"follow","max-snippet":"max-snippet:-1","max-image-preview":"max-image-preview:large","max-video-preview":"max-video-preview:-1"},"canonical":"https:\/\/www.guibutik.pt\/loja\/produto\/polo-h-timberland-7\/","og_locale":"pt_PT","og_type":"article","og_title":"Polo H Timberland - Guibutik","og_description":"Informal e repleto de caracter\u00edsticas, o nosso polo piqu\u00e9 Millers River \u00e9 confecionado em 100% algod\u00e3o biol\u00f3gico, cultivado usando m\u00e9todos que evitam o uso da maioria dos fertilizantes e pesticidas sint\u00e9ticos. Tem tamb\u00e9m um corte justo, punhos canelados e um log\u00f3tipo da \u00e1rvore bordado. Esta combina\u00e7\u00e3o de tecidos cont\u00e9m pelo menos 50% de conte\u00fado org\u00e2nico [&hellip;]","og_url":"https:\/\/www.guibutik.pt\/loja\/produto\/polo-h-timberland-7\/","og_site_name":"Guibutik","article_publisher":"https:\/\/www.facebook.com\/guibutik\/","article_modified_time":"2026-01-21T12:05:29+00:00","og_image":[{"width":650,"height":650,"url":"https:\/\/www.guibutik.pt\/loja\/wp-content\/uploads\/2024\/09\/A6VD2433.jpg","type":"image\/jpeg"}],"twitter_card":"summary_large_image","twitter_misc":{"Tempo estimado de leitura":"1 minuto"},"schema":{"@context":"https:\/\/schema.org","@graph":[{"@type":"WebPage","@id":"https:\/\/www.guibutik.pt\/loja\/produto\/polo-h-timberland-7\/","url":"https:\/\/www.guibutik.pt\/loja\/produto\/polo-h-timberland-7\/","name":"Polo H Timberland - Guibutik","isPartOf":{"@id":"https:\/\/www.guibutik.pt\/loja\/#website"},"primaryImageOfPage":{"@id":"https:\/\/www.guibutik.pt\/loja\/produto\/polo-h-timberland-7\/#primaryimage"},"image":{"@id":"https:\/\/www.guibutik.pt\/loja\/produto\/polo-h-timberland-7\/#primaryimage"},"thumbnailUrl":"https:\/\/www.guibutik.pt\/loja\/wp-content\/uploads\/2024\/09\/A6VD2433.jpg","datePublished":"2024-09-19T14:46:52+00:00","dateModified":"2026-01-21T12:05:29+00:00","breadcrumb":{"@id":"https:\/\/www.guibutik.pt\/loja\/produto\/polo-h-timberland-7\/#breadcrumb"},"inLanguage":"pt-PT","potentialAction":[{"@type":"ReadAction","target":["https:\/\/www.guibutik.pt\/loja\/produto\/polo-h-timberland-7\/"]}]},{"@type":"ImageObject","inLanguage":"pt-PT","@id":"https:\/\/www.guibutik.pt\/loja\/produto\/polo-h-timberland-7\/#primaryimage","url":"https:\/\/www.guibutik.pt\/loja\/wp-content\/uploads\/2024\/09\/A6VD2433.jpg","contentUrl":"https:\/\/www.guibutik.pt\/loja\/wp-content\/uploads\/2024\/09\/A6VD2433.jpg","width":650,"height":650},{"@type":"BreadcrumbList","@id":"https:\/\/www.guibutik.pt\/loja\/produto\/polo-h-timberland-7\/#breadcrumb","itemListElement":[{"@type":"ListItem","position":1,"name":"In\u00edcio","item":"https:\/\/www.guibutik.pt\/loja\/"},{"@type":"ListItem","position":2,"name":"Loja","item":"https:\/\/www.guibutik.pt\/loja\/shop\/"},{"@type":"ListItem","position":3,"name":"Polo H Timberland"}]},{"@type":"WebSite","@id":"https:\/\/www.guibutik.pt\/loja\/#website","url":"https:\/\/www.guibutik.pt\/loja\/","name":"Guibutik","description":"Moda e Sapataria","potentialAction":[{"@type":"SearchAction","target":{"@type":"EntryPoint","urlTemplate":"https:\/\/www.guibutik.pt\/loja\/?s={search_term_string}"},"query-input":{"@type":"PropertyValueSpecification","valueRequired":true,"valueName":"search_term_string"}}],"inLanguage":"pt-PT"}]}},"_links":{"self":[{"href":"https:\/\/www.guibutik.pt\/loja\/wp-json\/wp\/v2\/product\/64088","targetHints":{"allow":["GET"]}}],"collection":[{"href":"https:\/\/www.guibutik.pt\/loja\/wp-json\/wp\/v2\/product"}],"about":[{"href":"https:\/\/www.guibutik.pt\/loja\/wp-json\/wp\/v2\/types\/product"}],"replies":[{"embeddable":true,"href":"https:\/\/www.guibutik.pt\/loja\/wp-json\/wp\/v2\/comments?post=64088"}],"wp:featuredmedia":[{"embeddable":true,"href":"https:\/\/www.guibutik.pt\/loja\/wp-json\/wp\/v2\/media\/64108"}],"wp:attachment":[{"href":"https:\/\/www.guibutik.pt\/loja\/wp-json\/wp\/v2\/media?parent=64088"}],"wp:term":[{"taxonomy":"product_cat","embeddable":true,"href":"https:\/\/www.guibutik.pt\/loja\/wp-json\/wp\/v2\/product_cat?post=64088"},{"taxonomy":"product_tag","embeddable":true,"href":"https:\/\/www.guibutik.pt\/loja\/wp-json\/wp\/v2\/product_tag?post=64088"}],"curies":[{"name":"wp","href":"https:\/\/api.w.org\/{rel}","templated":true}]}}