{"id":63224,"date":"2024-09-03T12:23:30","date_gmt":"2024-09-03T11:23:30","guid":{"rendered":"https:\/\/www.guibutik.pt\/loja\/?post_type=product&#038;p=63224"},"modified":"2026-02-28T20:01:48","modified_gmt":"2026-02-28T19:01:48","slug":"casaco-s-salsa-3","status":"publish","type":"product","link":"https:\/\/www.guibutik.pt\/loja\/produto\/casaco-s-salsa-3\/","title":{"rendered":"Casaco S Salsa"},"content":{"rendered":"<p>Casaco comprido camel de fazenda. Fit regular. Manga comprida. Com forro. Aplica\u00e7\u00e3o de dois fechos na parte da frente. Dois bolsos aos lados. Fecho de bot\u00f5es na gola e parte frontal.<\/p>\n<div class=\"product-composition-cares-row product-compositions\">\n<div class=\"title-composition-cares title-compositions\">\n<p><b>Composi\u00e7\u00e3o<\/b><\/p>\n<\/div>\n<div class=\"content-composition-cares content-compositions\">\n<div class=\"group-composition\">\n<p class=\"composition_type\">Forro da manga<\/p>\n<ul>\n<li class=\"listComp\"><span class=\"p\">100% Poliester<\/span><\/li>\n<\/ul>\n<\/div>\n<div class=\"group-composition\">\n<p class=\"composition_type\">Forro<\/p>\n<ul>\n<li class=\"listComp\"><span class=\"p\">97% Poliester<\/span><\/li>\n<li class=\"listComp\"><span class=\"p\">3% Elastano<\/span><\/li>\n<\/ul>\n<\/div>\n<div class=\"group-composition\">\n<p class=\"composition_type\">Tecido principal<\/p>\n<ul>\n<li class=\"listComp\"><span class=\"p\">25% Poliester<\/span><\/li>\n<li class=\"listComp\"><span class=\"p\">60% L\u00e3<\/span><\/li>\n<li class=\"listComp\"><span class=\"p\">10% Poliamida-nylon<\/span><\/li>\n<li class=\"listComp\"><span class=\"p\">5% Outras fibras<\/span><\/li>\n<\/ul>\n<\/div>\n<\/div>\n<\/div>\n<div class=\"product-composition-cares-row product-washing-cares\">\n<div class=\"title-composition-cares title-cares\">\n<p><b>Cuidados de Lavagem<\/b><\/p>\n<ul>\n<li>N\u00e3o lavar<\/li>\n<li>N\u00e3o usar lix\u00edvia<\/li>\n<li>N\u00e3o passar com ferro quente<\/li>\n<li>Limpeza a seco delicada<\/li>\n<li>Com carga t\u00e9rmica reduzida<\/li>\n<\/ul>\n<\/div>\n<\/div>\n","protected":false},"excerpt":{"rendered":"<p>Casaco comprido camel de fazenda. Fit regular. Manga comprida. Com forro. Aplica\u00e7\u00e3o de dois fechos na parte da frente. Dois bolsos aos lados. Fecho de bot\u00f5es na gola e parte frontal. Composi\u00e7\u00e3o Forro da manga 100% Poliester Forro 97% Poliester 3% Elastano Tecido principal 25% Poliester 60% L\u00e3 10% Poliamida-nylon 5% Outras fibras Cuidados de [&hellip;]<\/p>\n","protected":false},"featured_media":63236,"comment_status":"closed","ping_status":"closed","template":"","meta":[],"product_cat":[292,222],"product_tag":[],"class_list":{"0":"post-63224","1":"product","2":"type-product","3":"status-publish","4":"has-post-thumbnail","6":"product_cat-casaco","7":"product_cat-senhora","8":"ts_product_brand-salsa","10":"first","11":"instock","12":"shipping-taxable","13":"purchasable","14":"product-type-variable"},"yoast_head":"<!-- This site is optimized with the Yoast SEO plugin v27.5 - https:\/\/yoast.com\/product\/yoast-seo-wordpress\/ -->\n<title>Casaco S Salsa - Guibutik<\/title>\n<meta name=\"robots\" content=\"index, follow, max-snippet:-1, max-image-preview:large, max-video-preview:-1\" \/>\n<link rel=\"canonical\" href=\"https:\/\/www.guibutik.pt\/loja\/produto\/casaco-s-salsa-3\/\" \/>\n<meta property=\"og:locale\" content=\"pt_PT\" \/>\n<meta property=\"og:type\" content=\"article\" \/>\n<meta property=\"og:title\" content=\"Casaco S Salsa - Guibutik\" \/>\n<meta property=\"og:description\" content=\"Casaco comprido camel de fazenda. Fit regular. Manga comprida. Com forro. Aplica\u00e7\u00e3o de dois fechos na parte da frente. Dois bolsos aos lados. Fecho de bot\u00f5es na gola e parte frontal. Composi\u00e7\u00e3o Forro da manga 100% Poliester Forro 97% Poliester 3% Elastano Tecido principal 25% Poliester 60% L\u00e3 10% Poliamida-nylon 5% Outras fibras Cuidados de [&hellip;]\" \/>\n<meta property=\"og:url\" content=\"https:\/\/www.guibutik.pt\/loja\/produto\/casaco-s-salsa-3\/\" \/>\n<meta property=\"og:site_name\" content=\"Guibutik\" \/>\n<meta property=\"article:publisher\" content=\"https:\/\/www.facebook.com\/guibutik\/\" \/>\n<meta property=\"article:modified_time\" content=\"2026-02-28T19:01:48+00:00\" \/>\n<meta property=\"og:image\" content=\"https:\/\/www.guibutik.pt\/loja\/wp-content\/uploads\/2024\/09\/21002955.jpg\" \/>\n\t<meta property=\"og:image:width\" content=\"1000\" \/>\n\t<meta property=\"og:image:height\" content=\"1500\" \/>\n\t<meta property=\"og:image:type\" content=\"image\/jpeg\" \/>\n<meta name=\"twitter:card\" content=\"summary_large_image\" \/>\n<meta name=\"twitter:label1\" content=\"Tempo estimado de leitura\" \/>\n\t<meta name=\"twitter:data1\" content=\"1 minuto\" \/>\n<script type=\"application\/ld+json\" class=\"yoast-schema-graph\">{\"@context\":\"https:\\\/\\\/schema.org\",\"@graph\":[{\"@type\":\"WebPage\",\"@id\":\"https:\\\/\\\/www.guibutik.pt\\\/loja\\\/produto\\\/casaco-s-salsa-3\\\/\",\"url\":\"https:\\\/\\\/www.guibutik.pt\\\/loja\\\/produto\\\/casaco-s-salsa-3\\\/\",\"name\":\"Casaco S Salsa - Guibutik\",\"isPartOf\":{\"@id\":\"https:\\\/\\\/www.guibutik.pt\\\/loja\\\/#website\"},\"primaryImageOfPage\":{\"@id\":\"https:\\\/\\\/www.guibutik.pt\\\/loja\\\/produto\\\/casaco-s-salsa-3\\\/#primaryimage\"},\"image\":{\"@id\":\"https:\\\/\\\/www.guibutik.pt\\\/loja\\\/produto\\\/casaco-s-salsa-3\\\/#primaryimage\"},\"thumbnailUrl\":\"https:\\\/\\\/www.guibutik.pt\\\/loja\\\/wp-content\\\/uploads\\\/2024\\\/09\\\/21002955.jpg\",\"datePublished\":\"2024-09-03T11:23:30+00:00\",\"dateModified\":\"2026-02-28T19:01:48+00:00\",\"breadcrumb\":{\"@id\":\"https:\\\/\\\/www.guibutik.pt\\\/loja\\\/produto\\\/casaco-s-salsa-3\\\/#breadcrumb\"},\"inLanguage\":\"pt-PT\",\"potentialAction\":[{\"@type\":\"ReadAction\",\"target\":[\"https:\\\/\\\/www.guibutik.pt\\\/loja\\\/produto\\\/casaco-s-salsa-3\\\/\"]}]},{\"@type\":\"ImageObject\",\"inLanguage\":\"pt-PT\",\"@id\":\"https:\\\/\\\/www.guibutik.pt\\\/loja\\\/produto\\\/casaco-s-salsa-3\\\/#primaryimage\",\"url\":\"https:\\\/\\\/www.guibutik.pt\\\/loja\\\/wp-content\\\/uploads\\\/2024\\\/09\\\/21002955.jpg\",\"contentUrl\":\"https:\\\/\\\/www.guibutik.pt\\\/loja\\\/wp-content\\\/uploads\\\/2024\\\/09\\\/21002955.jpg\",\"width\":1000,\"height\":1500},{\"@type\":\"BreadcrumbList\",\"@id\":\"https:\\\/\\\/www.guibutik.pt\\\/loja\\\/produto\\\/casaco-s-salsa-3\\\/#breadcrumb\",\"itemListElement\":[{\"@type\":\"ListItem\",\"position\":1,\"name\":\"In\u00edcio\",\"item\":\"https:\\\/\\\/www.guibutik.pt\\\/loja\\\/\"},{\"@type\":\"ListItem\",\"position\":2,\"name\":\"Loja\",\"item\":\"https:\\\/\\\/www.guibutik.pt\\\/loja\\\/shop\\\/\"},{\"@type\":\"ListItem\",\"position\":3,\"name\":\"Casaco S Salsa\"}]},{\"@type\":\"WebSite\",\"@id\":\"https:\\\/\\\/www.guibutik.pt\\\/loja\\\/#website\",\"url\":\"https:\\\/\\\/www.guibutik.pt\\\/loja\\\/\",\"name\":\"Guibutik\",\"description\":\"Moda e Sapataria\",\"potentialAction\":[{\"@type\":\"SearchAction\",\"target\":{\"@type\":\"EntryPoint\",\"urlTemplate\":\"https:\\\/\\\/www.guibutik.pt\\\/loja\\\/?s={search_term_string}\"},\"query-input\":{\"@type\":\"PropertyValueSpecification\",\"valueRequired\":true,\"valueName\":\"search_term_string\"}}],\"inLanguage\":\"pt-PT\"}]}<\/script>\n<!-- \/ Yoast SEO plugin. -->","yoast_head_json":{"title":"Casaco S Salsa - Guibutik","robots":{"index":"index","follow":"follow","max-snippet":"max-snippet:-1","max-image-preview":"max-image-preview:large","max-video-preview":"max-video-preview:-1"},"canonical":"https:\/\/www.guibutik.pt\/loja\/produto\/casaco-s-salsa-3\/","og_locale":"pt_PT","og_type":"article","og_title":"Casaco S Salsa - Guibutik","og_description":"Casaco comprido camel de fazenda. Fit regular. Manga comprida. Com forro. Aplica\u00e7\u00e3o de dois fechos na parte da frente. Dois bolsos aos lados. Fecho de bot\u00f5es na gola e parte frontal. Composi\u00e7\u00e3o Forro da manga 100% Poliester Forro 97% Poliester 3% Elastano Tecido principal 25% Poliester 60% L\u00e3 10% Poliamida-nylon 5% Outras fibras Cuidados de [&hellip;]","og_url":"https:\/\/www.guibutik.pt\/loja\/produto\/casaco-s-salsa-3\/","og_site_name":"Guibutik","article_publisher":"https:\/\/www.facebook.com\/guibutik\/","article_modified_time":"2026-02-28T19:01:48+00:00","og_image":[{"width":1000,"height":1500,"url":"https:\/\/www.guibutik.pt\/loja\/wp-content\/uploads\/2024\/09\/21002955.jpg","type":"image\/jpeg"}],"twitter_card":"summary_large_image","twitter_misc":{"Tempo estimado de leitura":"1 minuto"},"schema":{"@context":"https:\/\/schema.org","@graph":[{"@type":"WebPage","@id":"https:\/\/www.guibutik.pt\/loja\/produto\/casaco-s-salsa-3\/","url":"https:\/\/www.guibutik.pt\/loja\/produto\/casaco-s-salsa-3\/","name":"Casaco S Salsa - Guibutik","isPartOf":{"@id":"https:\/\/www.guibutik.pt\/loja\/#website"},"primaryImageOfPage":{"@id":"https:\/\/www.guibutik.pt\/loja\/produto\/casaco-s-salsa-3\/#primaryimage"},"image":{"@id":"https:\/\/www.guibutik.pt\/loja\/produto\/casaco-s-salsa-3\/#primaryimage"},"thumbnailUrl":"https:\/\/www.guibutik.pt\/loja\/wp-content\/uploads\/2024\/09\/21002955.jpg","datePublished":"2024-09-03T11:23:30+00:00","dateModified":"2026-02-28T19:01:48+00:00","breadcrumb":{"@id":"https:\/\/www.guibutik.pt\/loja\/produto\/casaco-s-salsa-3\/#breadcrumb"},"inLanguage":"pt-PT","potentialAction":[{"@type":"ReadAction","target":["https:\/\/www.guibutik.pt\/loja\/produto\/casaco-s-salsa-3\/"]}]},{"@type":"ImageObject","inLanguage":"pt-PT","@id":"https:\/\/www.guibutik.pt\/loja\/produto\/casaco-s-salsa-3\/#primaryimage","url":"https:\/\/www.guibutik.pt\/loja\/wp-content\/uploads\/2024\/09\/21002955.jpg","contentUrl":"https:\/\/www.guibutik.pt\/loja\/wp-content\/uploads\/2024\/09\/21002955.jpg","width":1000,"height":1500},{"@type":"BreadcrumbList","@id":"https:\/\/www.guibutik.pt\/loja\/produto\/casaco-s-salsa-3\/#breadcrumb","itemListElement":[{"@type":"ListItem","position":1,"name":"In\u00edcio","item":"https:\/\/www.guibutik.pt\/loja\/"},{"@type":"ListItem","position":2,"name":"Loja","item":"https:\/\/www.guibutik.pt\/loja\/shop\/"},{"@type":"ListItem","position":3,"name":"Casaco S Salsa"}]},{"@type":"WebSite","@id":"https:\/\/www.guibutik.pt\/loja\/#website","url":"https:\/\/www.guibutik.pt\/loja\/","name":"Guibutik","description":"Moda e Sapataria","potentialAction":[{"@type":"SearchAction","target":{"@type":"EntryPoint","urlTemplate":"https:\/\/www.guibutik.pt\/loja\/?s={search_term_string}"},"query-input":{"@type":"PropertyValueSpecification","valueRequired":true,"valueName":"search_term_string"}}],"inLanguage":"pt-PT"}]}},"_links":{"self":[{"href":"https:\/\/www.guibutik.pt\/loja\/wp-json\/wp\/v2\/product\/63224","targetHints":{"allow":["GET"]}}],"collection":[{"href":"https:\/\/www.guibutik.pt\/loja\/wp-json\/wp\/v2\/product"}],"about":[{"href":"https:\/\/www.guibutik.pt\/loja\/wp-json\/wp\/v2\/types\/product"}],"replies":[{"embeddable":true,"href":"https:\/\/www.guibutik.pt\/loja\/wp-json\/wp\/v2\/comments?post=63224"}],"wp:featuredmedia":[{"embeddable":true,"href":"https:\/\/www.guibutik.pt\/loja\/wp-json\/wp\/v2\/media\/63236"}],"wp:attachment":[{"href":"https:\/\/www.guibutik.pt\/loja\/wp-json\/wp\/v2\/media?parent=63224"}],"wp:term":[{"taxonomy":"product_cat","embeddable":true,"href":"https:\/\/www.guibutik.pt\/loja\/wp-json\/wp\/v2\/product_cat?post=63224"},{"taxonomy":"product_tag","embeddable":true,"href":"https:\/\/www.guibutik.pt\/loja\/wp-json\/wp\/v2\/product_tag?post=63224"}],"curies":[{"name":"wp","href":"https:\/\/api.w.org\/{rel}","templated":true}]}}