{"id":61216,"date":"2024-04-17T11:50:54","date_gmt":"2024-04-17T10:50:54","guid":{"rendered":"https:\/\/www.guibutik.pt\/loja\/?post_type=product&#038;p=61216"},"modified":"2025-08-19T16:22:37","modified_gmt":"2025-08-19T15:22:37","slug":"calca-dockers-4","status":"publish","type":"product","link":"https:\/\/www.guibutik.pt\/loja\/produto\/calca-dockers-4\/","title":{"rendered":"Cal\u00e7a Dockers"},"content":{"rendered":"<p>Dockers\u00ae Originals: Uma cole\u00e7\u00e3o dos estilos mais requintados. Esses produtos atemporais, modernos e incrivelmente confort\u00e1veis \u200b\u200bapresentam ajustes e detalhes que amamos acima de tudo. Nosso Original Chino \u00e9 o chino casual ideal &#8211; e garantimos isso ao detalhar cada detalhe. Simplificamos seu estilo, ajustamos seu caimento para ficar ainda melhor e finalizamos com uma mistura de elementos inspirados em nossos arquivos. A combina\u00e7\u00e3o perfeita de estilo, ajuste e detalhes para durar por d\u00e9cadas<\/p>\n<ul>\n<li>Ajuste skinny: Nosso corte skinny \u00e9 o corte mais justo e justo<\/li>\n<li>Alongue-se para maior conforto<\/li>\n<li>Esta pe\u00e7a \u00e9 confeccionada com nossas t\u00e9cnicas Water&lt;Less\u00ae para reduzir o uso de \u00e1gua no processo de fabrica\u00e7\u00e3o da pe\u00e7a; At\u00e9 agora, a Dockers\u00ae reciclou mais de 47 milh\u00f5es de litros e contando<\/li>\n<li>Fizemos esta pe\u00e7a com 20% de algod\u00e3o reciclado<\/li>\n<li>Estilo: A48610016<\/li>\n<li>Pa\u00eds de origem: China<\/li>\n<li>O modelo mede 180 cm\/5&#8217;11&#8221; e est\u00e1 usando o tamanho 32 x 32<\/li>\n<li>Magro: bate na cintura; Mosca zip; Abertura de perna estreita que se estreita no tornozelo<\/li>\n<li>\n<h2 class=\"accordion__title\"><button id=\"ProductAccordion3\" class=\"accordion__control\" aria-controls=\"Productcontent-3\" aria-expanded=\"true\">Composi\u00e7\u00e3o e Cuidados<\/button><\/h2>\n<div id=\"Productcontent-3\" class=\"accordion__content accordion__content--animate\" role=\"region\" aria-labelledby=\"ProductAccordion3\">\n<div>\n<ul>\n<li>Sarja: 77% Algod\u00e3o, 20% Algod\u00e3o Reciclado, 3% Elastano<\/li>\n<li>Bolsos debruados<\/li>\n<li>M\u00e1quina de lavar frio; N\u00e3o utilizar alvejante; Secar em temperatura baixa; Ferro quente, se necess\u00e1rio; Lavagem a seco poss\u00edvel; Lave do avesso com cores semelhantes; Remover imediatamente<\/li>\n<\/ul>\n<\/div>\n<\/div>\n<\/li>\n<\/ul>\n","protected":false},"excerpt":{"rendered":"<p>Dockers\u00ae Originals: Uma cole\u00e7\u00e3o dos estilos mais requintados. Esses produtos atemporais, modernos e incrivelmente confort\u00e1veis \u200b\u200bapresentam ajustes e detalhes que amamos acima de tudo. Nosso Original Chino \u00e9 o chino casual ideal &#8211; e garantimos isso ao detalhar cada detalhe. Simplificamos seu estilo, ajustamos seu caimento para ficar ainda melhor e finalizamos com uma mistura [&hellip;]<\/p>\n","protected":false},"featured_media":61227,"comment_status":"closed","ping_status":"closed","template":"","meta":[],"product_cat":[298,221],"product_tag":[],"class_list":{"0":"post-61216","1":"product","2":"type-product","3":"status-publish","4":"has-post-thumbnail","6":"product_cat-calcas","7":"product_cat-homem","8":"ts_product_brand-dockers","10":"first","11":"instock","12":"shipping-taxable","13":"purchasable","14":"product-type-variable"},"yoast_head":"<!-- This site is optimized with the Yoast SEO plugin v27.6 - https:\/\/yoast.com\/product\/yoast-seo-wordpress\/ -->\n<title>Cal\u00e7a Dockers - Guibutik<\/title>\n<meta name=\"robots\" content=\"index, follow, max-snippet:-1, max-image-preview:large, max-video-preview:-1\" \/>\n<link rel=\"canonical\" href=\"https:\/\/www.guibutik.pt\/loja\/produto\/calca-dockers-4\/\" \/>\n<meta property=\"og:locale\" content=\"pt_PT\" \/>\n<meta property=\"og:type\" content=\"article\" \/>\n<meta property=\"og:title\" content=\"Cal\u00e7a Dockers - Guibutik\" \/>\n<meta property=\"og:description\" content=\"Dockers\u00ae Originals: Uma cole\u00e7\u00e3o dos estilos mais requintados. Esses produtos atemporais, modernos e incrivelmente confort\u00e1veis \u200b\u200bapresentam ajustes e detalhes que amamos acima de tudo. Nosso Original Chino \u00e9 o chino casual ideal &#8211; e garantimos isso ao detalhar cada detalhe. Simplificamos seu estilo, ajustamos seu caimento para ficar ainda melhor e finalizamos com uma mistura [&hellip;]\" \/>\n<meta property=\"og:url\" content=\"https:\/\/www.guibutik.pt\/loja\/produto\/calca-dockers-4\/\" \/>\n<meta property=\"og:site_name\" content=\"Guibutik\" \/>\n<meta property=\"article:publisher\" content=\"https:\/\/www.facebook.com\/guibutik\/\" \/>\n<meta property=\"article:modified_time\" content=\"2025-08-19T15:22:37+00:00\" \/>\n<meta property=\"og:image\" content=\"https:\/\/www.guibutik.pt\/loja\/wp-content\/uploads\/2024\/04\/A4861-0016.webp\" \/>\n\t<meta property=\"og:image:width\" content=\"360\" \/>\n\t<meta property=\"og:image:height\" content=\"450\" \/>\n\t<meta property=\"og:image:type\" content=\"image\/webp\" \/>\n<meta name=\"twitter:card\" content=\"summary_large_image\" \/>\n<meta name=\"twitter:label1\" content=\"Tempo estimado de leitura\" \/>\n\t<meta name=\"twitter:data1\" content=\"2 minutos\" \/>\n<script type=\"application\/ld+json\" class=\"yoast-schema-graph\">{\"@context\":\"https:\\\/\\\/schema.org\",\"@graph\":[{\"@type\":\"WebPage\",\"@id\":\"https:\\\/\\\/www.guibutik.pt\\\/loja\\\/produto\\\/calca-dockers-4\\\/\",\"url\":\"https:\\\/\\\/www.guibutik.pt\\\/loja\\\/produto\\\/calca-dockers-4\\\/\",\"name\":\"Cal\u00e7a Dockers - Guibutik\",\"isPartOf\":{\"@id\":\"https:\\\/\\\/www.guibutik.pt\\\/loja\\\/#website\"},\"primaryImageOfPage\":{\"@id\":\"https:\\\/\\\/www.guibutik.pt\\\/loja\\\/produto\\\/calca-dockers-4\\\/#primaryimage\"},\"image\":{\"@id\":\"https:\\\/\\\/www.guibutik.pt\\\/loja\\\/produto\\\/calca-dockers-4\\\/#primaryimage\"},\"thumbnailUrl\":\"https:\\\/\\\/www.guibutik.pt\\\/loja\\\/wp-content\\\/uploads\\\/2024\\\/04\\\/A4861-0016.webp\",\"datePublished\":\"2024-04-17T10:50:54+00:00\",\"dateModified\":\"2025-08-19T15:22:37+00:00\",\"breadcrumb\":{\"@id\":\"https:\\\/\\\/www.guibutik.pt\\\/loja\\\/produto\\\/calca-dockers-4\\\/#breadcrumb\"},\"inLanguage\":\"pt-PT\",\"potentialAction\":[{\"@type\":\"ReadAction\",\"target\":[\"https:\\\/\\\/www.guibutik.pt\\\/loja\\\/produto\\\/calca-dockers-4\\\/\"]}]},{\"@type\":\"ImageObject\",\"inLanguage\":\"pt-PT\",\"@id\":\"https:\\\/\\\/www.guibutik.pt\\\/loja\\\/produto\\\/calca-dockers-4\\\/#primaryimage\",\"url\":\"https:\\\/\\\/www.guibutik.pt\\\/loja\\\/wp-content\\\/uploads\\\/2024\\\/04\\\/A4861-0016.webp\",\"contentUrl\":\"https:\\\/\\\/www.guibutik.pt\\\/loja\\\/wp-content\\\/uploads\\\/2024\\\/04\\\/A4861-0016.webp\",\"width\":360,\"height\":450},{\"@type\":\"BreadcrumbList\",\"@id\":\"https:\\\/\\\/www.guibutik.pt\\\/loja\\\/produto\\\/calca-dockers-4\\\/#breadcrumb\",\"itemListElement\":[{\"@type\":\"ListItem\",\"position\":1,\"name\":\"In\u00edcio\",\"item\":\"https:\\\/\\\/www.guibutik.pt\\\/loja\\\/\"},{\"@type\":\"ListItem\",\"position\":2,\"name\":\"Loja\",\"item\":\"https:\\\/\\\/www.guibutik.pt\\\/loja\\\/shop\\\/\"},{\"@type\":\"ListItem\",\"position\":3,\"name\":\"Cal\u00e7a Dockers\"}]},{\"@type\":\"WebSite\",\"@id\":\"https:\\\/\\\/www.guibutik.pt\\\/loja\\\/#website\",\"url\":\"https:\\\/\\\/www.guibutik.pt\\\/loja\\\/\",\"name\":\"Guibutik\",\"description\":\"Moda e Sapataria\",\"potentialAction\":[{\"@type\":\"SearchAction\",\"target\":{\"@type\":\"EntryPoint\",\"urlTemplate\":\"https:\\\/\\\/www.guibutik.pt\\\/loja\\\/?s={search_term_string}\"},\"query-input\":{\"@type\":\"PropertyValueSpecification\",\"valueRequired\":true,\"valueName\":\"search_term_string\"}}],\"inLanguage\":\"pt-PT\"}]}<\/script>\n<!-- \/ Yoast SEO plugin. -->","yoast_head_json":{"title":"Cal\u00e7a Dockers - Guibutik","robots":{"index":"index","follow":"follow","max-snippet":"max-snippet:-1","max-image-preview":"max-image-preview:large","max-video-preview":"max-video-preview:-1"},"canonical":"https:\/\/www.guibutik.pt\/loja\/produto\/calca-dockers-4\/","og_locale":"pt_PT","og_type":"article","og_title":"Cal\u00e7a Dockers - Guibutik","og_description":"Dockers\u00ae Originals: Uma cole\u00e7\u00e3o dos estilos mais requintados. Esses produtos atemporais, modernos e incrivelmente confort\u00e1veis \u200b\u200bapresentam ajustes e detalhes que amamos acima de tudo. Nosso Original Chino \u00e9 o chino casual ideal &#8211; e garantimos isso ao detalhar cada detalhe. Simplificamos seu estilo, ajustamos seu caimento para ficar ainda melhor e finalizamos com uma mistura [&hellip;]","og_url":"https:\/\/www.guibutik.pt\/loja\/produto\/calca-dockers-4\/","og_site_name":"Guibutik","article_publisher":"https:\/\/www.facebook.com\/guibutik\/","article_modified_time":"2025-08-19T15:22:37+00:00","og_image":[{"width":360,"height":450,"url":"https:\/\/www.guibutik.pt\/loja\/wp-content\/uploads\/2024\/04\/A4861-0016.webp","type":"image\/webp"}],"twitter_card":"summary_large_image","twitter_misc":{"Tempo estimado de leitura":"2 minutos"},"schema":{"@context":"https:\/\/schema.org","@graph":[{"@type":"WebPage","@id":"https:\/\/www.guibutik.pt\/loja\/produto\/calca-dockers-4\/","url":"https:\/\/www.guibutik.pt\/loja\/produto\/calca-dockers-4\/","name":"Cal\u00e7a Dockers - Guibutik","isPartOf":{"@id":"https:\/\/www.guibutik.pt\/loja\/#website"},"primaryImageOfPage":{"@id":"https:\/\/www.guibutik.pt\/loja\/produto\/calca-dockers-4\/#primaryimage"},"image":{"@id":"https:\/\/www.guibutik.pt\/loja\/produto\/calca-dockers-4\/#primaryimage"},"thumbnailUrl":"https:\/\/www.guibutik.pt\/loja\/wp-content\/uploads\/2024\/04\/A4861-0016.webp","datePublished":"2024-04-17T10:50:54+00:00","dateModified":"2025-08-19T15:22:37+00:00","breadcrumb":{"@id":"https:\/\/www.guibutik.pt\/loja\/produto\/calca-dockers-4\/#breadcrumb"},"inLanguage":"pt-PT","potentialAction":[{"@type":"ReadAction","target":["https:\/\/www.guibutik.pt\/loja\/produto\/calca-dockers-4\/"]}]},{"@type":"ImageObject","inLanguage":"pt-PT","@id":"https:\/\/www.guibutik.pt\/loja\/produto\/calca-dockers-4\/#primaryimage","url":"https:\/\/www.guibutik.pt\/loja\/wp-content\/uploads\/2024\/04\/A4861-0016.webp","contentUrl":"https:\/\/www.guibutik.pt\/loja\/wp-content\/uploads\/2024\/04\/A4861-0016.webp","width":360,"height":450},{"@type":"BreadcrumbList","@id":"https:\/\/www.guibutik.pt\/loja\/produto\/calca-dockers-4\/#breadcrumb","itemListElement":[{"@type":"ListItem","position":1,"name":"In\u00edcio","item":"https:\/\/www.guibutik.pt\/loja\/"},{"@type":"ListItem","position":2,"name":"Loja","item":"https:\/\/www.guibutik.pt\/loja\/shop\/"},{"@type":"ListItem","position":3,"name":"Cal\u00e7a Dockers"}]},{"@type":"WebSite","@id":"https:\/\/www.guibutik.pt\/loja\/#website","url":"https:\/\/www.guibutik.pt\/loja\/","name":"Guibutik","description":"Moda e Sapataria","potentialAction":[{"@type":"SearchAction","target":{"@type":"EntryPoint","urlTemplate":"https:\/\/www.guibutik.pt\/loja\/?s={search_term_string}"},"query-input":{"@type":"PropertyValueSpecification","valueRequired":true,"valueName":"search_term_string"}}],"inLanguage":"pt-PT"}]}},"_links":{"self":[{"href":"https:\/\/www.guibutik.pt\/loja\/wp-json\/wp\/v2\/product\/61216","targetHints":{"allow":["GET"]}}],"collection":[{"href":"https:\/\/www.guibutik.pt\/loja\/wp-json\/wp\/v2\/product"}],"about":[{"href":"https:\/\/www.guibutik.pt\/loja\/wp-json\/wp\/v2\/types\/product"}],"replies":[{"embeddable":true,"href":"https:\/\/www.guibutik.pt\/loja\/wp-json\/wp\/v2\/comments?post=61216"}],"wp:featuredmedia":[{"embeddable":true,"href":"https:\/\/www.guibutik.pt\/loja\/wp-json\/wp\/v2\/media\/61227"}],"wp:attachment":[{"href":"https:\/\/www.guibutik.pt\/loja\/wp-json\/wp\/v2\/media?parent=61216"}],"wp:term":[{"taxonomy":"product_cat","embeddable":true,"href":"https:\/\/www.guibutik.pt\/loja\/wp-json\/wp\/v2\/product_cat?post=61216"},{"taxonomy":"product_tag","embeddable":true,"href":"https:\/\/www.guibutik.pt\/loja\/wp-json\/wp\/v2\/product_tag?post=61216"}],"curies":[{"name":"wp","href":"https:\/\/api.w.org\/{rel}","templated":true}]}}