{"id":59814,"date":"2024-03-25T11:49:20","date_gmt":"2024-03-25T10:49:20","guid":{"rendered":"https:\/\/www.guibutik.pt\/loja\/?post_type=product&#038;p=59814"},"modified":"2026-01-03T13:06:15","modified_gmt":"2026-01-03T12:06:15","slug":"jeans-wonder-s-salsa","status":"publish","type":"product","link":"https:\/\/www.guibutik.pt\/loja\/produto\/jeans-wonder-s-salsa\/","title":{"rendered":"Jeans Wonder S Salsa"},"content":{"rendered":"<div class=\"product-description-title\">\n<p>Jeans Wonder Push Up. Perna Flare. Cintura baixa. Abertura frontal com fecho de correr e bot\u00e3o. Detalhe de rotos.<\/p>\n<\/div>\n<div class=\"product-description-content\">\n<div class=\"texto_rubrica\">Os Push Up Wonder real\u00e7am na perfei\u00e7\u00e3o as tuas curvas e favorecem a tua silhueta.<\/div>\n<div>\n<div class=\"title-composition-cares title-compositions\">\n<p><b>Composi\u00e7\u00e3o<\/b><\/p>\n<\/div>\n<div class=\"content-composition-cares content-compositions\">\n<div class=\"group-composition\">\n<p class=\"composition_type\">Tecido principal<\/p>\n<ul>\n<li class=\"listComp\"><span class=\"p\">99% Algod\u00e3o<\/span><\/li>\n<li class=\"listComp\"><span class=\"p\">1% Elastano<\/span><\/li>\n<\/ul>\n<p><b>Cuidados de Lavagem<\/b><\/p>\n<ul>\n<li>Lavar m\u00e1quina a 30\u00baC, processo moderado<\/li>\n<li>N\u00e3o usar lix\u00edvia<\/li>\n<li>N\u00e3o passar com o ferro quente<\/li>\n<li>N\u00e3o limpar a seco com qu\u00edmicos<\/li>\n<li>N\u00e3o utilizar m\u00e1quina de secar<\/li>\n<\/ul>\n<p>Os jeans Push Up Wonder real\u00e7am as tuas curvas atrav\u00e9s de costuras e bolsos modeladores.<\/p>\n<\/div>\n<\/div>\n<\/div>\n<\/div>\n","protected":false},"excerpt":{"rendered":"<p>Jeans Wonder Push Up. Perna Flare. Cintura baixa. Abertura frontal com fecho de correr e bot\u00e3o. Detalhe de rotos. Os Push Up Wonder real\u00e7am na perfei\u00e7\u00e3o as tuas curvas e favorecem a tua silhueta. Composi\u00e7\u00e3o Tecido principal 99% Algod\u00e3o 1% Elastano Cuidados de Lavagem Lavar m\u00e1quina a 30\u00baC, processo moderado N\u00e3o usar lix\u00edvia N\u00e3o passar [&hellip;]<\/p>\n","protected":false},"featured_media":59832,"comment_status":"closed","ping_status":"closed","template":"","meta":[],"product_cat":[285,484,222],"product_tag":[],"class_list":{"0":"post-59814","1":"product","2":"type-product","3":"status-publish","4":"has-post-thumbnail","6":"product_cat-calcas-senhora","7":"product_cat-promocoes-senhora","8":"product_cat-senhora","9":"ts_product_brand-salsa","11":"first","12":"instock","13":"sale","14":"shipping-taxable","15":"purchasable","16":"product-type-variable"},"yoast_head":"<!-- This site is optimized with the Yoast SEO plugin v27.5 - https:\/\/yoast.com\/product\/yoast-seo-wordpress\/ -->\n<title>Jeans Wonder S Salsa - Guibutik<\/title>\n<meta name=\"robots\" content=\"index, follow, max-snippet:-1, max-image-preview:large, max-video-preview:-1\" \/>\n<link rel=\"canonical\" href=\"https:\/\/www.guibutik.pt\/loja\/produto\/jeans-wonder-s-salsa\/\" \/>\n<meta property=\"og:locale\" content=\"pt_PT\" \/>\n<meta property=\"og:type\" content=\"article\" \/>\n<meta property=\"og:title\" content=\"Jeans Wonder S Salsa - Guibutik\" \/>\n<meta property=\"og:description\" content=\"Jeans Wonder Push Up. Perna Flare. Cintura baixa. Abertura frontal com fecho de correr e bot\u00e3o. Detalhe de rotos. Os Push Up Wonder real\u00e7am na perfei\u00e7\u00e3o as tuas curvas e favorecem a tua silhueta. Composi\u00e7\u00e3o Tecido principal 99% Algod\u00e3o 1% Elastano Cuidados de Lavagem Lavar m\u00e1quina a 30\u00baC, processo moderado N\u00e3o usar lix\u00edvia N\u00e3o passar [&hellip;]\" \/>\n<meta property=\"og:url\" content=\"https:\/\/www.guibutik.pt\/loja\/produto\/jeans-wonder-s-salsa\/\" \/>\n<meta property=\"og:site_name\" content=\"Guibutik\" \/>\n<meta property=\"article:publisher\" content=\"https:\/\/www.facebook.com\/guibutik\/\" \/>\n<meta property=\"article:modified_time\" content=\"2026-01-03T12:06:15+00:00\" \/>\n<meta property=\"og:image\" content=\"https:\/\/www.guibutik.pt\/loja\/wp-content\/uploads\/2024\/03\/21007945.jpg\" \/>\n\t<meta property=\"og:image:width\" content=\"1000\" \/>\n\t<meta property=\"og:image:height\" content=\"1500\" \/>\n\t<meta property=\"og:image:type\" content=\"image\/jpeg\" \/>\n<meta name=\"twitter:card\" content=\"summary_large_image\" \/>\n<meta name=\"twitter:label1\" content=\"Tempo estimado de leitura\" \/>\n\t<meta name=\"twitter:data1\" content=\"1 minuto\" \/>\n<script type=\"application\/ld+json\" class=\"yoast-schema-graph\">{\"@context\":\"https:\\\/\\\/schema.org\",\"@graph\":[{\"@type\":\"WebPage\",\"@id\":\"https:\\\/\\\/www.guibutik.pt\\\/loja\\\/produto\\\/jeans-wonder-s-salsa\\\/\",\"url\":\"https:\\\/\\\/www.guibutik.pt\\\/loja\\\/produto\\\/jeans-wonder-s-salsa\\\/\",\"name\":\"Jeans Wonder S Salsa - Guibutik\",\"isPartOf\":{\"@id\":\"https:\\\/\\\/www.guibutik.pt\\\/loja\\\/#website\"},\"primaryImageOfPage\":{\"@id\":\"https:\\\/\\\/www.guibutik.pt\\\/loja\\\/produto\\\/jeans-wonder-s-salsa\\\/#primaryimage\"},\"image\":{\"@id\":\"https:\\\/\\\/www.guibutik.pt\\\/loja\\\/produto\\\/jeans-wonder-s-salsa\\\/#primaryimage\"},\"thumbnailUrl\":\"https:\\\/\\\/www.guibutik.pt\\\/loja\\\/wp-content\\\/uploads\\\/2024\\\/03\\\/21007945.jpg\",\"datePublished\":\"2024-03-25T10:49:20+00:00\",\"dateModified\":\"2026-01-03T12:06:15+00:00\",\"breadcrumb\":{\"@id\":\"https:\\\/\\\/www.guibutik.pt\\\/loja\\\/produto\\\/jeans-wonder-s-salsa\\\/#breadcrumb\"},\"inLanguage\":\"pt-PT\",\"potentialAction\":[{\"@type\":\"ReadAction\",\"target\":[\"https:\\\/\\\/www.guibutik.pt\\\/loja\\\/produto\\\/jeans-wonder-s-salsa\\\/\"]}]},{\"@type\":\"ImageObject\",\"inLanguage\":\"pt-PT\",\"@id\":\"https:\\\/\\\/www.guibutik.pt\\\/loja\\\/produto\\\/jeans-wonder-s-salsa\\\/#primaryimage\",\"url\":\"https:\\\/\\\/www.guibutik.pt\\\/loja\\\/wp-content\\\/uploads\\\/2024\\\/03\\\/21007945.jpg\",\"contentUrl\":\"https:\\\/\\\/www.guibutik.pt\\\/loja\\\/wp-content\\\/uploads\\\/2024\\\/03\\\/21007945.jpg\",\"width\":1000,\"height\":1500},{\"@type\":\"BreadcrumbList\",\"@id\":\"https:\\\/\\\/www.guibutik.pt\\\/loja\\\/produto\\\/jeans-wonder-s-salsa\\\/#breadcrumb\",\"itemListElement\":[{\"@type\":\"ListItem\",\"position\":1,\"name\":\"In\u00edcio\",\"item\":\"https:\\\/\\\/www.guibutik.pt\\\/loja\\\/\"},{\"@type\":\"ListItem\",\"position\":2,\"name\":\"Loja\",\"item\":\"https:\\\/\\\/www.guibutik.pt\\\/loja\\\/shop\\\/\"},{\"@type\":\"ListItem\",\"position\":3,\"name\":\"Jeans Wonder S Salsa\"}]},{\"@type\":\"WebSite\",\"@id\":\"https:\\\/\\\/www.guibutik.pt\\\/loja\\\/#website\",\"url\":\"https:\\\/\\\/www.guibutik.pt\\\/loja\\\/\",\"name\":\"Guibutik\",\"description\":\"Moda e Sapataria\",\"potentialAction\":[{\"@type\":\"SearchAction\",\"target\":{\"@type\":\"EntryPoint\",\"urlTemplate\":\"https:\\\/\\\/www.guibutik.pt\\\/loja\\\/?s={search_term_string}\"},\"query-input\":{\"@type\":\"PropertyValueSpecification\",\"valueRequired\":true,\"valueName\":\"search_term_string\"}}],\"inLanguage\":\"pt-PT\"}]}<\/script>\n<!-- \/ Yoast SEO plugin. -->","yoast_head_json":{"title":"Jeans Wonder S Salsa - Guibutik","robots":{"index":"index","follow":"follow","max-snippet":"max-snippet:-1","max-image-preview":"max-image-preview:large","max-video-preview":"max-video-preview:-1"},"canonical":"https:\/\/www.guibutik.pt\/loja\/produto\/jeans-wonder-s-salsa\/","og_locale":"pt_PT","og_type":"article","og_title":"Jeans Wonder S Salsa - Guibutik","og_description":"Jeans Wonder Push Up. Perna Flare. Cintura baixa. Abertura frontal com fecho de correr e bot\u00e3o. Detalhe de rotos. Os Push Up Wonder real\u00e7am na perfei\u00e7\u00e3o as tuas curvas e favorecem a tua silhueta. Composi\u00e7\u00e3o Tecido principal 99% Algod\u00e3o 1% Elastano Cuidados de Lavagem Lavar m\u00e1quina a 30\u00baC, processo moderado N\u00e3o usar lix\u00edvia N\u00e3o passar [&hellip;]","og_url":"https:\/\/www.guibutik.pt\/loja\/produto\/jeans-wonder-s-salsa\/","og_site_name":"Guibutik","article_publisher":"https:\/\/www.facebook.com\/guibutik\/","article_modified_time":"2026-01-03T12:06:15+00:00","og_image":[{"width":1000,"height":1500,"url":"https:\/\/www.guibutik.pt\/loja\/wp-content\/uploads\/2024\/03\/21007945.jpg","type":"image\/jpeg"}],"twitter_card":"summary_large_image","twitter_misc":{"Tempo estimado de leitura":"1 minuto"},"schema":{"@context":"https:\/\/schema.org","@graph":[{"@type":"WebPage","@id":"https:\/\/www.guibutik.pt\/loja\/produto\/jeans-wonder-s-salsa\/","url":"https:\/\/www.guibutik.pt\/loja\/produto\/jeans-wonder-s-salsa\/","name":"Jeans Wonder S Salsa - Guibutik","isPartOf":{"@id":"https:\/\/www.guibutik.pt\/loja\/#website"},"primaryImageOfPage":{"@id":"https:\/\/www.guibutik.pt\/loja\/produto\/jeans-wonder-s-salsa\/#primaryimage"},"image":{"@id":"https:\/\/www.guibutik.pt\/loja\/produto\/jeans-wonder-s-salsa\/#primaryimage"},"thumbnailUrl":"https:\/\/www.guibutik.pt\/loja\/wp-content\/uploads\/2024\/03\/21007945.jpg","datePublished":"2024-03-25T10:49:20+00:00","dateModified":"2026-01-03T12:06:15+00:00","breadcrumb":{"@id":"https:\/\/www.guibutik.pt\/loja\/produto\/jeans-wonder-s-salsa\/#breadcrumb"},"inLanguage":"pt-PT","potentialAction":[{"@type":"ReadAction","target":["https:\/\/www.guibutik.pt\/loja\/produto\/jeans-wonder-s-salsa\/"]}]},{"@type":"ImageObject","inLanguage":"pt-PT","@id":"https:\/\/www.guibutik.pt\/loja\/produto\/jeans-wonder-s-salsa\/#primaryimage","url":"https:\/\/www.guibutik.pt\/loja\/wp-content\/uploads\/2024\/03\/21007945.jpg","contentUrl":"https:\/\/www.guibutik.pt\/loja\/wp-content\/uploads\/2024\/03\/21007945.jpg","width":1000,"height":1500},{"@type":"BreadcrumbList","@id":"https:\/\/www.guibutik.pt\/loja\/produto\/jeans-wonder-s-salsa\/#breadcrumb","itemListElement":[{"@type":"ListItem","position":1,"name":"In\u00edcio","item":"https:\/\/www.guibutik.pt\/loja\/"},{"@type":"ListItem","position":2,"name":"Loja","item":"https:\/\/www.guibutik.pt\/loja\/shop\/"},{"@type":"ListItem","position":3,"name":"Jeans Wonder S Salsa"}]},{"@type":"WebSite","@id":"https:\/\/www.guibutik.pt\/loja\/#website","url":"https:\/\/www.guibutik.pt\/loja\/","name":"Guibutik","description":"Moda e Sapataria","potentialAction":[{"@type":"SearchAction","target":{"@type":"EntryPoint","urlTemplate":"https:\/\/www.guibutik.pt\/loja\/?s={search_term_string}"},"query-input":{"@type":"PropertyValueSpecification","valueRequired":true,"valueName":"search_term_string"}}],"inLanguage":"pt-PT"}]}},"_links":{"self":[{"href":"https:\/\/www.guibutik.pt\/loja\/wp-json\/wp\/v2\/product\/59814","targetHints":{"allow":["GET"]}}],"collection":[{"href":"https:\/\/www.guibutik.pt\/loja\/wp-json\/wp\/v2\/product"}],"about":[{"href":"https:\/\/www.guibutik.pt\/loja\/wp-json\/wp\/v2\/types\/product"}],"replies":[{"embeddable":true,"href":"https:\/\/www.guibutik.pt\/loja\/wp-json\/wp\/v2\/comments?post=59814"}],"wp:featuredmedia":[{"embeddable":true,"href":"https:\/\/www.guibutik.pt\/loja\/wp-json\/wp\/v2\/media\/59832"}],"wp:attachment":[{"href":"https:\/\/www.guibutik.pt\/loja\/wp-json\/wp\/v2\/media?parent=59814"}],"wp:term":[{"taxonomy":"product_cat","embeddable":true,"href":"https:\/\/www.guibutik.pt\/loja\/wp-json\/wp\/v2\/product_cat?post=59814"},{"taxonomy":"product_tag","embeddable":true,"href":"https:\/\/www.guibutik.pt\/loja\/wp-json\/wp\/v2\/product_tag?post=59814"}],"curies":[{"name":"wp","href":"https:\/\/api.w.org\/{rel}","templated":true}]}}