{"id":59303,"date":"2024-03-14T17:42:58","date_gmt":"2024-03-14T16:42:58","guid":{"rendered":"https:\/\/www.guibutik.pt\/loja\/?post_type=product&#038;p=59303"},"modified":"2024-07-23T15:38:44","modified_gmt":"2024-07-23T14:38:44","slug":"polo-h-salsa-4","status":"publish","type":"product","link":"https:\/\/www.guibutik.pt\/loja\/produto\/polo-h-salsa-4\/","title":{"rendered":"Polo H Salsa"},"content":{"rendered":"<p>P\u00f3lo com contraste de cor na gola. Cor branca. Decote padre. Mangas curtas. Detalhe de isotipo no peito.<\/p>\n<div class=\"product-composition-cares-row product-compositions\">\n<div class=\"title-composition-cares title-compositions\">\n<p><b>Composi\u00e7\u00e3o<\/b><\/p>\n<\/div>\n<div class=\"content-composition-cares content-compositions\">\n<div class=\"group-composition\">\n<p class=\"composition_type\">GOLA<\/p>\n<ul>\n<li class=\"listComp\"><span class=\"p\">100% Algod\u00e3o<\/span><\/li>\n<\/ul>\n<\/div>\n<div class=\"group-composition\">\n<p class=\"composition_type\">Tecido principal<\/p>\n<ul>\n<li class=\"listComp\"><span class=\"p\">100% Algod\u00e3o<\/span><\/li>\n<\/ul>\n<\/div>\n<\/div>\n<\/div>\n<div class=\"product-composition-cares-row product-washing-cares\">\n<div class=\"title-composition-cares title-cares\">\n<p><b>Cuidados de Lavagem<\/b><\/p>\n<ul>\n<li>Ciclo de lavagem delicada 30\u00ba<\/li>\n<li>N\u00e3o usar lix\u00edvia<\/li>\n<li>N\u00e3o passar com ferro quente<\/li>\n<li>N\u00e3o limpar a seco com qu\u00edmicos<\/li>\n<li>N\u00e3o utilizar m\u00e1quina de secar<\/li>\n<\/ul>\n<\/div>\n<\/div>\n","protected":false},"excerpt":{"rendered":"<p>P\u00f3lo com contraste de cor na gola. Cor branca. Decote padre. Mangas curtas. Detalhe de isotipo no peito. Composi\u00e7\u00e3o GOLA 100% Algod\u00e3o Tecido principal 100% Algod\u00e3o Cuidados de Lavagem Ciclo de lavagem delicada 30\u00ba N\u00e3o usar lix\u00edvia N\u00e3o passar com ferro quente N\u00e3o limpar a seco com qu\u00edmicos N\u00e3o utilizar m\u00e1quina de secar<\/p>\n","protected":false},"featured_media":59319,"comment_status":"closed","ping_status":"closed","template":"","meta":[],"product_cat":[221,230],"product_tag":[],"class_list":{"0":"post-59303","1":"product","2":"type-product","3":"status-publish","4":"has-post-thumbnail","6":"product_cat-homem","7":"product_cat-polos","8":"ts_product_brand-salsa","10":"first","11":"instock","12":"shipping-taxable","13":"purchasable","14":"product-type-variable"},"yoast_head":"<!-- This site is optimized with the Yoast SEO plugin v27.4 - https:\/\/yoast.com\/product\/yoast-seo-wordpress\/ -->\n<title>Polo H Salsa - Guibutik<\/title>\n<meta name=\"robots\" content=\"index, follow, max-snippet:-1, max-image-preview:large, max-video-preview:-1\" \/>\n<link rel=\"canonical\" href=\"https:\/\/www.guibutik.pt\/loja\/produto\/polo-h-salsa-4\/\" \/>\n<meta property=\"og:locale\" content=\"pt_PT\" \/>\n<meta property=\"og:type\" content=\"article\" \/>\n<meta property=\"og:title\" content=\"Polo H Salsa - Guibutik\" \/>\n<meta property=\"og:description\" content=\"P\u00f3lo com contraste de cor na gola. Cor branca. Decote padre. Mangas curtas. Detalhe de isotipo no peito. Composi\u00e7\u00e3o GOLA 100% Algod\u00e3o Tecido principal 100% Algod\u00e3o Cuidados de Lavagem Ciclo de lavagem delicada 30\u00ba N\u00e3o usar lix\u00edvia N\u00e3o passar com ferro quente N\u00e3o limpar a seco com qu\u00edmicos N\u00e3o utilizar m\u00e1quina de secar\" \/>\n<meta property=\"og:url\" content=\"https:\/\/www.guibutik.pt\/loja\/produto\/polo-h-salsa-4\/\" \/>\n<meta property=\"og:site_name\" content=\"Guibutik\" \/>\n<meta property=\"article:publisher\" content=\"https:\/\/www.facebook.com\/guibutik\/\" \/>\n<meta property=\"article:modified_time\" content=\"2024-07-23T14:38:44+00:00\" \/>\n<meta property=\"og:image\" content=\"https:\/\/www.guibutik.pt\/loja\/wp-content\/uploads\/2024\/03\/21008030.jpg\" \/>\n\t<meta property=\"og:image:width\" content=\"1000\" \/>\n\t<meta property=\"og:image:height\" content=\"1500\" \/>\n\t<meta property=\"og:image:type\" content=\"image\/jpeg\" \/>\n<meta name=\"twitter:card\" content=\"summary_large_image\" \/>\n<meta name=\"twitter:label1\" content=\"Tempo estimado de leitura\" \/>\n\t<meta name=\"twitter:data1\" content=\"1 minuto\" \/>\n<script type=\"application\/ld+json\" class=\"yoast-schema-graph\">{\"@context\":\"https:\\\/\\\/schema.org\",\"@graph\":[{\"@type\":\"WebPage\",\"@id\":\"https:\\\/\\\/www.guibutik.pt\\\/loja\\\/produto\\\/polo-h-salsa-4\\\/\",\"url\":\"https:\\\/\\\/www.guibutik.pt\\\/loja\\\/produto\\\/polo-h-salsa-4\\\/\",\"name\":\"Polo H Salsa - Guibutik\",\"isPartOf\":{\"@id\":\"https:\\\/\\\/www.guibutik.pt\\\/loja\\\/#website\"},\"primaryImageOfPage\":{\"@id\":\"https:\\\/\\\/www.guibutik.pt\\\/loja\\\/produto\\\/polo-h-salsa-4\\\/#primaryimage\"},\"image\":{\"@id\":\"https:\\\/\\\/www.guibutik.pt\\\/loja\\\/produto\\\/polo-h-salsa-4\\\/#primaryimage\"},\"thumbnailUrl\":\"https:\\\/\\\/www.guibutik.pt\\\/loja\\\/wp-content\\\/uploads\\\/2024\\\/03\\\/21008030.jpg\",\"datePublished\":\"2024-03-14T16:42:58+00:00\",\"dateModified\":\"2024-07-23T14:38:44+00:00\",\"breadcrumb\":{\"@id\":\"https:\\\/\\\/www.guibutik.pt\\\/loja\\\/produto\\\/polo-h-salsa-4\\\/#breadcrumb\"},\"inLanguage\":\"pt-PT\",\"potentialAction\":[{\"@type\":\"ReadAction\",\"target\":[\"https:\\\/\\\/www.guibutik.pt\\\/loja\\\/produto\\\/polo-h-salsa-4\\\/\"]}]},{\"@type\":\"ImageObject\",\"inLanguage\":\"pt-PT\",\"@id\":\"https:\\\/\\\/www.guibutik.pt\\\/loja\\\/produto\\\/polo-h-salsa-4\\\/#primaryimage\",\"url\":\"https:\\\/\\\/www.guibutik.pt\\\/loja\\\/wp-content\\\/uploads\\\/2024\\\/03\\\/21008030.jpg\",\"contentUrl\":\"https:\\\/\\\/www.guibutik.pt\\\/loja\\\/wp-content\\\/uploads\\\/2024\\\/03\\\/21008030.jpg\",\"width\":1000,\"height\":1500},{\"@type\":\"BreadcrumbList\",\"@id\":\"https:\\\/\\\/www.guibutik.pt\\\/loja\\\/produto\\\/polo-h-salsa-4\\\/#breadcrumb\",\"itemListElement\":[{\"@type\":\"ListItem\",\"position\":1,\"name\":\"In\u00edcio\",\"item\":\"https:\\\/\\\/www.guibutik.pt\\\/loja\\\/\"},{\"@type\":\"ListItem\",\"position\":2,\"name\":\"Loja\",\"item\":\"https:\\\/\\\/www.guibutik.pt\\\/loja\\\/shop\\\/\"},{\"@type\":\"ListItem\",\"position\":3,\"name\":\"Polo H Salsa\"}]},{\"@type\":\"WebSite\",\"@id\":\"https:\\\/\\\/www.guibutik.pt\\\/loja\\\/#website\",\"url\":\"https:\\\/\\\/www.guibutik.pt\\\/loja\\\/\",\"name\":\"Guibutik\",\"description\":\"Moda e Sapataria\",\"potentialAction\":[{\"@type\":\"SearchAction\",\"target\":{\"@type\":\"EntryPoint\",\"urlTemplate\":\"https:\\\/\\\/www.guibutik.pt\\\/loja\\\/?s={search_term_string}\"},\"query-input\":{\"@type\":\"PropertyValueSpecification\",\"valueRequired\":true,\"valueName\":\"search_term_string\"}}],\"inLanguage\":\"pt-PT\"}]}<\/script>\n<!-- \/ Yoast SEO plugin. -->","yoast_head_json":{"title":"Polo H Salsa - Guibutik","robots":{"index":"index","follow":"follow","max-snippet":"max-snippet:-1","max-image-preview":"max-image-preview:large","max-video-preview":"max-video-preview:-1"},"canonical":"https:\/\/www.guibutik.pt\/loja\/produto\/polo-h-salsa-4\/","og_locale":"pt_PT","og_type":"article","og_title":"Polo H Salsa - Guibutik","og_description":"P\u00f3lo com contraste de cor na gola. Cor branca. Decote padre. Mangas curtas. Detalhe de isotipo no peito. Composi\u00e7\u00e3o GOLA 100% Algod\u00e3o Tecido principal 100% Algod\u00e3o Cuidados de Lavagem Ciclo de lavagem delicada 30\u00ba N\u00e3o usar lix\u00edvia N\u00e3o passar com ferro quente N\u00e3o limpar a seco com qu\u00edmicos N\u00e3o utilizar m\u00e1quina de secar","og_url":"https:\/\/www.guibutik.pt\/loja\/produto\/polo-h-salsa-4\/","og_site_name":"Guibutik","article_publisher":"https:\/\/www.facebook.com\/guibutik\/","article_modified_time":"2024-07-23T14:38:44+00:00","og_image":[{"width":1000,"height":1500,"url":"https:\/\/www.guibutik.pt\/loja\/wp-content\/uploads\/2024\/03\/21008030.jpg","type":"image\/jpeg"}],"twitter_card":"summary_large_image","twitter_misc":{"Tempo estimado de leitura":"1 minuto"},"schema":{"@context":"https:\/\/schema.org","@graph":[{"@type":"WebPage","@id":"https:\/\/www.guibutik.pt\/loja\/produto\/polo-h-salsa-4\/","url":"https:\/\/www.guibutik.pt\/loja\/produto\/polo-h-salsa-4\/","name":"Polo H Salsa - Guibutik","isPartOf":{"@id":"https:\/\/www.guibutik.pt\/loja\/#website"},"primaryImageOfPage":{"@id":"https:\/\/www.guibutik.pt\/loja\/produto\/polo-h-salsa-4\/#primaryimage"},"image":{"@id":"https:\/\/www.guibutik.pt\/loja\/produto\/polo-h-salsa-4\/#primaryimage"},"thumbnailUrl":"https:\/\/www.guibutik.pt\/loja\/wp-content\/uploads\/2024\/03\/21008030.jpg","datePublished":"2024-03-14T16:42:58+00:00","dateModified":"2024-07-23T14:38:44+00:00","breadcrumb":{"@id":"https:\/\/www.guibutik.pt\/loja\/produto\/polo-h-salsa-4\/#breadcrumb"},"inLanguage":"pt-PT","potentialAction":[{"@type":"ReadAction","target":["https:\/\/www.guibutik.pt\/loja\/produto\/polo-h-salsa-4\/"]}]},{"@type":"ImageObject","inLanguage":"pt-PT","@id":"https:\/\/www.guibutik.pt\/loja\/produto\/polo-h-salsa-4\/#primaryimage","url":"https:\/\/www.guibutik.pt\/loja\/wp-content\/uploads\/2024\/03\/21008030.jpg","contentUrl":"https:\/\/www.guibutik.pt\/loja\/wp-content\/uploads\/2024\/03\/21008030.jpg","width":1000,"height":1500},{"@type":"BreadcrumbList","@id":"https:\/\/www.guibutik.pt\/loja\/produto\/polo-h-salsa-4\/#breadcrumb","itemListElement":[{"@type":"ListItem","position":1,"name":"In\u00edcio","item":"https:\/\/www.guibutik.pt\/loja\/"},{"@type":"ListItem","position":2,"name":"Loja","item":"https:\/\/www.guibutik.pt\/loja\/shop\/"},{"@type":"ListItem","position":3,"name":"Polo H Salsa"}]},{"@type":"WebSite","@id":"https:\/\/www.guibutik.pt\/loja\/#website","url":"https:\/\/www.guibutik.pt\/loja\/","name":"Guibutik","description":"Moda e Sapataria","potentialAction":[{"@type":"SearchAction","target":{"@type":"EntryPoint","urlTemplate":"https:\/\/www.guibutik.pt\/loja\/?s={search_term_string}"},"query-input":{"@type":"PropertyValueSpecification","valueRequired":true,"valueName":"search_term_string"}}],"inLanguage":"pt-PT"}]}},"_links":{"self":[{"href":"https:\/\/www.guibutik.pt\/loja\/wp-json\/wp\/v2\/product\/59303","targetHints":{"allow":["GET"]}}],"collection":[{"href":"https:\/\/www.guibutik.pt\/loja\/wp-json\/wp\/v2\/product"}],"about":[{"href":"https:\/\/www.guibutik.pt\/loja\/wp-json\/wp\/v2\/types\/product"}],"replies":[{"embeddable":true,"href":"https:\/\/www.guibutik.pt\/loja\/wp-json\/wp\/v2\/comments?post=59303"}],"wp:featuredmedia":[{"embeddable":true,"href":"https:\/\/www.guibutik.pt\/loja\/wp-json\/wp\/v2\/media\/59319"}],"wp:attachment":[{"href":"https:\/\/www.guibutik.pt\/loja\/wp-json\/wp\/v2\/media?parent=59303"}],"wp:term":[{"taxonomy":"product_cat","embeddable":true,"href":"https:\/\/www.guibutik.pt\/loja\/wp-json\/wp\/v2\/product_cat?post=59303"},{"taxonomy":"product_tag","embeddable":true,"href":"https:\/\/www.guibutik.pt\/loja\/wp-json\/wp\/v2\/product_tag?post=59303"}],"curies":[{"name":"wp","href":"https:\/\/api.w.org\/{rel}","templated":true}]}}