{"id":59182,"date":"2024-03-14T11:28:38","date_gmt":"2024-03-14T10:28:38","guid":{"rendered":"https:\/\/www.guibutik.pt\/loja\/?post_type=product&#038;p=59182"},"modified":"2026-03-06T11:07:16","modified_gmt":"2026-03-06T10:07:16","slug":"sandalia-adriel-m-geox","status":"publish","type":"product","link":"https:\/\/www.guibutik.pt\/loja\/produto\/sandalia-adriel-m-geox\/","title":{"rendered":"Sand\u00e1lia Adriel M Geox"},"content":{"rendered":"<p>Sand\u00e1lia menina aberta, anat\u00f3mica e respir\u00e1vel, com um atrativo citadino e contempor\u00e2neo. Nesta variante em dourado-rosa requintado e tend\u00eancia, Adriel \u00e9 um aut\u00eantico must-have do ver\u00e3o. Feito de material efeito pele brilhante, fivela ajust\u00e1vel e fecho de velcro, este modelo completa os outfits com um toque luminoso.<\/p>\n<div class=\"accordion-title description-element-title\">\n<div class=\"description-element-subtitle\" data-seo-label=\"characteristics\">CARACTER\u00cdSTICAS<\/div>\n<\/div>\n<div class=\"description-element-body accordion-content-exploded\">\n<div class=\"custom-field feat-wrap\">\n<div class=\"custom-field__icon-label-content\">\n<div class=\"label-content\">\n<ul>\n<li>Respirabilidade da sola gra\u00e7as ao sistema idealizado pela Geox.<\/li>\n<li>Amortecimento ideal que oferece prote\u00e7\u00e3o e absor\u00e7\u00e3o de impactos e solicita\u00e7\u00f5es.<\/li>\n<li>Cal\u00e7ado leve para um caminhar sempre confort\u00e1vel durante todo o dia.<\/li>\n<li>Cal\u00e7ado f\u00e1cil de cal\u00e7ar para um conforto superior.<\/li>\n<li>Fecho com tira \u00fanica, que permite cal\u00e7ar de forma f\u00e1cil e r\u00e1pida.<\/li>\n<li>A parte superior n\u00e3o \u00e9 forrada para garantir uma maior sensa\u00e7\u00e3o de frescura.<\/li>\n<\/ul>\n<div class=\"description-element-subtitle\" data-seo-label=\"composition\">COMPOSI\u00c7\u00c3O<\/div>\n<div id=\"cilgyw-accordion\" class=\"description-element-body accordion-content\" role=\"tabpanel\" data-tab-content=\"\" aria-labelledby=\"cilgyw-accordion-label\" aria-hidden=\"false\">\n<div class=\"custom-field feat-wrap\">\n<div class=\"custom-field__icon-label-content\">\n<div class=\"label-content\">\n<p class=\"content\">Parte superior: 100% Sint\u00e9tico<br \/>\nForro: 100% Tecido<\/p>\n<\/div>\n<\/div>\n<\/div>\n<div class=\"custom-field feat-wrap\">\n<div class=\"custom-field__icon-label-content\">\n<div class=\"label-content\">\n<p class=\"content\">Sola: 100% Material sint\u00e9tico<br \/>\nPalmilha: 100% Pele<\/p>\n<\/div>\n<\/div>\n<\/div>\n<\/div>\n<\/div>\n<\/div>\n<\/div>\n<\/div>\n","protected":false},"excerpt":{"rendered":"<p>Sand\u00e1lia menina aberta, anat\u00f3mica e respir\u00e1vel, com um atrativo citadino e contempor\u00e2neo. Nesta variante em dourado-rosa requintado e tend\u00eancia, Adriel \u00e9 um aut\u00eantico must-have do ver\u00e3o. Feito de material efeito pele brilhante, fivela ajust\u00e1vel e fecho de velcro, este modelo completa os outfits com um toque luminoso. CARACTER\u00cdSTICAS Respirabilidade da sola gra\u00e7as ao sistema idealizado [&hellip;]<\/p>\n","protected":false},"featured_media":59391,"comment_status":"closed","ping_status":"closed","template":"","meta":[],"product_cat":[296,267,236,552],"product_tag":[],"class_list":{"0":"post-59182","1":"product","2":"type-product","3":"status-publish","4":"has-post-thumbnail","6":"product_cat-calcado-menina","7":"product_cat-crianca","8":"product_cat-menina","9":"product_cat-sandalia","10":"ts_product_brand-geox","12":"first","13":"instock","14":"shipping-taxable","15":"purchasable","16":"product-type-variable"},"yoast_head":"<!-- This site is optimized with the Yoast SEO plugin v27.4 - https:\/\/yoast.com\/product\/yoast-seo-wordpress\/ -->\n<title>Sand\u00e1lia Adriel M Geox - Guibutik<\/title>\n<meta name=\"robots\" content=\"index, follow, max-snippet:-1, max-image-preview:large, max-video-preview:-1\" \/>\n<link rel=\"canonical\" href=\"https:\/\/www.guibutik.pt\/loja\/produto\/sandalia-adriel-m-geox\/\" \/>\n<meta property=\"og:locale\" content=\"pt_PT\" \/>\n<meta property=\"og:type\" content=\"article\" \/>\n<meta property=\"og:title\" content=\"Sand\u00e1lia Adriel M Geox - Guibutik\" \/>\n<meta property=\"og:description\" content=\"Sand\u00e1lia menina aberta, anat\u00f3mica e respir\u00e1vel, com um atrativo citadino e contempor\u00e2neo. Nesta variante em dourado-rosa requintado e tend\u00eancia, Adriel \u00e9 um aut\u00eantico must-have do ver\u00e3o. Feito de material efeito pele brilhante, fivela ajust\u00e1vel e fecho de velcro, este modelo completa os outfits com um toque luminoso. CARACTER\u00cdSTICAS Respirabilidade da sola gra\u00e7as ao sistema idealizado [&hellip;]\" \/>\n<meta property=\"og:url\" content=\"https:\/\/www.guibutik.pt\/loja\/produto\/sandalia-adriel-m-geox\/\" \/>\n<meta property=\"og:site_name\" content=\"Guibutik\" \/>\n<meta property=\"article:publisher\" content=\"https:\/\/www.facebook.com\/guibutik\/\" \/>\n<meta property=\"article:modified_time\" content=\"2026-03-06T10:07:16+00:00\" \/>\n<meta property=\"og:image\" content=\"https:\/\/www.guibutik.pt\/loja\/wp-content\/uploads\/2024\/03\/J028MC0AJHSC2204_00-scaled.jpg\" \/>\n\t<meta property=\"og:image:width\" content=\"2560\" \/>\n\t<meta property=\"og:image:height\" content=\"1706\" \/>\n\t<meta property=\"og:image:type\" content=\"image\/jpeg\" \/>\n<meta name=\"twitter:card\" content=\"summary_large_image\" \/>\n<meta name=\"twitter:label1\" content=\"Tempo estimado de leitura\" \/>\n\t<meta name=\"twitter:data1\" content=\"1 minuto\" \/>\n<script type=\"application\/ld+json\" class=\"yoast-schema-graph\">{\"@context\":\"https:\\\/\\\/schema.org\",\"@graph\":[{\"@type\":\"WebPage\",\"@id\":\"https:\\\/\\\/www.guibutik.pt\\\/loja\\\/produto\\\/sandalia-adriel-m-geox\\\/\",\"url\":\"https:\\\/\\\/www.guibutik.pt\\\/loja\\\/produto\\\/sandalia-adriel-m-geox\\\/\",\"name\":\"Sand\u00e1lia Adriel M Geox - Guibutik\",\"isPartOf\":{\"@id\":\"https:\\\/\\\/www.guibutik.pt\\\/loja\\\/#website\"},\"primaryImageOfPage\":{\"@id\":\"https:\\\/\\\/www.guibutik.pt\\\/loja\\\/produto\\\/sandalia-adriel-m-geox\\\/#primaryimage\"},\"image\":{\"@id\":\"https:\\\/\\\/www.guibutik.pt\\\/loja\\\/produto\\\/sandalia-adriel-m-geox\\\/#primaryimage\"},\"thumbnailUrl\":\"https:\\\/\\\/www.guibutik.pt\\\/loja\\\/wp-content\\\/uploads\\\/2024\\\/03\\\/J028MC0AJHSC2204_00-scaled.jpg\",\"datePublished\":\"2024-03-14T10:28:38+00:00\",\"dateModified\":\"2026-03-06T10:07:16+00:00\",\"breadcrumb\":{\"@id\":\"https:\\\/\\\/www.guibutik.pt\\\/loja\\\/produto\\\/sandalia-adriel-m-geox\\\/#breadcrumb\"},\"inLanguage\":\"pt-PT\",\"potentialAction\":[{\"@type\":\"ReadAction\",\"target\":[\"https:\\\/\\\/www.guibutik.pt\\\/loja\\\/produto\\\/sandalia-adriel-m-geox\\\/\"]}]},{\"@type\":\"ImageObject\",\"inLanguage\":\"pt-PT\",\"@id\":\"https:\\\/\\\/www.guibutik.pt\\\/loja\\\/produto\\\/sandalia-adriel-m-geox\\\/#primaryimage\",\"url\":\"https:\\\/\\\/www.guibutik.pt\\\/loja\\\/wp-content\\\/uploads\\\/2024\\\/03\\\/J028MC0AJHSC2204_00-scaled.jpg\",\"contentUrl\":\"https:\\\/\\\/www.guibutik.pt\\\/loja\\\/wp-content\\\/uploads\\\/2024\\\/03\\\/J028MC0AJHSC2204_00-scaled.jpg\",\"width\":2560,\"height\":1706},{\"@type\":\"BreadcrumbList\",\"@id\":\"https:\\\/\\\/www.guibutik.pt\\\/loja\\\/produto\\\/sandalia-adriel-m-geox\\\/#breadcrumb\",\"itemListElement\":[{\"@type\":\"ListItem\",\"position\":1,\"name\":\"In\u00edcio\",\"item\":\"https:\\\/\\\/www.guibutik.pt\\\/loja\\\/\"},{\"@type\":\"ListItem\",\"position\":2,\"name\":\"Loja\",\"item\":\"https:\\\/\\\/www.guibutik.pt\\\/loja\\\/shop\\\/\"},{\"@type\":\"ListItem\",\"position\":3,\"name\":\"Sand\u00e1lia Adriel M Geox\"}]},{\"@type\":\"WebSite\",\"@id\":\"https:\\\/\\\/www.guibutik.pt\\\/loja\\\/#website\",\"url\":\"https:\\\/\\\/www.guibutik.pt\\\/loja\\\/\",\"name\":\"Guibutik\",\"description\":\"Moda e Sapataria\",\"potentialAction\":[{\"@type\":\"SearchAction\",\"target\":{\"@type\":\"EntryPoint\",\"urlTemplate\":\"https:\\\/\\\/www.guibutik.pt\\\/loja\\\/?s={search_term_string}\"},\"query-input\":{\"@type\":\"PropertyValueSpecification\",\"valueRequired\":true,\"valueName\":\"search_term_string\"}}],\"inLanguage\":\"pt-PT\"}]}<\/script>\n<!-- \/ Yoast SEO plugin. -->","yoast_head_json":{"title":"Sand\u00e1lia Adriel M Geox - Guibutik","robots":{"index":"index","follow":"follow","max-snippet":"max-snippet:-1","max-image-preview":"max-image-preview:large","max-video-preview":"max-video-preview:-1"},"canonical":"https:\/\/www.guibutik.pt\/loja\/produto\/sandalia-adriel-m-geox\/","og_locale":"pt_PT","og_type":"article","og_title":"Sand\u00e1lia Adriel M Geox - Guibutik","og_description":"Sand\u00e1lia menina aberta, anat\u00f3mica e respir\u00e1vel, com um atrativo citadino e contempor\u00e2neo. Nesta variante em dourado-rosa requintado e tend\u00eancia, Adriel \u00e9 um aut\u00eantico must-have do ver\u00e3o. Feito de material efeito pele brilhante, fivela ajust\u00e1vel e fecho de velcro, este modelo completa os outfits com um toque luminoso. CARACTER\u00cdSTICAS Respirabilidade da sola gra\u00e7as ao sistema idealizado [&hellip;]","og_url":"https:\/\/www.guibutik.pt\/loja\/produto\/sandalia-adriel-m-geox\/","og_site_name":"Guibutik","article_publisher":"https:\/\/www.facebook.com\/guibutik\/","article_modified_time":"2026-03-06T10:07:16+00:00","og_image":[{"width":2560,"height":1706,"url":"https:\/\/www.guibutik.pt\/loja\/wp-content\/uploads\/2024\/03\/J028MC0AJHSC2204_00-scaled.jpg","type":"image\/jpeg"}],"twitter_card":"summary_large_image","twitter_misc":{"Tempo estimado de leitura":"1 minuto"},"schema":{"@context":"https:\/\/schema.org","@graph":[{"@type":"WebPage","@id":"https:\/\/www.guibutik.pt\/loja\/produto\/sandalia-adriel-m-geox\/","url":"https:\/\/www.guibutik.pt\/loja\/produto\/sandalia-adriel-m-geox\/","name":"Sand\u00e1lia Adriel M Geox - Guibutik","isPartOf":{"@id":"https:\/\/www.guibutik.pt\/loja\/#website"},"primaryImageOfPage":{"@id":"https:\/\/www.guibutik.pt\/loja\/produto\/sandalia-adriel-m-geox\/#primaryimage"},"image":{"@id":"https:\/\/www.guibutik.pt\/loja\/produto\/sandalia-adriel-m-geox\/#primaryimage"},"thumbnailUrl":"https:\/\/www.guibutik.pt\/loja\/wp-content\/uploads\/2024\/03\/J028MC0AJHSC2204_00-scaled.jpg","datePublished":"2024-03-14T10:28:38+00:00","dateModified":"2026-03-06T10:07:16+00:00","breadcrumb":{"@id":"https:\/\/www.guibutik.pt\/loja\/produto\/sandalia-adriel-m-geox\/#breadcrumb"},"inLanguage":"pt-PT","potentialAction":[{"@type":"ReadAction","target":["https:\/\/www.guibutik.pt\/loja\/produto\/sandalia-adriel-m-geox\/"]}]},{"@type":"ImageObject","inLanguage":"pt-PT","@id":"https:\/\/www.guibutik.pt\/loja\/produto\/sandalia-adriel-m-geox\/#primaryimage","url":"https:\/\/www.guibutik.pt\/loja\/wp-content\/uploads\/2024\/03\/J028MC0AJHSC2204_00-scaled.jpg","contentUrl":"https:\/\/www.guibutik.pt\/loja\/wp-content\/uploads\/2024\/03\/J028MC0AJHSC2204_00-scaled.jpg","width":2560,"height":1706},{"@type":"BreadcrumbList","@id":"https:\/\/www.guibutik.pt\/loja\/produto\/sandalia-adriel-m-geox\/#breadcrumb","itemListElement":[{"@type":"ListItem","position":1,"name":"In\u00edcio","item":"https:\/\/www.guibutik.pt\/loja\/"},{"@type":"ListItem","position":2,"name":"Loja","item":"https:\/\/www.guibutik.pt\/loja\/shop\/"},{"@type":"ListItem","position":3,"name":"Sand\u00e1lia Adriel M Geox"}]},{"@type":"WebSite","@id":"https:\/\/www.guibutik.pt\/loja\/#website","url":"https:\/\/www.guibutik.pt\/loja\/","name":"Guibutik","description":"Moda e Sapataria","potentialAction":[{"@type":"SearchAction","target":{"@type":"EntryPoint","urlTemplate":"https:\/\/www.guibutik.pt\/loja\/?s={search_term_string}"},"query-input":{"@type":"PropertyValueSpecification","valueRequired":true,"valueName":"search_term_string"}}],"inLanguage":"pt-PT"}]}},"_links":{"self":[{"href":"https:\/\/www.guibutik.pt\/loja\/wp-json\/wp\/v2\/product\/59182","targetHints":{"allow":["GET"]}}],"collection":[{"href":"https:\/\/www.guibutik.pt\/loja\/wp-json\/wp\/v2\/product"}],"about":[{"href":"https:\/\/www.guibutik.pt\/loja\/wp-json\/wp\/v2\/types\/product"}],"replies":[{"embeddable":true,"href":"https:\/\/www.guibutik.pt\/loja\/wp-json\/wp\/v2\/comments?post=59182"}],"wp:featuredmedia":[{"embeddable":true,"href":"https:\/\/www.guibutik.pt\/loja\/wp-json\/wp\/v2\/media\/59391"}],"wp:attachment":[{"href":"https:\/\/www.guibutik.pt\/loja\/wp-json\/wp\/v2\/media?parent=59182"}],"wp:term":[{"taxonomy":"product_cat","embeddable":true,"href":"https:\/\/www.guibutik.pt\/loja\/wp-json\/wp\/v2\/product_cat?post=59182"},{"taxonomy":"product_tag","embeddable":true,"href":"https:\/\/www.guibutik.pt\/loja\/wp-json\/wp\/v2\/product_tag?post=59182"}],"curies":[{"name":"wp","href":"https:\/\/api.w.org\/{rel}","templated":true}]}}