{"id":58371,"date":"2024-03-02T18:49:04","date_gmt":"2024-03-02T17:49:04","guid":{"rendered":"https:\/\/www.guibutik.pt\/loja\/?post_type=product&#038;p=58371"},"modified":"2026-04-18T17:08:00","modified_gmt":"2026-04-18T16:08:00","slug":"polo-h-levis-2","status":"publish","type":"product","link":"https:\/\/www.guibutik.pt\/loja\/produto\/polo-h-levis-2\/","title":{"rendered":"Polo H Levi&#8217;s"},"content":{"rendered":"<p>Um polo vers\u00e1til com estilo, que \u00e9 tudo menos abafado. Produzido com um tecido leve, respir\u00e1vel. Desenhado para te manter fresco. Usa um tamanho acima para um estilo mais casual ou usa o teu tamanho para um look mais cl\u00e1ssico. Finalizado com um logo subtil no peito.<\/p>\n<div class=\"product-cut-sizes\">\n<p class=\"title\">Corte e Tamanho<\/p>\n<ul class=\"expandeDetalhe\">\n<li>Corte justo<\/li>\n<\/ul>\n<\/div>\n<div class=\"product-materials\">\n<p class=\"title\">Materiais e Cuidados<\/p>\n<ul class=\"expandeDetalhe\">\n<li>94% Algod\u00e3o, 6% Elastano<\/li>\n<\/ul>\n<p>Vestirmo-nos n\u00e3o deve ser um dilema moral. Os nossos elevados padr\u00f5es de sustentabilidade reduzem o nosso impacto no planeta, melhoram a qualidade de vida dos trabalhadores e ajudam-te a estares no teu melhor com consci\u00eancia tranquila. Partilhamos as nossas perspetivas sobre sustentabilidade com toda a ind\u00fastria do vestu\u00e1rio, simplesmente porque acreditamos que \u00e9 a coisa certa a fazer.<\/p>\n<\/div>\n","protected":false},"excerpt":{"rendered":"<p>Um polo vers\u00e1til com estilo, que \u00e9 tudo menos abafado. Produzido com um tecido leve, respir\u00e1vel. Desenhado para te manter fresco. Usa um tamanho acima para um estilo mais casual ou usa o teu tamanho para um look mais cl\u00e1ssico. Finalizado com um logo subtil no peito. Corte e Tamanho Corte justo Materiais e Cuidados [&hellip;]<\/p>\n","protected":false},"featured_media":58385,"comment_status":"closed","ping_status":"closed","template":"","meta":[],"product_cat":[221,230,483],"product_tag":[173],"class_list":{"0":"post-58371","1":"product","2":"type-product","3":"status-publish","4":"has-post-thumbnail","6":"product_cat-homem","7":"product_cat-polos","8":"product_cat-promocoes-homem","9":"product_tag-levis","10":"ts_product_brand-levis","12":"first","13":"instock","14":"sale","15":"shipping-taxable","16":"purchasable","17":"product-type-variable"},"yoast_head":"<!-- This site is optimized with the Yoast SEO plugin v27.5 - https:\/\/yoast.com\/product\/yoast-seo-wordpress\/ -->\n<title>Polo H Levi&#039;s - Guibutik<\/title>\n<meta name=\"robots\" content=\"index, follow, max-snippet:-1, max-image-preview:large, max-video-preview:-1\" \/>\n<link rel=\"canonical\" href=\"https:\/\/www.guibutik.pt\/loja\/produto\/polo-h-levis-2\/\" \/>\n<meta property=\"og:locale\" content=\"pt_PT\" \/>\n<meta property=\"og:type\" content=\"article\" \/>\n<meta property=\"og:title\" content=\"Polo H Levi&#039;s - Guibutik\" \/>\n<meta property=\"og:description\" content=\"Um polo vers\u00e1til com estilo, que \u00e9 tudo menos abafado. Produzido com um tecido leve, respir\u00e1vel. Desenhado para te manter fresco. Usa um tamanho acima para um estilo mais casual ou usa o teu tamanho para um look mais cl\u00e1ssico. Finalizado com um logo subtil no peito. Corte e Tamanho Corte justo Materiais e Cuidados [&hellip;]\" \/>\n<meta property=\"og:url\" content=\"https:\/\/www.guibutik.pt\/loja\/produto\/polo-h-levis-2\/\" \/>\n<meta property=\"og:site_name\" content=\"Guibutik\" \/>\n<meta property=\"article:publisher\" content=\"https:\/\/www.facebook.com\/guibutik\/\" \/>\n<meta property=\"article:modified_time\" content=\"2026-04-18T16:08:00+00:00\" \/>\n<meta property=\"og:image\" content=\"https:\/\/www.guibutik.pt\/loja\/wp-content\/uploads\/2024\/03\/A4842-0015.jpg\" \/>\n\t<meta property=\"og:image:width\" content=\"1690\" \/>\n\t<meta property=\"og:image:height\" content=\"1857\" \/>\n\t<meta property=\"og:image:type\" content=\"image\/jpeg\" \/>\n<meta name=\"twitter:card\" content=\"summary_large_image\" \/>\n<meta name=\"twitter:label1\" content=\"Tempo estimado de leitura\" \/>\n\t<meta name=\"twitter:data1\" content=\"1 minuto\" \/>\n<script type=\"application\/ld+json\" class=\"yoast-schema-graph\">{\"@context\":\"https:\\\/\\\/schema.org\",\"@graph\":[{\"@type\":\"WebPage\",\"@id\":\"https:\\\/\\\/www.guibutik.pt\\\/loja\\\/produto\\\/polo-h-levis-2\\\/\",\"url\":\"https:\\\/\\\/www.guibutik.pt\\\/loja\\\/produto\\\/polo-h-levis-2\\\/\",\"name\":\"Polo H Levi's - Guibutik\",\"isPartOf\":{\"@id\":\"https:\\\/\\\/www.guibutik.pt\\\/loja\\\/#website\"},\"primaryImageOfPage\":{\"@id\":\"https:\\\/\\\/www.guibutik.pt\\\/loja\\\/produto\\\/polo-h-levis-2\\\/#primaryimage\"},\"image\":{\"@id\":\"https:\\\/\\\/www.guibutik.pt\\\/loja\\\/produto\\\/polo-h-levis-2\\\/#primaryimage\"},\"thumbnailUrl\":\"https:\\\/\\\/www.guibutik.pt\\\/loja\\\/wp-content\\\/uploads\\\/2024\\\/03\\\/A4842-0015.jpg\",\"datePublished\":\"2024-03-02T17:49:04+00:00\",\"dateModified\":\"2026-04-18T16:08:00+00:00\",\"breadcrumb\":{\"@id\":\"https:\\\/\\\/www.guibutik.pt\\\/loja\\\/produto\\\/polo-h-levis-2\\\/#breadcrumb\"},\"inLanguage\":\"pt-PT\",\"potentialAction\":[{\"@type\":\"ReadAction\",\"target\":[\"https:\\\/\\\/www.guibutik.pt\\\/loja\\\/produto\\\/polo-h-levis-2\\\/\"]}]},{\"@type\":\"ImageObject\",\"inLanguage\":\"pt-PT\",\"@id\":\"https:\\\/\\\/www.guibutik.pt\\\/loja\\\/produto\\\/polo-h-levis-2\\\/#primaryimage\",\"url\":\"https:\\\/\\\/www.guibutik.pt\\\/loja\\\/wp-content\\\/uploads\\\/2024\\\/03\\\/A4842-0015.jpg\",\"contentUrl\":\"https:\\\/\\\/www.guibutik.pt\\\/loja\\\/wp-content\\\/uploads\\\/2024\\\/03\\\/A4842-0015.jpg\",\"width\":1690,\"height\":1857},{\"@type\":\"BreadcrumbList\",\"@id\":\"https:\\\/\\\/www.guibutik.pt\\\/loja\\\/produto\\\/polo-h-levis-2\\\/#breadcrumb\",\"itemListElement\":[{\"@type\":\"ListItem\",\"position\":1,\"name\":\"In\u00edcio\",\"item\":\"https:\\\/\\\/www.guibutik.pt\\\/loja\\\/\"},{\"@type\":\"ListItem\",\"position\":2,\"name\":\"Loja\",\"item\":\"https:\\\/\\\/www.guibutik.pt\\\/loja\\\/shop\\\/\"},{\"@type\":\"ListItem\",\"position\":3,\"name\":\"Polo H Levi&#8217;s\"}]},{\"@type\":\"WebSite\",\"@id\":\"https:\\\/\\\/www.guibutik.pt\\\/loja\\\/#website\",\"url\":\"https:\\\/\\\/www.guibutik.pt\\\/loja\\\/\",\"name\":\"Guibutik\",\"description\":\"Moda e Sapataria\",\"potentialAction\":[{\"@type\":\"SearchAction\",\"target\":{\"@type\":\"EntryPoint\",\"urlTemplate\":\"https:\\\/\\\/www.guibutik.pt\\\/loja\\\/?s={search_term_string}\"},\"query-input\":{\"@type\":\"PropertyValueSpecification\",\"valueRequired\":true,\"valueName\":\"search_term_string\"}}],\"inLanguage\":\"pt-PT\"}]}<\/script>\n<!-- \/ Yoast SEO plugin. -->","yoast_head_json":{"title":"Polo H Levi's - Guibutik","robots":{"index":"index","follow":"follow","max-snippet":"max-snippet:-1","max-image-preview":"max-image-preview:large","max-video-preview":"max-video-preview:-1"},"canonical":"https:\/\/www.guibutik.pt\/loja\/produto\/polo-h-levis-2\/","og_locale":"pt_PT","og_type":"article","og_title":"Polo H Levi's - Guibutik","og_description":"Um polo vers\u00e1til com estilo, que \u00e9 tudo menos abafado. Produzido com um tecido leve, respir\u00e1vel. Desenhado para te manter fresco. Usa um tamanho acima para um estilo mais casual ou usa o teu tamanho para um look mais cl\u00e1ssico. Finalizado com um logo subtil no peito. Corte e Tamanho Corte justo Materiais e Cuidados [&hellip;]","og_url":"https:\/\/www.guibutik.pt\/loja\/produto\/polo-h-levis-2\/","og_site_name":"Guibutik","article_publisher":"https:\/\/www.facebook.com\/guibutik\/","article_modified_time":"2026-04-18T16:08:00+00:00","og_image":[{"width":1690,"height":1857,"url":"https:\/\/www.guibutik.pt\/loja\/wp-content\/uploads\/2024\/03\/A4842-0015.jpg","type":"image\/jpeg"}],"twitter_card":"summary_large_image","twitter_misc":{"Tempo estimado de leitura":"1 minuto"},"schema":{"@context":"https:\/\/schema.org","@graph":[{"@type":"WebPage","@id":"https:\/\/www.guibutik.pt\/loja\/produto\/polo-h-levis-2\/","url":"https:\/\/www.guibutik.pt\/loja\/produto\/polo-h-levis-2\/","name":"Polo H Levi's - Guibutik","isPartOf":{"@id":"https:\/\/www.guibutik.pt\/loja\/#website"},"primaryImageOfPage":{"@id":"https:\/\/www.guibutik.pt\/loja\/produto\/polo-h-levis-2\/#primaryimage"},"image":{"@id":"https:\/\/www.guibutik.pt\/loja\/produto\/polo-h-levis-2\/#primaryimage"},"thumbnailUrl":"https:\/\/www.guibutik.pt\/loja\/wp-content\/uploads\/2024\/03\/A4842-0015.jpg","datePublished":"2024-03-02T17:49:04+00:00","dateModified":"2026-04-18T16:08:00+00:00","breadcrumb":{"@id":"https:\/\/www.guibutik.pt\/loja\/produto\/polo-h-levis-2\/#breadcrumb"},"inLanguage":"pt-PT","potentialAction":[{"@type":"ReadAction","target":["https:\/\/www.guibutik.pt\/loja\/produto\/polo-h-levis-2\/"]}]},{"@type":"ImageObject","inLanguage":"pt-PT","@id":"https:\/\/www.guibutik.pt\/loja\/produto\/polo-h-levis-2\/#primaryimage","url":"https:\/\/www.guibutik.pt\/loja\/wp-content\/uploads\/2024\/03\/A4842-0015.jpg","contentUrl":"https:\/\/www.guibutik.pt\/loja\/wp-content\/uploads\/2024\/03\/A4842-0015.jpg","width":1690,"height":1857},{"@type":"BreadcrumbList","@id":"https:\/\/www.guibutik.pt\/loja\/produto\/polo-h-levis-2\/#breadcrumb","itemListElement":[{"@type":"ListItem","position":1,"name":"In\u00edcio","item":"https:\/\/www.guibutik.pt\/loja\/"},{"@type":"ListItem","position":2,"name":"Loja","item":"https:\/\/www.guibutik.pt\/loja\/shop\/"},{"@type":"ListItem","position":3,"name":"Polo H Levi&#8217;s"}]},{"@type":"WebSite","@id":"https:\/\/www.guibutik.pt\/loja\/#website","url":"https:\/\/www.guibutik.pt\/loja\/","name":"Guibutik","description":"Moda e Sapataria","potentialAction":[{"@type":"SearchAction","target":{"@type":"EntryPoint","urlTemplate":"https:\/\/www.guibutik.pt\/loja\/?s={search_term_string}"},"query-input":{"@type":"PropertyValueSpecification","valueRequired":true,"valueName":"search_term_string"}}],"inLanguage":"pt-PT"}]}},"_links":{"self":[{"href":"https:\/\/www.guibutik.pt\/loja\/wp-json\/wp\/v2\/product\/58371","targetHints":{"allow":["GET"]}}],"collection":[{"href":"https:\/\/www.guibutik.pt\/loja\/wp-json\/wp\/v2\/product"}],"about":[{"href":"https:\/\/www.guibutik.pt\/loja\/wp-json\/wp\/v2\/types\/product"}],"replies":[{"embeddable":true,"href":"https:\/\/www.guibutik.pt\/loja\/wp-json\/wp\/v2\/comments?post=58371"}],"wp:featuredmedia":[{"embeddable":true,"href":"https:\/\/www.guibutik.pt\/loja\/wp-json\/wp\/v2\/media\/58385"}],"wp:attachment":[{"href":"https:\/\/www.guibutik.pt\/loja\/wp-json\/wp\/v2\/media?parent=58371"}],"wp:term":[{"taxonomy":"product_cat","embeddable":true,"href":"https:\/\/www.guibutik.pt\/loja\/wp-json\/wp\/v2\/product_cat?post=58371"},{"taxonomy":"product_tag","embeddable":true,"href":"https:\/\/www.guibutik.pt\/loja\/wp-json\/wp\/v2\/product_tag?post=58371"}],"curies":[{"name":"wp","href":"https:\/\/api.w.org\/{rel}","templated":true}]}}