{"id":57876,"date":"2024-03-01T11:12:02","date_gmt":"2024-03-01T10:12:02","guid":{"rendered":"https:\/\/www.guibutik.pt\/loja\/?post_type=product&#038;p=57876"},"modified":"2026-05-14T14:07:31","modified_gmt":"2026-05-14T13:07:31","slug":"t-shirt-h-dockers-2","status":"publish","type":"product","link":"https:\/\/www.guibutik.pt\/loja\/produto\/t-shirt-h-dockers-2\/","title":{"rendered":"T-shirt H Dockers"},"content":{"rendered":"<p>Uma camiseta gr\u00e1fica favorita de todos os tempos que funciona sozinha ou como camada base.\u00a0Fizemos este em jersey de puro algod\u00e3o.\u00a0N\u00e3o estica.\u00a0Usamos algod\u00e3o reciclado para reduzir o uso de fibra virgem e ajudar a manter o nosso planeta um pouco mais saud\u00e1vel.\u00a0A utiliza\u00e7\u00e3o de fibras recicladas ajuda-nos a reduzir o desperd\u00edcio de tecido e a diminuir a quantidade de res\u00edduos que vai para aterros sanit\u00e1rios.<\/p>\n<ul>\n<li>Corte justo: Nosso corte justo \u00e9 justo sem parecer confort\u00e1vel &#8211; trouxemos tudo para um visual limpo. A modelo usa tamanho: M. Altura da modelo: 188 cm\/6&#8217;2&#8243;.<\/li>\n<li>Estilo: A11030062<\/li>\n<li>Cor: Pembroke<\/li>\n<li>Pa\u00eds de origem: Paquist\u00e3o<\/li>\n<li>Corte justo\n<ul>\n<li>Nosso corte justo \u00e9 justo sem parecer confort\u00e1vel &#8211; trouxemos tudo para um visual limpo.<\/li>\n<li>Modelo veste tamanho: M.<\/li>\n<li>Altura do modelo: 188cm\/6&#8217;2&#8243;.<\/li>\n<\/ul>\n<\/li>\n<li>80% Algod\u00e3o, 20% Algod\u00e3o Reciclado<\/li>\n<\/ul>\n","protected":false},"excerpt":{"rendered":"<p>Uma camiseta gr\u00e1fica favorita de todos os tempos que funciona sozinha ou como camada base.\u00a0Fizemos este em jersey de puro algod\u00e3o.\u00a0N\u00e3o estica.\u00a0Usamos algod\u00e3o reciclado para reduzir o uso de fibra virgem e ajudar a manter o nosso planeta um pouco mais saud\u00e1vel.\u00a0A utiliza\u00e7\u00e3o de fibras recicladas ajuda-nos a reduzir o desperd\u00edcio de tecido e a [&hellip;]<\/p>\n","protected":false},"featured_media":57886,"comment_status":"closed","ping_status":"closed","template":"","meta":[],"product_cat":[221,483,290],"product_tag":[],"class_list":{"0":"post-57876","1":"product","2":"type-product","3":"status-publish","4":"has-post-thumbnail","6":"product_cat-homem","7":"product_cat-promocoes-homem","8":"product_cat-t-shirt-homem","9":"ts_product_brand-dockers","11":"first","12":"instock","13":"sale","14":"shipping-taxable","15":"purchasable","16":"product-type-variable"},"yoast_head":"<!-- This site is optimized with the Yoast SEO plugin v27.6 - https:\/\/yoast.com\/product\/yoast-seo-wordpress\/ -->\n<title>T-shirt H Dockers - Guibutik<\/title>\n<meta name=\"robots\" content=\"index, follow, max-snippet:-1, max-image-preview:large, max-video-preview:-1\" \/>\n<link rel=\"canonical\" href=\"https:\/\/www.guibutik.pt\/loja\/produto\/t-shirt-h-dockers-2\/\" \/>\n<meta property=\"og:locale\" content=\"pt_PT\" \/>\n<meta property=\"og:type\" content=\"article\" \/>\n<meta property=\"og:title\" content=\"T-shirt H Dockers - Guibutik\" \/>\n<meta property=\"og:description\" content=\"Uma camiseta gr\u00e1fica favorita de todos os tempos que funciona sozinha ou como camada base.\u00a0Fizemos este em jersey de puro algod\u00e3o.\u00a0N\u00e3o estica.\u00a0Usamos algod\u00e3o reciclado para reduzir o uso de fibra virgem e ajudar a manter o nosso planeta um pouco mais saud\u00e1vel.\u00a0A utiliza\u00e7\u00e3o de fibras recicladas ajuda-nos a reduzir o desperd\u00edcio de tecido e a [&hellip;]\" \/>\n<meta property=\"og:url\" content=\"https:\/\/www.guibutik.pt\/loja\/produto\/t-shirt-h-dockers-2\/\" \/>\n<meta property=\"og:site_name\" content=\"Guibutik\" \/>\n<meta property=\"article:publisher\" content=\"https:\/\/www.facebook.com\/guibutik\/\" \/>\n<meta property=\"article:modified_time\" content=\"2026-05-14T13:07:31+00:00\" \/>\n<meta property=\"og:image\" content=\"https:\/\/www.guibutik.pt\/loja\/wp-content\/uploads\/2024\/02\/A1103-0062.webp\" \/>\n\t<meta property=\"og:image:width\" content=\"360\" \/>\n\t<meta property=\"og:image:height\" content=\"450\" \/>\n\t<meta property=\"og:image:type\" content=\"image\/webp\" \/>\n<meta name=\"twitter:card\" content=\"summary_large_image\" \/>\n<meta name=\"twitter:label1\" content=\"Tempo estimado de leitura\" \/>\n\t<meta name=\"twitter:data1\" content=\"1 minuto\" \/>\n<script type=\"application\/ld+json\" class=\"yoast-schema-graph\">{\"@context\":\"https:\\\/\\\/schema.org\",\"@graph\":[{\"@type\":\"WebPage\",\"@id\":\"https:\\\/\\\/www.guibutik.pt\\\/loja\\\/produto\\\/t-shirt-h-dockers-2\\\/\",\"url\":\"https:\\\/\\\/www.guibutik.pt\\\/loja\\\/produto\\\/t-shirt-h-dockers-2\\\/\",\"name\":\"T-shirt H Dockers - Guibutik\",\"isPartOf\":{\"@id\":\"https:\\\/\\\/www.guibutik.pt\\\/loja\\\/#website\"},\"primaryImageOfPage\":{\"@id\":\"https:\\\/\\\/www.guibutik.pt\\\/loja\\\/produto\\\/t-shirt-h-dockers-2\\\/#primaryimage\"},\"image\":{\"@id\":\"https:\\\/\\\/www.guibutik.pt\\\/loja\\\/produto\\\/t-shirt-h-dockers-2\\\/#primaryimage\"},\"thumbnailUrl\":\"https:\\\/\\\/www.guibutik.pt\\\/loja\\\/wp-content\\\/uploads\\\/2024\\\/02\\\/A1103-0062.webp\",\"datePublished\":\"2024-03-01T10:12:02+00:00\",\"dateModified\":\"2026-05-14T13:07:31+00:00\",\"breadcrumb\":{\"@id\":\"https:\\\/\\\/www.guibutik.pt\\\/loja\\\/produto\\\/t-shirt-h-dockers-2\\\/#breadcrumb\"},\"inLanguage\":\"pt-PT\",\"potentialAction\":[{\"@type\":\"ReadAction\",\"target\":[\"https:\\\/\\\/www.guibutik.pt\\\/loja\\\/produto\\\/t-shirt-h-dockers-2\\\/\"]}]},{\"@type\":\"ImageObject\",\"inLanguage\":\"pt-PT\",\"@id\":\"https:\\\/\\\/www.guibutik.pt\\\/loja\\\/produto\\\/t-shirt-h-dockers-2\\\/#primaryimage\",\"url\":\"https:\\\/\\\/www.guibutik.pt\\\/loja\\\/wp-content\\\/uploads\\\/2024\\\/02\\\/A1103-0062.webp\",\"contentUrl\":\"https:\\\/\\\/www.guibutik.pt\\\/loja\\\/wp-content\\\/uploads\\\/2024\\\/02\\\/A1103-0062.webp\",\"width\":360,\"height\":450},{\"@type\":\"BreadcrumbList\",\"@id\":\"https:\\\/\\\/www.guibutik.pt\\\/loja\\\/produto\\\/t-shirt-h-dockers-2\\\/#breadcrumb\",\"itemListElement\":[{\"@type\":\"ListItem\",\"position\":1,\"name\":\"In\u00edcio\",\"item\":\"https:\\\/\\\/www.guibutik.pt\\\/loja\\\/\"},{\"@type\":\"ListItem\",\"position\":2,\"name\":\"Loja\",\"item\":\"https:\\\/\\\/www.guibutik.pt\\\/loja\\\/shop\\\/\"},{\"@type\":\"ListItem\",\"position\":3,\"name\":\"T-shirt H Dockers\"}]},{\"@type\":\"WebSite\",\"@id\":\"https:\\\/\\\/www.guibutik.pt\\\/loja\\\/#website\",\"url\":\"https:\\\/\\\/www.guibutik.pt\\\/loja\\\/\",\"name\":\"Guibutik\",\"description\":\"Moda e Sapataria\",\"potentialAction\":[{\"@type\":\"SearchAction\",\"target\":{\"@type\":\"EntryPoint\",\"urlTemplate\":\"https:\\\/\\\/www.guibutik.pt\\\/loja\\\/?s={search_term_string}\"},\"query-input\":{\"@type\":\"PropertyValueSpecification\",\"valueRequired\":true,\"valueName\":\"search_term_string\"}}],\"inLanguage\":\"pt-PT\"}]}<\/script>\n<!-- \/ Yoast SEO plugin. -->","yoast_head_json":{"title":"T-shirt H Dockers - Guibutik","robots":{"index":"index","follow":"follow","max-snippet":"max-snippet:-1","max-image-preview":"max-image-preview:large","max-video-preview":"max-video-preview:-1"},"canonical":"https:\/\/www.guibutik.pt\/loja\/produto\/t-shirt-h-dockers-2\/","og_locale":"pt_PT","og_type":"article","og_title":"T-shirt H Dockers - Guibutik","og_description":"Uma camiseta gr\u00e1fica favorita de todos os tempos que funciona sozinha ou como camada base.\u00a0Fizemos este em jersey de puro algod\u00e3o.\u00a0N\u00e3o estica.\u00a0Usamos algod\u00e3o reciclado para reduzir o uso de fibra virgem e ajudar a manter o nosso planeta um pouco mais saud\u00e1vel.\u00a0A utiliza\u00e7\u00e3o de fibras recicladas ajuda-nos a reduzir o desperd\u00edcio de tecido e a [&hellip;]","og_url":"https:\/\/www.guibutik.pt\/loja\/produto\/t-shirt-h-dockers-2\/","og_site_name":"Guibutik","article_publisher":"https:\/\/www.facebook.com\/guibutik\/","article_modified_time":"2026-05-14T13:07:31+00:00","og_image":[{"width":360,"height":450,"url":"https:\/\/www.guibutik.pt\/loja\/wp-content\/uploads\/2024\/02\/A1103-0062.webp","type":"image\/webp"}],"twitter_card":"summary_large_image","twitter_misc":{"Tempo estimado de leitura":"1 minuto"},"schema":{"@context":"https:\/\/schema.org","@graph":[{"@type":"WebPage","@id":"https:\/\/www.guibutik.pt\/loja\/produto\/t-shirt-h-dockers-2\/","url":"https:\/\/www.guibutik.pt\/loja\/produto\/t-shirt-h-dockers-2\/","name":"T-shirt H Dockers - Guibutik","isPartOf":{"@id":"https:\/\/www.guibutik.pt\/loja\/#website"},"primaryImageOfPage":{"@id":"https:\/\/www.guibutik.pt\/loja\/produto\/t-shirt-h-dockers-2\/#primaryimage"},"image":{"@id":"https:\/\/www.guibutik.pt\/loja\/produto\/t-shirt-h-dockers-2\/#primaryimage"},"thumbnailUrl":"https:\/\/www.guibutik.pt\/loja\/wp-content\/uploads\/2024\/02\/A1103-0062.webp","datePublished":"2024-03-01T10:12:02+00:00","dateModified":"2026-05-14T13:07:31+00:00","breadcrumb":{"@id":"https:\/\/www.guibutik.pt\/loja\/produto\/t-shirt-h-dockers-2\/#breadcrumb"},"inLanguage":"pt-PT","potentialAction":[{"@type":"ReadAction","target":["https:\/\/www.guibutik.pt\/loja\/produto\/t-shirt-h-dockers-2\/"]}]},{"@type":"ImageObject","inLanguage":"pt-PT","@id":"https:\/\/www.guibutik.pt\/loja\/produto\/t-shirt-h-dockers-2\/#primaryimage","url":"https:\/\/www.guibutik.pt\/loja\/wp-content\/uploads\/2024\/02\/A1103-0062.webp","contentUrl":"https:\/\/www.guibutik.pt\/loja\/wp-content\/uploads\/2024\/02\/A1103-0062.webp","width":360,"height":450},{"@type":"BreadcrumbList","@id":"https:\/\/www.guibutik.pt\/loja\/produto\/t-shirt-h-dockers-2\/#breadcrumb","itemListElement":[{"@type":"ListItem","position":1,"name":"In\u00edcio","item":"https:\/\/www.guibutik.pt\/loja\/"},{"@type":"ListItem","position":2,"name":"Loja","item":"https:\/\/www.guibutik.pt\/loja\/shop\/"},{"@type":"ListItem","position":3,"name":"T-shirt H Dockers"}]},{"@type":"WebSite","@id":"https:\/\/www.guibutik.pt\/loja\/#website","url":"https:\/\/www.guibutik.pt\/loja\/","name":"Guibutik","description":"Moda e Sapataria","potentialAction":[{"@type":"SearchAction","target":{"@type":"EntryPoint","urlTemplate":"https:\/\/www.guibutik.pt\/loja\/?s={search_term_string}"},"query-input":{"@type":"PropertyValueSpecification","valueRequired":true,"valueName":"search_term_string"}}],"inLanguage":"pt-PT"}]}},"_links":{"self":[{"href":"https:\/\/www.guibutik.pt\/loja\/wp-json\/wp\/v2\/product\/57876","targetHints":{"allow":["GET"]}}],"collection":[{"href":"https:\/\/www.guibutik.pt\/loja\/wp-json\/wp\/v2\/product"}],"about":[{"href":"https:\/\/www.guibutik.pt\/loja\/wp-json\/wp\/v2\/types\/product"}],"replies":[{"embeddable":true,"href":"https:\/\/www.guibutik.pt\/loja\/wp-json\/wp\/v2\/comments?post=57876"}],"wp:featuredmedia":[{"embeddable":true,"href":"https:\/\/www.guibutik.pt\/loja\/wp-json\/wp\/v2\/media\/57886"}],"wp:attachment":[{"href":"https:\/\/www.guibutik.pt\/loja\/wp-json\/wp\/v2\/media?parent=57876"}],"wp:term":[{"taxonomy":"product_cat","embeddable":true,"href":"https:\/\/www.guibutik.pt\/loja\/wp-json\/wp\/v2\/product_cat?post=57876"},{"taxonomy":"product_tag","embeddable":true,"href":"https:\/\/www.guibutik.pt\/loja\/wp-json\/wp\/v2\/product_tag?post=57876"}],"curies":[{"name":"wp","href":"https:\/\/api.w.org\/{rel}","templated":true}]}}