{"id":57854,"date":"2024-03-01T11:14:09","date_gmt":"2024-03-01T10:14:09","guid":{"rendered":"https:\/\/www.guibutik.pt\/loja\/?post_type=product&#038;p=57854"},"modified":"2025-01-08T11:50:55","modified_gmt":"2025-01-08T10:50:55","slug":"t-shirt-h-dockers-4","status":"publish","type":"product","link":"https:\/\/www.guibutik.pt\/loja\/produto\/t-shirt-h-dockers-4\/","title":{"rendered":"T-shirt H Dockers"},"content":{"rendered":"<p>Uma camiseta gr\u00e1fica favorita de todos os tempos que funciona sozinha ou como camada base.<\/p>\n<p>Fizemos este em jersey de puro algod\u00e3o.\u00a0Uma camiseta gr\u00e1fica favorita de todos os tempos em jersey de<\/p>\n<p>algod\u00e3o<\/p>\n<ul>\n<li>Ajuste fino: Nosso ajuste fino \u00e9 justo sem parecer confort\u00e1vel &#8211; trouxemos tudo para um visual limpo<\/li>\n<li>Fizemos esta pe\u00e7a com 20% de algod\u00e3o reciclado<\/li>\n<li>Manga curta<\/li>\n<li>Estilo: A11030226<\/li>\n<li>Cor: Verde Ex\u00e9rcito<\/li>\n<li>Pa\u00eds de origem: Paquist\u00e3o<\/li>\n<li>Slim: Afilado em todo o corpo;\u00a0Gola redonda;\u00a0Ajustado nos ombros<\/li>\n<\/ul>\n<p>Composi\u00e7\u00e3o e Cuidados<\/p>\n<ul>\n<li>J\u00e9rsei de algod\u00e3o: 80% algod\u00e3o, 20% algod\u00e3o reciclado<\/li>\n<li>M\u00e1quina de lavar frio;\u00a0N\u00e3o utilizar alvejante;\u00a0Secar em temperatura baixa;\u00a0Ferro quente, se necess\u00e1rio;<\/li>\n<li>N\u00e3o lavar a seco;\u00a0Lave do avesso com cores semelhantes;\u00a0N\u00e3o passe a ferro a decora\u00e7\u00e3o<\/li>\n<\/ul>\n","protected":false},"excerpt":{"rendered":"<p>Uma camiseta gr\u00e1fica favorita de todos os tempos que funciona sozinha ou como camada base. Fizemos este em jersey de puro algod\u00e3o.\u00a0Uma camiseta gr\u00e1fica favorita de todos os tempos em jersey de algod\u00e3o Ajuste fino: Nosso ajuste fino \u00e9 justo sem parecer confort\u00e1vel &#8211; trouxemos tudo para um visual limpo Fizemos esta pe\u00e7a com 20% [&hellip;]<\/p>\n","protected":false},"featured_media":57855,"comment_status":"closed","ping_status":"closed","template":"","meta":[],"product_cat":[221,290],"product_tag":[],"class_list":{"0":"post-57854","1":"product","2":"type-product","3":"status-publish","4":"has-post-thumbnail","6":"product_cat-homem","7":"product_cat-t-shirt-homem","8":"ts_product_brand-dockers","10":"first","11":"instock","12":"shipping-taxable","13":"purchasable","14":"product-type-variable"},"yoast_head":"<!-- This site is optimized with the Yoast SEO plugin v27.6 - https:\/\/yoast.com\/product\/yoast-seo-wordpress\/ -->\n<title>T-shirt H Dockers - Guibutik<\/title>\n<meta name=\"robots\" content=\"index, follow, max-snippet:-1, max-image-preview:large, max-video-preview:-1\" \/>\n<link rel=\"canonical\" href=\"https:\/\/www.guibutik.pt\/loja\/produto\/t-shirt-h-dockers-4\/\" \/>\n<meta property=\"og:locale\" content=\"pt_PT\" \/>\n<meta property=\"og:type\" content=\"article\" \/>\n<meta property=\"og:title\" content=\"T-shirt H Dockers - Guibutik\" \/>\n<meta property=\"og:description\" content=\"Uma camiseta gr\u00e1fica favorita de todos os tempos que funciona sozinha ou como camada base. Fizemos este em jersey de puro algod\u00e3o.\u00a0Uma camiseta gr\u00e1fica favorita de todos os tempos em jersey de algod\u00e3o Ajuste fino: Nosso ajuste fino \u00e9 justo sem parecer confort\u00e1vel &#8211; trouxemos tudo para um visual limpo Fizemos esta pe\u00e7a com 20% [&hellip;]\" \/>\n<meta property=\"og:url\" content=\"https:\/\/www.guibutik.pt\/loja\/produto\/t-shirt-h-dockers-4\/\" \/>\n<meta property=\"og:site_name\" content=\"Guibutik\" \/>\n<meta property=\"article:publisher\" content=\"https:\/\/www.facebook.com\/guibutik\/\" \/>\n<meta property=\"article:modified_time\" content=\"2025-01-08T10:50:55+00:00\" \/>\n<meta property=\"og:image\" content=\"https:\/\/www.guibutik.pt\/loja\/wp-content\/uploads\/2024\/02\/A1103-0226.webp\" \/>\n\t<meta property=\"og:image:width\" content=\"360\" \/>\n\t<meta property=\"og:image:height\" content=\"450\" \/>\n\t<meta property=\"og:image:type\" content=\"image\/webp\" \/>\n<meta name=\"twitter:card\" content=\"summary_large_image\" \/>\n<meta name=\"twitter:label1\" content=\"Tempo estimado de leitura\" \/>\n\t<meta name=\"twitter:data1\" content=\"1 minuto\" \/>\n<script type=\"application\/ld+json\" class=\"yoast-schema-graph\">{\"@context\":\"https:\\\/\\\/schema.org\",\"@graph\":[{\"@type\":\"WebPage\",\"@id\":\"https:\\\/\\\/www.guibutik.pt\\\/loja\\\/produto\\\/t-shirt-h-dockers-4\\\/\",\"url\":\"https:\\\/\\\/www.guibutik.pt\\\/loja\\\/produto\\\/t-shirt-h-dockers-4\\\/\",\"name\":\"T-shirt H Dockers - Guibutik\",\"isPartOf\":{\"@id\":\"https:\\\/\\\/www.guibutik.pt\\\/loja\\\/#website\"},\"primaryImageOfPage\":{\"@id\":\"https:\\\/\\\/www.guibutik.pt\\\/loja\\\/produto\\\/t-shirt-h-dockers-4\\\/#primaryimage\"},\"image\":{\"@id\":\"https:\\\/\\\/www.guibutik.pt\\\/loja\\\/produto\\\/t-shirt-h-dockers-4\\\/#primaryimage\"},\"thumbnailUrl\":\"https:\\\/\\\/www.guibutik.pt\\\/loja\\\/wp-content\\\/uploads\\\/2024\\\/02\\\/A1103-0226.webp\",\"datePublished\":\"2024-03-01T10:14:09+00:00\",\"dateModified\":\"2025-01-08T10:50:55+00:00\",\"breadcrumb\":{\"@id\":\"https:\\\/\\\/www.guibutik.pt\\\/loja\\\/produto\\\/t-shirt-h-dockers-4\\\/#breadcrumb\"},\"inLanguage\":\"pt-PT\",\"potentialAction\":[{\"@type\":\"ReadAction\",\"target\":[\"https:\\\/\\\/www.guibutik.pt\\\/loja\\\/produto\\\/t-shirt-h-dockers-4\\\/\"]}]},{\"@type\":\"ImageObject\",\"inLanguage\":\"pt-PT\",\"@id\":\"https:\\\/\\\/www.guibutik.pt\\\/loja\\\/produto\\\/t-shirt-h-dockers-4\\\/#primaryimage\",\"url\":\"https:\\\/\\\/www.guibutik.pt\\\/loja\\\/wp-content\\\/uploads\\\/2024\\\/02\\\/A1103-0226.webp\",\"contentUrl\":\"https:\\\/\\\/www.guibutik.pt\\\/loja\\\/wp-content\\\/uploads\\\/2024\\\/02\\\/A1103-0226.webp\",\"width\":360,\"height\":450},{\"@type\":\"BreadcrumbList\",\"@id\":\"https:\\\/\\\/www.guibutik.pt\\\/loja\\\/produto\\\/t-shirt-h-dockers-4\\\/#breadcrumb\",\"itemListElement\":[{\"@type\":\"ListItem\",\"position\":1,\"name\":\"In\u00edcio\",\"item\":\"https:\\\/\\\/www.guibutik.pt\\\/loja\\\/\"},{\"@type\":\"ListItem\",\"position\":2,\"name\":\"Loja\",\"item\":\"https:\\\/\\\/www.guibutik.pt\\\/loja\\\/shop\\\/\"},{\"@type\":\"ListItem\",\"position\":3,\"name\":\"T-shirt H Dockers\"}]},{\"@type\":\"WebSite\",\"@id\":\"https:\\\/\\\/www.guibutik.pt\\\/loja\\\/#website\",\"url\":\"https:\\\/\\\/www.guibutik.pt\\\/loja\\\/\",\"name\":\"Guibutik\",\"description\":\"Moda e Sapataria\",\"potentialAction\":[{\"@type\":\"SearchAction\",\"target\":{\"@type\":\"EntryPoint\",\"urlTemplate\":\"https:\\\/\\\/www.guibutik.pt\\\/loja\\\/?s={search_term_string}\"},\"query-input\":{\"@type\":\"PropertyValueSpecification\",\"valueRequired\":true,\"valueName\":\"search_term_string\"}}],\"inLanguage\":\"pt-PT\"}]}<\/script>\n<!-- \/ Yoast SEO plugin. -->","yoast_head_json":{"title":"T-shirt H Dockers - Guibutik","robots":{"index":"index","follow":"follow","max-snippet":"max-snippet:-1","max-image-preview":"max-image-preview:large","max-video-preview":"max-video-preview:-1"},"canonical":"https:\/\/www.guibutik.pt\/loja\/produto\/t-shirt-h-dockers-4\/","og_locale":"pt_PT","og_type":"article","og_title":"T-shirt H Dockers - Guibutik","og_description":"Uma camiseta gr\u00e1fica favorita de todos os tempos que funciona sozinha ou como camada base. Fizemos este em jersey de puro algod\u00e3o.\u00a0Uma camiseta gr\u00e1fica favorita de todos os tempos em jersey de algod\u00e3o Ajuste fino: Nosso ajuste fino \u00e9 justo sem parecer confort\u00e1vel &#8211; trouxemos tudo para um visual limpo Fizemos esta pe\u00e7a com 20% [&hellip;]","og_url":"https:\/\/www.guibutik.pt\/loja\/produto\/t-shirt-h-dockers-4\/","og_site_name":"Guibutik","article_publisher":"https:\/\/www.facebook.com\/guibutik\/","article_modified_time":"2025-01-08T10:50:55+00:00","og_image":[{"width":360,"height":450,"url":"https:\/\/www.guibutik.pt\/loja\/wp-content\/uploads\/2024\/02\/A1103-0226.webp","type":"image\/webp"}],"twitter_card":"summary_large_image","twitter_misc":{"Tempo estimado de leitura":"1 minuto"},"schema":{"@context":"https:\/\/schema.org","@graph":[{"@type":"WebPage","@id":"https:\/\/www.guibutik.pt\/loja\/produto\/t-shirt-h-dockers-4\/","url":"https:\/\/www.guibutik.pt\/loja\/produto\/t-shirt-h-dockers-4\/","name":"T-shirt H Dockers - Guibutik","isPartOf":{"@id":"https:\/\/www.guibutik.pt\/loja\/#website"},"primaryImageOfPage":{"@id":"https:\/\/www.guibutik.pt\/loja\/produto\/t-shirt-h-dockers-4\/#primaryimage"},"image":{"@id":"https:\/\/www.guibutik.pt\/loja\/produto\/t-shirt-h-dockers-4\/#primaryimage"},"thumbnailUrl":"https:\/\/www.guibutik.pt\/loja\/wp-content\/uploads\/2024\/02\/A1103-0226.webp","datePublished":"2024-03-01T10:14:09+00:00","dateModified":"2025-01-08T10:50:55+00:00","breadcrumb":{"@id":"https:\/\/www.guibutik.pt\/loja\/produto\/t-shirt-h-dockers-4\/#breadcrumb"},"inLanguage":"pt-PT","potentialAction":[{"@type":"ReadAction","target":["https:\/\/www.guibutik.pt\/loja\/produto\/t-shirt-h-dockers-4\/"]}]},{"@type":"ImageObject","inLanguage":"pt-PT","@id":"https:\/\/www.guibutik.pt\/loja\/produto\/t-shirt-h-dockers-4\/#primaryimage","url":"https:\/\/www.guibutik.pt\/loja\/wp-content\/uploads\/2024\/02\/A1103-0226.webp","contentUrl":"https:\/\/www.guibutik.pt\/loja\/wp-content\/uploads\/2024\/02\/A1103-0226.webp","width":360,"height":450},{"@type":"BreadcrumbList","@id":"https:\/\/www.guibutik.pt\/loja\/produto\/t-shirt-h-dockers-4\/#breadcrumb","itemListElement":[{"@type":"ListItem","position":1,"name":"In\u00edcio","item":"https:\/\/www.guibutik.pt\/loja\/"},{"@type":"ListItem","position":2,"name":"Loja","item":"https:\/\/www.guibutik.pt\/loja\/shop\/"},{"@type":"ListItem","position":3,"name":"T-shirt H Dockers"}]},{"@type":"WebSite","@id":"https:\/\/www.guibutik.pt\/loja\/#website","url":"https:\/\/www.guibutik.pt\/loja\/","name":"Guibutik","description":"Moda e Sapataria","potentialAction":[{"@type":"SearchAction","target":{"@type":"EntryPoint","urlTemplate":"https:\/\/www.guibutik.pt\/loja\/?s={search_term_string}"},"query-input":{"@type":"PropertyValueSpecification","valueRequired":true,"valueName":"search_term_string"}}],"inLanguage":"pt-PT"}]}},"_links":{"self":[{"href":"https:\/\/www.guibutik.pt\/loja\/wp-json\/wp\/v2\/product\/57854","targetHints":{"allow":["GET"]}}],"collection":[{"href":"https:\/\/www.guibutik.pt\/loja\/wp-json\/wp\/v2\/product"}],"about":[{"href":"https:\/\/www.guibutik.pt\/loja\/wp-json\/wp\/v2\/types\/product"}],"replies":[{"embeddable":true,"href":"https:\/\/www.guibutik.pt\/loja\/wp-json\/wp\/v2\/comments?post=57854"}],"wp:featuredmedia":[{"embeddable":true,"href":"https:\/\/www.guibutik.pt\/loja\/wp-json\/wp\/v2\/media\/57855"}],"wp:attachment":[{"href":"https:\/\/www.guibutik.pt\/loja\/wp-json\/wp\/v2\/media?parent=57854"}],"wp:term":[{"taxonomy":"product_cat","embeddable":true,"href":"https:\/\/www.guibutik.pt\/loja\/wp-json\/wp\/v2\/product_cat?post=57854"},{"taxonomy":"product_tag","embeddable":true,"href":"https:\/\/www.guibutik.pt\/loja\/wp-json\/wp\/v2\/product_tag?post=57854"}],"curies":[{"name":"wp","href":"https:\/\/api.w.org\/{rel}","templated":true}]}}