{"id":57713,"date":"2024-03-01T11:23:33","date_gmt":"2024-03-01T10:23:33","guid":{"rendered":"https:\/\/www.guibutik.pt\/loja\/?post_type=product&#038;p=57713"},"modified":"2026-01-23T11:46:37","modified_gmt":"2026-01-23T10:46:37","slug":"blusa-ana-sousa-7","status":"publish","type":"product","link":"https:\/\/www.guibutik.pt\/loja\/produto\/blusa-ana-sousa-7\/","title":{"rendered":"Blusa Ana Sousa"},"content":{"rendered":"<p>T\u00fanica de decote redondo com abertura na frente. Manga 3\/4. Punho com bot\u00e3o met\u00e1lico.\u00a0Fabricado em Portugal.<br \/>\nA modelo mede 1.78 cm e veste um 36.<\/p>\n<ul>\n<li>Composi\u00e7\u00e3o<\/li>\n<\/ul>\n<p>Principal: 89%Viscose<br \/>\n11%Poliamida<\/p>\n<ul>\n<li>Recomenda\u00e7\u00f5es de lavagem<\/li>\n<\/ul>\n<p>Lavar \u00e0 m\u00e3o com \u00e1gua fria e sab\u00e3o neutro<br \/>\nN\u00e3o usar amaciadores<br \/>\nPassar a ferro a baixa temperatura<\/p>\n<ul>\n<li>Instru\u00e7\u00f5es de lavagem<\/li>\n<\/ul>\n<div class=\"care_instructions clearfix\" data-wp-editing=\"1\"><img loading=\"lazy\" decoding=\"async\" class=\"\" title=\"Interdito qualquer tipo de branqueamento\" src=\"https:\/\/1417923970.rsc.cdn77.org\/temp\/1622112743_cfd2fb23064ce8f606e8759f7e0a44f1.png\" alt=\"Interdito qualquer tipo de branqueamento\" width=\"41\" height=\"41\" \/><img loading=\"lazy\" decoding=\"async\" class=\"\" title=\"N\u00e3o secar em tambor\" src=\"https:\/\/1417923970.rsc.cdn77.org\/temp\/1622113235_f4342d203d73e52f42c63063358011bf.png\" alt=\"N\u00e3o secar em tambor\" width=\"42\" height=\"42\" \/><img loading=\"lazy\" decoding=\"async\" class=\"\" title=\"Passagem a ferro, max. 110\u00baC\" src=\"https:\/\/1417923970.rsc.cdn77.org\/temp\/1622113219_152647274cce8ebfdb065c17d2139a0c.png\" alt=\"Passagem a ferro, max. 110\u00baC\" width=\"40\" height=\"40\" \/><img loading=\"lazy\" decoding=\"async\" class=\"\" title=\"Limpeza a seco com percloroetileno ou produtos petrol\u00edferos\" src=\"https:\/\/1417923970.rsc.cdn77.org\/temp\/1622113274_835f5a5e5119adcf694dcb7abba1a304.png\" alt=\"Limpeza a seco com percloroetileno ou produtos petrol\u00edferos\" width=\"41\" height=\"41\" \/><img loading=\"lazy\" decoding=\"async\" class=\"\" title=\"Lavagem, programa moderado\" src=\"https:\/\/1417923970.rsc.cdn77.org\/temp\/1622113201_6aa346a699a7d8daf228118f647403aa.png\" alt=\"Lavagem, programa moderado\" width=\"42\" height=\"42\" \/><\/div>\n<p>Interdito qualquer tipo de branqueamento<\/p>\n<p>N\u00e3o secar em tambor<\/p>\n<p>Passagem a ferro, max. 110\u00baC<\/p>\n<p>Limpeza a seco com percloroetileno ou produtos petrol\u00edferos<\/p>\n<p>Lavagem, programa moderado<\/p>\n","protected":false},"excerpt":{"rendered":"<p>T\u00fanica de decote redondo com abertura na frente. Manga 3\/4. Punho com bot\u00e3o met\u00e1lico.\u00a0Fabricado em Portugal. A modelo mede 1.78 cm e veste um 36. Composi\u00e7\u00e3o Principal: 89%Viscose 11%Poliamida Recomenda\u00e7\u00f5es de lavagem Lavar \u00e0 m\u00e3o com \u00e1gua fria e sab\u00e3o neutro N\u00e3o usar amaciadores Passar a ferro a baixa temperatura Instru\u00e7\u00f5es de lavagem Interdito qualquer [&hellip;]<\/p>\n","protected":false},"featured_media":57721,"comment_status":"closed","ping_status":"closed","template":"","meta":[],"product_cat":[283,484,222],"product_tag":[490],"class_list":{"0":"post-57713","1":"product","2":"type-product","3":"status-publish","4":"has-post-thumbnail","6":"product_cat-blusa","7":"product_cat-promocoes-senhora","8":"product_cat-senhora","9":"product_tag-ana-sousa","10":"ts_product_brand-ana-sousa","12":"first","13":"instock","14":"sale","15":"shipping-taxable","16":"purchasable","17":"product-type-variable"},"yoast_head":"<!-- This site is optimized with the Yoast SEO plugin v27.6 - https:\/\/yoast.com\/product\/yoast-seo-wordpress\/ -->\n<title>Blusa Ana Sousa - Guibutik<\/title>\n<meta name=\"robots\" content=\"index, follow, max-snippet:-1, max-image-preview:large, max-video-preview:-1\" \/>\n<link rel=\"canonical\" href=\"https:\/\/www.guibutik.pt\/loja\/produto\/blusa-ana-sousa-7\/\" \/>\n<meta property=\"og:locale\" content=\"pt_PT\" \/>\n<meta property=\"og:type\" content=\"article\" \/>\n<meta property=\"og:title\" content=\"Blusa Ana Sousa - Guibutik\" \/>\n<meta property=\"og:description\" content=\"T\u00fanica de decote redondo com abertura na frente. Manga 3\/4. Punho com bot\u00e3o met\u00e1lico.\u00a0Fabricado em Portugal. A modelo mede 1.78 cm e veste um 36. Composi\u00e7\u00e3o Principal: 89%Viscose 11%Poliamida Recomenda\u00e7\u00f5es de lavagem Lavar \u00e0 m\u00e3o com \u00e1gua fria e sab\u00e3o neutro N\u00e3o usar amaciadores Passar a ferro a baixa temperatura Instru\u00e7\u00f5es de lavagem Interdito qualquer [&hellip;]\" \/>\n<meta property=\"og:url\" content=\"https:\/\/www.guibutik.pt\/loja\/produto\/blusa-ana-sousa-7\/\" \/>\n<meta property=\"og:site_name\" content=\"Guibutik\" \/>\n<meta property=\"article:publisher\" content=\"https:\/\/www.facebook.com\/guibutik\/\" \/>\n<meta property=\"article:modified_time\" content=\"2026-01-23T10:46:37+00:00\" \/>\n<meta property=\"og:image\" content=\"https:\/\/www.guibutik.pt\/loja\/wp-content\/uploads\/2024\/02\/C366-9693-scaled.jpg\" \/>\n\t<meta property=\"og:image:width\" content=\"1707\" \/>\n\t<meta property=\"og:image:height\" content=\"2560\" \/>\n\t<meta property=\"og:image:type\" content=\"image\/jpeg\" \/>\n<meta name=\"twitter:card\" content=\"summary_large_image\" \/>\n<meta name=\"twitter:label1\" content=\"Tempo estimado de leitura\" \/>\n\t<meta name=\"twitter:data1\" content=\"2 minutos\" \/>\n<script type=\"application\/ld+json\" class=\"yoast-schema-graph\">{\"@context\":\"https:\\\/\\\/schema.org\",\"@graph\":[{\"@type\":\"WebPage\",\"@id\":\"https:\\\/\\\/www.guibutik.pt\\\/loja\\\/produto\\\/blusa-ana-sousa-7\\\/\",\"url\":\"https:\\\/\\\/www.guibutik.pt\\\/loja\\\/produto\\\/blusa-ana-sousa-7\\\/\",\"name\":\"Blusa Ana Sousa - Guibutik\",\"isPartOf\":{\"@id\":\"https:\\\/\\\/www.guibutik.pt\\\/loja\\\/#website\"},\"primaryImageOfPage\":{\"@id\":\"https:\\\/\\\/www.guibutik.pt\\\/loja\\\/produto\\\/blusa-ana-sousa-7\\\/#primaryimage\"},\"image\":{\"@id\":\"https:\\\/\\\/www.guibutik.pt\\\/loja\\\/produto\\\/blusa-ana-sousa-7\\\/#primaryimage\"},\"thumbnailUrl\":\"https:\\\/\\\/www.guibutik.pt\\\/loja\\\/wp-content\\\/uploads\\\/2024\\\/02\\\/C366-9693-scaled.jpg\",\"datePublished\":\"2024-03-01T10:23:33+00:00\",\"dateModified\":\"2026-01-23T10:46:37+00:00\",\"breadcrumb\":{\"@id\":\"https:\\\/\\\/www.guibutik.pt\\\/loja\\\/produto\\\/blusa-ana-sousa-7\\\/#breadcrumb\"},\"inLanguage\":\"pt-PT\",\"potentialAction\":[{\"@type\":\"ReadAction\",\"target\":[\"https:\\\/\\\/www.guibutik.pt\\\/loja\\\/produto\\\/blusa-ana-sousa-7\\\/\"]}]},{\"@type\":\"ImageObject\",\"inLanguage\":\"pt-PT\",\"@id\":\"https:\\\/\\\/www.guibutik.pt\\\/loja\\\/produto\\\/blusa-ana-sousa-7\\\/#primaryimage\",\"url\":\"https:\\\/\\\/www.guibutik.pt\\\/loja\\\/wp-content\\\/uploads\\\/2024\\\/02\\\/C366-9693-scaled.jpg\",\"contentUrl\":\"https:\\\/\\\/www.guibutik.pt\\\/loja\\\/wp-content\\\/uploads\\\/2024\\\/02\\\/C366-9693-scaled.jpg\",\"width\":1707,\"height\":2560},{\"@type\":\"BreadcrumbList\",\"@id\":\"https:\\\/\\\/www.guibutik.pt\\\/loja\\\/produto\\\/blusa-ana-sousa-7\\\/#breadcrumb\",\"itemListElement\":[{\"@type\":\"ListItem\",\"position\":1,\"name\":\"In\u00edcio\",\"item\":\"https:\\\/\\\/www.guibutik.pt\\\/loja\\\/\"},{\"@type\":\"ListItem\",\"position\":2,\"name\":\"Loja\",\"item\":\"https:\\\/\\\/www.guibutik.pt\\\/loja\\\/shop\\\/\"},{\"@type\":\"ListItem\",\"position\":3,\"name\":\"Blusa Ana Sousa\"}]},{\"@type\":\"WebSite\",\"@id\":\"https:\\\/\\\/www.guibutik.pt\\\/loja\\\/#website\",\"url\":\"https:\\\/\\\/www.guibutik.pt\\\/loja\\\/\",\"name\":\"Guibutik\",\"description\":\"Moda e Sapataria\",\"potentialAction\":[{\"@type\":\"SearchAction\",\"target\":{\"@type\":\"EntryPoint\",\"urlTemplate\":\"https:\\\/\\\/www.guibutik.pt\\\/loja\\\/?s={search_term_string}\"},\"query-input\":{\"@type\":\"PropertyValueSpecification\",\"valueRequired\":true,\"valueName\":\"search_term_string\"}}],\"inLanguage\":\"pt-PT\"}]}<\/script>\n<!-- \/ Yoast SEO plugin. -->","yoast_head_json":{"title":"Blusa Ana Sousa - Guibutik","robots":{"index":"index","follow":"follow","max-snippet":"max-snippet:-1","max-image-preview":"max-image-preview:large","max-video-preview":"max-video-preview:-1"},"canonical":"https:\/\/www.guibutik.pt\/loja\/produto\/blusa-ana-sousa-7\/","og_locale":"pt_PT","og_type":"article","og_title":"Blusa Ana Sousa - Guibutik","og_description":"T\u00fanica de decote redondo com abertura na frente. Manga 3\/4. Punho com bot\u00e3o met\u00e1lico.\u00a0Fabricado em Portugal. A modelo mede 1.78 cm e veste um 36. Composi\u00e7\u00e3o Principal: 89%Viscose 11%Poliamida Recomenda\u00e7\u00f5es de lavagem Lavar \u00e0 m\u00e3o com \u00e1gua fria e sab\u00e3o neutro N\u00e3o usar amaciadores Passar a ferro a baixa temperatura Instru\u00e7\u00f5es de lavagem Interdito qualquer [&hellip;]","og_url":"https:\/\/www.guibutik.pt\/loja\/produto\/blusa-ana-sousa-7\/","og_site_name":"Guibutik","article_publisher":"https:\/\/www.facebook.com\/guibutik\/","article_modified_time":"2026-01-23T10:46:37+00:00","og_image":[{"width":1707,"height":2560,"url":"https:\/\/www.guibutik.pt\/loja\/wp-content\/uploads\/2024\/02\/C366-9693-scaled.jpg","type":"image\/jpeg"}],"twitter_card":"summary_large_image","twitter_misc":{"Tempo estimado de leitura":"2 minutos"},"schema":{"@context":"https:\/\/schema.org","@graph":[{"@type":"WebPage","@id":"https:\/\/www.guibutik.pt\/loja\/produto\/blusa-ana-sousa-7\/","url":"https:\/\/www.guibutik.pt\/loja\/produto\/blusa-ana-sousa-7\/","name":"Blusa Ana Sousa - Guibutik","isPartOf":{"@id":"https:\/\/www.guibutik.pt\/loja\/#website"},"primaryImageOfPage":{"@id":"https:\/\/www.guibutik.pt\/loja\/produto\/blusa-ana-sousa-7\/#primaryimage"},"image":{"@id":"https:\/\/www.guibutik.pt\/loja\/produto\/blusa-ana-sousa-7\/#primaryimage"},"thumbnailUrl":"https:\/\/www.guibutik.pt\/loja\/wp-content\/uploads\/2024\/02\/C366-9693-scaled.jpg","datePublished":"2024-03-01T10:23:33+00:00","dateModified":"2026-01-23T10:46:37+00:00","breadcrumb":{"@id":"https:\/\/www.guibutik.pt\/loja\/produto\/blusa-ana-sousa-7\/#breadcrumb"},"inLanguage":"pt-PT","potentialAction":[{"@type":"ReadAction","target":["https:\/\/www.guibutik.pt\/loja\/produto\/blusa-ana-sousa-7\/"]}]},{"@type":"ImageObject","inLanguage":"pt-PT","@id":"https:\/\/www.guibutik.pt\/loja\/produto\/blusa-ana-sousa-7\/#primaryimage","url":"https:\/\/www.guibutik.pt\/loja\/wp-content\/uploads\/2024\/02\/C366-9693-scaled.jpg","contentUrl":"https:\/\/www.guibutik.pt\/loja\/wp-content\/uploads\/2024\/02\/C366-9693-scaled.jpg","width":1707,"height":2560},{"@type":"BreadcrumbList","@id":"https:\/\/www.guibutik.pt\/loja\/produto\/blusa-ana-sousa-7\/#breadcrumb","itemListElement":[{"@type":"ListItem","position":1,"name":"In\u00edcio","item":"https:\/\/www.guibutik.pt\/loja\/"},{"@type":"ListItem","position":2,"name":"Loja","item":"https:\/\/www.guibutik.pt\/loja\/shop\/"},{"@type":"ListItem","position":3,"name":"Blusa Ana Sousa"}]},{"@type":"WebSite","@id":"https:\/\/www.guibutik.pt\/loja\/#website","url":"https:\/\/www.guibutik.pt\/loja\/","name":"Guibutik","description":"Moda e Sapataria","potentialAction":[{"@type":"SearchAction","target":{"@type":"EntryPoint","urlTemplate":"https:\/\/www.guibutik.pt\/loja\/?s={search_term_string}"},"query-input":{"@type":"PropertyValueSpecification","valueRequired":true,"valueName":"search_term_string"}}],"inLanguage":"pt-PT"}]}},"_links":{"self":[{"href":"https:\/\/www.guibutik.pt\/loja\/wp-json\/wp\/v2\/product\/57713","targetHints":{"allow":["GET"]}}],"collection":[{"href":"https:\/\/www.guibutik.pt\/loja\/wp-json\/wp\/v2\/product"}],"about":[{"href":"https:\/\/www.guibutik.pt\/loja\/wp-json\/wp\/v2\/types\/product"}],"replies":[{"embeddable":true,"href":"https:\/\/www.guibutik.pt\/loja\/wp-json\/wp\/v2\/comments?post=57713"}],"wp:featuredmedia":[{"embeddable":true,"href":"https:\/\/www.guibutik.pt\/loja\/wp-json\/wp\/v2\/media\/57721"}],"wp:attachment":[{"href":"https:\/\/www.guibutik.pt\/loja\/wp-json\/wp\/v2\/media?parent=57713"}],"wp:term":[{"taxonomy":"product_cat","embeddable":true,"href":"https:\/\/www.guibutik.pt\/loja\/wp-json\/wp\/v2\/product_cat?post=57713"},{"taxonomy":"product_tag","embeddable":true,"href":"https:\/\/www.guibutik.pt\/loja\/wp-json\/wp\/v2\/product_tag?post=57713"}],"curies":[{"name":"wp","href":"https:\/\/api.w.org\/{rel}","templated":true}]}}