{"id":56446,"date":"2023-12-19T14:29:47","date_gmt":"2023-12-19T13:29:47","guid":{"rendered":"https:\/\/www.guibutik.pt\/loja\/?post_type=product&#038;p=56446"},"modified":"2025-11-24T19:21:08","modified_gmt":"2025-11-24T18:21:08","slug":"echarpe-ana-sousa-4","status":"publish","type":"product","link":"https:\/\/www.guibutik.pt\/loja\/produto\/echarpe-ana-sousa-4\/","title":{"rendered":"\u00c9charpe Ana Sousa"},"content":{"rendered":"<ul>\n<li>Composi\u00e7\u00e3o<\/li>\n<\/ul>\n<p>Principal: 100%Acr\u00edlica<\/p>\n<ul>\n<li>Recomenda\u00e7\u00f5es de lavagem<\/li>\n<\/ul>\n<p>Lavar com cores similares<br \/>\nN\u00e3o usar amaciadores<br \/>\nPassar a ferro a baixa temperatura<\/p>\n<ul>\n<li>Instru\u00e7\u00f5es de lavagem<\/li>\n<\/ul>\n<p>Interdito qualquer tipo de branqueamento<\/p>\n<p>N\u00e3o secar em tambor<\/p>\n<p>Passagem a ferro, max. 110\u00baC<\/p>\n<p>Limpeza a seco com percloroetileno ou produtos petrol\u00edferos<\/p>\n<p>Lavagem, programa moderado<\/p>\n","protected":false},"excerpt":{"rendered":"<p>Composi\u00e7\u00e3o Principal: 100%Acr\u00edlica Recomenda\u00e7\u00f5es de lavagem Lavar com cores similares N\u00e3o usar amaciadores Passar a ferro a baixa temperatura Instru\u00e7\u00f5es de lavagem Interdito qualquer tipo de branqueamento N\u00e3o secar em tambor Passagem a ferro, max. 110\u00baC Limpeza a seco com percloroetileno ou produtos petrol\u00edferos Lavagem, programa moderado<\/p>\n","protected":false},"featured_media":56452,"comment_status":"closed","ping_status":"closed","template":"","meta":[],"product_cat":[232,302],"product_tag":[],"class_list":{"0":"post-56446","1":"product","2":"type-product","3":"status-publish","4":"has-post-thumbnail","6":"product_cat-acessorios","7":"product_cat-lencos-e-cintos","8":"ts_product_brand-ana-sousa","10":"first","11":"instock","12":"shipping-taxable","13":"purchasable","14":"product-type-simple"},"yoast_head":"<!-- This site is optimized with the Yoast SEO plugin v27.5 - https:\/\/yoast.com\/product\/yoast-seo-wordpress\/ -->\n<title>\u00c9charpe Ana Sousa - Guibutik<\/title>\n<meta name=\"robots\" content=\"index, follow, max-snippet:-1, max-image-preview:large, max-video-preview:-1\" \/>\n<link rel=\"canonical\" href=\"https:\/\/www.guibutik.pt\/loja\/produto\/echarpe-ana-sousa-4\/\" \/>\n<meta property=\"og:locale\" content=\"pt_PT\" \/>\n<meta property=\"og:type\" content=\"article\" \/>\n<meta property=\"og:title\" content=\"\u00c9charpe Ana Sousa - Guibutik\" \/>\n<meta property=\"og:description\" content=\"Composi\u00e7\u00e3o Principal: 100%Acr\u00edlica Recomenda\u00e7\u00f5es de lavagem Lavar com cores similares N\u00e3o usar amaciadores Passar a ferro a baixa temperatura Instru\u00e7\u00f5es de lavagem Interdito qualquer tipo de branqueamento N\u00e3o secar em tambor Passagem a ferro, max. 110\u00baC Limpeza a seco com percloroetileno ou produtos petrol\u00edferos Lavagem, programa moderado\" \/>\n<meta property=\"og:url\" content=\"https:\/\/www.guibutik.pt\/loja\/produto\/echarpe-ana-sousa-4\/\" \/>\n<meta property=\"og:site_name\" content=\"Guibutik\" \/>\n<meta property=\"article:publisher\" content=\"https:\/\/www.facebook.com\/guibutik\/\" \/>\n<meta property=\"article:modified_time\" content=\"2025-11-24T18:21:08+00:00\" \/>\n<meta property=\"og:image\" content=\"https:\/\/www.guibutik.pt\/loja\/wp-content\/uploads\/2023\/12\/C264-9539-2.jpeg\" \/>\n\t<meta property=\"og:image:width\" content=\"1536\" \/>\n\t<meta property=\"og:image:height\" content=\"2048\" \/>\n\t<meta property=\"og:image:type\" content=\"image\/jpeg\" \/>\n<meta name=\"twitter:card\" content=\"summary_large_image\" \/>\n<meta name=\"twitter:label1\" content=\"Tempo estimado de leitura\" \/>\n\t<meta name=\"twitter:data1\" content=\"1 minuto\" \/>\n<script type=\"application\/ld+json\" class=\"yoast-schema-graph\">{\"@context\":\"https:\\\/\\\/schema.org\",\"@graph\":[{\"@type\":\"WebPage\",\"@id\":\"https:\\\/\\\/www.guibutik.pt\\\/loja\\\/produto\\\/echarpe-ana-sousa-4\\\/\",\"url\":\"https:\\\/\\\/www.guibutik.pt\\\/loja\\\/produto\\\/echarpe-ana-sousa-4\\\/\",\"name\":\"\u00c9charpe Ana Sousa - Guibutik\",\"isPartOf\":{\"@id\":\"https:\\\/\\\/www.guibutik.pt\\\/loja\\\/#website\"},\"primaryImageOfPage\":{\"@id\":\"https:\\\/\\\/www.guibutik.pt\\\/loja\\\/produto\\\/echarpe-ana-sousa-4\\\/#primaryimage\"},\"image\":{\"@id\":\"https:\\\/\\\/www.guibutik.pt\\\/loja\\\/produto\\\/echarpe-ana-sousa-4\\\/#primaryimage\"},\"thumbnailUrl\":\"https:\\\/\\\/www.guibutik.pt\\\/loja\\\/wp-content\\\/uploads\\\/2023\\\/12\\\/C264-9539-2.jpeg\",\"datePublished\":\"2023-12-19T13:29:47+00:00\",\"dateModified\":\"2025-11-24T18:21:08+00:00\",\"breadcrumb\":{\"@id\":\"https:\\\/\\\/www.guibutik.pt\\\/loja\\\/produto\\\/echarpe-ana-sousa-4\\\/#breadcrumb\"},\"inLanguage\":\"pt-PT\",\"potentialAction\":[{\"@type\":\"ReadAction\",\"target\":[\"https:\\\/\\\/www.guibutik.pt\\\/loja\\\/produto\\\/echarpe-ana-sousa-4\\\/\"]}]},{\"@type\":\"ImageObject\",\"inLanguage\":\"pt-PT\",\"@id\":\"https:\\\/\\\/www.guibutik.pt\\\/loja\\\/produto\\\/echarpe-ana-sousa-4\\\/#primaryimage\",\"url\":\"https:\\\/\\\/www.guibutik.pt\\\/loja\\\/wp-content\\\/uploads\\\/2023\\\/12\\\/C264-9539-2.jpeg\",\"contentUrl\":\"https:\\\/\\\/www.guibutik.pt\\\/loja\\\/wp-content\\\/uploads\\\/2023\\\/12\\\/C264-9539-2.jpeg\",\"width\":1536,\"height\":2048},{\"@type\":\"BreadcrumbList\",\"@id\":\"https:\\\/\\\/www.guibutik.pt\\\/loja\\\/produto\\\/echarpe-ana-sousa-4\\\/#breadcrumb\",\"itemListElement\":[{\"@type\":\"ListItem\",\"position\":1,\"name\":\"In\u00edcio\",\"item\":\"https:\\\/\\\/www.guibutik.pt\\\/loja\\\/\"},{\"@type\":\"ListItem\",\"position\":2,\"name\":\"Loja\",\"item\":\"https:\\\/\\\/www.guibutik.pt\\\/loja\\\/shop\\\/\"},{\"@type\":\"ListItem\",\"position\":3,\"name\":\"\u00c9charpe Ana Sousa\"}]},{\"@type\":\"WebSite\",\"@id\":\"https:\\\/\\\/www.guibutik.pt\\\/loja\\\/#website\",\"url\":\"https:\\\/\\\/www.guibutik.pt\\\/loja\\\/\",\"name\":\"Guibutik\",\"description\":\"Moda e Sapataria\",\"potentialAction\":[{\"@type\":\"SearchAction\",\"target\":{\"@type\":\"EntryPoint\",\"urlTemplate\":\"https:\\\/\\\/www.guibutik.pt\\\/loja\\\/?s={search_term_string}\"},\"query-input\":{\"@type\":\"PropertyValueSpecification\",\"valueRequired\":true,\"valueName\":\"search_term_string\"}}],\"inLanguage\":\"pt-PT\"}]}<\/script>\n<!-- \/ Yoast SEO plugin. -->","yoast_head_json":{"title":"\u00c9charpe Ana Sousa - Guibutik","robots":{"index":"index","follow":"follow","max-snippet":"max-snippet:-1","max-image-preview":"max-image-preview:large","max-video-preview":"max-video-preview:-1"},"canonical":"https:\/\/www.guibutik.pt\/loja\/produto\/echarpe-ana-sousa-4\/","og_locale":"pt_PT","og_type":"article","og_title":"\u00c9charpe Ana Sousa - Guibutik","og_description":"Composi\u00e7\u00e3o Principal: 100%Acr\u00edlica Recomenda\u00e7\u00f5es de lavagem Lavar com cores similares N\u00e3o usar amaciadores Passar a ferro a baixa temperatura Instru\u00e7\u00f5es de lavagem Interdito qualquer tipo de branqueamento N\u00e3o secar em tambor Passagem a ferro, max. 110\u00baC Limpeza a seco com percloroetileno ou produtos petrol\u00edferos Lavagem, programa moderado","og_url":"https:\/\/www.guibutik.pt\/loja\/produto\/echarpe-ana-sousa-4\/","og_site_name":"Guibutik","article_publisher":"https:\/\/www.facebook.com\/guibutik\/","article_modified_time":"2025-11-24T18:21:08+00:00","og_image":[{"width":1536,"height":2048,"url":"https:\/\/www.guibutik.pt\/loja\/wp-content\/uploads\/2023\/12\/C264-9539-2.jpeg","type":"image\/jpeg"}],"twitter_card":"summary_large_image","twitter_misc":{"Tempo estimado de leitura":"1 minuto"},"schema":{"@context":"https:\/\/schema.org","@graph":[{"@type":"WebPage","@id":"https:\/\/www.guibutik.pt\/loja\/produto\/echarpe-ana-sousa-4\/","url":"https:\/\/www.guibutik.pt\/loja\/produto\/echarpe-ana-sousa-4\/","name":"\u00c9charpe Ana Sousa - Guibutik","isPartOf":{"@id":"https:\/\/www.guibutik.pt\/loja\/#website"},"primaryImageOfPage":{"@id":"https:\/\/www.guibutik.pt\/loja\/produto\/echarpe-ana-sousa-4\/#primaryimage"},"image":{"@id":"https:\/\/www.guibutik.pt\/loja\/produto\/echarpe-ana-sousa-4\/#primaryimage"},"thumbnailUrl":"https:\/\/www.guibutik.pt\/loja\/wp-content\/uploads\/2023\/12\/C264-9539-2.jpeg","datePublished":"2023-12-19T13:29:47+00:00","dateModified":"2025-11-24T18:21:08+00:00","breadcrumb":{"@id":"https:\/\/www.guibutik.pt\/loja\/produto\/echarpe-ana-sousa-4\/#breadcrumb"},"inLanguage":"pt-PT","potentialAction":[{"@type":"ReadAction","target":["https:\/\/www.guibutik.pt\/loja\/produto\/echarpe-ana-sousa-4\/"]}]},{"@type":"ImageObject","inLanguage":"pt-PT","@id":"https:\/\/www.guibutik.pt\/loja\/produto\/echarpe-ana-sousa-4\/#primaryimage","url":"https:\/\/www.guibutik.pt\/loja\/wp-content\/uploads\/2023\/12\/C264-9539-2.jpeg","contentUrl":"https:\/\/www.guibutik.pt\/loja\/wp-content\/uploads\/2023\/12\/C264-9539-2.jpeg","width":1536,"height":2048},{"@type":"BreadcrumbList","@id":"https:\/\/www.guibutik.pt\/loja\/produto\/echarpe-ana-sousa-4\/#breadcrumb","itemListElement":[{"@type":"ListItem","position":1,"name":"In\u00edcio","item":"https:\/\/www.guibutik.pt\/loja\/"},{"@type":"ListItem","position":2,"name":"Loja","item":"https:\/\/www.guibutik.pt\/loja\/shop\/"},{"@type":"ListItem","position":3,"name":"\u00c9charpe Ana Sousa"}]},{"@type":"WebSite","@id":"https:\/\/www.guibutik.pt\/loja\/#website","url":"https:\/\/www.guibutik.pt\/loja\/","name":"Guibutik","description":"Moda e Sapataria","potentialAction":[{"@type":"SearchAction","target":{"@type":"EntryPoint","urlTemplate":"https:\/\/www.guibutik.pt\/loja\/?s={search_term_string}"},"query-input":{"@type":"PropertyValueSpecification","valueRequired":true,"valueName":"search_term_string"}}],"inLanguage":"pt-PT"}]}},"_links":{"self":[{"href":"https:\/\/www.guibutik.pt\/loja\/wp-json\/wp\/v2\/product\/56446","targetHints":{"allow":["GET"]}}],"collection":[{"href":"https:\/\/www.guibutik.pt\/loja\/wp-json\/wp\/v2\/product"}],"about":[{"href":"https:\/\/www.guibutik.pt\/loja\/wp-json\/wp\/v2\/types\/product"}],"replies":[{"embeddable":true,"href":"https:\/\/www.guibutik.pt\/loja\/wp-json\/wp\/v2\/comments?post=56446"}],"wp:featuredmedia":[{"embeddable":true,"href":"https:\/\/www.guibutik.pt\/loja\/wp-json\/wp\/v2\/media\/56452"}],"wp:attachment":[{"href":"https:\/\/www.guibutik.pt\/loja\/wp-json\/wp\/v2\/media?parent=56446"}],"wp:term":[{"taxonomy":"product_cat","embeddable":true,"href":"https:\/\/www.guibutik.pt\/loja\/wp-json\/wp\/v2\/product_cat?post=56446"},{"taxonomy":"product_tag","embeddable":true,"href":"https:\/\/www.guibutik.pt\/loja\/wp-json\/wp\/v2\/product_tag?post=56446"}],"curies":[{"name":"wp","href":"https:\/\/api.w.org\/{rel}","templated":true}]}}