{"id":55217,"date":"2023-10-25T15:15:21","date_gmt":"2023-10-25T14:15:21","guid":{"rendered":"https:\/\/www.guibutik.pt\/loja\/?post_type=product&#038;p=55217"},"modified":"2026-03-06T10:44:16","modified_gmt":"2026-03-06T09:44:16","slug":"sapatilha-baronik-r-skechers","status":"publish","type":"product","link":"https:\/\/www.guibutik.pt\/loja\/produto\/sapatilha-baronik-r-skechers\/","title":{"rendered":"Sapatilha Baronik R Skechers"},"content":{"rendered":"<p>O conforto dos p\u00e9s e o estilo desportivo combinam-se nas Skechers Bounder \u2013 Baronik. Estas sapatilhas leves t\u00eam parte superior em tecido de rede e material sint\u00e9tico com atacadores el\u00e1sticos, tira em velcro ajust\u00e1vel sobre o peito do p\u00e9 ajust\u00e1vel e palmilhas almofadadas.<\/p>\n<h2 class=\"c-product-features-details__title title d-none d-md-block\">Principais funcionalidades<\/h2>\n<ul class=\"c-product-features-details__bullets content value\">\n<li class=\"c-product-features-details__bullet\">Palmilhas confort\u00e1veis com amortecimento<\/li>\n<\/ul>\n<h2 class=\"c-product-features-details__title title d-none d-md-block\">Detalhes do design<\/h2>\n<ul class=\"c-product-features-details__bullets content value\">\n<li class=\"c-product-features-details__bullet\">Parte superior em rede e sint\u00e9tica com atacadores \u00e0 frente<\/li>\n<li class=\"c-product-features-details__bullet\">Atacadores el\u00e1sticos e tira em velcro ajust\u00e1vel no peito do p\u00e9<\/li>\n<li class=\"c-product-features-details__bullet\">Entressola ultraleve com absor\u00e7\u00e3o de impacto<\/li>\n<li class=\"c-product-features-details__bullet\">Sola exterior de tra\u00e7\u00e3o flex\u00edvel<\/li>\n<li class=\"c-product-features-details__bullet\">Lav\u00e1veis \u00e0 m\u00e1quina<\/li>\n<li class=\"c-product-features-details__bullet\">Log\u00f3tipo Skechers\u00ae vis\u00edvel<\/li>\n<\/ul>\n","protected":false},"excerpt":{"rendered":"<p>O conforto dos p\u00e9s e o estilo desportivo combinam-se nas Skechers Bounder \u2013 Baronik. Estas sapatilhas leves t\u00eam parte superior em tecido de rede e material sint\u00e9tico com atacadores el\u00e1sticos, tira em velcro ajust\u00e1vel sobre o peito do p\u00e9 ajust\u00e1vel e palmilhas almofadadas. Principais funcionalidades Palmilhas confort\u00e1veis com amortecimento Detalhes do design Parte superior em [&hellip;]<\/p>\n","protected":false},"featured_media":55219,"comment_status":"closed","ping_status":"closed","template":"","meta":[],"product_cat":[295,267,235,553],"product_tag":[498],"class_list":{"0":"post-55217","1":"product","2":"type-product","3":"status-publish","4":"has-post-thumbnail","6":"product_cat-calcado-rapaz","7":"product_cat-crianca","8":"product_cat-rapaz","9":"product_cat-sapatilha-calcado-rapaz","10":"product_tag-skechers","11":"ts_product_brand-skechers","13":"first","14":"instock","15":"shipping-taxable","16":"purchasable","17":"product-type-variable"},"yoast_head":"<!-- This site is optimized with the Yoast SEO plugin v27.6 - https:\/\/yoast.com\/product\/yoast-seo-wordpress\/ -->\n<title>Sapatilha Baronik R Skechers - Guibutik<\/title>\n<meta name=\"robots\" content=\"index, follow, max-snippet:-1, max-image-preview:large, max-video-preview:-1\" \/>\n<link rel=\"canonical\" href=\"https:\/\/www.guibutik.pt\/loja\/produto\/sapatilha-baronik-r-skechers\/\" \/>\n<meta property=\"og:locale\" content=\"pt_PT\" \/>\n<meta property=\"og:type\" content=\"article\" \/>\n<meta property=\"og:title\" content=\"Sapatilha Baronik R Skechers - Guibutik\" \/>\n<meta property=\"og:description\" content=\"O conforto dos p\u00e9s e o estilo desportivo combinam-se nas Skechers Bounder \u2013 Baronik. Estas sapatilhas leves t\u00eam parte superior em tecido de rede e material sint\u00e9tico com atacadores el\u00e1sticos, tira em velcro ajust\u00e1vel sobre o peito do p\u00e9 ajust\u00e1vel e palmilhas almofadadas. Principais funcionalidades Palmilhas confort\u00e1veis com amortecimento Detalhes do design Parte superior em [&hellip;]\" \/>\n<meta property=\"og:url\" content=\"https:\/\/www.guibutik.pt\/loja\/produto\/sapatilha-baronik-r-skechers\/\" \/>\n<meta property=\"og:site_name\" content=\"Guibutik\" \/>\n<meta property=\"article:publisher\" content=\"https:\/\/www.facebook.com\/guibutik\/\" \/>\n<meta property=\"article:modified_time\" content=\"2026-03-06T09:44:16+00:00\" \/>\n<meta property=\"og:image\" content=\"https:\/\/www.guibutik.pt\/loja\/wp-content\/uploads\/2023\/10\/403744L.jpg\" \/>\n\t<meta property=\"og:image:width\" content=\"1024\" \/>\n\t<meta property=\"og:image:height\" content=\"768\" \/>\n\t<meta property=\"og:image:type\" content=\"image\/jpeg\" \/>\n<meta name=\"twitter:card\" content=\"summary_large_image\" \/>\n<meta name=\"twitter:label1\" content=\"Tempo estimado de leitura\" \/>\n\t<meta name=\"twitter:data1\" content=\"1 minuto\" \/>\n<script type=\"application\/ld+json\" class=\"yoast-schema-graph\">{\"@context\":\"https:\\\/\\\/schema.org\",\"@graph\":[{\"@type\":\"WebPage\",\"@id\":\"https:\\\/\\\/www.guibutik.pt\\\/loja\\\/produto\\\/sapatilha-baronik-r-skechers\\\/\",\"url\":\"https:\\\/\\\/www.guibutik.pt\\\/loja\\\/produto\\\/sapatilha-baronik-r-skechers\\\/\",\"name\":\"Sapatilha Baronik R Skechers - Guibutik\",\"isPartOf\":{\"@id\":\"https:\\\/\\\/www.guibutik.pt\\\/loja\\\/#website\"},\"primaryImageOfPage\":{\"@id\":\"https:\\\/\\\/www.guibutik.pt\\\/loja\\\/produto\\\/sapatilha-baronik-r-skechers\\\/#primaryimage\"},\"image\":{\"@id\":\"https:\\\/\\\/www.guibutik.pt\\\/loja\\\/produto\\\/sapatilha-baronik-r-skechers\\\/#primaryimage\"},\"thumbnailUrl\":\"https:\\\/\\\/www.guibutik.pt\\\/loja\\\/wp-content\\\/uploads\\\/2023\\\/10\\\/403744L.jpg\",\"datePublished\":\"2023-10-25T14:15:21+00:00\",\"dateModified\":\"2026-03-06T09:44:16+00:00\",\"breadcrumb\":{\"@id\":\"https:\\\/\\\/www.guibutik.pt\\\/loja\\\/produto\\\/sapatilha-baronik-r-skechers\\\/#breadcrumb\"},\"inLanguage\":\"pt-PT\",\"potentialAction\":[{\"@type\":\"ReadAction\",\"target\":[\"https:\\\/\\\/www.guibutik.pt\\\/loja\\\/produto\\\/sapatilha-baronik-r-skechers\\\/\"]}]},{\"@type\":\"ImageObject\",\"inLanguage\":\"pt-PT\",\"@id\":\"https:\\\/\\\/www.guibutik.pt\\\/loja\\\/produto\\\/sapatilha-baronik-r-skechers\\\/#primaryimage\",\"url\":\"https:\\\/\\\/www.guibutik.pt\\\/loja\\\/wp-content\\\/uploads\\\/2023\\\/10\\\/403744L.jpg\",\"contentUrl\":\"https:\\\/\\\/www.guibutik.pt\\\/loja\\\/wp-content\\\/uploads\\\/2023\\\/10\\\/403744L.jpg\",\"width\":1024,\"height\":768},{\"@type\":\"BreadcrumbList\",\"@id\":\"https:\\\/\\\/www.guibutik.pt\\\/loja\\\/produto\\\/sapatilha-baronik-r-skechers\\\/#breadcrumb\",\"itemListElement\":[{\"@type\":\"ListItem\",\"position\":1,\"name\":\"In\u00edcio\",\"item\":\"https:\\\/\\\/www.guibutik.pt\\\/loja\\\/\"},{\"@type\":\"ListItem\",\"position\":2,\"name\":\"Loja\",\"item\":\"https:\\\/\\\/www.guibutik.pt\\\/loja\\\/shop\\\/\"},{\"@type\":\"ListItem\",\"position\":3,\"name\":\"Sapatilha Baronik R Skechers\"}]},{\"@type\":\"WebSite\",\"@id\":\"https:\\\/\\\/www.guibutik.pt\\\/loja\\\/#website\",\"url\":\"https:\\\/\\\/www.guibutik.pt\\\/loja\\\/\",\"name\":\"Guibutik\",\"description\":\"Moda e Sapataria\",\"potentialAction\":[{\"@type\":\"SearchAction\",\"target\":{\"@type\":\"EntryPoint\",\"urlTemplate\":\"https:\\\/\\\/www.guibutik.pt\\\/loja\\\/?s={search_term_string}\"},\"query-input\":{\"@type\":\"PropertyValueSpecification\",\"valueRequired\":true,\"valueName\":\"search_term_string\"}}],\"inLanguage\":\"pt-PT\"}]}<\/script>\n<!-- \/ Yoast SEO plugin. -->","yoast_head_json":{"title":"Sapatilha Baronik R Skechers - Guibutik","robots":{"index":"index","follow":"follow","max-snippet":"max-snippet:-1","max-image-preview":"max-image-preview:large","max-video-preview":"max-video-preview:-1"},"canonical":"https:\/\/www.guibutik.pt\/loja\/produto\/sapatilha-baronik-r-skechers\/","og_locale":"pt_PT","og_type":"article","og_title":"Sapatilha Baronik R Skechers - Guibutik","og_description":"O conforto dos p\u00e9s e o estilo desportivo combinam-se nas Skechers Bounder \u2013 Baronik. Estas sapatilhas leves t\u00eam parte superior em tecido de rede e material sint\u00e9tico com atacadores el\u00e1sticos, tira em velcro ajust\u00e1vel sobre o peito do p\u00e9 ajust\u00e1vel e palmilhas almofadadas. Principais funcionalidades Palmilhas confort\u00e1veis com amortecimento Detalhes do design Parte superior em [&hellip;]","og_url":"https:\/\/www.guibutik.pt\/loja\/produto\/sapatilha-baronik-r-skechers\/","og_site_name":"Guibutik","article_publisher":"https:\/\/www.facebook.com\/guibutik\/","article_modified_time":"2026-03-06T09:44:16+00:00","og_image":[{"width":1024,"height":768,"url":"https:\/\/www.guibutik.pt\/loja\/wp-content\/uploads\/2023\/10\/403744L.jpg","type":"image\/jpeg"}],"twitter_card":"summary_large_image","twitter_misc":{"Tempo estimado de leitura":"1 minuto"},"schema":{"@context":"https:\/\/schema.org","@graph":[{"@type":"WebPage","@id":"https:\/\/www.guibutik.pt\/loja\/produto\/sapatilha-baronik-r-skechers\/","url":"https:\/\/www.guibutik.pt\/loja\/produto\/sapatilha-baronik-r-skechers\/","name":"Sapatilha Baronik R Skechers - Guibutik","isPartOf":{"@id":"https:\/\/www.guibutik.pt\/loja\/#website"},"primaryImageOfPage":{"@id":"https:\/\/www.guibutik.pt\/loja\/produto\/sapatilha-baronik-r-skechers\/#primaryimage"},"image":{"@id":"https:\/\/www.guibutik.pt\/loja\/produto\/sapatilha-baronik-r-skechers\/#primaryimage"},"thumbnailUrl":"https:\/\/www.guibutik.pt\/loja\/wp-content\/uploads\/2023\/10\/403744L.jpg","datePublished":"2023-10-25T14:15:21+00:00","dateModified":"2026-03-06T09:44:16+00:00","breadcrumb":{"@id":"https:\/\/www.guibutik.pt\/loja\/produto\/sapatilha-baronik-r-skechers\/#breadcrumb"},"inLanguage":"pt-PT","potentialAction":[{"@type":"ReadAction","target":["https:\/\/www.guibutik.pt\/loja\/produto\/sapatilha-baronik-r-skechers\/"]}]},{"@type":"ImageObject","inLanguage":"pt-PT","@id":"https:\/\/www.guibutik.pt\/loja\/produto\/sapatilha-baronik-r-skechers\/#primaryimage","url":"https:\/\/www.guibutik.pt\/loja\/wp-content\/uploads\/2023\/10\/403744L.jpg","contentUrl":"https:\/\/www.guibutik.pt\/loja\/wp-content\/uploads\/2023\/10\/403744L.jpg","width":1024,"height":768},{"@type":"BreadcrumbList","@id":"https:\/\/www.guibutik.pt\/loja\/produto\/sapatilha-baronik-r-skechers\/#breadcrumb","itemListElement":[{"@type":"ListItem","position":1,"name":"In\u00edcio","item":"https:\/\/www.guibutik.pt\/loja\/"},{"@type":"ListItem","position":2,"name":"Loja","item":"https:\/\/www.guibutik.pt\/loja\/shop\/"},{"@type":"ListItem","position":3,"name":"Sapatilha Baronik R Skechers"}]},{"@type":"WebSite","@id":"https:\/\/www.guibutik.pt\/loja\/#website","url":"https:\/\/www.guibutik.pt\/loja\/","name":"Guibutik","description":"Moda e Sapataria","potentialAction":[{"@type":"SearchAction","target":{"@type":"EntryPoint","urlTemplate":"https:\/\/www.guibutik.pt\/loja\/?s={search_term_string}"},"query-input":{"@type":"PropertyValueSpecification","valueRequired":true,"valueName":"search_term_string"}}],"inLanguage":"pt-PT"}]}},"_links":{"self":[{"href":"https:\/\/www.guibutik.pt\/loja\/wp-json\/wp\/v2\/product\/55217","targetHints":{"allow":["GET"]}}],"collection":[{"href":"https:\/\/www.guibutik.pt\/loja\/wp-json\/wp\/v2\/product"}],"about":[{"href":"https:\/\/www.guibutik.pt\/loja\/wp-json\/wp\/v2\/types\/product"}],"replies":[{"embeddable":true,"href":"https:\/\/www.guibutik.pt\/loja\/wp-json\/wp\/v2\/comments?post=55217"}],"wp:featuredmedia":[{"embeddable":true,"href":"https:\/\/www.guibutik.pt\/loja\/wp-json\/wp\/v2\/media\/55219"}],"wp:attachment":[{"href":"https:\/\/www.guibutik.pt\/loja\/wp-json\/wp\/v2\/media?parent=55217"}],"wp:term":[{"taxonomy":"product_cat","embeddable":true,"href":"https:\/\/www.guibutik.pt\/loja\/wp-json\/wp\/v2\/product_cat?post=55217"},{"taxonomy":"product_tag","embeddable":true,"href":"https:\/\/www.guibutik.pt\/loja\/wp-json\/wp\/v2\/product_tag?post=55217"}],"curies":[{"name":"wp","href":"https:\/\/api.w.org\/{rel}","templated":true}]}}