{"id":54147,"date":"2023-10-10T10:37:53","date_gmt":"2023-10-10T09:37:53","guid":{"rendered":"https:\/\/www.guibutik.pt\/loja\/?post_type=product&#038;p=54147"},"modified":"2026-02-26T19:56:07","modified_gmt":"2026-02-26T18:56:07","slug":"jeans-push-in-s-salsa","status":"publish","type":"product","link":"https:\/\/www.guibutik.pt\/loja\/produto\/jeans-push-in-s-salsa\/","title":{"rendered":"Jeans Push in S Salsa"},"content":{"rendered":"<div class=\"product-description-title\">\n<div class=\"product-description-title\">\n<p>Cal\u00e7as de Ganga Faith Push In. Cor azul. Perna Slim. Cintura alta. Cinco bolsos. Com presilhas. Abertura frontal com fecho de correr.<\/p>\n<\/div>\n<div class=\"product-description-content\">\n<div class=\"texto_rubrica\">Os jeans Faith Push In proporcionam\u00a0uma cintura definida que eleva todas as formas de corpo.<\/div>\n<div>\n<div class=\"title-composition-cares title-compositions\">\n<p><b>Composi\u00e7\u00e3o<\/b><\/p>\n<\/div>\n<div class=\"content-composition-cares content-compositions\">\n<div class=\"group-composition\">\n<p class=\"composition_type\">Tecido principal<\/p>\n<ul>\n<li class=\"listComp\"><span class=\"p\">99% Algod\u00e3o<\/span><\/li>\n<li class=\"listComp\"><span class=\"p\">1% Elastano<\/span><\/li>\n<\/ul>\n<p><b>Cuidados de Lavagem<\/b><\/p>\n<ul>\n<li><span style=\"font-size: large;\">Lavar m\u00e1quina a 30\u00ba, processo moderado<\/span><\/li>\n<li><span style=\"font-size: large;\">N\u00e3o usar lixivia\u00a0<\/span><\/li>\n<li><span style=\"font-size: large;\">N\u00e3o passar com ferro quente\u00a0<\/span><\/li>\n<li><span style=\"font-size: large;\">N\u00e3o limpar a seco com qu\u00edmicos\u00a0<\/span><\/li>\n<li><span style=\"font-size: large;\">N\u00e3o utilizar m\u00e1quina de secar <\/span><\/li>\n<\/ul>\n<\/div>\n<\/div>\n<\/div>\n<\/div>\n<\/div>\n","protected":false},"excerpt":{"rendered":"<p>Cal\u00e7as de Ganga Faith Push In. Cor azul. Perna Slim. Cintura alta. Cinco bolsos. Com presilhas. Abertura frontal com fecho de correr. Os jeans Faith Push In proporcionam\u00a0uma cintura definida que eleva todas as formas de corpo. Composi\u00e7\u00e3o Tecido principal 99% Algod\u00e3o 1% Elastano Cuidados de Lavagem Lavar m\u00e1quina a 30\u00ba, processo moderado N\u00e3o usar [&hellip;]<\/p>\n","protected":false},"featured_media":54156,"comment_status":"closed","ping_status":"closed","template":"","meta":[],"product_cat":[285,484,222],"product_tag":[],"class_list":{"0":"post-54147","1":"product","2":"type-product","3":"status-publish","4":"has-post-thumbnail","6":"product_cat-calcas-senhora","7":"product_cat-promocoes-senhora","8":"product_cat-senhora","9":"ts_product_brand-salsa","11":"first","12":"instock","13":"sale","14":"shipping-taxable","15":"purchasable","16":"product-type-variable"},"yoast_head":"<!-- This site is optimized with the Yoast SEO plugin v27.5 - https:\/\/yoast.com\/product\/yoast-seo-wordpress\/ -->\n<title>Jeans Push in S Salsa - Guibutik<\/title>\n<meta name=\"robots\" content=\"index, follow, max-snippet:-1, max-image-preview:large, max-video-preview:-1\" \/>\n<link rel=\"canonical\" href=\"https:\/\/www.guibutik.pt\/loja\/produto\/jeans-push-in-s-salsa\/\" \/>\n<meta property=\"og:locale\" content=\"pt_PT\" \/>\n<meta property=\"og:type\" content=\"article\" \/>\n<meta property=\"og:title\" content=\"Jeans Push in S Salsa - Guibutik\" \/>\n<meta property=\"og:description\" content=\"Cal\u00e7as de Ganga Faith Push In. Cor azul. Perna Slim. Cintura alta. Cinco bolsos. Com presilhas. Abertura frontal com fecho de correr. Os jeans Faith Push In proporcionam\u00a0uma cintura definida que eleva todas as formas de corpo. Composi\u00e7\u00e3o Tecido principal 99% Algod\u00e3o 1% Elastano Cuidados de Lavagem Lavar m\u00e1quina a 30\u00ba, processo moderado N\u00e3o usar [&hellip;]\" \/>\n<meta property=\"og:url\" content=\"https:\/\/www.guibutik.pt\/loja\/produto\/jeans-push-in-s-salsa\/\" \/>\n<meta property=\"og:site_name\" content=\"Guibutik\" \/>\n<meta property=\"article:publisher\" content=\"https:\/\/www.facebook.com\/guibutik\/\" \/>\n<meta property=\"article:modified_time\" content=\"2026-02-26T18:56:07+00:00\" \/>\n<meta property=\"og:image\" content=\"https:\/\/www.guibutik.pt\/loja\/wp-content\/uploads\/2023\/10\/21006987.jpg\" \/>\n\t<meta property=\"og:image:width\" content=\"1000\" \/>\n\t<meta property=\"og:image:height\" content=\"1500\" \/>\n\t<meta property=\"og:image:type\" content=\"image\/jpeg\" \/>\n<meta name=\"twitter:card\" content=\"summary_large_image\" \/>\n<meta name=\"twitter:label1\" content=\"Tempo estimado de leitura\" \/>\n\t<meta name=\"twitter:data1\" content=\"1 minuto\" \/>\n<script type=\"application\/ld+json\" class=\"yoast-schema-graph\">{\"@context\":\"https:\\\/\\\/schema.org\",\"@graph\":[{\"@type\":\"WebPage\",\"@id\":\"https:\\\/\\\/www.guibutik.pt\\\/loja\\\/produto\\\/jeans-push-in-s-salsa\\\/\",\"url\":\"https:\\\/\\\/www.guibutik.pt\\\/loja\\\/produto\\\/jeans-push-in-s-salsa\\\/\",\"name\":\"Jeans Push in S Salsa - Guibutik\",\"isPartOf\":{\"@id\":\"https:\\\/\\\/www.guibutik.pt\\\/loja\\\/#website\"},\"primaryImageOfPage\":{\"@id\":\"https:\\\/\\\/www.guibutik.pt\\\/loja\\\/produto\\\/jeans-push-in-s-salsa\\\/#primaryimage\"},\"image\":{\"@id\":\"https:\\\/\\\/www.guibutik.pt\\\/loja\\\/produto\\\/jeans-push-in-s-salsa\\\/#primaryimage\"},\"thumbnailUrl\":\"https:\\\/\\\/www.guibutik.pt\\\/loja\\\/wp-content\\\/uploads\\\/2023\\\/10\\\/21006987.jpg\",\"datePublished\":\"2023-10-10T09:37:53+00:00\",\"dateModified\":\"2026-02-26T18:56:07+00:00\",\"breadcrumb\":{\"@id\":\"https:\\\/\\\/www.guibutik.pt\\\/loja\\\/produto\\\/jeans-push-in-s-salsa\\\/#breadcrumb\"},\"inLanguage\":\"pt-PT\",\"potentialAction\":[{\"@type\":\"ReadAction\",\"target\":[\"https:\\\/\\\/www.guibutik.pt\\\/loja\\\/produto\\\/jeans-push-in-s-salsa\\\/\"]}]},{\"@type\":\"ImageObject\",\"inLanguage\":\"pt-PT\",\"@id\":\"https:\\\/\\\/www.guibutik.pt\\\/loja\\\/produto\\\/jeans-push-in-s-salsa\\\/#primaryimage\",\"url\":\"https:\\\/\\\/www.guibutik.pt\\\/loja\\\/wp-content\\\/uploads\\\/2023\\\/10\\\/21006987.jpg\",\"contentUrl\":\"https:\\\/\\\/www.guibutik.pt\\\/loja\\\/wp-content\\\/uploads\\\/2023\\\/10\\\/21006987.jpg\",\"width\":1000,\"height\":1500},{\"@type\":\"BreadcrumbList\",\"@id\":\"https:\\\/\\\/www.guibutik.pt\\\/loja\\\/produto\\\/jeans-push-in-s-salsa\\\/#breadcrumb\",\"itemListElement\":[{\"@type\":\"ListItem\",\"position\":1,\"name\":\"In\u00edcio\",\"item\":\"https:\\\/\\\/www.guibutik.pt\\\/loja\\\/\"},{\"@type\":\"ListItem\",\"position\":2,\"name\":\"Loja\",\"item\":\"https:\\\/\\\/www.guibutik.pt\\\/loja\\\/shop\\\/\"},{\"@type\":\"ListItem\",\"position\":3,\"name\":\"Jeans Push in S Salsa\"}]},{\"@type\":\"WebSite\",\"@id\":\"https:\\\/\\\/www.guibutik.pt\\\/loja\\\/#website\",\"url\":\"https:\\\/\\\/www.guibutik.pt\\\/loja\\\/\",\"name\":\"Guibutik\",\"description\":\"Moda e Sapataria\",\"potentialAction\":[{\"@type\":\"SearchAction\",\"target\":{\"@type\":\"EntryPoint\",\"urlTemplate\":\"https:\\\/\\\/www.guibutik.pt\\\/loja\\\/?s={search_term_string}\"},\"query-input\":{\"@type\":\"PropertyValueSpecification\",\"valueRequired\":true,\"valueName\":\"search_term_string\"}}],\"inLanguage\":\"pt-PT\"}]}<\/script>\n<!-- \/ Yoast SEO plugin. -->","yoast_head_json":{"title":"Jeans Push in S Salsa - Guibutik","robots":{"index":"index","follow":"follow","max-snippet":"max-snippet:-1","max-image-preview":"max-image-preview:large","max-video-preview":"max-video-preview:-1"},"canonical":"https:\/\/www.guibutik.pt\/loja\/produto\/jeans-push-in-s-salsa\/","og_locale":"pt_PT","og_type":"article","og_title":"Jeans Push in S Salsa - Guibutik","og_description":"Cal\u00e7as de Ganga Faith Push In. Cor azul. Perna Slim. Cintura alta. Cinco bolsos. Com presilhas. Abertura frontal com fecho de correr. Os jeans Faith Push In proporcionam\u00a0uma cintura definida que eleva todas as formas de corpo. Composi\u00e7\u00e3o Tecido principal 99% Algod\u00e3o 1% Elastano Cuidados de Lavagem Lavar m\u00e1quina a 30\u00ba, processo moderado N\u00e3o usar [&hellip;]","og_url":"https:\/\/www.guibutik.pt\/loja\/produto\/jeans-push-in-s-salsa\/","og_site_name":"Guibutik","article_publisher":"https:\/\/www.facebook.com\/guibutik\/","article_modified_time":"2026-02-26T18:56:07+00:00","og_image":[{"width":1000,"height":1500,"url":"https:\/\/www.guibutik.pt\/loja\/wp-content\/uploads\/2023\/10\/21006987.jpg","type":"image\/jpeg"}],"twitter_card":"summary_large_image","twitter_misc":{"Tempo estimado de leitura":"1 minuto"},"schema":{"@context":"https:\/\/schema.org","@graph":[{"@type":"WebPage","@id":"https:\/\/www.guibutik.pt\/loja\/produto\/jeans-push-in-s-salsa\/","url":"https:\/\/www.guibutik.pt\/loja\/produto\/jeans-push-in-s-salsa\/","name":"Jeans Push in S Salsa - Guibutik","isPartOf":{"@id":"https:\/\/www.guibutik.pt\/loja\/#website"},"primaryImageOfPage":{"@id":"https:\/\/www.guibutik.pt\/loja\/produto\/jeans-push-in-s-salsa\/#primaryimage"},"image":{"@id":"https:\/\/www.guibutik.pt\/loja\/produto\/jeans-push-in-s-salsa\/#primaryimage"},"thumbnailUrl":"https:\/\/www.guibutik.pt\/loja\/wp-content\/uploads\/2023\/10\/21006987.jpg","datePublished":"2023-10-10T09:37:53+00:00","dateModified":"2026-02-26T18:56:07+00:00","breadcrumb":{"@id":"https:\/\/www.guibutik.pt\/loja\/produto\/jeans-push-in-s-salsa\/#breadcrumb"},"inLanguage":"pt-PT","potentialAction":[{"@type":"ReadAction","target":["https:\/\/www.guibutik.pt\/loja\/produto\/jeans-push-in-s-salsa\/"]}]},{"@type":"ImageObject","inLanguage":"pt-PT","@id":"https:\/\/www.guibutik.pt\/loja\/produto\/jeans-push-in-s-salsa\/#primaryimage","url":"https:\/\/www.guibutik.pt\/loja\/wp-content\/uploads\/2023\/10\/21006987.jpg","contentUrl":"https:\/\/www.guibutik.pt\/loja\/wp-content\/uploads\/2023\/10\/21006987.jpg","width":1000,"height":1500},{"@type":"BreadcrumbList","@id":"https:\/\/www.guibutik.pt\/loja\/produto\/jeans-push-in-s-salsa\/#breadcrumb","itemListElement":[{"@type":"ListItem","position":1,"name":"In\u00edcio","item":"https:\/\/www.guibutik.pt\/loja\/"},{"@type":"ListItem","position":2,"name":"Loja","item":"https:\/\/www.guibutik.pt\/loja\/shop\/"},{"@type":"ListItem","position":3,"name":"Jeans Push in S Salsa"}]},{"@type":"WebSite","@id":"https:\/\/www.guibutik.pt\/loja\/#website","url":"https:\/\/www.guibutik.pt\/loja\/","name":"Guibutik","description":"Moda e Sapataria","potentialAction":[{"@type":"SearchAction","target":{"@type":"EntryPoint","urlTemplate":"https:\/\/www.guibutik.pt\/loja\/?s={search_term_string}"},"query-input":{"@type":"PropertyValueSpecification","valueRequired":true,"valueName":"search_term_string"}}],"inLanguage":"pt-PT"}]}},"_links":{"self":[{"href":"https:\/\/www.guibutik.pt\/loja\/wp-json\/wp\/v2\/product\/54147","targetHints":{"allow":["GET"]}}],"collection":[{"href":"https:\/\/www.guibutik.pt\/loja\/wp-json\/wp\/v2\/product"}],"about":[{"href":"https:\/\/www.guibutik.pt\/loja\/wp-json\/wp\/v2\/types\/product"}],"replies":[{"embeddable":true,"href":"https:\/\/www.guibutik.pt\/loja\/wp-json\/wp\/v2\/comments?post=54147"}],"wp:featuredmedia":[{"embeddable":true,"href":"https:\/\/www.guibutik.pt\/loja\/wp-json\/wp\/v2\/media\/54156"}],"wp:attachment":[{"href":"https:\/\/www.guibutik.pt\/loja\/wp-json\/wp\/v2\/media?parent=54147"}],"wp:term":[{"taxonomy":"product_cat","embeddable":true,"href":"https:\/\/www.guibutik.pt\/loja\/wp-json\/wp\/v2\/product_cat?post=54147"},{"taxonomy":"product_tag","embeddable":true,"href":"https:\/\/www.guibutik.pt\/loja\/wp-json\/wp\/v2\/product_tag?post=54147"}],"curies":[{"name":"wp","href":"https:\/\/api.w.org\/{rel}","templated":true}]}}