{"id":54032,"date":"2023-10-09T11:48:47","date_gmt":"2023-10-09T10:48:47","guid":{"rendered":"https:\/\/www.guibutik.pt\/loja\/?post_type=product&#038;p=54032"},"modified":"2026-02-28T16:12:44","modified_gmt":"2026-02-28T15:12:44","slug":"calca-h-dockers-2","status":"publish","type":"product","link":"https:\/\/www.guibutik.pt\/loja\/produto\/calca-h-dockers-2\/","title":{"rendered":"Cal\u00e7a H Dockers"},"content":{"rendered":"<p>Uma cal\u00e7a vers\u00e1til constru\u00edda com estilo despojado, um toque de elasticidade e um tecido confort\u00e1vel &#8211; perfeita para encontros casuais \u00e0 noite ou para complementar um blazer em uma festa no escrit\u00f3rio.<\/p>\n<ul>\n<li>O chino \u00e9 a cal\u00e7a mais vers\u00e1til, feita para qualquer situa\u00e7\u00e3o e constru\u00edda para a vida real.<\/li>\n<li>Estes s\u00e3o feitos com nosso tecido el\u00e1stico de 4 dire\u00e7\u00f5es Smart 360 Flex\u2122 para um chino que se move como nenhum outro.<\/li>\n<li>Projetado com nosso ajuste skinny &#8211; nosso corte mais justo e mais fino.<\/li>\n<\/ul>\n<ul>\n<li>Ajuste fino: Nosso ajuste fino \u00e9 a quantidade certa de ajuste fino com uma abertura fina para as pernas<\/li>\n<li>Estilo: 758070020<\/li>\n<li>Cor: Steelhead<\/li>\n<li>Pa\u00eds de origem: \u00cdndia<\/li>\n<\/ul>\n<ul>\n<li>O modelo mede 188 cm\/6&#8217;2&#8221; e est\u00e1 usando o tamanho 32 x 32<\/li>\n<li>Ajuste fino Nosso ajuste fino \u00e9 a quantidade certa de ajuste fino com uma abertura fina para as pernas: atinge sua cintura; Mosca zip; Abertura fina para as pernas<\/li>\n<\/ul>\n<h2 class=\"accordion__title\"><button id=\"ProductAccordion3\" class=\"accordion__control\" aria-controls=\"Productcontent-3\" aria-expanded=\"true\">Composi\u00e7\u00e3o e Cuidados<\/button><\/h2>\n<div id=\"Productcontent-3\" class=\"accordion__content accordion__content--animate\" role=\"region\" aria-labelledby=\"ProductAccordion3\">\n<div>\n<ul>\n<li>95% Algod\u00e3o, 5% Elastano<\/li>\n<li>Bolsos de debrum, bolso de seguran\u00e7a oculto<\/li>\n<li>Lavar \u00e0 m\u00e1quina com \u00e1gua fria, n\u00e3o usar alvejante, secar em temperatura m\u00e9dia, passar a ferro quente se necess\u00e1rio, \u00e9 poss\u00edvel lavar a seco, lavar do avesso com cores semelhantes, remover imediatamente<\/li>\n<\/ul>\n<\/div>\n<\/div>\n","protected":false},"excerpt":{"rendered":"<p>Uma cal\u00e7a vers\u00e1til constru\u00edda com estilo despojado, um toque de elasticidade e um tecido confort\u00e1vel &#8211; perfeita para encontros casuais \u00e0 noite ou para complementar um blazer em uma festa no escrit\u00f3rio. O chino \u00e9 a cal\u00e7a mais vers\u00e1til, feita para qualquer situa\u00e7\u00e3o e constru\u00edda para a vida real. Estes s\u00e3o feitos com nosso tecido [&hellip;]<\/p>\n","protected":false},"featured_media":54034,"comment_status":"closed","ping_status":"closed","template":"","meta":[],"product_cat":[298,221],"product_tag":[],"class_list":{"0":"post-54032","1":"product","2":"type-product","3":"status-publish","4":"has-post-thumbnail","6":"product_cat-calcas","7":"product_cat-homem","8":"ts_product_brand-dockers","10":"first","11":"instock","12":"shipping-taxable","13":"purchasable","14":"product-type-variable"},"yoast_head":"<!-- This site is optimized with the Yoast SEO plugin v27.6 - https:\/\/yoast.com\/product\/yoast-seo-wordpress\/ -->\n<title>Cal\u00e7a H Dockers - Guibutik<\/title>\n<meta name=\"robots\" content=\"index, follow, max-snippet:-1, max-image-preview:large, max-video-preview:-1\" \/>\n<link rel=\"canonical\" href=\"https:\/\/www.guibutik.pt\/loja\/produto\/calca-h-dockers-2\/\" \/>\n<meta property=\"og:locale\" content=\"pt_PT\" \/>\n<meta property=\"og:type\" content=\"article\" \/>\n<meta property=\"og:title\" content=\"Cal\u00e7a H Dockers - Guibutik\" \/>\n<meta property=\"og:description\" content=\"Uma cal\u00e7a vers\u00e1til constru\u00edda com estilo despojado, um toque de elasticidade e um tecido confort\u00e1vel &#8211; perfeita para encontros casuais \u00e0 noite ou para complementar um blazer em uma festa no escrit\u00f3rio. O chino \u00e9 a cal\u00e7a mais vers\u00e1til, feita para qualquer situa\u00e7\u00e3o e constru\u00edda para a vida real. Estes s\u00e3o feitos com nosso tecido [&hellip;]\" \/>\n<meta property=\"og:url\" content=\"https:\/\/www.guibutik.pt\/loja\/produto\/calca-h-dockers-2\/\" \/>\n<meta property=\"og:site_name\" content=\"Guibutik\" \/>\n<meta property=\"article:publisher\" content=\"https:\/\/www.facebook.com\/guibutik\/\" \/>\n<meta property=\"article:modified_time\" content=\"2026-02-28T15:12:44+00:00\" \/>\n<meta property=\"og:image\" content=\"https:\/\/www.guibutik.pt\/loja\/wp-content\/uploads\/2023\/10\/75807-0020.webp\" \/>\n\t<meta property=\"og:image:width\" content=\"360\" \/>\n\t<meta property=\"og:image:height\" content=\"450\" \/>\n\t<meta property=\"og:image:type\" content=\"image\/webp\" \/>\n<meta name=\"twitter:card\" content=\"summary_large_image\" \/>\n<meta name=\"twitter:label1\" content=\"Tempo estimado de leitura\" \/>\n\t<meta name=\"twitter:data1\" content=\"2 minutos\" \/>\n<script type=\"application\/ld+json\" class=\"yoast-schema-graph\">{\"@context\":\"https:\\\/\\\/schema.org\",\"@graph\":[{\"@type\":\"WebPage\",\"@id\":\"https:\\\/\\\/www.guibutik.pt\\\/loja\\\/produto\\\/calca-h-dockers-2\\\/\",\"url\":\"https:\\\/\\\/www.guibutik.pt\\\/loja\\\/produto\\\/calca-h-dockers-2\\\/\",\"name\":\"Cal\u00e7a H Dockers - Guibutik\",\"isPartOf\":{\"@id\":\"https:\\\/\\\/www.guibutik.pt\\\/loja\\\/#website\"},\"primaryImageOfPage\":{\"@id\":\"https:\\\/\\\/www.guibutik.pt\\\/loja\\\/produto\\\/calca-h-dockers-2\\\/#primaryimage\"},\"image\":{\"@id\":\"https:\\\/\\\/www.guibutik.pt\\\/loja\\\/produto\\\/calca-h-dockers-2\\\/#primaryimage\"},\"thumbnailUrl\":\"https:\\\/\\\/www.guibutik.pt\\\/loja\\\/wp-content\\\/uploads\\\/2023\\\/10\\\/75807-0020.webp\",\"datePublished\":\"2023-10-09T10:48:47+00:00\",\"dateModified\":\"2026-02-28T15:12:44+00:00\",\"breadcrumb\":{\"@id\":\"https:\\\/\\\/www.guibutik.pt\\\/loja\\\/produto\\\/calca-h-dockers-2\\\/#breadcrumb\"},\"inLanguage\":\"pt-PT\",\"potentialAction\":[{\"@type\":\"ReadAction\",\"target\":[\"https:\\\/\\\/www.guibutik.pt\\\/loja\\\/produto\\\/calca-h-dockers-2\\\/\"]}]},{\"@type\":\"ImageObject\",\"inLanguage\":\"pt-PT\",\"@id\":\"https:\\\/\\\/www.guibutik.pt\\\/loja\\\/produto\\\/calca-h-dockers-2\\\/#primaryimage\",\"url\":\"https:\\\/\\\/www.guibutik.pt\\\/loja\\\/wp-content\\\/uploads\\\/2023\\\/10\\\/75807-0020.webp\",\"contentUrl\":\"https:\\\/\\\/www.guibutik.pt\\\/loja\\\/wp-content\\\/uploads\\\/2023\\\/10\\\/75807-0020.webp\",\"width\":360,\"height\":450},{\"@type\":\"BreadcrumbList\",\"@id\":\"https:\\\/\\\/www.guibutik.pt\\\/loja\\\/produto\\\/calca-h-dockers-2\\\/#breadcrumb\",\"itemListElement\":[{\"@type\":\"ListItem\",\"position\":1,\"name\":\"In\u00edcio\",\"item\":\"https:\\\/\\\/www.guibutik.pt\\\/loja\\\/\"},{\"@type\":\"ListItem\",\"position\":2,\"name\":\"Loja\",\"item\":\"https:\\\/\\\/www.guibutik.pt\\\/loja\\\/shop\\\/\"},{\"@type\":\"ListItem\",\"position\":3,\"name\":\"Cal\u00e7a H Dockers\"}]},{\"@type\":\"WebSite\",\"@id\":\"https:\\\/\\\/www.guibutik.pt\\\/loja\\\/#website\",\"url\":\"https:\\\/\\\/www.guibutik.pt\\\/loja\\\/\",\"name\":\"Guibutik\",\"description\":\"Moda e Sapataria\",\"potentialAction\":[{\"@type\":\"SearchAction\",\"target\":{\"@type\":\"EntryPoint\",\"urlTemplate\":\"https:\\\/\\\/www.guibutik.pt\\\/loja\\\/?s={search_term_string}\"},\"query-input\":{\"@type\":\"PropertyValueSpecification\",\"valueRequired\":true,\"valueName\":\"search_term_string\"}}],\"inLanguage\":\"pt-PT\"}]}<\/script>\n<!-- \/ Yoast SEO plugin. -->","yoast_head_json":{"title":"Cal\u00e7a H Dockers - Guibutik","robots":{"index":"index","follow":"follow","max-snippet":"max-snippet:-1","max-image-preview":"max-image-preview:large","max-video-preview":"max-video-preview:-1"},"canonical":"https:\/\/www.guibutik.pt\/loja\/produto\/calca-h-dockers-2\/","og_locale":"pt_PT","og_type":"article","og_title":"Cal\u00e7a H Dockers - Guibutik","og_description":"Uma cal\u00e7a vers\u00e1til constru\u00edda com estilo despojado, um toque de elasticidade e um tecido confort\u00e1vel &#8211; perfeita para encontros casuais \u00e0 noite ou para complementar um blazer em uma festa no escrit\u00f3rio. O chino \u00e9 a cal\u00e7a mais vers\u00e1til, feita para qualquer situa\u00e7\u00e3o e constru\u00edda para a vida real. Estes s\u00e3o feitos com nosso tecido [&hellip;]","og_url":"https:\/\/www.guibutik.pt\/loja\/produto\/calca-h-dockers-2\/","og_site_name":"Guibutik","article_publisher":"https:\/\/www.facebook.com\/guibutik\/","article_modified_time":"2026-02-28T15:12:44+00:00","og_image":[{"width":360,"height":450,"url":"https:\/\/www.guibutik.pt\/loja\/wp-content\/uploads\/2023\/10\/75807-0020.webp","type":"image\/webp"}],"twitter_card":"summary_large_image","twitter_misc":{"Tempo estimado de leitura":"2 minutos"},"schema":{"@context":"https:\/\/schema.org","@graph":[{"@type":"WebPage","@id":"https:\/\/www.guibutik.pt\/loja\/produto\/calca-h-dockers-2\/","url":"https:\/\/www.guibutik.pt\/loja\/produto\/calca-h-dockers-2\/","name":"Cal\u00e7a H Dockers - Guibutik","isPartOf":{"@id":"https:\/\/www.guibutik.pt\/loja\/#website"},"primaryImageOfPage":{"@id":"https:\/\/www.guibutik.pt\/loja\/produto\/calca-h-dockers-2\/#primaryimage"},"image":{"@id":"https:\/\/www.guibutik.pt\/loja\/produto\/calca-h-dockers-2\/#primaryimage"},"thumbnailUrl":"https:\/\/www.guibutik.pt\/loja\/wp-content\/uploads\/2023\/10\/75807-0020.webp","datePublished":"2023-10-09T10:48:47+00:00","dateModified":"2026-02-28T15:12:44+00:00","breadcrumb":{"@id":"https:\/\/www.guibutik.pt\/loja\/produto\/calca-h-dockers-2\/#breadcrumb"},"inLanguage":"pt-PT","potentialAction":[{"@type":"ReadAction","target":["https:\/\/www.guibutik.pt\/loja\/produto\/calca-h-dockers-2\/"]}]},{"@type":"ImageObject","inLanguage":"pt-PT","@id":"https:\/\/www.guibutik.pt\/loja\/produto\/calca-h-dockers-2\/#primaryimage","url":"https:\/\/www.guibutik.pt\/loja\/wp-content\/uploads\/2023\/10\/75807-0020.webp","contentUrl":"https:\/\/www.guibutik.pt\/loja\/wp-content\/uploads\/2023\/10\/75807-0020.webp","width":360,"height":450},{"@type":"BreadcrumbList","@id":"https:\/\/www.guibutik.pt\/loja\/produto\/calca-h-dockers-2\/#breadcrumb","itemListElement":[{"@type":"ListItem","position":1,"name":"In\u00edcio","item":"https:\/\/www.guibutik.pt\/loja\/"},{"@type":"ListItem","position":2,"name":"Loja","item":"https:\/\/www.guibutik.pt\/loja\/shop\/"},{"@type":"ListItem","position":3,"name":"Cal\u00e7a H Dockers"}]},{"@type":"WebSite","@id":"https:\/\/www.guibutik.pt\/loja\/#website","url":"https:\/\/www.guibutik.pt\/loja\/","name":"Guibutik","description":"Moda e Sapataria","potentialAction":[{"@type":"SearchAction","target":{"@type":"EntryPoint","urlTemplate":"https:\/\/www.guibutik.pt\/loja\/?s={search_term_string}"},"query-input":{"@type":"PropertyValueSpecification","valueRequired":true,"valueName":"search_term_string"}}],"inLanguage":"pt-PT"}]}},"_links":{"self":[{"href":"https:\/\/www.guibutik.pt\/loja\/wp-json\/wp\/v2\/product\/54032","targetHints":{"allow":["GET"]}}],"collection":[{"href":"https:\/\/www.guibutik.pt\/loja\/wp-json\/wp\/v2\/product"}],"about":[{"href":"https:\/\/www.guibutik.pt\/loja\/wp-json\/wp\/v2\/types\/product"}],"replies":[{"embeddable":true,"href":"https:\/\/www.guibutik.pt\/loja\/wp-json\/wp\/v2\/comments?post=54032"}],"wp:featuredmedia":[{"embeddable":true,"href":"https:\/\/www.guibutik.pt\/loja\/wp-json\/wp\/v2\/media\/54034"}],"wp:attachment":[{"href":"https:\/\/www.guibutik.pt\/loja\/wp-json\/wp\/v2\/media?parent=54032"}],"wp:term":[{"taxonomy":"product_cat","embeddable":true,"href":"https:\/\/www.guibutik.pt\/loja\/wp-json\/wp\/v2\/product_cat?post=54032"},{"taxonomy":"product_tag","embeddable":true,"href":"https:\/\/www.guibutik.pt\/loja\/wp-json\/wp\/v2\/product_tag?post=54032"}],"curies":[{"name":"wp","href":"https:\/\/api.w.org\/{rel}","templated":true}]}}