{"id":53274,"date":"2023-09-26T17:11:36","date_gmt":"2023-09-26T16:11:36","guid":{"rendered":"https:\/\/www.guibutik.pt\/loja\/?post_type=product&#038;p=53274"},"modified":"2025-02-15T19:14:46","modified_gmt":"2025-02-15T18:14:46","slug":"camisola-h-timberland-7","status":"publish","type":"product","link":"https:\/\/www.guibutik.pt\/loja\/produto\/camisola-h-timberland-7\/","title":{"rendered":"Camisola H Timberland"},"content":{"rendered":"<p>Exibe um visual arrojado e o teu sentido de estilo com esta camisola de gola redonda e o log\u00f3tipo bordado da \u00e1rvore Timberland\u00ae. Feita em algod\u00e3o 100% biol\u00f3gico, \u00e9 t\u00e3o confort\u00e1vel de usar como elegante.<\/p>\n<p class=\"fw-bold\">Organic Content<\/p>\n<p class=\"\">Esta combina\u00e7\u00e3o de tecidos cont\u00e9m pelo menos 50% de conte\u00fado org\u00e2nico (como algod\u00e3o org\u00e2nico)<\/p>\n<p><button id=\"base-collapse-nUfccvMQCJy-58\" class=\"\" type=\"button\" data-test-id=\"base-button\" aria-expanded=\"true\" aria-controls=\"base-collapse-nUfccvMQCJy-58-content\"><span class=\"flex items-center between py-3\" data-test-id=\"vf-accordion-toggle\"><span class=\"title-3 !subtitle-7\">Detalhes e cuidados<\/span><i class=\"block shrink-0 transform transition-transform\" aria-hidden=\"true\"><\/i><\/span><\/button><\/p>\n<div id=\"base-collapse-nUfccvMQCJy-58-content\" class=\"overflow-hidden duration\" role=\"region\" aria-labelledby=\"base-collapse-nUfccvMQCJy-58\">\n<div data-test-id=\"vf-accordion-content\">\n<div class=\"pb-6 pt-2 text-sm c-grey-20\">\n<ul class=\"grid list-disc gap-4 cols-2\" title=\"Detalhes e cuidados\" data-test-id=\"product-details-bulletin\">\n<li class=\"ml-5\">Lavar \u00e0 m\u00e1quina a frio<\/li>\n<li class=\"ml-5\">Programa suave ou delicado<\/li>\n<li class=\"ml-5\">Usar detergente suave<\/li>\n<li class=\"ml-5\">N\u00e3o aplicar lix\u00edvia<\/li>\n<li class=\"ml-5\">Secar na m\u00e1quina em programa lento<\/li>\n<li class=\"ml-5\">Engomar a frio, se necess\u00e1rio<\/li>\n<li class=\"ml-5\">N\u00e3o lavar a seco<\/li>\n<li class=\"ml-5\">Lavar com as mesmas cores<\/li>\n<\/ul>\n<p><button id=\"base-collapse-nUfccvMQCJy-59\" class=\"\" type=\"button\" data-test-id=\"base-button\" aria-expanded=\"true\" aria-controls=\"base-collapse-nUfccvMQCJy-59-content\"><span class=\"flex items-center between py-3\" data-test-id=\"vf-accordion-toggle\"><span class=\"title-3 !subtitle-7\">Caracter\u00edstica<\/span><i class=\"block shrink-0 transform transition-transform\" aria-hidden=\"true\"><\/i><\/span><\/button><\/p>\n<div id=\"base-collapse-nUfccvMQCJy-59-content\" class=\"overflow-hidden duration\" role=\"region\" aria-labelledby=\"base-collapse-nUfccvMQCJy-59\">\n<div data-test-id=\"vf-accordion-content\">\n<div class=\"pb-6 pt-2 text-sm c-grey-20\">\n<ul class=\"grid list-disc gap-4 cols-2\" title=\"Caracter\u00edstica\" data-test-id=\"product-details-bulletin\">\n<li class=\"ml-5\">Malha 100% algod\u00e3o biol\u00f3gico<\/li>\n<li class=\"ml-5\">Corte regular<\/li>\n<li class=\"ml-5\">Gola redonda canelada de malha dupla<\/li>\n<li class=\"ml-5\">Punhos e bainha canelados de camada \u00fanica<\/li>\n<li class=\"ml-5\">Mangas embutidas e costuras atr\u00e1s no ombro<\/li>\n<li class=\"ml-5\">Log\u00f3tipo da \u00e1rvore bordado no peito<\/li>\n<li class=\"ml-5\">Comprimento das costas no centro: 27,5&#8243; (69,9 cm)<\/li>\n<\/ul>\n<\/div>\n<\/div>\n<\/div>\n<\/div>\n<\/div>\n<\/div>\n","protected":false},"excerpt":{"rendered":"<p>Exibe um visual arrojado e o teu sentido de estilo com esta camisola de gola redonda e o log\u00f3tipo bordado da \u00e1rvore Timberland\u00ae. Feita em algod\u00e3o 100% biol\u00f3gico, \u00e9 t\u00e3o confort\u00e1vel de usar como elegante. Organic Content Esta combina\u00e7\u00e3o de tecidos cont\u00e9m pelo menos 50% de conte\u00fado org\u00e2nico (como algod\u00e3o org\u00e2nico) Detalhes e cuidados Lavar [&hellip;]<\/p>\n","protected":false},"featured_media":65467,"comment_status":"closed","ping_status":"closed","template":"","meta":[],"product_cat":[224,221],"product_tag":[492],"class_list":{"0":"post-53274","1":"product","2":"type-product","3":"status-publish","4":"has-post-thumbnail","6":"product_cat-camisolas","7":"product_cat-homem","8":"product_tag-timberland","9":"ts_product_brand-timberland","11":"first","12":"instock","13":"shipping-taxable","14":"purchasable","15":"product-type-variable"},"yoast_head":"<!-- This site is optimized with the Yoast SEO plugin v27.4 - https:\/\/yoast.com\/product\/yoast-seo-wordpress\/ -->\n<title>Camisola H Timberland - Guibutik<\/title>\n<meta name=\"robots\" content=\"index, follow, max-snippet:-1, max-image-preview:large, max-video-preview:-1\" \/>\n<link rel=\"canonical\" href=\"https:\/\/www.guibutik.pt\/loja\/produto\/camisola-h-timberland-7\/\" \/>\n<meta property=\"og:locale\" content=\"pt_PT\" \/>\n<meta property=\"og:type\" content=\"article\" \/>\n<meta property=\"og:title\" content=\"Camisola H Timberland - Guibutik\" \/>\n<meta property=\"og:description\" content=\"Exibe um visual arrojado e o teu sentido de estilo com esta camisola de gola redonda e o log\u00f3tipo bordado da \u00e1rvore Timberland\u00ae. Feita em algod\u00e3o 100% biol\u00f3gico, \u00e9 t\u00e3o confort\u00e1vel de usar como elegante. Organic Content Esta combina\u00e7\u00e3o de tecidos cont\u00e9m pelo menos 50% de conte\u00fado org\u00e2nico (como algod\u00e3o org\u00e2nico) Detalhes e cuidados Lavar [&hellip;]\" \/>\n<meta property=\"og:url\" content=\"https:\/\/www.guibutik.pt\/loja\/produto\/camisola-h-timberland-7\/\" \/>\n<meta property=\"og:site_name\" content=\"Guibutik\" \/>\n<meta property=\"article:publisher\" content=\"https:\/\/www.facebook.com\/guibutik\/\" \/>\n<meta property=\"article:modified_time\" content=\"2025-02-15T18:14:46+00:00\" \/>\n<meta property=\"og:image\" content=\"https:\/\/www.guibutik.pt\/loja\/wp-content\/uploads\/2023\/09\/A2BMMX65.jpg\" \/>\n\t<meta property=\"og:image:width\" content=\"1300\" \/>\n\t<meta property=\"og:image:height\" content=\"1300\" \/>\n\t<meta property=\"og:image:type\" content=\"image\/jpeg\" \/>\n<meta name=\"twitter:card\" content=\"summary_large_image\" \/>\n<meta name=\"twitter:label1\" content=\"Tempo estimado de leitura\" \/>\n\t<meta name=\"twitter:data1\" content=\"1 minuto\" \/>\n<script type=\"application\/ld+json\" class=\"yoast-schema-graph\">{\"@context\":\"https:\\\/\\\/schema.org\",\"@graph\":[{\"@type\":\"WebPage\",\"@id\":\"https:\\\/\\\/www.guibutik.pt\\\/loja\\\/produto\\\/camisola-h-timberland-7\\\/\",\"url\":\"https:\\\/\\\/www.guibutik.pt\\\/loja\\\/produto\\\/camisola-h-timberland-7\\\/\",\"name\":\"Camisola H Timberland - Guibutik\",\"isPartOf\":{\"@id\":\"https:\\\/\\\/www.guibutik.pt\\\/loja\\\/#website\"},\"primaryImageOfPage\":{\"@id\":\"https:\\\/\\\/www.guibutik.pt\\\/loja\\\/produto\\\/camisola-h-timberland-7\\\/#primaryimage\"},\"image\":{\"@id\":\"https:\\\/\\\/www.guibutik.pt\\\/loja\\\/produto\\\/camisola-h-timberland-7\\\/#primaryimage\"},\"thumbnailUrl\":\"https:\\\/\\\/www.guibutik.pt\\\/loja\\\/wp-content\\\/uploads\\\/2023\\\/09\\\/A2BMMX65.jpg\",\"datePublished\":\"2023-09-26T16:11:36+00:00\",\"dateModified\":\"2025-02-15T18:14:46+00:00\",\"breadcrumb\":{\"@id\":\"https:\\\/\\\/www.guibutik.pt\\\/loja\\\/produto\\\/camisola-h-timberland-7\\\/#breadcrumb\"},\"inLanguage\":\"pt-PT\",\"potentialAction\":[{\"@type\":\"ReadAction\",\"target\":[\"https:\\\/\\\/www.guibutik.pt\\\/loja\\\/produto\\\/camisola-h-timberland-7\\\/\"]}]},{\"@type\":\"ImageObject\",\"inLanguage\":\"pt-PT\",\"@id\":\"https:\\\/\\\/www.guibutik.pt\\\/loja\\\/produto\\\/camisola-h-timberland-7\\\/#primaryimage\",\"url\":\"https:\\\/\\\/www.guibutik.pt\\\/loja\\\/wp-content\\\/uploads\\\/2023\\\/09\\\/A2BMMX65.jpg\",\"contentUrl\":\"https:\\\/\\\/www.guibutik.pt\\\/loja\\\/wp-content\\\/uploads\\\/2023\\\/09\\\/A2BMMX65.jpg\",\"width\":1300,\"height\":1300},{\"@type\":\"BreadcrumbList\",\"@id\":\"https:\\\/\\\/www.guibutik.pt\\\/loja\\\/produto\\\/camisola-h-timberland-7\\\/#breadcrumb\",\"itemListElement\":[{\"@type\":\"ListItem\",\"position\":1,\"name\":\"In\u00edcio\",\"item\":\"https:\\\/\\\/www.guibutik.pt\\\/loja\\\/\"},{\"@type\":\"ListItem\",\"position\":2,\"name\":\"Loja\",\"item\":\"https:\\\/\\\/www.guibutik.pt\\\/loja\\\/shop\\\/\"},{\"@type\":\"ListItem\",\"position\":3,\"name\":\"Camisola H Timberland\"}]},{\"@type\":\"WebSite\",\"@id\":\"https:\\\/\\\/www.guibutik.pt\\\/loja\\\/#website\",\"url\":\"https:\\\/\\\/www.guibutik.pt\\\/loja\\\/\",\"name\":\"Guibutik\",\"description\":\"Moda e Sapataria\",\"potentialAction\":[{\"@type\":\"SearchAction\",\"target\":{\"@type\":\"EntryPoint\",\"urlTemplate\":\"https:\\\/\\\/www.guibutik.pt\\\/loja\\\/?s={search_term_string}\"},\"query-input\":{\"@type\":\"PropertyValueSpecification\",\"valueRequired\":true,\"valueName\":\"search_term_string\"}}],\"inLanguage\":\"pt-PT\"}]}<\/script>\n<!-- \/ Yoast SEO plugin. -->","yoast_head_json":{"title":"Camisola H Timberland - Guibutik","robots":{"index":"index","follow":"follow","max-snippet":"max-snippet:-1","max-image-preview":"max-image-preview:large","max-video-preview":"max-video-preview:-1"},"canonical":"https:\/\/www.guibutik.pt\/loja\/produto\/camisola-h-timberland-7\/","og_locale":"pt_PT","og_type":"article","og_title":"Camisola H Timberland - Guibutik","og_description":"Exibe um visual arrojado e o teu sentido de estilo com esta camisola de gola redonda e o log\u00f3tipo bordado da \u00e1rvore Timberland\u00ae. Feita em algod\u00e3o 100% biol\u00f3gico, \u00e9 t\u00e3o confort\u00e1vel de usar como elegante. Organic Content Esta combina\u00e7\u00e3o de tecidos cont\u00e9m pelo menos 50% de conte\u00fado org\u00e2nico (como algod\u00e3o org\u00e2nico) Detalhes e cuidados Lavar [&hellip;]","og_url":"https:\/\/www.guibutik.pt\/loja\/produto\/camisola-h-timberland-7\/","og_site_name":"Guibutik","article_publisher":"https:\/\/www.facebook.com\/guibutik\/","article_modified_time":"2025-02-15T18:14:46+00:00","og_image":[{"width":1300,"height":1300,"url":"https:\/\/www.guibutik.pt\/loja\/wp-content\/uploads\/2023\/09\/A2BMMX65.jpg","type":"image\/jpeg"}],"twitter_card":"summary_large_image","twitter_misc":{"Tempo estimado de leitura":"1 minuto"},"schema":{"@context":"https:\/\/schema.org","@graph":[{"@type":"WebPage","@id":"https:\/\/www.guibutik.pt\/loja\/produto\/camisola-h-timberland-7\/","url":"https:\/\/www.guibutik.pt\/loja\/produto\/camisola-h-timberland-7\/","name":"Camisola H Timberland - Guibutik","isPartOf":{"@id":"https:\/\/www.guibutik.pt\/loja\/#website"},"primaryImageOfPage":{"@id":"https:\/\/www.guibutik.pt\/loja\/produto\/camisola-h-timberland-7\/#primaryimage"},"image":{"@id":"https:\/\/www.guibutik.pt\/loja\/produto\/camisola-h-timberland-7\/#primaryimage"},"thumbnailUrl":"https:\/\/www.guibutik.pt\/loja\/wp-content\/uploads\/2023\/09\/A2BMMX65.jpg","datePublished":"2023-09-26T16:11:36+00:00","dateModified":"2025-02-15T18:14:46+00:00","breadcrumb":{"@id":"https:\/\/www.guibutik.pt\/loja\/produto\/camisola-h-timberland-7\/#breadcrumb"},"inLanguage":"pt-PT","potentialAction":[{"@type":"ReadAction","target":["https:\/\/www.guibutik.pt\/loja\/produto\/camisola-h-timberland-7\/"]}]},{"@type":"ImageObject","inLanguage":"pt-PT","@id":"https:\/\/www.guibutik.pt\/loja\/produto\/camisola-h-timberland-7\/#primaryimage","url":"https:\/\/www.guibutik.pt\/loja\/wp-content\/uploads\/2023\/09\/A2BMMX65.jpg","contentUrl":"https:\/\/www.guibutik.pt\/loja\/wp-content\/uploads\/2023\/09\/A2BMMX65.jpg","width":1300,"height":1300},{"@type":"BreadcrumbList","@id":"https:\/\/www.guibutik.pt\/loja\/produto\/camisola-h-timberland-7\/#breadcrumb","itemListElement":[{"@type":"ListItem","position":1,"name":"In\u00edcio","item":"https:\/\/www.guibutik.pt\/loja\/"},{"@type":"ListItem","position":2,"name":"Loja","item":"https:\/\/www.guibutik.pt\/loja\/shop\/"},{"@type":"ListItem","position":3,"name":"Camisola H Timberland"}]},{"@type":"WebSite","@id":"https:\/\/www.guibutik.pt\/loja\/#website","url":"https:\/\/www.guibutik.pt\/loja\/","name":"Guibutik","description":"Moda e Sapataria","potentialAction":[{"@type":"SearchAction","target":{"@type":"EntryPoint","urlTemplate":"https:\/\/www.guibutik.pt\/loja\/?s={search_term_string}"},"query-input":{"@type":"PropertyValueSpecification","valueRequired":true,"valueName":"search_term_string"}}],"inLanguage":"pt-PT"}]}},"_links":{"self":[{"href":"https:\/\/www.guibutik.pt\/loja\/wp-json\/wp\/v2\/product\/53274","targetHints":{"allow":["GET"]}}],"collection":[{"href":"https:\/\/www.guibutik.pt\/loja\/wp-json\/wp\/v2\/product"}],"about":[{"href":"https:\/\/www.guibutik.pt\/loja\/wp-json\/wp\/v2\/types\/product"}],"replies":[{"embeddable":true,"href":"https:\/\/www.guibutik.pt\/loja\/wp-json\/wp\/v2\/comments?post=53274"}],"wp:featuredmedia":[{"embeddable":true,"href":"https:\/\/www.guibutik.pt\/loja\/wp-json\/wp\/v2\/media\/65467"}],"wp:attachment":[{"href":"https:\/\/www.guibutik.pt\/loja\/wp-json\/wp\/v2\/media?parent=53274"}],"wp:term":[{"taxonomy":"product_cat","embeddable":true,"href":"https:\/\/www.guibutik.pt\/loja\/wp-json\/wp\/v2\/product_cat?post=53274"},{"taxonomy":"product_tag","embeddable":true,"href":"https:\/\/www.guibutik.pt\/loja\/wp-json\/wp\/v2\/product_tag?post=53274"}],"curies":[{"name":"wp","href":"https:\/\/api.w.org\/{rel}","templated":true}]}}