{"id":52590,"date":"2023-09-25T10:42:26","date_gmt":"2023-09-25T09:42:26","guid":{"rendered":"https:\/\/www.guibutik.pt\/loja\/?post_type=product&#038;p=52590"},"modified":"2024-12-24T13:59:34","modified_gmt":"2024-12-24T12:59:34","slug":"sweat-h-dockers","status":"publish","type":"product","link":"https:\/\/www.guibutik.pt\/loja\/produto\/sweat-h-dockers\/","title":{"rendered":"Sweat H Dockers"},"content":{"rendered":"<p>Um produto b\u00e1sico que voc\u00ea usar\u00e1 continuamente.\u00a0Confeccionamos este moletom com gola redonda em algod\u00e3o French Terry para torn\u00e1-lo macio e f\u00e1cil de usar em qualquer clima.\u00a0N\u00e3o estica.\u00a0Usamos poli\u00e9ster reciclado para reduzir o uso de fibra virgem e ajudar a manter o nosso planeta um pouco mais saud\u00e1vel.\u00a0A utiliza\u00e7\u00e3o de fibras recicladas ajuda-nos a reduzir o desperd\u00edcio de tecido e a diminuir a quantidade de res\u00edduos que vai para aterros sanit\u00e1rios.<\/p>\n<ul>\n<li>Ajuste regular: Nosso ajuste regular n\u00e3o \u00e9 muito fino ou muito solto, deixa apenas espa\u00e7o suficiente para respirar. O modelo usa tamanho: M. Altura do modelo: 185 cm\/6&#8217;1&#8243;.<\/li>\n<li>Estilo: A11040062<\/li>\n<li>Cor: Blazer Marinho<\/li>\n<li>Pa\u00eds de origem: Paquist\u00e3o<\/li>\n<\/ul>\n<p>Tamanho normal<\/p>\n<ul>\n<li>Nosso ajuste regular n\u00e3o \u00e9 muito fino nem muito largo, deixando apenas espa\u00e7o suficiente para respirar.<\/li>\n<li>Modelo veste tamanho: M.<\/li>\n<li>Altura do modelo: 185cm\/6&#8217;1&#8243;.<\/li>\n<\/ul>\n<h2 class=\"accordion__title\"><button id=\"ProductAccordion3\" class=\"accordion__control\" aria-controls=\"Productcontent-3\" aria-expanded=\"true\">Composi\u00e7\u00e3o\u00a0<\/button><\/h2>\n<div id=\"Productcontent-3\" class=\"accordion__content accordion__content--animate\" role=\"region\" aria-labelledby=\"ProductAccordion3\">\n<div>\n<ul>\n<li>66% Algod\u00e3o, 22% Poli\u00e9ster Reciclado, 12% Poli\u00e9ster<\/li>\n<\/ul>\n<\/div>\n<\/div>\n","protected":false},"excerpt":{"rendered":"<p>Um produto b\u00e1sico que voc\u00ea usar\u00e1 continuamente.\u00a0Confeccionamos este moletom com gola redonda em algod\u00e3o French Terry para torn\u00e1-lo macio e f\u00e1cil de usar em qualquer clima.\u00a0N\u00e3o estica.\u00a0Usamos poli\u00e9ster reciclado para reduzir o uso de fibra virgem e ajudar a manter o nosso planeta um pouco mais saud\u00e1vel.\u00a0A utiliza\u00e7\u00e3o de fibras recicladas ajuda-nos a reduzir o [&hellip;]<\/p>\n","protected":false},"featured_media":52591,"comment_status":"closed","ping_status":"closed","template":"","meta":[],"product_cat":[224,221],"product_tag":[],"class_list":{"0":"post-52590","1":"product","2":"type-product","3":"status-publish","4":"has-post-thumbnail","6":"product_cat-camisolas","7":"product_cat-homem","8":"ts_product_brand-dockers","10":"first","11":"instock","12":"shipping-taxable","13":"purchasable","14":"product-type-variable"},"yoast_head":"<!-- This site is optimized with the Yoast SEO plugin v27.5 - https:\/\/yoast.com\/product\/yoast-seo-wordpress\/ -->\n<title>Sweat H Dockers - Guibutik<\/title>\n<meta name=\"robots\" content=\"index, follow, max-snippet:-1, max-image-preview:large, max-video-preview:-1\" \/>\n<link rel=\"canonical\" href=\"https:\/\/www.guibutik.pt\/loja\/produto\/sweat-h-dockers\/\" \/>\n<meta property=\"og:locale\" content=\"pt_PT\" \/>\n<meta property=\"og:type\" content=\"article\" \/>\n<meta property=\"og:title\" content=\"Sweat H Dockers - Guibutik\" \/>\n<meta property=\"og:description\" content=\"Um produto b\u00e1sico que voc\u00ea usar\u00e1 continuamente.\u00a0Confeccionamos este moletom com gola redonda em algod\u00e3o French Terry para torn\u00e1-lo macio e f\u00e1cil de usar em qualquer clima.\u00a0N\u00e3o estica.\u00a0Usamos poli\u00e9ster reciclado para reduzir o uso de fibra virgem e ajudar a manter o nosso planeta um pouco mais saud\u00e1vel.\u00a0A utiliza\u00e7\u00e3o de fibras recicladas ajuda-nos a reduzir o [&hellip;]\" \/>\n<meta property=\"og:url\" content=\"https:\/\/www.guibutik.pt\/loja\/produto\/sweat-h-dockers\/\" \/>\n<meta property=\"og:site_name\" content=\"Guibutik\" \/>\n<meta property=\"article:publisher\" content=\"https:\/\/www.facebook.com\/guibutik\/\" \/>\n<meta property=\"article:modified_time\" content=\"2024-12-24T12:59:34+00:00\" \/>\n<meta property=\"og:image\" content=\"https:\/\/www.guibutik.pt\/loja\/wp-content\/uploads\/2023\/09\/A1104-0062.webp\" \/>\n\t<meta property=\"og:image:width\" content=\"360\" \/>\n\t<meta property=\"og:image:height\" content=\"450\" \/>\n\t<meta property=\"og:image:type\" content=\"image\/webp\" \/>\n<meta name=\"twitter:card\" content=\"summary_large_image\" \/>\n<meta name=\"twitter:label1\" content=\"Tempo estimado de leitura\" \/>\n\t<meta name=\"twitter:data1\" content=\"2 minutos\" \/>\n<script type=\"application\/ld+json\" class=\"yoast-schema-graph\">{\"@context\":\"https:\\\/\\\/schema.org\",\"@graph\":[{\"@type\":\"WebPage\",\"@id\":\"https:\\\/\\\/www.guibutik.pt\\\/loja\\\/produto\\\/sweat-h-dockers\\\/\",\"url\":\"https:\\\/\\\/www.guibutik.pt\\\/loja\\\/produto\\\/sweat-h-dockers\\\/\",\"name\":\"Sweat H Dockers - Guibutik\",\"isPartOf\":{\"@id\":\"https:\\\/\\\/www.guibutik.pt\\\/loja\\\/#website\"},\"primaryImageOfPage\":{\"@id\":\"https:\\\/\\\/www.guibutik.pt\\\/loja\\\/produto\\\/sweat-h-dockers\\\/#primaryimage\"},\"image\":{\"@id\":\"https:\\\/\\\/www.guibutik.pt\\\/loja\\\/produto\\\/sweat-h-dockers\\\/#primaryimage\"},\"thumbnailUrl\":\"https:\\\/\\\/www.guibutik.pt\\\/loja\\\/wp-content\\\/uploads\\\/2023\\\/09\\\/A1104-0062.webp\",\"datePublished\":\"2023-09-25T09:42:26+00:00\",\"dateModified\":\"2024-12-24T12:59:34+00:00\",\"breadcrumb\":{\"@id\":\"https:\\\/\\\/www.guibutik.pt\\\/loja\\\/produto\\\/sweat-h-dockers\\\/#breadcrumb\"},\"inLanguage\":\"pt-PT\",\"potentialAction\":[{\"@type\":\"ReadAction\",\"target\":[\"https:\\\/\\\/www.guibutik.pt\\\/loja\\\/produto\\\/sweat-h-dockers\\\/\"]}]},{\"@type\":\"ImageObject\",\"inLanguage\":\"pt-PT\",\"@id\":\"https:\\\/\\\/www.guibutik.pt\\\/loja\\\/produto\\\/sweat-h-dockers\\\/#primaryimage\",\"url\":\"https:\\\/\\\/www.guibutik.pt\\\/loja\\\/wp-content\\\/uploads\\\/2023\\\/09\\\/A1104-0062.webp\",\"contentUrl\":\"https:\\\/\\\/www.guibutik.pt\\\/loja\\\/wp-content\\\/uploads\\\/2023\\\/09\\\/A1104-0062.webp\",\"width\":360,\"height\":450},{\"@type\":\"BreadcrumbList\",\"@id\":\"https:\\\/\\\/www.guibutik.pt\\\/loja\\\/produto\\\/sweat-h-dockers\\\/#breadcrumb\",\"itemListElement\":[{\"@type\":\"ListItem\",\"position\":1,\"name\":\"In\u00edcio\",\"item\":\"https:\\\/\\\/www.guibutik.pt\\\/loja\\\/\"},{\"@type\":\"ListItem\",\"position\":2,\"name\":\"Loja\",\"item\":\"https:\\\/\\\/www.guibutik.pt\\\/loja\\\/shop\\\/\"},{\"@type\":\"ListItem\",\"position\":3,\"name\":\"Sweat H Dockers\"}]},{\"@type\":\"WebSite\",\"@id\":\"https:\\\/\\\/www.guibutik.pt\\\/loja\\\/#website\",\"url\":\"https:\\\/\\\/www.guibutik.pt\\\/loja\\\/\",\"name\":\"Guibutik\",\"description\":\"Moda e Sapataria\",\"potentialAction\":[{\"@type\":\"SearchAction\",\"target\":{\"@type\":\"EntryPoint\",\"urlTemplate\":\"https:\\\/\\\/www.guibutik.pt\\\/loja\\\/?s={search_term_string}\"},\"query-input\":{\"@type\":\"PropertyValueSpecification\",\"valueRequired\":true,\"valueName\":\"search_term_string\"}}],\"inLanguage\":\"pt-PT\"}]}<\/script>\n<!-- \/ Yoast SEO plugin. -->","yoast_head_json":{"title":"Sweat H Dockers - Guibutik","robots":{"index":"index","follow":"follow","max-snippet":"max-snippet:-1","max-image-preview":"max-image-preview:large","max-video-preview":"max-video-preview:-1"},"canonical":"https:\/\/www.guibutik.pt\/loja\/produto\/sweat-h-dockers\/","og_locale":"pt_PT","og_type":"article","og_title":"Sweat H Dockers - Guibutik","og_description":"Um produto b\u00e1sico que voc\u00ea usar\u00e1 continuamente.\u00a0Confeccionamos este moletom com gola redonda em algod\u00e3o French Terry para torn\u00e1-lo macio e f\u00e1cil de usar em qualquer clima.\u00a0N\u00e3o estica.\u00a0Usamos poli\u00e9ster reciclado para reduzir o uso de fibra virgem e ajudar a manter o nosso planeta um pouco mais saud\u00e1vel.\u00a0A utiliza\u00e7\u00e3o de fibras recicladas ajuda-nos a reduzir o [&hellip;]","og_url":"https:\/\/www.guibutik.pt\/loja\/produto\/sweat-h-dockers\/","og_site_name":"Guibutik","article_publisher":"https:\/\/www.facebook.com\/guibutik\/","article_modified_time":"2024-12-24T12:59:34+00:00","og_image":[{"width":360,"height":450,"url":"https:\/\/www.guibutik.pt\/loja\/wp-content\/uploads\/2023\/09\/A1104-0062.webp","type":"image\/webp"}],"twitter_card":"summary_large_image","twitter_misc":{"Tempo estimado de leitura":"2 minutos"},"schema":{"@context":"https:\/\/schema.org","@graph":[{"@type":"WebPage","@id":"https:\/\/www.guibutik.pt\/loja\/produto\/sweat-h-dockers\/","url":"https:\/\/www.guibutik.pt\/loja\/produto\/sweat-h-dockers\/","name":"Sweat H Dockers - Guibutik","isPartOf":{"@id":"https:\/\/www.guibutik.pt\/loja\/#website"},"primaryImageOfPage":{"@id":"https:\/\/www.guibutik.pt\/loja\/produto\/sweat-h-dockers\/#primaryimage"},"image":{"@id":"https:\/\/www.guibutik.pt\/loja\/produto\/sweat-h-dockers\/#primaryimage"},"thumbnailUrl":"https:\/\/www.guibutik.pt\/loja\/wp-content\/uploads\/2023\/09\/A1104-0062.webp","datePublished":"2023-09-25T09:42:26+00:00","dateModified":"2024-12-24T12:59:34+00:00","breadcrumb":{"@id":"https:\/\/www.guibutik.pt\/loja\/produto\/sweat-h-dockers\/#breadcrumb"},"inLanguage":"pt-PT","potentialAction":[{"@type":"ReadAction","target":["https:\/\/www.guibutik.pt\/loja\/produto\/sweat-h-dockers\/"]}]},{"@type":"ImageObject","inLanguage":"pt-PT","@id":"https:\/\/www.guibutik.pt\/loja\/produto\/sweat-h-dockers\/#primaryimage","url":"https:\/\/www.guibutik.pt\/loja\/wp-content\/uploads\/2023\/09\/A1104-0062.webp","contentUrl":"https:\/\/www.guibutik.pt\/loja\/wp-content\/uploads\/2023\/09\/A1104-0062.webp","width":360,"height":450},{"@type":"BreadcrumbList","@id":"https:\/\/www.guibutik.pt\/loja\/produto\/sweat-h-dockers\/#breadcrumb","itemListElement":[{"@type":"ListItem","position":1,"name":"In\u00edcio","item":"https:\/\/www.guibutik.pt\/loja\/"},{"@type":"ListItem","position":2,"name":"Loja","item":"https:\/\/www.guibutik.pt\/loja\/shop\/"},{"@type":"ListItem","position":3,"name":"Sweat H Dockers"}]},{"@type":"WebSite","@id":"https:\/\/www.guibutik.pt\/loja\/#website","url":"https:\/\/www.guibutik.pt\/loja\/","name":"Guibutik","description":"Moda e Sapataria","potentialAction":[{"@type":"SearchAction","target":{"@type":"EntryPoint","urlTemplate":"https:\/\/www.guibutik.pt\/loja\/?s={search_term_string}"},"query-input":{"@type":"PropertyValueSpecification","valueRequired":true,"valueName":"search_term_string"}}],"inLanguage":"pt-PT"}]}},"_links":{"self":[{"href":"https:\/\/www.guibutik.pt\/loja\/wp-json\/wp\/v2\/product\/52590","targetHints":{"allow":["GET"]}}],"collection":[{"href":"https:\/\/www.guibutik.pt\/loja\/wp-json\/wp\/v2\/product"}],"about":[{"href":"https:\/\/www.guibutik.pt\/loja\/wp-json\/wp\/v2\/types\/product"}],"replies":[{"embeddable":true,"href":"https:\/\/www.guibutik.pt\/loja\/wp-json\/wp\/v2\/comments?post=52590"}],"wp:featuredmedia":[{"embeddable":true,"href":"https:\/\/www.guibutik.pt\/loja\/wp-json\/wp\/v2\/media\/52591"}],"wp:attachment":[{"href":"https:\/\/www.guibutik.pt\/loja\/wp-json\/wp\/v2\/media?parent=52590"}],"wp:term":[{"taxonomy":"product_cat","embeddable":true,"href":"https:\/\/www.guibutik.pt\/loja\/wp-json\/wp\/v2\/product_cat?post=52590"},{"taxonomy":"product_tag","embeddable":true,"href":"https:\/\/www.guibutik.pt\/loja\/wp-json\/wp\/v2\/product_tag?post=52590"}],"curies":[{"name":"wp","href":"https:\/\/api.w.org\/{rel}","templated":true}]}}