{"id":52535,"date":"2023-09-25T10:11:17","date_gmt":"2023-09-25T09:11:17","guid":{"rendered":"https:\/\/www.guibutik.pt\/loja\/?post_type=product&#038;p=52535"},"modified":"2026-02-26T19:53:59","modified_gmt":"2026-02-26T18:53:59","slug":"calca-dockers-3","status":"publish","type":"product","link":"https:\/\/www.guibutik.pt\/loja\/produto\/calca-dockers-3\/","title":{"rendered":"Cal\u00e7a Dockers"},"content":{"rendered":"<p>Cl\u00e1ssico e f\u00e1cil. Diferenciamos o California Chino dos demais com nosso best-seller Smart 360 Flex\u2122. O conforto nunca ser\u00e1 um problema. Um par essencial de cal\u00e7as de algod\u00e3o<\/p>\n<ul>\n<li>Ajuste fino: Nosso ajuste fino \u00e9 a quantidade certa de ajuste fino com uma abertura fina para as pernas<\/li>\n<li>Feito com nosso Smart 360 Flex\u2122 mundialmente famoso e mais vendido<\/li>\n<li>Smart 360 Flex\u2122 se estende verticalmente e horizontalmente para m\u00e1xima flexibilidade e movimento<\/li>\n<li>Fazemos parcerias com instala\u00e7\u00f5es l\u00edderes do setor que reciclam e utilizam menos \u00e1gua; Esta pe\u00e7a \u00e9 confeccionada de forma mais sustent\u00e1vel com nossas t\u00e9cnicas waterless\u00ae, que reduzem o uso de \u00e1gua no processo de fabrica\u00e7\u00e3o da pe\u00e7a; At\u00e9 agora, a Dockers\u00ae reciclou mais de 47 milh\u00f5es de litros e contando<\/li>\n<li>Usamos algod\u00e3o reciclado para reduzir o uso de fibras virgens e ajudar a manter nosso planeta um pouco mais saud\u00e1vel. Usar fibras recicladas nos ajuda a reduzir o desperd\u00edcio de tecido e a diminuir a quantidade de res\u00edduos que vai para aterros sanit\u00e1rios<\/li>\n<li>Estilo: A31310007<\/li>\n<li>Pa\u00eds de origem: Paquist\u00e3o<\/li>\n<\/ul>\n<ul>\n<li>O modelo mede 185 cm com cintura 30 e usa tamanho 30 x 32.<\/li>\n<li>Slim: bate na cintura; zip; Abertura fina para as pernas<\/li>\n<\/ul>\n<h2 class=\"accordion__title\"><button id=\"ProductAccordion3\" class=\"accordion__control\" aria-controls=\"Productcontent-3\" aria-expanded=\"true\">Composi\u00e7\u00e3o e Cuidados<\/button><\/h2>\n<div id=\"Productcontent-3\" class=\"accordion__content accordion__content--animate\" role=\"region\" aria-labelledby=\"ProductAccordion3\">\n<div>\n<ul>\n<li>Sarja Bistretch: 75% Algod\u00e3o, 20% Algod\u00e3o Reciclado, 5% Lycra<\/li>\n<li>Bolsos debruados; Possui bolsos de seguran\u00e7a ocultos com z\u00edper oculto e compartimento para moedas<\/li>\n<li>M\u00e1quina de lavar frio; N\u00e3o utilizar lix\u00edvia; Secar em temperatura baixa; Ferro quente, se necess\u00e1rio; Lavagem a seco poss\u00edvel; Lave do avesso com cores semelhantes; Remover imediatamente<\/li>\n<\/ul>\n<\/div>\n<\/div>\n<p>&nbsp;<\/p>\n","protected":false},"excerpt":{"rendered":"<p>Cl\u00e1ssico e f\u00e1cil. Diferenciamos o California Chino dos demais com nosso best-seller Smart 360 Flex\u2122. O conforto nunca ser\u00e1 um problema. Um par essencial de cal\u00e7as de algod\u00e3o Ajuste fino: Nosso ajuste fino \u00e9 a quantidade certa de ajuste fino com uma abertura fina para as pernas Feito com nosso Smart 360 Flex\u2122 mundialmente famoso [&hellip;]<\/p>\n","protected":false},"featured_media":52536,"comment_status":"closed","ping_status":"closed","template":"","meta":[],"product_cat":[298,221],"product_tag":[],"class_list":{"0":"post-52535","1":"product","2":"type-product","3":"status-publish","4":"has-post-thumbnail","6":"product_cat-calcas","7":"product_cat-homem","8":"ts_product_brand-dockers","10":"first","11":"instock","12":"shipping-taxable","13":"purchasable","14":"product-type-variable"},"yoast_head":"<!-- This site is optimized with the Yoast SEO plugin v27.6 - https:\/\/yoast.com\/product\/yoast-seo-wordpress\/ -->\n<title>Cal\u00e7a Dockers - Guibutik<\/title>\n<meta name=\"robots\" content=\"index, follow, max-snippet:-1, max-image-preview:large, max-video-preview:-1\" \/>\n<link rel=\"canonical\" href=\"https:\/\/www.guibutik.pt\/loja\/produto\/calca-dockers-3\/\" \/>\n<meta property=\"og:locale\" content=\"pt_PT\" \/>\n<meta property=\"og:type\" content=\"article\" \/>\n<meta property=\"og:title\" content=\"Cal\u00e7a Dockers - Guibutik\" \/>\n<meta property=\"og:description\" content=\"Cl\u00e1ssico e f\u00e1cil. Diferenciamos o California Chino dos demais com nosso best-seller Smart 360 Flex\u2122. O conforto nunca ser\u00e1 um problema. Um par essencial de cal\u00e7as de algod\u00e3o Ajuste fino: Nosso ajuste fino \u00e9 a quantidade certa de ajuste fino com uma abertura fina para as pernas Feito com nosso Smart 360 Flex\u2122 mundialmente famoso [&hellip;]\" \/>\n<meta property=\"og:url\" content=\"https:\/\/www.guibutik.pt\/loja\/produto\/calca-dockers-3\/\" \/>\n<meta property=\"og:site_name\" content=\"Guibutik\" \/>\n<meta property=\"article:publisher\" content=\"https:\/\/www.facebook.com\/guibutik\/\" \/>\n<meta property=\"article:modified_time\" content=\"2026-02-26T18:53:59+00:00\" \/>\n<meta property=\"og:image\" content=\"https:\/\/www.guibutik.pt\/loja\/wp-content\/uploads\/2023\/09\/A3131-0007.webp\" \/>\n\t<meta property=\"og:image:width\" content=\"360\" \/>\n\t<meta property=\"og:image:height\" content=\"450\" \/>\n\t<meta property=\"og:image:type\" content=\"image\/webp\" \/>\n<meta name=\"twitter:card\" content=\"summary_large_image\" \/>\n<meta name=\"twitter:label1\" content=\"Tempo estimado de leitura\" \/>\n\t<meta name=\"twitter:data1\" content=\"2 minutos\" \/>\n<script type=\"application\/ld+json\" class=\"yoast-schema-graph\">{\"@context\":\"https:\\\/\\\/schema.org\",\"@graph\":[{\"@type\":\"WebPage\",\"@id\":\"https:\\\/\\\/www.guibutik.pt\\\/loja\\\/produto\\\/calca-dockers-3\\\/\",\"url\":\"https:\\\/\\\/www.guibutik.pt\\\/loja\\\/produto\\\/calca-dockers-3\\\/\",\"name\":\"Cal\u00e7a Dockers - Guibutik\",\"isPartOf\":{\"@id\":\"https:\\\/\\\/www.guibutik.pt\\\/loja\\\/#website\"},\"primaryImageOfPage\":{\"@id\":\"https:\\\/\\\/www.guibutik.pt\\\/loja\\\/produto\\\/calca-dockers-3\\\/#primaryimage\"},\"image\":{\"@id\":\"https:\\\/\\\/www.guibutik.pt\\\/loja\\\/produto\\\/calca-dockers-3\\\/#primaryimage\"},\"thumbnailUrl\":\"https:\\\/\\\/www.guibutik.pt\\\/loja\\\/wp-content\\\/uploads\\\/2023\\\/09\\\/A3131-0007.webp\",\"datePublished\":\"2023-09-25T09:11:17+00:00\",\"dateModified\":\"2026-02-26T18:53:59+00:00\",\"breadcrumb\":{\"@id\":\"https:\\\/\\\/www.guibutik.pt\\\/loja\\\/produto\\\/calca-dockers-3\\\/#breadcrumb\"},\"inLanguage\":\"pt-PT\",\"potentialAction\":[{\"@type\":\"ReadAction\",\"target\":[\"https:\\\/\\\/www.guibutik.pt\\\/loja\\\/produto\\\/calca-dockers-3\\\/\"]}]},{\"@type\":\"ImageObject\",\"inLanguage\":\"pt-PT\",\"@id\":\"https:\\\/\\\/www.guibutik.pt\\\/loja\\\/produto\\\/calca-dockers-3\\\/#primaryimage\",\"url\":\"https:\\\/\\\/www.guibutik.pt\\\/loja\\\/wp-content\\\/uploads\\\/2023\\\/09\\\/A3131-0007.webp\",\"contentUrl\":\"https:\\\/\\\/www.guibutik.pt\\\/loja\\\/wp-content\\\/uploads\\\/2023\\\/09\\\/A3131-0007.webp\",\"width\":360,\"height\":450},{\"@type\":\"BreadcrumbList\",\"@id\":\"https:\\\/\\\/www.guibutik.pt\\\/loja\\\/produto\\\/calca-dockers-3\\\/#breadcrumb\",\"itemListElement\":[{\"@type\":\"ListItem\",\"position\":1,\"name\":\"In\u00edcio\",\"item\":\"https:\\\/\\\/www.guibutik.pt\\\/loja\\\/\"},{\"@type\":\"ListItem\",\"position\":2,\"name\":\"Loja\",\"item\":\"https:\\\/\\\/www.guibutik.pt\\\/loja\\\/shop\\\/\"},{\"@type\":\"ListItem\",\"position\":3,\"name\":\"Cal\u00e7a Dockers\"}]},{\"@type\":\"WebSite\",\"@id\":\"https:\\\/\\\/www.guibutik.pt\\\/loja\\\/#website\",\"url\":\"https:\\\/\\\/www.guibutik.pt\\\/loja\\\/\",\"name\":\"Guibutik\",\"description\":\"Moda e Sapataria\",\"potentialAction\":[{\"@type\":\"SearchAction\",\"target\":{\"@type\":\"EntryPoint\",\"urlTemplate\":\"https:\\\/\\\/www.guibutik.pt\\\/loja\\\/?s={search_term_string}\"},\"query-input\":{\"@type\":\"PropertyValueSpecification\",\"valueRequired\":true,\"valueName\":\"search_term_string\"}}],\"inLanguage\":\"pt-PT\"}]}<\/script>\n<!-- \/ Yoast SEO plugin. -->","yoast_head_json":{"title":"Cal\u00e7a Dockers - Guibutik","robots":{"index":"index","follow":"follow","max-snippet":"max-snippet:-1","max-image-preview":"max-image-preview:large","max-video-preview":"max-video-preview:-1"},"canonical":"https:\/\/www.guibutik.pt\/loja\/produto\/calca-dockers-3\/","og_locale":"pt_PT","og_type":"article","og_title":"Cal\u00e7a Dockers - Guibutik","og_description":"Cl\u00e1ssico e f\u00e1cil. Diferenciamos o California Chino dos demais com nosso best-seller Smart 360 Flex\u2122. O conforto nunca ser\u00e1 um problema. Um par essencial de cal\u00e7as de algod\u00e3o Ajuste fino: Nosso ajuste fino \u00e9 a quantidade certa de ajuste fino com uma abertura fina para as pernas Feito com nosso Smart 360 Flex\u2122 mundialmente famoso [&hellip;]","og_url":"https:\/\/www.guibutik.pt\/loja\/produto\/calca-dockers-3\/","og_site_name":"Guibutik","article_publisher":"https:\/\/www.facebook.com\/guibutik\/","article_modified_time":"2026-02-26T18:53:59+00:00","og_image":[{"width":360,"height":450,"url":"https:\/\/www.guibutik.pt\/loja\/wp-content\/uploads\/2023\/09\/A3131-0007.webp","type":"image\/webp"}],"twitter_card":"summary_large_image","twitter_misc":{"Tempo estimado de leitura":"2 minutos"},"schema":{"@context":"https:\/\/schema.org","@graph":[{"@type":"WebPage","@id":"https:\/\/www.guibutik.pt\/loja\/produto\/calca-dockers-3\/","url":"https:\/\/www.guibutik.pt\/loja\/produto\/calca-dockers-3\/","name":"Cal\u00e7a Dockers - Guibutik","isPartOf":{"@id":"https:\/\/www.guibutik.pt\/loja\/#website"},"primaryImageOfPage":{"@id":"https:\/\/www.guibutik.pt\/loja\/produto\/calca-dockers-3\/#primaryimage"},"image":{"@id":"https:\/\/www.guibutik.pt\/loja\/produto\/calca-dockers-3\/#primaryimage"},"thumbnailUrl":"https:\/\/www.guibutik.pt\/loja\/wp-content\/uploads\/2023\/09\/A3131-0007.webp","datePublished":"2023-09-25T09:11:17+00:00","dateModified":"2026-02-26T18:53:59+00:00","breadcrumb":{"@id":"https:\/\/www.guibutik.pt\/loja\/produto\/calca-dockers-3\/#breadcrumb"},"inLanguage":"pt-PT","potentialAction":[{"@type":"ReadAction","target":["https:\/\/www.guibutik.pt\/loja\/produto\/calca-dockers-3\/"]}]},{"@type":"ImageObject","inLanguage":"pt-PT","@id":"https:\/\/www.guibutik.pt\/loja\/produto\/calca-dockers-3\/#primaryimage","url":"https:\/\/www.guibutik.pt\/loja\/wp-content\/uploads\/2023\/09\/A3131-0007.webp","contentUrl":"https:\/\/www.guibutik.pt\/loja\/wp-content\/uploads\/2023\/09\/A3131-0007.webp","width":360,"height":450},{"@type":"BreadcrumbList","@id":"https:\/\/www.guibutik.pt\/loja\/produto\/calca-dockers-3\/#breadcrumb","itemListElement":[{"@type":"ListItem","position":1,"name":"In\u00edcio","item":"https:\/\/www.guibutik.pt\/loja\/"},{"@type":"ListItem","position":2,"name":"Loja","item":"https:\/\/www.guibutik.pt\/loja\/shop\/"},{"@type":"ListItem","position":3,"name":"Cal\u00e7a Dockers"}]},{"@type":"WebSite","@id":"https:\/\/www.guibutik.pt\/loja\/#website","url":"https:\/\/www.guibutik.pt\/loja\/","name":"Guibutik","description":"Moda e Sapataria","potentialAction":[{"@type":"SearchAction","target":{"@type":"EntryPoint","urlTemplate":"https:\/\/www.guibutik.pt\/loja\/?s={search_term_string}"},"query-input":{"@type":"PropertyValueSpecification","valueRequired":true,"valueName":"search_term_string"}}],"inLanguage":"pt-PT"}]}},"_links":{"self":[{"href":"https:\/\/www.guibutik.pt\/loja\/wp-json\/wp\/v2\/product\/52535","targetHints":{"allow":["GET"]}}],"collection":[{"href":"https:\/\/www.guibutik.pt\/loja\/wp-json\/wp\/v2\/product"}],"about":[{"href":"https:\/\/www.guibutik.pt\/loja\/wp-json\/wp\/v2\/types\/product"}],"replies":[{"embeddable":true,"href":"https:\/\/www.guibutik.pt\/loja\/wp-json\/wp\/v2\/comments?post=52535"}],"wp:featuredmedia":[{"embeddable":true,"href":"https:\/\/www.guibutik.pt\/loja\/wp-json\/wp\/v2\/media\/52536"}],"wp:attachment":[{"href":"https:\/\/www.guibutik.pt\/loja\/wp-json\/wp\/v2\/media?parent=52535"}],"wp:term":[{"taxonomy":"product_cat","embeddable":true,"href":"https:\/\/www.guibutik.pt\/loja\/wp-json\/wp\/v2\/product_cat?post=52535"},{"taxonomy":"product_tag","embeddable":true,"href":"https:\/\/www.guibutik.pt\/loja\/wp-json\/wp\/v2\/product_tag?post=52535"}],"curies":[{"name":"wp","href":"https:\/\/api.w.org\/{rel}","templated":true}]}}