{"id":52338,"date":"2023-09-21T15:38:53","date_gmt":"2023-09-21T14:38:53","guid":{"rendered":"https:\/\/www.guibutik.pt\/loja\/?post_type=product&#038;p=52338"},"modified":"2026-03-06T10:50:08","modified_gmt":"2026-03-06T09:50:08","slug":"sapatilha-microspec-r-skechers","status":"publish","type":"product","link":"https:\/\/www.guibutik.pt\/loja\/produto\/sapatilha-microspec-r-skechers\/","title":{"rendered":"Sapatilha Microspec R Skechers"},"content":{"rendered":"<p>Leva o conforto ao extremo, com o sapato Skechers Microspec Max. Estas sapatilhas com atacadores t\u00eam uma parte superior desportiva em rede respir\u00e1vel e material sint\u00e9tico com uma entressola com amortecimento de caixa de ar vis\u00edvel.<\/p>\n","protected":false},"excerpt":{"rendered":"<p>Leva o conforto ao extremo, com o sapato Skechers Microspec Max. Estas sapatilhas com atacadores t\u00eam uma parte superior desportiva em rede respir\u00e1vel e material sint\u00e9tico com uma entressola com amortecimento de caixa de ar vis\u00edvel.<\/p>\n","protected":false},"featured_media":52339,"comment_status":"closed","ping_status":"closed","template":"","meta":[],"product_cat":[295,267,235,553],"product_tag":[498],"class_list":{"0":"post-52338","1":"product","2":"type-product","3":"status-publish","4":"has-post-thumbnail","6":"product_cat-calcado-rapaz","7":"product_cat-crianca","8":"product_cat-rapaz","9":"product_cat-sapatilha-calcado-rapaz","10":"product_tag-skechers","11":"ts_product_brand-skechers","13":"first","14":"instock","15":"shipping-taxable","16":"purchasable","17":"product-type-variable"},"yoast_head":"<!-- This site is optimized with the Yoast SEO plugin v27.4 - https:\/\/yoast.com\/product\/yoast-seo-wordpress\/ -->\n<title>Sapatilha Microspec R Skechers - Guibutik<\/title>\n<meta name=\"robots\" content=\"index, follow, max-snippet:-1, max-image-preview:large, max-video-preview:-1\" \/>\n<link rel=\"canonical\" href=\"https:\/\/www.guibutik.pt\/loja\/produto\/sapatilha-microspec-r-skechers\/\" \/>\n<meta property=\"og:locale\" content=\"pt_PT\" \/>\n<meta property=\"og:type\" content=\"article\" \/>\n<meta property=\"og:title\" content=\"Sapatilha Microspec R Skechers - Guibutik\" \/>\n<meta property=\"og:description\" content=\"Leva o conforto ao extremo, com o sapato Skechers Microspec Max. Estas sapatilhas com atacadores t\u00eam uma parte superior desportiva em rede respir\u00e1vel e material sint\u00e9tico com uma entressola com amortecimento de caixa de ar vis\u00edvel.\" \/>\n<meta property=\"og:url\" content=\"https:\/\/www.guibutik.pt\/loja\/produto\/sapatilha-microspec-r-skechers\/\" \/>\n<meta property=\"og:site_name\" content=\"Guibutik\" \/>\n<meta property=\"article:publisher\" content=\"https:\/\/www.facebook.com\/guibutik\/\" \/>\n<meta property=\"article:modified_time\" content=\"2026-03-06T09:50:08+00:00\" \/>\n<meta property=\"og:image\" content=\"https:\/\/www.guibutik.pt\/loja\/wp-content\/uploads\/2023\/09\/403774_BLK.jpg\" \/>\n\t<meta property=\"og:image:width\" content=\"800\" \/>\n\t<meta property=\"og:image:height\" content=\"708\" \/>\n\t<meta property=\"og:image:type\" content=\"image\/jpeg\" \/>\n<meta name=\"twitter:card\" content=\"summary_large_image\" \/>\n<meta name=\"twitter:label1\" content=\"Tempo estimado de leitura\" \/>\n\t<meta name=\"twitter:data1\" content=\"1 minuto\" \/>\n<script type=\"application\/ld+json\" class=\"yoast-schema-graph\">{\"@context\":\"https:\\\/\\\/schema.org\",\"@graph\":[{\"@type\":\"WebPage\",\"@id\":\"https:\\\/\\\/www.guibutik.pt\\\/loja\\\/produto\\\/sapatilha-microspec-r-skechers\\\/\",\"url\":\"https:\\\/\\\/www.guibutik.pt\\\/loja\\\/produto\\\/sapatilha-microspec-r-skechers\\\/\",\"name\":\"Sapatilha Microspec R Skechers - Guibutik\",\"isPartOf\":{\"@id\":\"https:\\\/\\\/www.guibutik.pt\\\/loja\\\/#website\"},\"primaryImageOfPage\":{\"@id\":\"https:\\\/\\\/www.guibutik.pt\\\/loja\\\/produto\\\/sapatilha-microspec-r-skechers\\\/#primaryimage\"},\"image\":{\"@id\":\"https:\\\/\\\/www.guibutik.pt\\\/loja\\\/produto\\\/sapatilha-microspec-r-skechers\\\/#primaryimage\"},\"thumbnailUrl\":\"https:\\\/\\\/www.guibutik.pt\\\/loja\\\/wp-content\\\/uploads\\\/2023\\\/09\\\/403774_BLK.jpg\",\"datePublished\":\"2023-09-21T14:38:53+00:00\",\"dateModified\":\"2026-03-06T09:50:08+00:00\",\"breadcrumb\":{\"@id\":\"https:\\\/\\\/www.guibutik.pt\\\/loja\\\/produto\\\/sapatilha-microspec-r-skechers\\\/#breadcrumb\"},\"inLanguage\":\"pt-PT\",\"potentialAction\":[{\"@type\":\"ReadAction\",\"target\":[\"https:\\\/\\\/www.guibutik.pt\\\/loja\\\/produto\\\/sapatilha-microspec-r-skechers\\\/\"]}]},{\"@type\":\"ImageObject\",\"inLanguage\":\"pt-PT\",\"@id\":\"https:\\\/\\\/www.guibutik.pt\\\/loja\\\/produto\\\/sapatilha-microspec-r-skechers\\\/#primaryimage\",\"url\":\"https:\\\/\\\/www.guibutik.pt\\\/loja\\\/wp-content\\\/uploads\\\/2023\\\/09\\\/403774_BLK.jpg\",\"contentUrl\":\"https:\\\/\\\/www.guibutik.pt\\\/loja\\\/wp-content\\\/uploads\\\/2023\\\/09\\\/403774_BLK.jpg\",\"width\":800,\"height\":708},{\"@type\":\"BreadcrumbList\",\"@id\":\"https:\\\/\\\/www.guibutik.pt\\\/loja\\\/produto\\\/sapatilha-microspec-r-skechers\\\/#breadcrumb\",\"itemListElement\":[{\"@type\":\"ListItem\",\"position\":1,\"name\":\"In\u00edcio\",\"item\":\"https:\\\/\\\/www.guibutik.pt\\\/loja\\\/\"},{\"@type\":\"ListItem\",\"position\":2,\"name\":\"Loja\",\"item\":\"https:\\\/\\\/www.guibutik.pt\\\/loja\\\/shop\\\/\"},{\"@type\":\"ListItem\",\"position\":3,\"name\":\"Sapatilha Microspec R Skechers\"}]},{\"@type\":\"WebSite\",\"@id\":\"https:\\\/\\\/www.guibutik.pt\\\/loja\\\/#website\",\"url\":\"https:\\\/\\\/www.guibutik.pt\\\/loja\\\/\",\"name\":\"Guibutik\",\"description\":\"Moda e Sapataria\",\"potentialAction\":[{\"@type\":\"SearchAction\",\"target\":{\"@type\":\"EntryPoint\",\"urlTemplate\":\"https:\\\/\\\/www.guibutik.pt\\\/loja\\\/?s={search_term_string}\"},\"query-input\":{\"@type\":\"PropertyValueSpecification\",\"valueRequired\":true,\"valueName\":\"search_term_string\"}}],\"inLanguage\":\"pt-PT\"}]}<\/script>\n<!-- \/ Yoast SEO plugin. -->","yoast_head_json":{"title":"Sapatilha Microspec R Skechers - Guibutik","robots":{"index":"index","follow":"follow","max-snippet":"max-snippet:-1","max-image-preview":"max-image-preview:large","max-video-preview":"max-video-preview:-1"},"canonical":"https:\/\/www.guibutik.pt\/loja\/produto\/sapatilha-microspec-r-skechers\/","og_locale":"pt_PT","og_type":"article","og_title":"Sapatilha Microspec R Skechers - Guibutik","og_description":"Leva o conforto ao extremo, com o sapato Skechers Microspec Max. Estas sapatilhas com atacadores t\u00eam uma parte superior desportiva em rede respir\u00e1vel e material sint\u00e9tico com uma entressola com amortecimento de caixa de ar vis\u00edvel.","og_url":"https:\/\/www.guibutik.pt\/loja\/produto\/sapatilha-microspec-r-skechers\/","og_site_name":"Guibutik","article_publisher":"https:\/\/www.facebook.com\/guibutik\/","article_modified_time":"2026-03-06T09:50:08+00:00","og_image":[{"width":800,"height":708,"url":"https:\/\/www.guibutik.pt\/loja\/wp-content\/uploads\/2023\/09\/403774_BLK.jpg","type":"image\/jpeg"}],"twitter_card":"summary_large_image","twitter_misc":{"Tempo estimado de leitura":"1 minuto"},"schema":{"@context":"https:\/\/schema.org","@graph":[{"@type":"WebPage","@id":"https:\/\/www.guibutik.pt\/loja\/produto\/sapatilha-microspec-r-skechers\/","url":"https:\/\/www.guibutik.pt\/loja\/produto\/sapatilha-microspec-r-skechers\/","name":"Sapatilha Microspec R Skechers - Guibutik","isPartOf":{"@id":"https:\/\/www.guibutik.pt\/loja\/#website"},"primaryImageOfPage":{"@id":"https:\/\/www.guibutik.pt\/loja\/produto\/sapatilha-microspec-r-skechers\/#primaryimage"},"image":{"@id":"https:\/\/www.guibutik.pt\/loja\/produto\/sapatilha-microspec-r-skechers\/#primaryimage"},"thumbnailUrl":"https:\/\/www.guibutik.pt\/loja\/wp-content\/uploads\/2023\/09\/403774_BLK.jpg","datePublished":"2023-09-21T14:38:53+00:00","dateModified":"2026-03-06T09:50:08+00:00","breadcrumb":{"@id":"https:\/\/www.guibutik.pt\/loja\/produto\/sapatilha-microspec-r-skechers\/#breadcrumb"},"inLanguage":"pt-PT","potentialAction":[{"@type":"ReadAction","target":["https:\/\/www.guibutik.pt\/loja\/produto\/sapatilha-microspec-r-skechers\/"]}]},{"@type":"ImageObject","inLanguage":"pt-PT","@id":"https:\/\/www.guibutik.pt\/loja\/produto\/sapatilha-microspec-r-skechers\/#primaryimage","url":"https:\/\/www.guibutik.pt\/loja\/wp-content\/uploads\/2023\/09\/403774_BLK.jpg","contentUrl":"https:\/\/www.guibutik.pt\/loja\/wp-content\/uploads\/2023\/09\/403774_BLK.jpg","width":800,"height":708},{"@type":"BreadcrumbList","@id":"https:\/\/www.guibutik.pt\/loja\/produto\/sapatilha-microspec-r-skechers\/#breadcrumb","itemListElement":[{"@type":"ListItem","position":1,"name":"In\u00edcio","item":"https:\/\/www.guibutik.pt\/loja\/"},{"@type":"ListItem","position":2,"name":"Loja","item":"https:\/\/www.guibutik.pt\/loja\/shop\/"},{"@type":"ListItem","position":3,"name":"Sapatilha Microspec R Skechers"}]},{"@type":"WebSite","@id":"https:\/\/www.guibutik.pt\/loja\/#website","url":"https:\/\/www.guibutik.pt\/loja\/","name":"Guibutik","description":"Moda e Sapataria","potentialAction":[{"@type":"SearchAction","target":{"@type":"EntryPoint","urlTemplate":"https:\/\/www.guibutik.pt\/loja\/?s={search_term_string}"},"query-input":{"@type":"PropertyValueSpecification","valueRequired":true,"valueName":"search_term_string"}}],"inLanguage":"pt-PT"}]}},"_links":{"self":[{"href":"https:\/\/www.guibutik.pt\/loja\/wp-json\/wp\/v2\/product\/52338","targetHints":{"allow":["GET"]}}],"collection":[{"href":"https:\/\/www.guibutik.pt\/loja\/wp-json\/wp\/v2\/product"}],"about":[{"href":"https:\/\/www.guibutik.pt\/loja\/wp-json\/wp\/v2\/types\/product"}],"replies":[{"embeddable":true,"href":"https:\/\/www.guibutik.pt\/loja\/wp-json\/wp\/v2\/comments?post=52338"}],"wp:featuredmedia":[{"embeddable":true,"href":"https:\/\/www.guibutik.pt\/loja\/wp-json\/wp\/v2\/media\/52339"}],"wp:attachment":[{"href":"https:\/\/www.guibutik.pt\/loja\/wp-json\/wp\/v2\/media?parent=52338"}],"wp:term":[{"taxonomy":"product_cat","embeddable":true,"href":"https:\/\/www.guibutik.pt\/loja\/wp-json\/wp\/v2\/product_cat?post=52338"},{"taxonomy":"product_tag","embeddable":true,"href":"https:\/\/www.guibutik.pt\/loja\/wp-json\/wp\/v2\/product_tag?post=52338"}],"curies":[{"name":"wp","href":"https:\/\/api.w.org\/{rel}","templated":true}]}}