{"id":52228,"date":"2023-09-21T13:29:22","date_gmt":"2023-09-21T12:29:22","guid":{"rendered":"https:\/\/www.guibutik.pt\/loja\/?post_type=product&#038;p=52228"},"modified":"2026-01-21T12:23:34","modified_gmt":"2026-01-21T11:23:34","slug":"bota-new-asheel-s-geox","status":"publish","type":"product","link":"https:\/\/www.guibutik.pt\/loja\/produto\/bota-new-asheel-s-geox\/","title":{"rendered":"Bota New Asheel S Geox"},"content":{"rendered":"<p>Bota mulher respir\u00e1vel com um estilo cl\u00e1ssico revisitado e um salto m\u00e9dio confort\u00e1vel. Proposto em pele lisa e enriquecido com um detalhe decorativo na parte de tr\u00e1s, este modelo \u00e9 aqui apresentado num requintado tom castanho-escuro. New Asheel tem um estilo bo\u00e9mio e feminino e \u00e9 perfeita para dar um toque alternativo aos looks citadinos de todos os dias.<\/p>\n","protected":false},"excerpt":{"rendered":"<p>Bota mulher respir\u00e1vel com um estilo cl\u00e1ssico revisitado e um salto m\u00e9dio confort\u00e1vel. Proposto em pele lisa e enriquecido com um detalhe decorativo na parte de tr\u00e1s, este modelo \u00e9 aqui apresentado num requintado tom castanho-escuro. New Asheel tem um estilo bo\u00e9mio e feminino e \u00e9 perfeita para dar um toque alternativo aos looks citadinos [&hellip;]<\/p>\n","protected":false},"featured_media":52230,"comment_status":"closed","ping_status":"closed","template":"","meta":[],"product_cat":[291,484,222],"product_tag":[491],"class_list":{"0":"post-52228","1":"product","2":"type-product","3":"status-publish","4":"has-post-thumbnail","6":"product_cat-calcado-senhora","7":"product_cat-promocoes-senhora","8":"product_cat-senhora","9":"product_tag-geox","10":"ts_product_brand-geox","12":"first","13":"instock","14":"sale","15":"shipping-taxable","16":"purchasable","17":"product-type-variable"},"yoast_head":"<!-- This site is optimized with the Yoast SEO plugin v27.5 - https:\/\/yoast.com\/product\/yoast-seo-wordpress\/ -->\n<title>Bota New Asheel S Geox - Guibutik<\/title>\n<meta name=\"robots\" content=\"index, follow, max-snippet:-1, max-image-preview:large, max-video-preview:-1\" \/>\n<link rel=\"canonical\" href=\"https:\/\/www.guibutik.pt\/loja\/produto\/bota-new-asheel-s-geox\/\" \/>\n<meta property=\"og:locale\" content=\"pt_PT\" \/>\n<meta property=\"og:type\" content=\"article\" \/>\n<meta property=\"og:title\" content=\"Bota New Asheel S Geox - Guibutik\" \/>\n<meta property=\"og:description\" content=\"Bota mulher respir\u00e1vel com um estilo cl\u00e1ssico revisitado e um salto m\u00e9dio confort\u00e1vel. Proposto em pele lisa e enriquecido com um detalhe decorativo na parte de tr\u00e1s, este modelo \u00e9 aqui apresentado num requintado tom castanho-escuro. New Asheel tem um estilo bo\u00e9mio e feminino e \u00e9 perfeita para dar um toque alternativo aos looks citadinos [&hellip;]\" \/>\n<meta property=\"og:url\" content=\"https:\/\/www.guibutik.pt\/loja\/produto\/bota-new-asheel-s-geox\/\" \/>\n<meta property=\"og:site_name\" content=\"Guibutik\" \/>\n<meta property=\"article:publisher\" content=\"https:\/\/www.facebook.com\/guibutik\/\" \/>\n<meta property=\"article:modified_time\" content=\"2026-01-21T11:23:34+00:00\" \/>\n<meta property=\"og:image\" content=\"https:\/\/www.guibutik.pt\/loja\/wp-content\/uploads\/2023\/09\/d36fsa.jpg\" \/>\n\t<meta property=\"og:image:width\" content=\"700\" \/>\n\t<meta property=\"og:image:height\" content=\"700\" \/>\n\t<meta property=\"og:image:type\" content=\"image\/jpeg\" \/>\n<meta name=\"twitter:card\" content=\"summary_large_image\" \/>\n<meta name=\"twitter:label1\" content=\"Tempo estimado de leitura\" \/>\n\t<meta name=\"twitter:data1\" content=\"1 minuto\" \/>\n<script type=\"application\/ld+json\" class=\"yoast-schema-graph\">{\"@context\":\"https:\\\/\\\/schema.org\",\"@graph\":[{\"@type\":\"WebPage\",\"@id\":\"https:\\\/\\\/www.guibutik.pt\\\/loja\\\/produto\\\/bota-new-asheel-s-geox\\\/\",\"url\":\"https:\\\/\\\/www.guibutik.pt\\\/loja\\\/produto\\\/bota-new-asheel-s-geox\\\/\",\"name\":\"Bota New Asheel S Geox - Guibutik\",\"isPartOf\":{\"@id\":\"https:\\\/\\\/www.guibutik.pt\\\/loja\\\/#website\"},\"primaryImageOfPage\":{\"@id\":\"https:\\\/\\\/www.guibutik.pt\\\/loja\\\/produto\\\/bota-new-asheel-s-geox\\\/#primaryimage\"},\"image\":{\"@id\":\"https:\\\/\\\/www.guibutik.pt\\\/loja\\\/produto\\\/bota-new-asheel-s-geox\\\/#primaryimage\"},\"thumbnailUrl\":\"https:\\\/\\\/www.guibutik.pt\\\/loja\\\/wp-content\\\/uploads\\\/2023\\\/09\\\/d36fsa.jpg\",\"datePublished\":\"2023-09-21T12:29:22+00:00\",\"dateModified\":\"2026-01-21T11:23:34+00:00\",\"breadcrumb\":{\"@id\":\"https:\\\/\\\/www.guibutik.pt\\\/loja\\\/produto\\\/bota-new-asheel-s-geox\\\/#breadcrumb\"},\"inLanguage\":\"pt-PT\",\"potentialAction\":[{\"@type\":\"ReadAction\",\"target\":[\"https:\\\/\\\/www.guibutik.pt\\\/loja\\\/produto\\\/bota-new-asheel-s-geox\\\/\"]}]},{\"@type\":\"ImageObject\",\"inLanguage\":\"pt-PT\",\"@id\":\"https:\\\/\\\/www.guibutik.pt\\\/loja\\\/produto\\\/bota-new-asheel-s-geox\\\/#primaryimage\",\"url\":\"https:\\\/\\\/www.guibutik.pt\\\/loja\\\/wp-content\\\/uploads\\\/2023\\\/09\\\/d36fsa.jpg\",\"contentUrl\":\"https:\\\/\\\/www.guibutik.pt\\\/loja\\\/wp-content\\\/uploads\\\/2023\\\/09\\\/d36fsa.jpg\",\"width\":700,\"height\":700},{\"@type\":\"BreadcrumbList\",\"@id\":\"https:\\\/\\\/www.guibutik.pt\\\/loja\\\/produto\\\/bota-new-asheel-s-geox\\\/#breadcrumb\",\"itemListElement\":[{\"@type\":\"ListItem\",\"position\":1,\"name\":\"In\u00edcio\",\"item\":\"https:\\\/\\\/www.guibutik.pt\\\/loja\\\/\"},{\"@type\":\"ListItem\",\"position\":2,\"name\":\"Loja\",\"item\":\"https:\\\/\\\/www.guibutik.pt\\\/loja\\\/shop\\\/\"},{\"@type\":\"ListItem\",\"position\":3,\"name\":\"Bota New Asheel S Geox\"}]},{\"@type\":\"WebSite\",\"@id\":\"https:\\\/\\\/www.guibutik.pt\\\/loja\\\/#website\",\"url\":\"https:\\\/\\\/www.guibutik.pt\\\/loja\\\/\",\"name\":\"Guibutik\",\"description\":\"Moda e Sapataria\",\"potentialAction\":[{\"@type\":\"SearchAction\",\"target\":{\"@type\":\"EntryPoint\",\"urlTemplate\":\"https:\\\/\\\/www.guibutik.pt\\\/loja\\\/?s={search_term_string}\"},\"query-input\":{\"@type\":\"PropertyValueSpecification\",\"valueRequired\":true,\"valueName\":\"search_term_string\"}}],\"inLanguage\":\"pt-PT\"}]}<\/script>\n<!-- \/ Yoast SEO plugin. -->","yoast_head_json":{"title":"Bota New Asheel S Geox - Guibutik","robots":{"index":"index","follow":"follow","max-snippet":"max-snippet:-1","max-image-preview":"max-image-preview:large","max-video-preview":"max-video-preview:-1"},"canonical":"https:\/\/www.guibutik.pt\/loja\/produto\/bota-new-asheel-s-geox\/","og_locale":"pt_PT","og_type":"article","og_title":"Bota New Asheel S Geox - Guibutik","og_description":"Bota mulher respir\u00e1vel com um estilo cl\u00e1ssico revisitado e um salto m\u00e9dio confort\u00e1vel. Proposto em pele lisa e enriquecido com um detalhe decorativo na parte de tr\u00e1s, este modelo \u00e9 aqui apresentado num requintado tom castanho-escuro. New Asheel tem um estilo bo\u00e9mio e feminino e \u00e9 perfeita para dar um toque alternativo aos looks citadinos [&hellip;]","og_url":"https:\/\/www.guibutik.pt\/loja\/produto\/bota-new-asheel-s-geox\/","og_site_name":"Guibutik","article_publisher":"https:\/\/www.facebook.com\/guibutik\/","article_modified_time":"2026-01-21T11:23:34+00:00","og_image":[{"width":700,"height":700,"url":"https:\/\/www.guibutik.pt\/loja\/wp-content\/uploads\/2023\/09\/d36fsa.jpg","type":"image\/jpeg"}],"twitter_card":"summary_large_image","twitter_misc":{"Tempo estimado de leitura":"1 minuto"},"schema":{"@context":"https:\/\/schema.org","@graph":[{"@type":"WebPage","@id":"https:\/\/www.guibutik.pt\/loja\/produto\/bota-new-asheel-s-geox\/","url":"https:\/\/www.guibutik.pt\/loja\/produto\/bota-new-asheel-s-geox\/","name":"Bota New Asheel S Geox - Guibutik","isPartOf":{"@id":"https:\/\/www.guibutik.pt\/loja\/#website"},"primaryImageOfPage":{"@id":"https:\/\/www.guibutik.pt\/loja\/produto\/bota-new-asheel-s-geox\/#primaryimage"},"image":{"@id":"https:\/\/www.guibutik.pt\/loja\/produto\/bota-new-asheel-s-geox\/#primaryimage"},"thumbnailUrl":"https:\/\/www.guibutik.pt\/loja\/wp-content\/uploads\/2023\/09\/d36fsa.jpg","datePublished":"2023-09-21T12:29:22+00:00","dateModified":"2026-01-21T11:23:34+00:00","breadcrumb":{"@id":"https:\/\/www.guibutik.pt\/loja\/produto\/bota-new-asheel-s-geox\/#breadcrumb"},"inLanguage":"pt-PT","potentialAction":[{"@type":"ReadAction","target":["https:\/\/www.guibutik.pt\/loja\/produto\/bota-new-asheel-s-geox\/"]}]},{"@type":"ImageObject","inLanguage":"pt-PT","@id":"https:\/\/www.guibutik.pt\/loja\/produto\/bota-new-asheel-s-geox\/#primaryimage","url":"https:\/\/www.guibutik.pt\/loja\/wp-content\/uploads\/2023\/09\/d36fsa.jpg","contentUrl":"https:\/\/www.guibutik.pt\/loja\/wp-content\/uploads\/2023\/09\/d36fsa.jpg","width":700,"height":700},{"@type":"BreadcrumbList","@id":"https:\/\/www.guibutik.pt\/loja\/produto\/bota-new-asheel-s-geox\/#breadcrumb","itemListElement":[{"@type":"ListItem","position":1,"name":"In\u00edcio","item":"https:\/\/www.guibutik.pt\/loja\/"},{"@type":"ListItem","position":2,"name":"Loja","item":"https:\/\/www.guibutik.pt\/loja\/shop\/"},{"@type":"ListItem","position":3,"name":"Bota New Asheel S Geox"}]},{"@type":"WebSite","@id":"https:\/\/www.guibutik.pt\/loja\/#website","url":"https:\/\/www.guibutik.pt\/loja\/","name":"Guibutik","description":"Moda e Sapataria","potentialAction":[{"@type":"SearchAction","target":{"@type":"EntryPoint","urlTemplate":"https:\/\/www.guibutik.pt\/loja\/?s={search_term_string}"},"query-input":{"@type":"PropertyValueSpecification","valueRequired":true,"valueName":"search_term_string"}}],"inLanguage":"pt-PT"}]}},"_links":{"self":[{"href":"https:\/\/www.guibutik.pt\/loja\/wp-json\/wp\/v2\/product\/52228","targetHints":{"allow":["GET"]}}],"collection":[{"href":"https:\/\/www.guibutik.pt\/loja\/wp-json\/wp\/v2\/product"}],"about":[{"href":"https:\/\/www.guibutik.pt\/loja\/wp-json\/wp\/v2\/types\/product"}],"replies":[{"embeddable":true,"href":"https:\/\/www.guibutik.pt\/loja\/wp-json\/wp\/v2\/comments?post=52228"}],"wp:featuredmedia":[{"embeddable":true,"href":"https:\/\/www.guibutik.pt\/loja\/wp-json\/wp\/v2\/media\/52230"}],"wp:attachment":[{"href":"https:\/\/www.guibutik.pt\/loja\/wp-json\/wp\/v2\/media?parent=52228"}],"wp:term":[{"taxonomy":"product_cat","embeddable":true,"href":"https:\/\/www.guibutik.pt\/loja\/wp-json\/wp\/v2\/product_cat?post=52228"},{"taxonomy":"product_tag","embeddable":true,"href":"https:\/\/www.guibutik.pt\/loja\/wp-json\/wp\/v2\/product_tag?post=52228"}],"curies":[{"name":"wp","href":"https:\/\/api.w.org\/{rel}","templated":true}]}}