{"id":52103,"date":"2023-09-21T11:32:27","date_gmt":"2023-09-21T10:32:27","guid":{"rendered":"https:\/\/www.guibutik.pt\/loja\/?post_type=product&#038;p=52103"},"modified":"2026-03-06T10:50:20","modified_gmt":"2026-03-06T09:50:20","slug":"sapatilha-tutim-r-geox","status":"publish","type":"product","link":"https:\/\/www.guibutik.pt\/loja\/produto\/sapatilha-tutim-r-geox\/","title":{"rendered":"Sapatilha Tutim R Geox"},"content":{"rendered":"<p>Sapato menino protetor, confort\u00e1vel e respir\u00e1vel, ideal para gatinhar. Feito de nobuk cor biscoito, uma cor intemporal e simples de combinar, Tutim \u00e9 um sapato concebido para oferecer o m\u00e1ximo conforto e bem-estar. Uma aten\u00e7\u00e3o meticulosa aos detalhes para prote\u00e7\u00e3o torna-o ideal para as primeiras explora\u00e7\u00f5es dos mais pequenos.<\/p>\n","protected":false},"excerpt":{"rendered":"<p>Sapato menino protetor, confort\u00e1vel e respir\u00e1vel, ideal para gatinhar. Feito de nobuk cor biscoito, uma cor intemporal e simples de combinar, Tutim \u00e9 um sapato concebido para oferecer o m\u00e1ximo conforto e bem-estar. Uma aten\u00e7\u00e3o meticulosa aos detalhes para prote\u00e7\u00e3o torna-o ideal para as primeiras explora\u00e7\u00f5es dos mais pequenos.<\/p>\n","protected":false},"featured_media":52104,"comment_status":"closed","ping_status":"closed","template":"","meta":[],"product_cat":[295,267,235,553],"product_tag":[491],"class_list":{"0":"post-52103","1":"product","2":"type-product","3":"status-publish","4":"has-post-thumbnail","6":"product_cat-calcado-rapaz","7":"product_cat-crianca","8":"product_cat-rapaz","9":"product_cat-sapatilha-calcado-rapaz","10":"product_tag-geox","11":"ts_product_brand-geox","13":"first","14":"instock","15":"shipping-taxable","16":"purchasable","17":"product-type-variable"},"yoast_head":"<!-- This site is optimized with the Yoast SEO plugin v27.4 - https:\/\/yoast.com\/product\/yoast-seo-wordpress\/ -->\n<title>Sapatilha Tutim R Geox - Guibutik<\/title>\n<meta name=\"robots\" content=\"index, follow, max-snippet:-1, max-image-preview:large, max-video-preview:-1\" \/>\n<link rel=\"canonical\" href=\"https:\/\/www.guibutik.pt\/loja\/produto\/sapatilha-tutim-r-geox\/\" \/>\n<meta property=\"og:locale\" content=\"pt_PT\" \/>\n<meta property=\"og:type\" content=\"article\" \/>\n<meta property=\"og:title\" content=\"Sapatilha Tutim R Geox - Guibutik\" \/>\n<meta property=\"og:description\" content=\"Sapato menino protetor, confort\u00e1vel e respir\u00e1vel, ideal para gatinhar. Feito de nobuk cor biscoito, uma cor intemporal e simples de combinar, Tutim \u00e9 um sapato concebido para oferecer o m\u00e1ximo conforto e bem-estar. Uma aten\u00e7\u00e3o meticulosa aos detalhes para prote\u00e7\u00e3o torna-o ideal para as primeiras explora\u00e7\u00f5es dos mais pequenos.\" \/>\n<meta property=\"og:url\" content=\"https:\/\/www.guibutik.pt\/loja\/produto\/sapatilha-tutim-r-geox\/\" \/>\n<meta property=\"og:site_name\" content=\"Guibutik\" \/>\n<meta property=\"article:publisher\" content=\"https:\/\/www.facebook.com\/guibutik\/\" \/>\n<meta property=\"article:modified_time\" content=\"2026-03-06T09:50:20+00:00\" \/>\n<meta property=\"og:image\" content=\"https:\/\/www.guibutik.pt\/loja\/wp-content\/uploads\/2023\/09\/b9439a.jpg\" \/>\n\t<meta property=\"og:image:width\" content=\"700\" \/>\n\t<meta property=\"og:image:height\" content=\"700\" \/>\n\t<meta property=\"og:image:type\" content=\"image\/jpeg\" \/>\n<meta name=\"twitter:card\" content=\"summary_large_image\" \/>\n<meta name=\"twitter:label1\" content=\"Tempo estimado de leitura\" \/>\n\t<meta name=\"twitter:data1\" content=\"1 minuto\" \/>\n<script type=\"application\/ld+json\" class=\"yoast-schema-graph\">{\"@context\":\"https:\\\/\\\/schema.org\",\"@graph\":[{\"@type\":\"WebPage\",\"@id\":\"https:\\\/\\\/www.guibutik.pt\\\/loja\\\/produto\\\/sapatilha-tutim-r-geox\\\/\",\"url\":\"https:\\\/\\\/www.guibutik.pt\\\/loja\\\/produto\\\/sapatilha-tutim-r-geox\\\/\",\"name\":\"Sapatilha Tutim R Geox - Guibutik\",\"isPartOf\":{\"@id\":\"https:\\\/\\\/www.guibutik.pt\\\/loja\\\/#website\"},\"primaryImageOfPage\":{\"@id\":\"https:\\\/\\\/www.guibutik.pt\\\/loja\\\/produto\\\/sapatilha-tutim-r-geox\\\/#primaryimage\"},\"image\":{\"@id\":\"https:\\\/\\\/www.guibutik.pt\\\/loja\\\/produto\\\/sapatilha-tutim-r-geox\\\/#primaryimage\"},\"thumbnailUrl\":\"https:\\\/\\\/www.guibutik.pt\\\/loja\\\/wp-content\\\/uploads\\\/2023\\\/09\\\/b9439a.jpg\",\"datePublished\":\"2023-09-21T10:32:27+00:00\",\"dateModified\":\"2026-03-06T09:50:20+00:00\",\"breadcrumb\":{\"@id\":\"https:\\\/\\\/www.guibutik.pt\\\/loja\\\/produto\\\/sapatilha-tutim-r-geox\\\/#breadcrumb\"},\"inLanguage\":\"pt-PT\",\"potentialAction\":[{\"@type\":\"ReadAction\",\"target\":[\"https:\\\/\\\/www.guibutik.pt\\\/loja\\\/produto\\\/sapatilha-tutim-r-geox\\\/\"]}]},{\"@type\":\"ImageObject\",\"inLanguage\":\"pt-PT\",\"@id\":\"https:\\\/\\\/www.guibutik.pt\\\/loja\\\/produto\\\/sapatilha-tutim-r-geox\\\/#primaryimage\",\"url\":\"https:\\\/\\\/www.guibutik.pt\\\/loja\\\/wp-content\\\/uploads\\\/2023\\\/09\\\/b9439a.jpg\",\"contentUrl\":\"https:\\\/\\\/www.guibutik.pt\\\/loja\\\/wp-content\\\/uploads\\\/2023\\\/09\\\/b9439a.jpg\",\"width\":700,\"height\":700},{\"@type\":\"BreadcrumbList\",\"@id\":\"https:\\\/\\\/www.guibutik.pt\\\/loja\\\/produto\\\/sapatilha-tutim-r-geox\\\/#breadcrumb\",\"itemListElement\":[{\"@type\":\"ListItem\",\"position\":1,\"name\":\"In\u00edcio\",\"item\":\"https:\\\/\\\/www.guibutik.pt\\\/loja\\\/\"},{\"@type\":\"ListItem\",\"position\":2,\"name\":\"Loja\",\"item\":\"https:\\\/\\\/www.guibutik.pt\\\/loja\\\/shop\\\/\"},{\"@type\":\"ListItem\",\"position\":3,\"name\":\"Sapatilha Tutim R Geox\"}]},{\"@type\":\"WebSite\",\"@id\":\"https:\\\/\\\/www.guibutik.pt\\\/loja\\\/#website\",\"url\":\"https:\\\/\\\/www.guibutik.pt\\\/loja\\\/\",\"name\":\"Guibutik\",\"description\":\"Moda e Sapataria\",\"potentialAction\":[{\"@type\":\"SearchAction\",\"target\":{\"@type\":\"EntryPoint\",\"urlTemplate\":\"https:\\\/\\\/www.guibutik.pt\\\/loja\\\/?s={search_term_string}\"},\"query-input\":{\"@type\":\"PropertyValueSpecification\",\"valueRequired\":true,\"valueName\":\"search_term_string\"}}],\"inLanguage\":\"pt-PT\"}]}<\/script>\n<!-- \/ Yoast SEO plugin. -->","yoast_head_json":{"title":"Sapatilha Tutim R Geox - Guibutik","robots":{"index":"index","follow":"follow","max-snippet":"max-snippet:-1","max-image-preview":"max-image-preview:large","max-video-preview":"max-video-preview:-1"},"canonical":"https:\/\/www.guibutik.pt\/loja\/produto\/sapatilha-tutim-r-geox\/","og_locale":"pt_PT","og_type":"article","og_title":"Sapatilha Tutim R Geox - Guibutik","og_description":"Sapato menino protetor, confort\u00e1vel e respir\u00e1vel, ideal para gatinhar. Feito de nobuk cor biscoito, uma cor intemporal e simples de combinar, Tutim \u00e9 um sapato concebido para oferecer o m\u00e1ximo conforto e bem-estar. Uma aten\u00e7\u00e3o meticulosa aos detalhes para prote\u00e7\u00e3o torna-o ideal para as primeiras explora\u00e7\u00f5es dos mais pequenos.","og_url":"https:\/\/www.guibutik.pt\/loja\/produto\/sapatilha-tutim-r-geox\/","og_site_name":"Guibutik","article_publisher":"https:\/\/www.facebook.com\/guibutik\/","article_modified_time":"2026-03-06T09:50:20+00:00","og_image":[{"width":700,"height":700,"url":"https:\/\/www.guibutik.pt\/loja\/wp-content\/uploads\/2023\/09\/b9439a.jpg","type":"image\/jpeg"}],"twitter_card":"summary_large_image","twitter_misc":{"Tempo estimado de leitura":"1 minuto"},"schema":{"@context":"https:\/\/schema.org","@graph":[{"@type":"WebPage","@id":"https:\/\/www.guibutik.pt\/loja\/produto\/sapatilha-tutim-r-geox\/","url":"https:\/\/www.guibutik.pt\/loja\/produto\/sapatilha-tutim-r-geox\/","name":"Sapatilha Tutim R Geox - Guibutik","isPartOf":{"@id":"https:\/\/www.guibutik.pt\/loja\/#website"},"primaryImageOfPage":{"@id":"https:\/\/www.guibutik.pt\/loja\/produto\/sapatilha-tutim-r-geox\/#primaryimage"},"image":{"@id":"https:\/\/www.guibutik.pt\/loja\/produto\/sapatilha-tutim-r-geox\/#primaryimage"},"thumbnailUrl":"https:\/\/www.guibutik.pt\/loja\/wp-content\/uploads\/2023\/09\/b9439a.jpg","datePublished":"2023-09-21T10:32:27+00:00","dateModified":"2026-03-06T09:50:20+00:00","breadcrumb":{"@id":"https:\/\/www.guibutik.pt\/loja\/produto\/sapatilha-tutim-r-geox\/#breadcrumb"},"inLanguage":"pt-PT","potentialAction":[{"@type":"ReadAction","target":["https:\/\/www.guibutik.pt\/loja\/produto\/sapatilha-tutim-r-geox\/"]}]},{"@type":"ImageObject","inLanguage":"pt-PT","@id":"https:\/\/www.guibutik.pt\/loja\/produto\/sapatilha-tutim-r-geox\/#primaryimage","url":"https:\/\/www.guibutik.pt\/loja\/wp-content\/uploads\/2023\/09\/b9439a.jpg","contentUrl":"https:\/\/www.guibutik.pt\/loja\/wp-content\/uploads\/2023\/09\/b9439a.jpg","width":700,"height":700},{"@type":"BreadcrumbList","@id":"https:\/\/www.guibutik.pt\/loja\/produto\/sapatilha-tutim-r-geox\/#breadcrumb","itemListElement":[{"@type":"ListItem","position":1,"name":"In\u00edcio","item":"https:\/\/www.guibutik.pt\/loja\/"},{"@type":"ListItem","position":2,"name":"Loja","item":"https:\/\/www.guibutik.pt\/loja\/shop\/"},{"@type":"ListItem","position":3,"name":"Sapatilha Tutim R Geox"}]},{"@type":"WebSite","@id":"https:\/\/www.guibutik.pt\/loja\/#website","url":"https:\/\/www.guibutik.pt\/loja\/","name":"Guibutik","description":"Moda e Sapataria","potentialAction":[{"@type":"SearchAction","target":{"@type":"EntryPoint","urlTemplate":"https:\/\/www.guibutik.pt\/loja\/?s={search_term_string}"},"query-input":{"@type":"PropertyValueSpecification","valueRequired":true,"valueName":"search_term_string"}}],"inLanguage":"pt-PT"}]}},"_links":{"self":[{"href":"https:\/\/www.guibutik.pt\/loja\/wp-json\/wp\/v2\/product\/52103","targetHints":{"allow":["GET"]}}],"collection":[{"href":"https:\/\/www.guibutik.pt\/loja\/wp-json\/wp\/v2\/product"}],"about":[{"href":"https:\/\/www.guibutik.pt\/loja\/wp-json\/wp\/v2\/types\/product"}],"replies":[{"embeddable":true,"href":"https:\/\/www.guibutik.pt\/loja\/wp-json\/wp\/v2\/comments?post=52103"}],"wp:featuredmedia":[{"embeddable":true,"href":"https:\/\/www.guibutik.pt\/loja\/wp-json\/wp\/v2\/media\/52104"}],"wp:attachment":[{"href":"https:\/\/www.guibutik.pt\/loja\/wp-json\/wp\/v2\/media?parent=52103"}],"wp:term":[{"taxonomy":"product_cat","embeddable":true,"href":"https:\/\/www.guibutik.pt\/loja\/wp-json\/wp\/v2\/product_cat?post=52103"},{"taxonomy":"product_tag","embeddable":true,"href":"https:\/\/www.guibutik.pt\/loja\/wp-json\/wp\/v2\/product_tag?post=52103"}],"curies":[{"name":"wp","href":"https:\/\/api.w.org\/{rel}","templated":true}]}}