{"id":50928,"date":"2023-06-02T10:59:17","date_gmt":"2023-06-02T09:59:17","guid":{"rendered":"https:\/\/www.guibutik.pt\/loja\/?post_type=product&#038;p=50928"},"modified":"2026-02-28T16:10:48","modified_gmt":"2026-02-28T15:10:48","slug":"calca-dockers","status":"publish","type":"product","link":"https:\/\/www.guibutik.pt\/loja\/produto\/calca-dockers\/","title":{"rendered":"Cal\u00e7a Dockers"},"content":{"rendered":"<h2 class=\"accordion__title\"><\/h2>\n<div id=\"Productcontent-2\" class=\"accordion__content accordion__content--animate\" role=\"region\" aria-labelledby=\"ProductAccordion2\">\n<div>\n<ul>\n<li>Slim: Bate na cintura;\u00a0Z\u00edper com z\u00edper;\u00a0Abertura fina da perna<\/li>\n<\/ul>\n<p>&nbsp;<\/p>\n<ul>\n<li>Sarja Bistretch: 75% Algod\u00e3o, 20% Algod\u00e3o Reciclado, 5% Lycra<br \/>\nBolsos embutidos; Possui bolsos de seguran\u00e7a ocultos com z\u00edper oculto e compartimento para moedas<br \/>\nM\u00e1quina de lavar frio; N\u00e3o utilizar alvejante; Secar em temperatura baixa; Ferro quente se necess\u00e1rio; Limpeza a seco poss\u00edvel; Lavar do avesso com cores semelhantes; Remover imediatamente<\/li>\n<\/ul>\n<\/div>\n<\/div>\n","protected":false},"excerpt":{"rendered":"<p>Cl\u00e1ssico e f\u00e1cil.\u00a0Fizemos o California Khaki com nosso mundialmente famoso e mais vendido Smart 360 Flex\u2122, que os diferencia dos melhores.\u00a0Conforto nunca ser\u00e1 um problema.\u00a0Um par obrigat\u00f3rio de cal\u00e7as c\u00e1qui<\/p>\n<ul>\n<li>Slim fit: Nosso slim fit \u00e9 a quantidade certa de slim com uma abertura de perna fina<\/li>\n<li>Feito com nosso mundialmente famoso e mais vendido Smart 360 Flex\u2122<\/li>\n<li>O Smart 360 Flex\u2122 se estende vertical e horizontalmente para m\u00e1xima flexibilidade e movimento<\/li>\n<li>Somos parceiros de instala\u00e7\u00f5es l\u00edderes do setor que reciclam e usam menos \u00e1gua;\u00a0Esta vestimenta \u00e9 feita de forma mais sustent\u00e1vel com nossas t\u00e9cnicas waterless\u00ae, que reduzem o uso de \u00e1gua no processo de fabrica\u00e7\u00e3o da vestimenta;\u00a0At\u00e9 agora, a Dockers\u00ae j\u00e1 reciclou mais de 47 milh\u00f5es de litros e contando<\/li>\n<li>Usamos algod\u00e3o reciclado para reduzir o uso de fibras virgens e ajudar a manter nosso planeta um pouco mais saud\u00e1vel<\/li>\n<\/ul>\n","protected":false},"featured_media":50940,"comment_status":"closed","ping_status":"closed","template":"","meta":[],"product_cat":[298,221],"product_tag":[],"class_list":{"0":"post-50928","1":"product","2":"type-product","3":"status-publish","4":"has-post-thumbnail","6":"product_cat-calcas","7":"product_cat-homem","8":"ts_product_brand-dockers","10":"first","11":"instock","12":"shipping-taxable","13":"purchasable","14":"product-type-variable"},"yoast_head":"<!-- This site is optimized with the Yoast SEO plugin v27.5 - https:\/\/yoast.com\/product\/yoast-seo-wordpress\/ -->\n<title>Cal\u00e7a Dockers - Guibutik<\/title>\n<meta name=\"robots\" content=\"index, follow, max-snippet:-1, max-image-preview:large, max-video-preview:-1\" \/>\n<link rel=\"canonical\" href=\"https:\/\/www.guibutik.pt\/loja\/produto\/calca-dockers\/\" \/>\n<meta property=\"og:locale\" content=\"pt_PT\" \/>\n<meta property=\"og:type\" content=\"article\" \/>\n<meta property=\"og:title\" content=\"Cal\u00e7a Dockers - Guibutik\" \/>\n<meta property=\"og:description\" content=\"Cl\u00e1ssico e f\u00e1cil.\u00a0Fizemos o California Khaki com nosso mundialmente famoso e mais vendido Smart 360 Flex\u2122, que os diferencia dos melhores.\u00a0Conforto nunca ser\u00e1 um problema.\u00a0Um par obrigat\u00f3rio de cal\u00e7as c\u00e1qui   Slim fit: Nosso slim fit \u00e9 a quantidade certa de slim com uma abertura de perna fina  Feito com nosso mundialmente famoso e mais vendido Smart 360 Flex\u2122  O Smart 360 Flex\u2122 se estende vertical e horizontalmente para m\u00e1xima flexibilidade e movimento  Somos parceiros de instala\u00e7\u00f5es l\u00edderes do setor que reciclam e usam menos \u00e1gua;\u00a0Esta vestimenta \u00e9 feita de forma mais sustent\u00e1vel com nossas t\u00e9cnicas waterless\u00ae, que reduzem o uso de \u00e1gua no processo de fabrica\u00e7\u00e3o da vestimenta;\u00a0At\u00e9 agora, a Dockers\u00ae j\u00e1 reciclou mais de 47 milh\u00f5es de litros e contando  Usamos algod\u00e3o reciclado para reduzir o uso de fibras virgens e ajudar a manter nosso planeta um pouco mais saud\u00e1vel\" \/>\n<meta property=\"og:url\" content=\"https:\/\/www.guibutik.pt\/loja\/produto\/calca-dockers\/\" \/>\n<meta property=\"og:site_name\" content=\"Guibutik\" \/>\n<meta property=\"article:publisher\" content=\"https:\/\/www.facebook.com\/guibutik\/\" \/>\n<meta property=\"article:modified_time\" content=\"2026-02-28T15:10:48+00:00\" \/>\n<meta property=\"og:image\" content=\"https:\/\/www.guibutik.pt\/loja\/wp-content\/uploads\/2023\/06\/bbd8aa21a2a3c3e8d9316d6270c1f7edc3ff5cea_b06a3aa9-2929-428c-8fa6-281b271e2ba4_360x450_crop_center.webp\" \/>\n\t<meta property=\"og:image:width\" content=\"360\" \/>\n\t<meta property=\"og:image:height\" content=\"450\" \/>\n\t<meta property=\"og:image:type\" content=\"image\/webp\" \/>\n<meta name=\"twitter:card\" content=\"summary_large_image\" \/>\n<meta name=\"twitter:label1\" content=\"Tempo estimado de leitura\" \/>\n\t<meta name=\"twitter:data1\" content=\"1 minuto\" \/>\n<script type=\"application\/ld+json\" class=\"yoast-schema-graph\">{\"@context\":\"https:\\\/\\\/schema.org\",\"@graph\":[{\"@type\":\"WebPage\",\"@id\":\"https:\\\/\\\/www.guibutik.pt\\\/loja\\\/produto\\\/calca-dockers\\\/\",\"url\":\"https:\\\/\\\/www.guibutik.pt\\\/loja\\\/produto\\\/calca-dockers\\\/\",\"name\":\"Cal\u00e7a Dockers - Guibutik\",\"isPartOf\":{\"@id\":\"https:\\\/\\\/www.guibutik.pt\\\/loja\\\/#website\"},\"primaryImageOfPage\":{\"@id\":\"https:\\\/\\\/www.guibutik.pt\\\/loja\\\/produto\\\/calca-dockers\\\/#primaryimage\"},\"image\":{\"@id\":\"https:\\\/\\\/www.guibutik.pt\\\/loja\\\/produto\\\/calca-dockers\\\/#primaryimage\"},\"thumbnailUrl\":\"https:\\\/\\\/www.guibutik.pt\\\/loja\\\/wp-content\\\/uploads\\\/2023\\\/06\\\/bbd8aa21a2a3c3e8d9316d6270c1f7edc3ff5cea_b06a3aa9-2929-428c-8fa6-281b271e2ba4_360x450_crop_center.webp\",\"datePublished\":\"2023-06-02T09:59:17+00:00\",\"dateModified\":\"2026-02-28T15:10:48+00:00\",\"breadcrumb\":{\"@id\":\"https:\\\/\\\/www.guibutik.pt\\\/loja\\\/produto\\\/calca-dockers\\\/#breadcrumb\"},\"inLanguage\":\"pt-PT\",\"potentialAction\":[{\"@type\":\"ReadAction\",\"target\":[\"https:\\\/\\\/www.guibutik.pt\\\/loja\\\/produto\\\/calca-dockers\\\/\"]}]},{\"@type\":\"ImageObject\",\"inLanguage\":\"pt-PT\",\"@id\":\"https:\\\/\\\/www.guibutik.pt\\\/loja\\\/produto\\\/calca-dockers\\\/#primaryimage\",\"url\":\"https:\\\/\\\/www.guibutik.pt\\\/loja\\\/wp-content\\\/uploads\\\/2023\\\/06\\\/bbd8aa21a2a3c3e8d9316d6270c1f7edc3ff5cea_b06a3aa9-2929-428c-8fa6-281b271e2ba4_360x450_crop_center.webp\",\"contentUrl\":\"https:\\\/\\\/www.guibutik.pt\\\/loja\\\/wp-content\\\/uploads\\\/2023\\\/06\\\/bbd8aa21a2a3c3e8d9316d6270c1f7edc3ff5cea_b06a3aa9-2929-428c-8fa6-281b271e2ba4_360x450_crop_center.webp\",\"width\":360,\"height\":450},{\"@type\":\"BreadcrumbList\",\"@id\":\"https:\\\/\\\/www.guibutik.pt\\\/loja\\\/produto\\\/calca-dockers\\\/#breadcrumb\",\"itemListElement\":[{\"@type\":\"ListItem\",\"position\":1,\"name\":\"In\u00edcio\",\"item\":\"https:\\\/\\\/www.guibutik.pt\\\/loja\\\/\"},{\"@type\":\"ListItem\",\"position\":2,\"name\":\"Loja\",\"item\":\"https:\\\/\\\/www.guibutik.pt\\\/loja\\\/shop\\\/\"},{\"@type\":\"ListItem\",\"position\":3,\"name\":\"Cal\u00e7a Dockers\"}]},{\"@type\":\"WebSite\",\"@id\":\"https:\\\/\\\/www.guibutik.pt\\\/loja\\\/#website\",\"url\":\"https:\\\/\\\/www.guibutik.pt\\\/loja\\\/\",\"name\":\"Guibutik\",\"description\":\"Moda e Sapataria\",\"potentialAction\":[{\"@type\":\"SearchAction\",\"target\":{\"@type\":\"EntryPoint\",\"urlTemplate\":\"https:\\\/\\\/www.guibutik.pt\\\/loja\\\/?s={search_term_string}\"},\"query-input\":{\"@type\":\"PropertyValueSpecification\",\"valueRequired\":true,\"valueName\":\"search_term_string\"}}],\"inLanguage\":\"pt-PT\"}]}<\/script>\n<!-- \/ Yoast SEO plugin. -->","yoast_head_json":{"title":"Cal\u00e7a Dockers - Guibutik","robots":{"index":"index","follow":"follow","max-snippet":"max-snippet:-1","max-image-preview":"max-image-preview:large","max-video-preview":"max-video-preview:-1"},"canonical":"https:\/\/www.guibutik.pt\/loja\/produto\/calca-dockers\/","og_locale":"pt_PT","og_type":"article","og_title":"Cal\u00e7a Dockers - Guibutik","og_description":"Cl\u00e1ssico e f\u00e1cil.\u00a0Fizemos o California Khaki com nosso mundialmente famoso e mais vendido Smart 360 Flex\u2122, que os diferencia dos melhores.\u00a0Conforto nunca ser\u00e1 um problema.\u00a0Um par obrigat\u00f3rio de cal\u00e7as c\u00e1qui   Slim fit: Nosso slim fit \u00e9 a quantidade certa de slim com uma abertura de perna fina  Feito com nosso mundialmente famoso e mais vendido Smart 360 Flex\u2122  O Smart 360 Flex\u2122 se estende vertical e horizontalmente para m\u00e1xima flexibilidade e movimento  Somos parceiros de instala\u00e7\u00f5es l\u00edderes do setor que reciclam e usam menos \u00e1gua;\u00a0Esta vestimenta \u00e9 feita de forma mais sustent\u00e1vel com nossas t\u00e9cnicas waterless\u00ae, que reduzem o uso de \u00e1gua no processo de fabrica\u00e7\u00e3o da vestimenta;\u00a0At\u00e9 agora, a Dockers\u00ae j\u00e1 reciclou mais de 47 milh\u00f5es de litros e contando  Usamos algod\u00e3o reciclado para reduzir o uso de fibras virgens e ajudar a manter nosso planeta um pouco mais saud\u00e1vel","og_url":"https:\/\/www.guibutik.pt\/loja\/produto\/calca-dockers\/","og_site_name":"Guibutik","article_publisher":"https:\/\/www.facebook.com\/guibutik\/","article_modified_time":"2026-02-28T15:10:48+00:00","og_image":[{"width":360,"height":450,"url":"https:\/\/www.guibutik.pt\/loja\/wp-content\/uploads\/2023\/06\/bbd8aa21a2a3c3e8d9316d6270c1f7edc3ff5cea_b06a3aa9-2929-428c-8fa6-281b271e2ba4_360x450_crop_center.webp","type":"image\/webp"}],"twitter_card":"summary_large_image","twitter_misc":{"Tempo estimado de leitura":"1 minuto"},"schema":{"@context":"https:\/\/schema.org","@graph":[{"@type":"WebPage","@id":"https:\/\/www.guibutik.pt\/loja\/produto\/calca-dockers\/","url":"https:\/\/www.guibutik.pt\/loja\/produto\/calca-dockers\/","name":"Cal\u00e7a Dockers - Guibutik","isPartOf":{"@id":"https:\/\/www.guibutik.pt\/loja\/#website"},"primaryImageOfPage":{"@id":"https:\/\/www.guibutik.pt\/loja\/produto\/calca-dockers\/#primaryimage"},"image":{"@id":"https:\/\/www.guibutik.pt\/loja\/produto\/calca-dockers\/#primaryimage"},"thumbnailUrl":"https:\/\/www.guibutik.pt\/loja\/wp-content\/uploads\/2023\/06\/bbd8aa21a2a3c3e8d9316d6270c1f7edc3ff5cea_b06a3aa9-2929-428c-8fa6-281b271e2ba4_360x450_crop_center.webp","datePublished":"2023-06-02T09:59:17+00:00","dateModified":"2026-02-28T15:10:48+00:00","breadcrumb":{"@id":"https:\/\/www.guibutik.pt\/loja\/produto\/calca-dockers\/#breadcrumb"},"inLanguage":"pt-PT","potentialAction":[{"@type":"ReadAction","target":["https:\/\/www.guibutik.pt\/loja\/produto\/calca-dockers\/"]}]},{"@type":"ImageObject","inLanguage":"pt-PT","@id":"https:\/\/www.guibutik.pt\/loja\/produto\/calca-dockers\/#primaryimage","url":"https:\/\/www.guibutik.pt\/loja\/wp-content\/uploads\/2023\/06\/bbd8aa21a2a3c3e8d9316d6270c1f7edc3ff5cea_b06a3aa9-2929-428c-8fa6-281b271e2ba4_360x450_crop_center.webp","contentUrl":"https:\/\/www.guibutik.pt\/loja\/wp-content\/uploads\/2023\/06\/bbd8aa21a2a3c3e8d9316d6270c1f7edc3ff5cea_b06a3aa9-2929-428c-8fa6-281b271e2ba4_360x450_crop_center.webp","width":360,"height":450},{"@type":"BreadcrumbList","@id":"https:\/\/www.guibutik.pt\/loja\/produto\/calca-dockers\/#breadcrumb","itemListElement":[{"@type":"ListItem","position":1,"name":"In\u00edcio","item":"https:\/\/www.guibutik.pt\/loja\/"},{"@type":"ListItem","position":2,"name":"Loja","item":"https:\/\/www.guibutik.pt\/loja\/shop\/"},{"@type":"ListItem","position":3,"name":"Cal\u00e7a Dockers"}]},{"@type":"WebSite","@id":"https:\/\/www.guibutik.pt\/loja\/#website","url":"https:\/\/www.guibutik.pt\/loja\/","name":"Guibutik","description":"Moda e Sapataria","potentialAction":[{"@type":"SearchAction","target":{"@type":"EntryPoint","urlTemplate":"https:\/\/www.guibutik.pt\/loja\/?s={search_term_string}"},"query-input":{"@type":"PropertyValueSpecification","valueRequired":true,"valueName":"search_term_string"}}],"inLanguage":"pt-PT"}]}},"_links":{"self":[{"href":"https:\/\/www.guibutik.pt\/loja\/wp-json\/wp\/v2\/product\/50928","targetHints":{"allow":["GET"]}}],"collection":[{"href":"https:\/\/www.guibutik.pt\/loja\/wp-json\/wp\/v2\/product"}],"about":[{"href":"https:\/\/www.guibutik.pt\/loja\/wp-json\/wp\/v2\/types\/product"}],"replies":[{"embeddable":true,"href":"https:\/\/www.guibutik.pt\/loja\/wp-json\/wp\/v2\/comments?post=50928"}],"wp:featuredmedia":[{"embeddable":true,"href":"https:\/\/www.guibutik.pt\/loja\/wp-json\/wp\/v2\/media\/50940"}],"wp:attachment":[{"href":"https:\/\/www.guibutik.pt\/loja\/wp-json\/wp\/v2\/media?parent=50928"}],"wp:term":[{"taxonomy":"product_cat","embeddable":true,"href":"https:\/\/www.guibutik.pt\/loja\/wp-json\/wp\/v2\/product_cat?post=50928"},{"taxonomy":"product_tag","embeddable":true,"href":"https:\/\/www.guibutik.pt\/loja\/wp-json\/wp\/v2\/product_tag?post=50928"}],"curies":[{"name":"wp","href":"https:\/\/api.w.org\/{rel}","templated":true}]}}