{"id":49601,"date":"2023-05-08T15:58:13","date_gmt":"2023-05-08T14:58:13","guid":{"rendered":"https:\/\/www.guibutik.pt\/loja\/?post_type=product&#038;p=49601"},"modified":"2026-03-06T11:21:35","modified_gmt":"2026-03-06T10:21:35","slug":"chinelo-june-levis-2","status":"publish","type":"product","link":"https:\/\/www.guibutik.pt\/loja\/produto\/chinelo-june-levis-2\/","title":{"rendered":"Chinelo June Levi&#8217;s"},"content":{"rendered":"<h3>Caracter\u00edsticas<\/h3>\n<p>\u2022 Parte superior sint\u00e9tica<\/p>\n<p>\u2022 Tamanho normal<\/p>\n<p>\u2022 Design de molde de pe\u00e7a \u00fanica feito de material de espuma EVA macio<\/p>\n<p>\u2022 Sola em relevo para ajuste confort\u00e1vel<\/p>\n<p>\u2022 Material de espuma EVA e sola interna para absor\u00e7\u00e3o de choque e conforto leve<\/p>\n","protected":false},"excerpt":{"rendered":"<p>Estes escorregas infantis s\u00e3o perfeitos para antes ou depois do treino na piscina.\u00a0S\u00e3o tamb\u00e9m ideais para os passeios de ver\u00e3o, protegendo os p\u00e9s das crian\u00e7as da forma mais moderna.<\/p>\n","protected":false},"featured_media":49611,"comment_status":"closed","ping_status":"closed","template":"","meta":[],"product_cat":[295,296,315,549,556,267,236,235,222],"product_tag":[],"class_list":{"0":"post-49601","1":"product","2":"type-product","3":"status-publish","4":"has-post-thumbnail","6":"product_cat-calcado-rapaz","7":"product_cat-calcado-menina","8":"product_cat-chinelo","9":"product_cat-chinelo-calcado-menina","10":"product_cat-chinelo-calcado-rapaz","11":"product_cat-crianca","12":"product_cat-menina","13":"product_cat-rapaz","14":"product_cat-senhora","15":"ts_product_brand-levis","17":"first","18":"instock","19":"shipping-taxable","20":"purchasable","21":"product-type-variable"},"yoast_head":"<!-- This site is optimized with the Yoast SEO plugin v27.6 - https:\/\/yoast.com\/product\/yoast-seo-wordpress\/ -->\n<title>Chinelo June Levi&#039;s - Guibutik<\/title>\n<meta name=\"robots\" content=\"index, follow, max-snippet:-1, max-image-preview:large, max-video-preview:-1\" \/>\n<link rel=\"canonical\" href=\"https:\/\/www.guibutik.pt\/loja\/produto\/chinelo-june-levis-2\/\" \/>\n<meta property=\"og:locale\" content=\"pt_PT\" \/>\n<meta property=\"og:type\" content=\"article\" \/>\n<meta property=\"og:title\" content=\"Chinelo June Levi&#039;s - Guibutik\" \/>\n<meta property=\"og:description\" content=\"Estes escorregas infantis s\u00e3o perfeitos para antes ou depois do treino na piscina.\u00a0S\u00e3o tamb\u00e9m ideais para os passeios de ver\u00e3o, protegendo os p\u00e9s das crian\u00e7as da forma mais moderna.\" \/>\n<meta property=\"og:url\" content=\"https:\/\/www.guibutik.pt\/loja\/produto\/chinelo-june-levis-2\/\" \/>\n<meta property=\"og:site_name\" content=\"Guibutik\" \/>\n<meta property=\"article:publisher\" content=\"https:\/\/www.facebook.com\/guibutik\/\" \/>\n<meta property=\"article:modified_time\" content=\"2026-03-06T10:21:35+00:00\" \/>\n<meta property=\"og:image\" content=\"https:\/\/www.guibutik.pt\/loja\/wp-content\/uploads\/2023\/05\/levi-s-june-l.jpg\" \/>\n\t<meta property=\"og:image:width\" content=\"992\" \/>\n\t<meta property=\"og:image:height\" content=\"992\" \/>\n\t<meta property=\"og:image:type\" content=\"image\/jpeg\" \/>\n<meta name=\"twitter:card\" content=\"summary_large_image\" \/>\n<meta name=\"twitter:label1\" content=\"Tempo estimado de leitura\" \/>\n\t<meta name=\"twitter:data1\" content=\"1 minuto\" \/>\n<script type=\"application\/ld+json\" class=\"yoast-schema-graph\">{\"@context\":\"https:\\\/\\\/schema.org\",\"@graph\":[{\"@type\":\"WebPage\",\"@id\":\"https:\\\/\\\/www.guibutik.pt\\\/loja\\\/produto\\\/chinelo-june-levis-2\\\/\",\"url\":\"https:\\\/\\\/www.guibutik.pt\\\/loja\\\/produto\\\/chinelo-june-levis-2\\\/\",\"name\":\"Chinelo June Levi's - Guibutik\",\"isPartOf\":{\"@id\":\"https:\\\/\\\/www.guibutik.pt\\\/loja\\\/#website\"},\"primaryImageOfPage\":{\"@id\":\"https:\\\/\\\/www.guibutik.pt\\\/loja\\\/produto\\\/chinelo-june-levis-2\\\/#primaryimage\"},\"image\":{\"@id\":\"https:\\\/\\\/www.guibutik.pt\\\/loja\\\/produto\\\/chinelo-june-levis-2\\\/#primaryimage\"},\"thumbnailUrl\":\"https:\\\/\\\/www.guibutik.pt\\\/loja\\\/wp-content\\\/uploads\\\/2023\\\/05\\\/levi-s-june-l.jpg\",\"datePublished\":\"2023-05-08T14:58:13+00:00\",\"dateModified\":\"2026-03-06T10:21:35+00:00\",\"breadcrumb\":{\"@id\":\"https:\\\/\\\/www.guibutik.pt\\\/loja\\\/produto\\\/chinelo-june-levis-2\\\/#breadcrumb\"},\"inLanguage\":\"pt-PT\",\"potentialAction\":[{\"@type\":\"ReadAction\",\"target\":[\"https:\\\/\\\/www.guibutik.pt\\\/loja\\\/produto\\\/chinelo-june-levis-2\\\/\"]}]},{\"@type\":\"ImageObject\",\"inLanguage\":\"pt-PT\",\"@id\":\"https:\\\/\\\/www.guibutik.pt\\\/loja\\\/produto\\\/chinelo-june-levis-2\\\/#primaryimage\",\"url\":\"https:\\\/\\\/www.guibutik.pt\\\/loja\\\/wp-content\\\/uploads\\\/2023\\\/05\\\/levi-s-june-l.jpg\",\"contentUrl\":\"https:\\\/\\\/www.guibutik.pt\\\/loja\\\/wp-content\\\/uploads\\\/2023\\\/05\\\/levi-s-june-l.jpg\",\"width\":992,\"height\":992},{\"@type\":\"BreadcrumbList\",\"@id\":\"https:\\\/\\\/www.guibutik.pt\\\/loja\\\/produto\\\/chinelo-june-levis-2\\\/#breadcrumb\",\"itemListElement\":[{\"@type\":\"ListItem\",\"position\":1,\"name\":\"In\u00edcio\",\"item\":\"https:\\\/\\\/www.guibutik.pt\\\/loja\\\/\"},{\"@type\":\"ListItem\",\"position\":2,\"name\":\"Loja\",\"item\":\"https:\\\/\\\/www.guibutik.pt\\\/loja\\\/shop\\\/\"},{\"@type\":\"ListItem\",\"position\":3,\"name\":\"Chinelo June Levi&#8217;s\"}]},{\"@type\":\"WebSite\",\"@id\":\"https:\\\/\\\/www.guibutik.pt\\\/loja\\\/#website\",\"url\":\"https:\\\/\\\/www.guibutik.pt\\\/loja\\\/\",\"name\":\"Guibutik\",\"description\":\"Moda e Sapataria\",\"potentialAction\":[{\"@type\":\"SearchAction\",\"target\":{\"@type\":\"EntryPoint\",\"urlTemplate\":\"https:\\\/\\\/www.guibutik.pt\\\/loja\\\/?s={search_term_string}\"},\"query-input\":{\"@type\":\"PropertyValueSpecification\",\"valueRequired\":true,\"valueName\":\"search_term_string\"}}],\"inLanguage\":\"pt-PT\"}]}<\/script>\n<!-- \/ Yoast SEO plugin. -->","yoast_head_json":{"title":"Chinelo June Levi's - Guibutik","robots":{"index":"index","follow":"follow","max-snippet":"max-snippet:-1","max-image-preview":"max-image-preview:large","max-video-preview":"max-video-preview:-1"},"canonical":"https:\/\/www.guibutik.pt\/loja\/produto\/chinelo-june-levis-2\/","og_locale":"pt_PT","og_type":"article","og_title":"Chinelo June Levi's - Guibutik","og_description":"Estes escorregas infantis s\u00e3o perfeitos para antes ou depois do treino na piscina.\u00a0S\u00e3o tamb\u00e9m ideais para os passeios de ver\u00e3o, protegendo os p\u00e9s das crian\u00e7as da forma mais moderna.","og_url":"https:\/\/www.guibutik.pt\/loja\/produto\/chinelo-june-levis-2\/","og_site_name":"Guibutik","article_publisher":"https:\/\/www.facebook.com\/guibutik\/","article_modified_time":"2026-03-06T10:21:35+00:00","og_image":[{"width":992,"height":992,"url":"https:\/\/www.guibutik.pt\/loja\/wp-content\/uploads\/2023\/05\/levi-s-june-l.jpg","type":"image\/jpeg"}],"twitter_card":"summary_large_image","twitter_misc":{"Tempo estimado de leitura":"1 minuto"},"schema":{"@context":"https:\/\/schema.org","@graph":[{"@type":"WebPage","@id":"https:\/\/www.guibutik.pt\/loja\/produto\/chinelo-june-levis-2\/","url":"https:\/\/www.guibutik.pt\/loja\/produto\/chinelo-june-levis-2\/","name":"Chinelo June Levi's - Guibutik","isPartOf":{"@id":"https:\/\/www.guibutik.pt\/loja\/#website"},"primaryImageOfPage":{"@id":"https:\/\/www.guibutik.pt\/loja\/produto\/chinelo-june-levis-2\/#primaryimage"},"image":{"@id":"https:\/\/www.guibutik.pt\/loja\/produto\/chinelo-june-levis-2\/#primaryimage"},"thumbnailUrl":"https:\/\/www.guibutik.pt\/loja\/wp-content\/uploads\/2023\/05\/levi-s-june-l.jpg","datePublished":"2023-05-08T14:58:13+00:00","dateModified":"2026-03-06T10:21:35+00:00","breadcrumb":{"@id":"https:\/\/www.guibutik.pt\/loja\/produto\/chinelo-june-levis-2\/#breadcrumb"},"inLanguage":"pt-PT","potentialAction":[{"@type":"ReadAction","target":["https:\/\/www.guibutik.pt\/loja\/produto\/chinelo-june-levis-2\/"]}]},{"@type":"ImageObject","inLanguage":"pt-PT","@id":"https:\/\/www.guibutik.pt\/loja\/produto\/chinelo-june-levis-2\/#primaryimage","url":"https:\/\/www.guibutik.pt\/loja\/wp-content\/uploads\/2023\/05\/levi-s-june-l.jpg","contentUrl":"https:\/\/www.guibutik.pt\/loja\/wp-content\/uploads\/2023\/05\/levi-s-june-l.jpg","width":992,"height":992},{"@type":"BreadcrumbList","@id":"https:\/\/www.guibutik.pt\/loja\/produto\/chinelo-june-levis-2\/#breadcrumb","itemListElement":[{"@type":"ListItem","position":1,"name":"In\u00edcio","item":"https:\/\/www.guibutik.pt\/loja\/"},{"@type":"ListItem","position":2,"name":"Loja","item":"https:\/\/www.guibutik.pt\/loja\/shop\/"},{"@type":"ListItem","position":3,"name":"Chinelo June Levi&#8217;s"}]},{"@type":"WebSite","@id":"https:\/\/www.guibutik.pt\/loja\/#website","url":"https:\/\/www.guibutik.pt\/loja\/","name":"Guibutik","description":"Moda e Sapataria","potentialAction":[{"@type":"SearchAction","target":{"@type":"EntryPoint","urlTemplate":"https:\/\/www.guibutik.pt\/loja\/?s={search_term_string}"},"query-input":{"@type":"PropertyValueSpecification","valueRequired":true,"valueName":"search_term_string"}}],"inLanguage":"pt-PT"}]}},"_links":{"self":[{"href":"https:\/\/www.guibutik.pt\/loja\/wp-json\/wp\/v2\/product\/49601","targetHints":{"allow":["GET"]}}],"collection":[{"href":"https:\/\/www.guibutik.pt\/loja\/wp-json\/wp\/v2\/product"}],"about":[{"href":"https:\/\/www.guibutik.pt\/loja\/wp-json\/wp\/v2\/types\/product"}],"replies":[{"embeddable":true,"href":"https:\/\/www.guibutik.pt\/loja\/wp-json\/wp\/v2\/comments?post=49601"}],"wp:featuredmedia":[{"embeddable":true,"href":"https:\/\/www.guibutik.pt\/loja\/wp-json\/wp\/v2\/media\/49611"}],"wp:attachment":[{"href":"https:\/\/www.guibutik.pt\/loja\/wp-json\/wp\/v2\/media?parent=49601"}],"wp:term":[{"taxonomy":"product_cat","embeddable":true,"href":"https:\/\/www.guibutik.pt\/loja\/wp-json\/wp\/v2\/product_cat?post=49601"},{"taxonomy":"product_tag","embeddable":true,"href":"https:\/\/www.guibutik.pt\/loja\/wp-json\/wp\/v2\/product_tag?post=49601"}],"curies":[{"name":"wp","href":"https:\/\/api.w.org\/{rel}","templated":true}]}}