{"id":49206,"date":"2023-05-04T12:39:58","date_gmt":"2023-05-04T11:39:58","guid":{"rendered":"https:\/\/www.guibutik.pt\/loja\/?post_type=product&#038;p=49206"},"modified":"2026-03-06T10:51:05","modified_gmt":"2026-03-06T09:51:05","slug":"49206","status":"publish","type":"product","link":"https:\/\/www.guibutik.pt\/loja\/produto\/49206\/","title":{"rendered":"Sand\u00e1lia Tapuz Geox"},"content":{"rendered":"<div class=\"accordion-title description-element-title\"><\/div>\n<div class=\"description-element-body accordion-content-exploded\">\n<div class=\"custom-field feat-wrap\">\n<div class=\"custom-field__icon-label-content\">\n<div class=\"label-content\">\n<ul>\n<li><\/li>\n<\/ul>\n<div class=\"description-element-subtitle\" data-seo-label=\"composition\">COMPOSI\u00c7\u00c3O<\/div>\n<div id=\"1dcm71-accordion\" class=\"description-element-body accordion-content\" role=\"tabpanel\" data-tab-content=\"\" aria-labelledby=\"1dcm71-accordion-label\" aria-hidden=\"false\">\n<div class=\"custom-field feat-wrap\">\n<div class=\"custom-field__icon-label-content\">\n<div class=\"label-content\">\n<p class=\"content\">Cabedal: 42% T\u00eaxtil-58% Sint\u00e9tico<br \/>\nForro: 100% Couro<\/p>\n<\/div>\n<\/div>\n<\/div>\n<div class=\"custom-field feat-wrap\">\n<div class=\"custom-field__icon-label-content\">\n<div class=\"label-content\">\n<p class=\"content\">Solado: Material 100% Sint\u00e9tico<br \/>\nPalmilha: 100% Couro<\/p>\n<\/div>\n<\/div>\n<\/div>\n<\/div>\n<\/div>\n<\/div>\n<\/div>\n<\/div>\n","protected":false},"excerpt":{"rendered":"<p>Sand\u00e1lia de couro da empresa italiana Geox.<\/p>\n<p>Palmilha em couro, anat\u00f3mica, antimicrobiana.<\/p>\n<p>Velcro para f\u00e1cil aplica\u00e7\u00e3o.<\/p>\n<p>Sola confort\u00e1vel com tecnologia Respira que permite que o p\u00e9 respire.<\/p>\n","protected":false},"featured_media":49217,"comment_status":"closed","ping_status":"closed","template":"","meta":[],"product_cat":[295,267,235,554],"product_tag":[],"class_list":{"0":"post-49206","1":"product","2":"type-product","3":"status-publish","4":"has-post-thumbnail","6":"product_cat-calcado-rapaz","7":"product_cat-crianca","8":"product_cat-rapaz","9":"product_cat-sandalia-calcado-rapaz","10":"ts_product_brand-geox","12":"first","13":"instock","14":"shipping-taxable","15":"purchasable","16":"product-type-variable"},"yoast_head":"<!-- This site is optimized with the Yoast SEO plugin v27.6 - https:\/\/yoast.com\/product\/yoast-seo-wordpress\/ -->\n<title>Sand\u00e1lia Tapuz Geox - Guibutik<\/title>\n<meta name=\"robots\" content=\"index, follow, max-snippet:-1, max-image-preview:large, max-video-preview:-1\" \/>\n<link rel=\"canonical\" href=\"https:\/\/www.guibutik.pt\/loja\/produto\/49206\/\" \/>\n<meta property=\"og:locale\" content=\"pt_PT\" \/>\n<meta property=\"og:type\" content=\"article\" \/>\n<meta property=\"og:title\" content=\"Sand\u00e1lia Tapuz Geox - Guibutik\" \/>\n<meta property=\"og:description\" content=\"Sand\u00e1lia de couro da empresa italiana Geox.  Palmilha em couro, anat\u00f3mica, antimicrobiana.  Velcro para f\u00e1cil aplica\u00e7\u00e3o.  Sola confort\u00e1vel com tecnologia Respira que permite que o p\u00e9 respire.\" \/>\n<meta property=\"og:url\" content=\"https:\/\/www.guibutik.pt\/loja\/produto\/49206\/\" \/>\n<meta property=\"og:site_name\" content=\"Guibutik\" \/>\n<meta property=\"article:publisher\" content=\"https:\/\/www.facebook.com\/guibutik\/\" \/>\n<meta property=\"article:modified_time\" content=\"2026-03-06T09:51:05+00:00\" \/>\n<meta property=\"og:image\" content=\"https:\/\/www.guibutik.pt\/loja\/wp-content\/uploads\/2023\/05\/3993300-geox-b250xa-b-s.tapuz-b.-a-navy.png-300x285-1.png\" \/>\n\t<meta property=\"og:image:width\" content=\"300\" \/>\n\t<meta property=\"og:image:height\" content=\"285\" \/>\n\t<meta property=\"og:image:type\" content=\"image\/png\" \/>\n<meta name=\"twitter:card\" content=\"summary_large_image\" \/>\n<meta name=\"twitter:label1\" content=\"Tempo estimado de leitura\" \/>\n\t<meta name=\"twitter:data1\" content=\"1 minuto\" \/>\n<script type=\"application\/ld+json\" class=\"yoast-schema-graph\">{\"@context\":\"https:\\\/\\\/schema.org\",\"@graph\":[{\"@type\":\"WebPage\",\"@id\":\"https:\\\/\\\/www.guibutik.pt\\\/loja\\\/produto\\\/49206\\\/\",\"url\":\"https:\\\/\\\/www.guibutik.pt\\\/loja\\\/produto\\\/49206\\\/\",\"name\":\"Sand\u00e1lia Tapuz Geox - Guibutik\",\"isPartOf\":{\"@id\":\"https:\\\/\\\/www.guibutik.pt\\\/loja\\\/#website\"},\"primaryImageOfPage\":{\"@id\":\"https:\\\/\\\/www.guibutik.pt\\\/loja\\\/produto\\\/49206\\\/#primaryimage\"},\"image\":{\"@id\":\"https:\\\/\\\/www.guibutik.pt\\\/loja\\\/produto\\\/49206\\\/#primaryimage\"},\"thumbnailUrl\":\"https:\\\/\\\/www.guibutik.pt\\\/loja\\\/wp-content\\\/uploads\\\/2023\\\/05\\\/3993300-geox-b250xa-b-s.tapuz-b.-a-navy.png-300x285-1.png\",\"datePublished\":\"2023-05-04T11:39:58+00:00\",\"dateModified\":\"2026-03-06T09:51:05+00:00\",\"breadcrumb\":{\"@id\":\"https:\\\/\\\/www.guibutik.pt\\\/loja\\\/produto\\\/49206\\\/#breadcrumb\"},\"inLanguage\":\"pt-PT\",\"potentialAction\":[{\"@type\":\"ReadAction\",\"target\":[\"https:\\\/\\\/www.guibutik.pt\\\/loja\\\/produto\\\/49206\\\/\"]}]},{\"@type\":\"ImageObject\",\"inLanguage\":\"pt-PT\",\"@id\":\"https:\\\/\\\/www.guibutik.pt\\\/loja\\\/produto\\\/49206\\\/#primaryimage\",\"url\":\"https:\\\/\\\/www.guibutik.pt\\\/loja\\\/wp-content\\\/uploads\\\/2023\\\/05\\\/3993300-geox-b250xa-b-s.tapuz-b.-a-navy.png-300x285-1.png\",\"contentUrl\":\"https:\\\/\\\/www.guibutik.pt\\\/loja\\\/wp-content\\\/uploads\\\/2023\\\/05\\\/3993300-geox-b250xa-b-s.tapuz-b.-a-navy.png-300x285-1.png\",\"width\":300,\"height\":285},{\"@type\":\"BreadcrumbList\",\"@id\":\"https:\\\/\\\/www.guibutik.pt\\\/loja\\\/produto\\\/49206\\\/#breadcrumb\",\"itemListElement\":[{\"@type\":\"ListItem\",\"position\":1,\"name\":\"In\u00edcio\",\"item\":\"https:\\\/\\\/www.guibutik.pt\\\/loja\\\/\"},{\"@type\":\"ListItem\",\"position\":2,\"name\":\"Loja\",\"item\":\"https:\\\/\\\/www.guibutik.pt\\\/loja\\\/shop\\\/\"},{\"@type\":\"ListItem\",\"position\":3,\"name\":\"Sand\u00e1lia Tapuz Geox\"}]},{\"@type\":\"WebSite\",\"@id\":\"https:\\\/\\\/www.guibutik.pt\\\/loja\\\/#website\",\"url\":\"https:\\\/\\\/www.guibutik.pt\\\/loja\\\/\",\"name\":\"Guibutik\",\"description\":\"Moda e Sapataria\",\"potentialAction\":[{\"@type\":\"SearchAction\",\"target\":{\"@type\":\"EntryPoint\",\"urlTemplate\":\"https:\\\/\\\/www.guibutik.pt\\\/loja\\\/?s={search_term_string}\"},\"query-input\":{\"@type\":\"PropertyValueSpecification\",\"valueRequired\":true,\"valueName\":\"search_term_string\"}}],\"inLanguage\":\"pt-PT\"}]}<\/script>\n<!-- \/ Yoast SEO plugin. -->","yoast_head_json":{"title":"Sand\u00e1lia Tapuz Geox - Guibutik","robots":{"index":"index","follow":"follow","max-snippet":"max-snippet:-1","max-image-preview":"max-image-preview:large","max-video-preview":"max-video-preview:-1"},"canonical":"https:\/\/www.guibutik.pt\/loja\/produto\/49206\/","og_locale":"pt_PT","og_type":"article","og_title":"Sand\u00e1lia Tapuz Geox - Guibutik","og_description":"Sand\u00e1lia de couro da empresa italiana Geox.  Palmilha em couro, anat\u00f3mica, antimicrobiana.  Velcro para f\u00e1cil aplica\u00e7\u00e3o.  Sola confort\u00e1vel com tecnologia Respira que permite que o p\u00e9 respire.","og_url":"https:\/\/www.guibutik.pt\/loja\/produto\/49206\/","og_site_name":"Guibutik","article_publisher":"https:\/\/www.facebook.com\/guibutik\/","article_modified_time":"2026-03-06T09:51:05+00:00","og_image":[{"width":300,"height":285,"url":"https:\/\/www.guibutik.pt\/loja\/wp-content\/uploads\/2023\/05\/3993300-geox-b250xa-b-s.tapuz-b.-a-navy.png-300x285-1.png","type":"image\/png"}],"twitter_card":"summary_large_image","twitter_misc":{"Tempo estimado de leitura":"1 minuto"},"schema":{"@context":"https:\/\/schema.org","@graph":[{"@type":"WebPage","@id":"https:\/\/www.guibutik.pt\/loja\/produto\/49206\/","url":"https:\/\/www.guibutik.pt\/loja\/produto\/49206\/","name":"Sand\u00e1lia Tapuz Geox - Guibutik","isPartOf":{"@id":"https:\/\/www.guibutik.pt\/loja\/#website"},"primaryImageOfPage":{"@id":"https:\/\/www.guibutik.pt\/loja\/produto\/49206\/#primaryimage"},"image":{"@id":"https:\/\/www.guibutik.pt\/loja\/produto\/49206\/#primaryimage"},"thumbnailUrl":"https:\/\/www.guibutik.pt\/loja\/wp-content\/uploads\/2023\/05\/3993300-geox-b250xa-b-s.tapuz-b.-a-navy.png-300x285-1.png","datePublished":"2023-05-04T11:39:58+00:00","dateModified":"2026-03-06T09:51:05+00:00","breadcrumb":{"@id":"https:\/\/www.guibutik.pt\/loja\/produto\/49206\/#breadcrumb"},"inLanguage":"pt-PT","potentialAction":[{"@type":"ReadAction","target":["https:\/\/www.guibutik.pt\/loja\/produto\/49206\/"]}]},{"@type":"ImageObject","inLanguage":"pt-PT","@id":"https:\/\/www.guibutik.pt\/loja\/produto\/49206\/#primaryimage","url":"https:\/\/www.guibutik.pt\/loja\/wp-content\/uploads\/2023\/05\/3993300-geox-b250xa-b-s.tapuz-b.-a-navy.png-300x285-1.png","contentUrl":"https:\/\/www.guibutik.pt\/loja\/wp-content\/uploads\/2023\/05\/3993300-geox-b250xa-b-s.tapuz-b.-a-navy.png-300x285-1.png","width":300,"height":285},{"@type":"BreadcrumbList","@id":"https:\/\/www.guibutik.pt\/loja\/produto\/49206\/#breadcrumb","itemListElement":[{"@type":"ListItem","position":1,"name":"In\u00edcio","item":"https:\/\/www.guibutik.pt\/loja\/"},{"@type":"ListItem","position":2,"name":"Loja","item":"https:\/\/www.guibutik.pt\/loja\/shop\/"},{"@type":"ListItem","position":3,"name":"Sand\u00e1lia Tapuz Geox"}]},{"@type":"WebSite","@id":"https:\/\/www.guibutik.pt\/loja\/#website","url":"https:\/\/www.guibutik.pt\/loja\/","name":"Guibutik","description":"Moda e Sapataria","potentialAction":[{"@type":"SearchAction","target":{"@type":"EntryPoint","urlTemplate":"https:\/\/www.guibutik.pt\/loja\/?s={search_term_string}"},"query-input":{"@type":"PropertyValueSpecification","valueRequired":true,"valueName":"search_term_string"}}],"inLanguage":"pt-PT"}]}},"_links":{"self":[{"href":"https:\/\/www.guibutik.pt\/loja\/wp-json\/wp\/v2\/product\/49206","targetHints":{"allow":["GET"]}}],"collection":[{"href":"https:\/\/www.guibutik.pt\/loja\/wp-json\/wp\/v2\/product"}],"about":[{"href":"https:\/\/www.guibutik.pt\/loja\/wp-json\/wp\/v2\/types\/product"}],"replies":[{"embeddable":true,"href":"https:\/\/www.guibutik.pt\/loja\/wp-json\/wp\/v2\/comments?post=49206"}],"wp:featuredmedia":[{"embeddable":true,"href":"https:\/\/www.guibutik.pt\/loja\/wp-json\/wp\/v2\/media\/49217"}],"wp:attachment":[{"href":"https:\/\/www.guibutik.pt\/loja\/wp-json\/wp\/v2\/media?parent=49206"}],"wp:term":[{"taxonomy":"product_cat","embeddable":true,"href":"https:\/\/www.guibutik.pt\/loja\/wp-json\/wp\/v2\/product_cat?post=49206"},{"taxonomy":"product_tag","embeddable":true,"href":"https:\/\/www.guibutik.pt\/loja\/wp-json\/wp\/v2\/product_tag?post=49206"}],"curies":[{"name":"wp","href":"https:\/\/api.w.org\/{rel}","templated":true}]}}