{"id":48076,"date":"2023-03-28T18:40:20","date_gmt":"2023-03-28T17:40:20","guid":{"rendered":"https:\/\/www.guibutik.pt\/loja\/?post_type=product&#038;p=48076"},"modified":"2026-03-06T10:51:15","modified_gmt":"2026-03-06T09:51:15","slug":"sandalia-elthan-geox","status":"publish","type":"product","link":"https:\/\/www.guibutik.pt\/loja\/produto\/sandalia-elthan-geox\/","title":{"rendered":"Sand\u00e1lia Elthan Geox"},"content":{"rendered":"<div class=\"accordion-exploded accordionPDPSpecs product-actions__specs description-element\">\n<div class=\"accordion-item-exploded specs\">\n<div class=\"accordion-title description-element-title\">\n<div class=\"description-element-subtitle\" data-seo-label=\"characteristics\">CARACTER\u00cdSTICAS<\/div>\n<\/div>\n<div class=\"description-element-body accordion-content-exploded\">\n<div class=\"custom-field feat-wrap\">\n<div class=\"custom-field__icon-label-content\">\n<div class=\"label-content\">\n<ul>\n<li>A respirabilidade da sola e a sensa\u00e7\u00e3o de bem-estar do p\u00e9 s\u00e3o garantidas pelos sistemas patenteados pela Geox.<\/li>\n<li>Excelente flexibilidade garantida pelo Flexy System integrado na banda de rodagem.<\/li>\n<li>Pe\u00e7a de cal\u00e7ado altamente us\u00e1vel que oferece n\u00edveis de conforto superiores.<\/li>\n<li>O suporte do tornozelo fornece ao p\u00e9 a quantidade certa de movimento.<\/li>\n<li>A cobertura na palmilha \u00e9 feita de couro n\u00e3o t\u00f3xico e livre de cromo.<\/li>\n<li>Fecha com uma \u00fanica fita adesiva, facilitando a entrada r\u00e1pida.<\/li>\n<\/ul>\n<\/div>\n<\/div>\n<\/div>\n<\/div>\n<\/div>\n<\/div>\n<div class=\"accordion accordionPDPSpecs pdp-composition product-actions__specs description-element\" role=\"tablist\" data-slide-speed=\"0\" data-accordion=\"\" data-allow-all-closed=\"true\" data-multi-expand=\"true\" data-i=\"otsrqw-i\">\n<div class=\"accordion-item specs is-active\" data-accordion-item=\"\">\n<div class=\"description-element-subtitle\" data-seo-label=\"composition\">COMPOSI\u00c7\u00c3O<\/div>\n<div id=\"cs0m7h-accordion\" class=\"description-element-body accordion-content\" role=\"tabpanel\" data-tab-content=\"\" aria-labelledby=\"cs0m7h-accordion-label\" aria-hidden=\"false\">\n<div class=\"custom-field feat-wrap\">\n<div class=\"custom-field__icon-label-content\">\n<div class=\"label-content\">\n<p class=\"content\">Cabedal: 42% T\u00eaxtil-58% Sint\u00e9tico<br \/>\nForro: 100% Couro<\/p>\n<\/div>\n<\/div>\n<\/div>\n<div class=\"custom-field feat-wrap\">\n<div class=\"custom-field__icon-label-content\">\n<div class=\"label-content\">\n<p class=\"content\">Solado: Material 100% Sint\u00e9tico<br \/>\nPalmilha: 100% Couro<\/p>\n<\/div>\n<\/div>\n<\/div>\n<\/div>\n<\/div>\n<\/div>\n","protected":false},"excerpt":{"rendered":"<p>Sand\u00e1lias de primeiro passo para crian\u00e7a, com design protetor e confort\u00e1vel.\u00a0Com biqueira e calcanhar fechados, a sand\u00e1lia Elthan tem o formato ideal para proteger os p\u00e9s das crian\u00e7as no in\u00edcio da explora\u00e7\u00e3o.\u00a0\u00c9 f\u00e1cil de cal\u00e7ar e ajustar, confeccionado em material com efeito nobuck e lona e apresenta uma mistura de azul marinho e azul royal para combinar facilmente com looks do dia a dia.<\/p>\n","protected":false},"featured_media":48092,"comment_status":"closed","ping_status":"closed","template":"","meta":[],"product_cat":[295,267,235,554],"product_tag":[],"class_list":{"0":"post-48076","1":"product","2":"type-product","3":"status-publish","4":"has-post-thumbnail","6":"product_cat-calcado-rapaz","7":"product_cat-crianca","8":"product_cat-rapaz","9":"product_cat-sandalia-calcado-rapaz","10":"ts_product_brand-geox","12":"first","13":"instock","14":"shipping-taxable","15":"purchasable","16":"product-type-variable"},"yoast_head":"<!-- This site is optimized with the Yoast SEO plugin v27.4 - https:\/\/yoast.com\/product\/yoast-seo-wordpress\/ -->\n<title>Sand\u00e1lia Elthan Geox - Guibutik<\/title>\n<meta name=\"robots\" content=\"index, follow, max-snippet:-1, max-image-preview:large, max-video-preview:-1\" \/>\n<link rel=\"canonical\" href=\"https:\/\/www.guibutik.pt\/loja\/produto\/sandalia-elthan-geox\/\" \/>\n<meta property=\"og:locale\" content=\"pt_PT\" \/>\n<meta property=\"og:type\" content=\"article\" \/>\n<meta property=\"og:title\" content=\"Sand\u00e1lia Elthan Geox - Guibutik\" \/>\n<meta property=\"og:description\" content=\"Sand\u00e1lias de primeiro passo para crian\u00e7a, com design protetor e confort\u00e1vel.\u00a0Com biqueira e calcanhar fechados, a sand\u00e1lia Elthan tem o formato ideal para proteger os p\u00e9s das crian\u00e7as no in\u00edcio da explora\u00e7\u00e3o.\u00a0\u00c9 f\u00e1cil de cal\u00e7ar e ajustar, confeccionado em material com efeito nobuck e lona e apresenta uma mistura de azul marinho e azul royal para combinar facilmente com looks do dia a dia.\" \/>\n<meta property=\"og:url\" content=\"https:\/\/www.guibutik.pt\/loja\/produto\/sandalia-elthan-geox\/\" \/>\n<meta property=\"og:site_name\" content=\"Guibutik\" \/>\n<meta property=\"article:publisher\" content=\"https:\/\/www.facebook.com\/guibutik\/\" \/>\n<meta property=\"article:modified_time\" content=\"2026-03-06T09:51:15+00:00\" \/>\n<meta property=\"og:image\" content=\"https:\/\/www.guibutik.pt\/loja\/wp-content\/uploads\/2023\/03\/EC_P20003_100.jpg\" \/>\n\t<meta property=\"og:image:width\" content=\"700\" \/>\n\t<meta property=\"og:image:height\" content=\"700\" \/>\n\t<meta property=\"og:image:type\" content=\"image\/jpeg\" \/>\n<meta name=\"twitter:card\" content=\"summary_large_image\" \/>\n<meta name=\"twitter:label1\" content=\"Tempo estimado de leitura\" \/>\n\t<meta name=\"twitter:data1\" content=\"1 minuto\" \/>\n<script type=\"application\/ld+json\" class=\"yoast-schema-graph\">{\"@context\":\"https:\\\/\\\/schema.org\",\"@graph\":[{\"@type\":\"WebPage\",\"@id\":\"https:\\\/\\\/www.guibutik.pt\\\/loja\\\/produto\\\/sandalia-elthan-geox\\\/\",\"url\":\"https:\\\/\\\/www.guibutik.pt\\\/loja\\\/produto\\\/sandalia-elthan-geox\\\/\",\"name\":\"Sand\u00e1lia Elthan Geox - Guibutik\",\"isPartOf\":{\"@id\":\"https:\\\/\\\/www.guibutik.pt\\\/loja\\\/#website\"},\"primaryImageOfPage\":{\"@id\":\"https:\\\/\\\/www.guibutik.pt\\\/loja\\\/produto\\\/sandalia-elthan-geox\\\/#primaryimage\"},\"image\":{\"@id\":\"https:\\\/\\\/www.guibutik.pt\\\/loja\\\/produto\\\/sandalia-elthan-geox\\\/#primaryimage\"},\"thumbnailUrl\":\"https:\\\/\\\/www.guibutik.pt\\\/loja\\\/wp-content\\\/uploads\\\/2023\\\/03\\\/EC_P20003_100.jpg\",\"datePublished\":\"2023-03-28T17:40:20+00:00\",\"dateModified\":\"2026-03-06T09:51:15+00:00\",\"breadcrumb\":{\"@id\":\"https:\\\/\\\/www.guibutik.pt\\\/loja\\\/produto\\\/sandalia-elthan-geox\\\/#breadcrumb\"},\"inLanguage\":\"pt-PT\",\"potentialAction\":[{\"@type\":\"ReadAction\",\"target\":[\"https:\\\/\\\/www.guibutik.pt\\\/loja\\\/produto\\\/sandalia-elthan-geox\\\/\"]}]},{\"@type\":\"ImageObject\",\"inLanguage\":\"pt-PT\",\"@id\":\"https:\\\/\\\/www.guibutik.pt\\\/loja\\\/produto\\\/sandalia-elthan-geox\\\/#primaryimage\",\"url\":\"https:\\\/\\\/www.guibutik.pt\\\/loja\\\/wp-content\\\/uploads\\\/2023\\\/03\\\/EC_P20003_100.jpg\",\"contentUrl\":\"https:\\\/\\\/www.guibutik.pt\\\/loja\\\/wp-content\\\/uploads\\\/2023\\\/03\\\/EC_P20003_100.jpg\",\"width\":700,\"height\":700},{\"@type\":\"BreadcrumbList\",\"@id\":\"https:\\\/\\\/www.guibutik.pt\\\/loja\\\/produto\\\/sandalia-elthan-geox\\\/#breadcrumb\",\"itemListElement\":[{\"@type\":\"ListItem\",\"position\":1,\"name\":\"In\u00edcio\",\"item\":\"https:\\\/\\\/www.guibutik.pt\\\/loja\\\/\"},{\"@type\":\"ListItem\",\"position\":2,\"name\":\"Loja\",\"item\":\"https:\\\/\\\/www.guibutik.pt\\\/loja\\\/shop\\\/\"},{\"@type\":\"ListItem\",\"position\":3,\"name\":\"Sand\u00e1lia Elthan Geox\"}]},{\"@type\":\"WebSite\",\"@id\":\"https:\\\/\\\/www.guibutik.pt\\\/loja\\\/#website\",\"url\":\"https:\\\/\\\/www.guibutik.pt\\\/loja\\\/\",\"name\":\"Guibutik\",\"description\":\"Moda e Sapataria\",\"potentialAction\":[{\"@type\":\"SearchAction\",\"target\":{\"@type\":\"EntryPoint\",\"urlTemplate\":\"https:\\\/\\\/www.guibutik.pt\\\/loja\\\/?s={search_term_string}\"},\"query-input\":{\"@type\":\"PropertyValueSpecification\",\"valueRequired\":true,\"valueName\":\"search_term_string\"}}],\"inLanguage\":\"pt-PT\"}]}<\/script>\n<!-- \/ Yoast SEO plugin. -->","yoast_head_json":{"title":"Sand\u00e1lia Elthan Geox - Guibutik","robots":{"index":"index","follow":"follow","max-snippet":"max-snippet:-1","max-image-preview":"max-image-preview:large","max-video-preview":"max-video-preview:-1"},"canonical":"https:\/\/www.guibutik.pt\/loja\/produto\/sandalia-elthan-geox\/","og_locale":"pt_PT","og_type":"article","og_title":"Sand\u00e1lia Elthan Geox - Guibutik","og_description":"Sand\u00e1lias de primeiro passo para crian\u00e7a, com design protetor e confort\u00e1vel.\u00a0Com biqueira e calcanhar fechados, a sand\u00e1lia Elthan tem o formato ideal para proteger os p\u00e9s das crian\u00e7as no in\u00edcio da explora\u00e7\u00e3o.\u00a0\u00c9 f\u00e1cil de cal\u00e7ar e ajustar, confeccionado em material com efeito nobuck e lona e apresenta uma mistura de azul marinho e azul royal para combinar facilmente com looks do dia a dia.","og_url":"https:\/\/www.guibutik.pt\/loja\/produto\/sandalia-elthan-geox\/","og_site_name":"Guibutik","article_publisher":"https:\/\/www.facebook.com\/guibutik\/","article_modified_time":"2026-03-06T09:51:15+00:00","og_image":[{"width":700,"height":700,"url":"https:\/\/www.guibutik.pt\/loja\/wp-content\/uploads\/2023\/03\/EC_P20003_100.jpg","type":"image\/jpeg"}],"twitter_card":"summary_large_image","twitter_misc":{"Tempo estimado de leitura":"1 minuto"},"schema":{"@context":"https:\/\/schema.org","@graph":[{"@type":"WebPage","@id":"https:\/\/www.guibutik.pt\/loja\/produto\/sandalia-elthan-geox\/","url":"https:\/\/www.guibutik.pt\/loja\/produto\/sandalia-elthan-geox\/","name":"Sand\u00e1lia Elthan Geox - Guibutik","isPartOf":{"@id":"https:\/\/www.guibutik.pt\/loja\/#website"},"primaryImageOfPage":{"@id":"https:\/\/www.guibutik.pt\/loja\/produto\/sandalia-elthan-geox\/#primaryimage"},"image":{"@id":"https:\/\/www.guibutik.pt\/loja\/produto\/sandalia-elthan-geox\/#primaryimage"},"thumbnailUrl":"https:\/\/www.guibutik.pt\/loja\/wp-content\/uploads\/2023\/03\/EC_P20003_100.jpg","datePublished":"2023-03-28T17:40:20+00:00","dateModified":"2026-03-06T09:51:15+00:00","breadcrumb":{"@id":"https:\/\/www.guibutik.pt\/loja\/produto\/sandalia-elthan-geox\/#breadcrumb"},"inLanguage":"pt-PT","potentialAction":[{"@type":"ReadAction","target":["https:\/\/www.guibutik.pt\/loja\/produto\/sandalia-elthan-geox\/"]}]},{"@type":"ImageObject","inLanguage":"pt-PT","@id":"https:\/\/www.guibutik.pt\/loja\/produto\/sandalia-elthan-geox\/#primaryimage","url":"https:\/\/www.guibutik.pt\/loja\/wp-content\/uploads\/2023\/03\/EC_P20003_100.jpg","contentUrl":"https:\/\/www.guibutik.pt\/loja\/wp-content\/uploads\/2023\/03\/EC_P20003_100.jpg","width":700,"height":700},{"@type":"BreadcrumbList","@id":"https:\/\/www.guibutik.pt\/loja\/produto\/sandalia-elthan-geox\/#breadcrumb","itemListElement":[{"@type":"ListItem","position":1,"name":"In\u00edcio","item":"https:\/\/www.guibutik.pt\/loja\/"},{"@type":"ListItem","position":2,"name":"Loja","item":"https:\/\/www.guibutik.pt\/loja\/shop\/"},{"@type":"ListItem","position":3,"name":"Sand\u00e1lia Elthan Geox"}]},{"@type":"WebSite","@id":"https:\/\/www.guibutik.pt\/loja\/#website","url":"https:\/\/www.guibutik.pt\/loja\/","name":"Guibutik","description":"Moda e Sapataria","potentialAction":[{"@type":"SearchAction","target":{"@type":"EntryPoint","urlTemplate":"https:\/\/www.guibutik.pt\/loja\/?s={search_term_string}"},"query-input":{"@type":"PropertyValueSpecification","valueRequired":true,"valueName":"search_term_string"}}],"inLanguage":"pt-PT"}]}},"_links":{"self":[{"href":"https:\/\/www.guibutik.pt\/loja\/wp-json\/wp\/v2\/product\/48076","targetHints":{"allow":["GET"]}}],"collection":[{"href":"https:\/\/www.guibutik.pt\/loja\/wp-json\/wp\/v2\/product"}],"about":[{"href":"https:\/\/www.guibutik.pt\/loja\/wp-json\/wp\/v2\/types\/product"}],"replies":[{"embeddable":true,"href":"https:\/\/www.guibutik.pt\/loja\/wp-json\/wp\/v2\/comments?post=48076"}],"wp:featuredmedia":[{"embeddable":true,"href":"https:\/\/www.guibutik.pt\/loja\/wp-json\/wp\/v2\/media\/48092"}],"wp:attachment":[{"href":"https:\/\/www.guibutik.pt\/loja\/wp-json\/wp\/v2\/media?parent=48076"}],"wp:term":[{"taxonomy":"product_cat","embeddable":true,"href":"https:\/\/www.guibutik.pt\/loja\/wp-json\/wp\/v2\/product_cat?post=48076"},{"taxonomy":"product_tag","embeddable":true,"href":"https:\/\/www.guibutik.pt\/loja\/wp-json\/wp\/v2\/product_tag?post=48076"}],"curies":[{"name":"wp","href":"https:\/\/api.w.org\/{rel}","templated":true}]}}