{"id":46631,"date":"2023-03-13T19:37:12","date_gmt":"2023-03-13T18:37:12","guid":{"rendered":"https:\/\/www.guibutik.pt\/loja\/?post_type=product&#038;p=46631"},"modified":"2026-03-12T19:42:42","modified_gmt":"2026-03-12T18:42:42","slug":"camisa-nigeria-tiffosi","status":"publish","type":"product","link":"https:\/\/www.guibutik.pt\/loja\/produto\/camisa-nigeria-tiffosi\/","title":{"rendered":"Camisa Nigeria Tiffosi"},"content":{"rendered":"<p>Camisa com colarinho de aba com bot\u00f5es e manga comprida. Fecho \u00e0 frente com bot\u00f5es. Bolso frontal.<br \/>\nAltura Modelo: 188 cm | Tamanho: M<\/p>\n<p>Composi\u00e7\u00e3o:<\/p>\n<div class=\"accordion-content page-content\">\n<div id=\"section_1863190356\" class=\"product-composition ng-scope\" data-compositiongroupid=\"2\">\n<div class=\"list-composition\">\n<div class=\"row-composition \" data-compositionname=\"Exterior\">\n<div class=\"composition-title\">\n<p class=\"list-nav-subtitle\">Exterior: 75% Algod\u00e3o 25% Poli\u00e9ster<\/p>\n<p>Cuidados de lavagem:<\/p>\n<div class=\"col-sm-12 column clearfix\">\n<p class=\"paragraph\">Lavar \u00e0 temperatura m\u00e1xima de 30\u00ba.<\/p>\n<\/div>\n<div class=\"col-sm-12 column clearfix\">\n<p class=\"paragraph\">Passar \u00e0 temperatura m\u00e9dia (150\u00ba C).<\/p>\n<\/div>\n<div class=\"col-sm-12 column clearfix\">\n<p class=\"paragraph\">N\u00e3o pode usar lix\u00edvia.<\/p>\n<\/div>\n<div class=\"col-sm-12 column clearfix\">\n<p class=\"paragraph\">N\u00e3o pode colocar na m\u00e1quina de secar.<\/p>\n<\/div>\n<div class=\"col-sm-12 column clearfix\">\n<p class=\"paragraph\">N\u00e3o pode lavar a seco.<\/p>\n<\/div>\n<\/div>\n<\/div>\n<\/div>\n<\/div>\n<\/div>\n","protected":false},"excerpt":{"rendered":"<p>Camisa com colarinho de aba com bot\u00f5es e manga comprida. Fecho \u00e0 frente com bot\u00f5es. Bolso frontal.<br \/>\nAltura Modelo: 188 cm | Tamanho: M<\/p>\n","protected":false},"featured_media":46640,"comment_status":"closed","ping_status":"closed","template":"","meta":[],"product_cat":[225,221],"product_tag":[],"class_list":{"0":"post-46631","1":"product","2":"type-product","3":"status-publish","4":"has-post-thumbnail","6":"product_cat-camisas","7":"product_cat-homem","8":"ts_product_brand-tiffosi","10":"first","11":"instock","12":"shipping-taxable","13":"purchasable","14":"product-type-variable"},"yoast_head":"<!-- This site is optimized with the Yoast SEO plugin v27.5 - https:\/\/yoast.com\/product\/yoast-seo-wordpress\/ -->\n<title>Camisa Nigeria Tiffosi - Guibutik<\/title>\n<meta name=\"robots\" content=\"index, follow, max-snippet:-1, max-image-preview:large, max-video-preview:-1\" \/>\n<link rel=\"canonical\" href=\"https:\/\/www.guibutik.pt\/loja\/produto\/camisa-nigeria-tiffosi\/\" \/>\n<meta property=\"og:locale\" content=\"pt_PT\" \/>\n<meta property=\"og:type\" content=\"article\" \/>\n<meta property=\"og:title\" content=\"Camisa Nigeria Tiffosi - Guibutik\" \/>\n<meta property=\"og:description\" content=\"Camisa com colarinho de aba com bot\u00f5es e manga comprida. Fecho \u00e0 frente com bot\u00f5es. Bolso frontal. Altura Modelo: 188 cm | Tamanho: M\" \/>\n<meta property=\"og:url\" content=\"https:\/\/www.guibutik.pt\/loja\/produto\/camisa-nigeria-tiffosi\/\" \/>\n<meta property=\"og:site_name\" content=\"Guibutik\" \/>\n<meta property=\"article:publisher\" content=\"https:\/\/www.facebook.com\/guibutik\/\" \/>\n<meta property=\"article:modified_time\" content=\"2026-03-12T18:42:42+00:00\" \/>\n<meta property=\"og:image\" content=\"https:\/\/www.guibutik.pt\/loja\/wp-content\/uploads\/2023\/03\/10021473790_1_2022041411_1.webp\" \/>\n\t<meta property=\"og:image:width\" content=\"1120\" \/>\n\t<meta property=\"og:image:height\" content=\"1604\" \/>\n\t<meta property=\"og:image:type\" content=\"image\/webp\" \/>\n<meta name=\"twitter:card\" content=\"summary_large_image\" \/>\n<meta name=\"twitter:label1\" content=\"Tempo estimado de leitura\" \/>\n\t<meta name=\"twitter:data1\" content=\"1 minuto\" \/>\n<script type=\"application\/ld+json\" class=\"yoast-schema-graph\">{\"@context\":\"https:\\\/\\\/schema.org\",\"@graph\":[{\"@type\":\"WebPage\",\"@id\":\"https:\\\/\\\/www.guibutik.pt\\\/loja\\\/produto\\\/camisa-nigeria-tiffosi\\\/\",\"url\":\"https:\\\/\\\/www.guibutik.pt\\\/loja\\\/produto\\\/camisa-nigeria-tiffosi\\\/\",\"name\":\"Camisa Nigeria Tiffosi - Guibutik\",\"isPartOf\":{\"@id\":\"https:\\\/\\\/www.guibutik.pt\\\/loja\\\/#website\"},\"primaryImageOfPage\":{\"@id\":\"https:\\\/\\\/www.guibutik.pt\\\/loja\\\/produto\\\/camisa-nigeria-tiffosi\\\/#primaryimage\"},\"image\":{\"@id\":\"https:\\\/\\\/www.guibutik.pt\\\/loja\\\/produto\\\/camisa-nigeria-tiffosi\\\/#primaryimage\"},\"thumbnailUrl\":\"https:\\\/\\\/www.guibutik.pt\\\/loja\\\/wp-content\\\/uploads\\\/2023\\\/03\\\/10021473790_1_2022041411_1.webp\",\"datePublished\":\"2023-03-13T18:37:12+00:00\",\"dateModified\":\"2026-03-12T18:42:42+00:00\",\"breadcrumb\":{\"@id\":\"https:\\\/\\\/www.guibutik.pt\\\/loja\\\/produto\\\/camisa-nigeria-tiffosi\\\/#breadcrumb\"},\"inLanguage\":\"pt-PT\",\"potentialAction\":[{\"@type\":\"ReadAction\",\"target\":[\"https:\\\/\\\/www.guibutik.pt\\\/loja\\\/produto\\\/camisa-nigeria-tiffosi\\\/\"]}]},{\"@type\":\"ImageObject\",\"inLanguage\":\"pt-PT\",\"@id\":\"https:\\\/\\\/www.guibutik.pt\\\/loja\\\/produto\\\/camisa-nigeria-tiffosi\\\/#primaryimage\",\"url\":\"https:\\\/\\\/www.guibutik.pt\\\/loja\\\/wp-content\\\/uploads\\\/2023\\\/03\\\/10021473790_1_2022041411_1.webp\",\"contentUrl\":\"https:\\\/\\\/www.guibutik.pt\\\/loja\\\/wp-content\\\/uploads\\\/2023\\\/03\\\/10021473790_1_2022041411_1.webp\",\"width\":1120,\"height\":1604},{\"@type\":\"BreadcrumbList\",\"@id\":\"https:\\\/\\\/www.guibutik.pt\\\/loja\\\/produto\\\/camisa-nigeria-tiffosi\\\/#breadcrumb\",\"itemListElement\":[{\"@type\":\"ListItem\",\"position\":1,\"name\":\"In\u00edcio\",\"item\":\"https:\\\/\\\/www.guibutik.pt\\\/loja\\\/\"},{\"@type\":\"ListItem\",\"position\":2,\"name\":\"Loja\",\"item\":\"https:\\\/\\\/www.guibutik.pt\\\/loja\\\/shop\\\/\"},{\"@type\":\"ListItem\",\"position\":3,\"name\":\"Camisa Nigeria Tiffosi\"}]},{\"@type\":\"WebSite\",\"@id\":\"https:\\\/\\\/www.guibutik.pt\\\/loja\\\/#website\",\"url\":\"https:\\\/\\\/www.guibutik.pt\\\/loja\\\/\",\"name\":\"Guibutik\",\"description\":\"Moda e Sapataria\",\"potentialAction\":[{\"@type\":\"SearchAction\",\"target\":{\"@type\":\"EntryPoint\",\"urlTemplate\":\"https:\\\/\\\/www.guibutik.pt\\\/loja\\\/?s={search_term_string}\"},\"query-input\":{\"@type\":\"PropertyValueSpecification\",\"valueRequired\":true,\"valueName\":\"search_term_string\"}}],\"inLanguage\":\"pt-PT\"}]}<\/script>\n<!-- \/ Yoast SEO plugin. -->","yoast_head_json":{"title":"Camisa Nigeria Tiffosi - Guibutik","robots":{"index":"index","follow":"follow","max-snippet":"max-snippet:-1","max-image-preview":"max-image-preview:large","max-video-preview":"max-video-preview:-1"},"canonical":"https:\/\/www.guibutik.pt\/loja\/produto\/camisa-nigeria-tiffosi\/","og_locale":"pt_PT","og_type":"article","og_title":"Camisa Nigeria Tiffosi - Guibutik","og_description":"Camisa com colarinho de aba com bot\u00f5es e manga comprida. Fecho \u00e0 frente com bot\u00f5es. Bolso frontal. Altura Modelo: 188 cm | Tamanho: M","og_url":"https:\/\/www.guibutik.pt\/loja\/produto\/camisa-nigeria-tiffosi\/","og_site_name":"Guibutik","article_publisher":"https:\/\/www.facebook.com\/guibutik\/","article_modified_time":"2026-03-12T18:42:42+00:00","og_image":[{"width":1120,"height":1604,"url":"https:\/\/www.guibutik.pt\/loja\/wp-content\/uploads\/2023\/03\/10021473790_1_2022041411_1.webp","type":"image\/webp"}],"twitter_card":"summary_large_image","twitter_misc":{"Tempo estimado de leitura":"1 minuto"},"schema":{"@context":"https:\/\/schema.org","@graph":[{"@type":"WebPage","@id":"https:\/\/www.guibutik.pt\/loja\/produto\/camisa-nigeria-tiffosi\/","url":"https:\/\/www.guibutik.pt\/loja\/produto\/camisa-nigeria-tiffosi\/","name":"Camisa Nigeria Tiffosi - Guibutik","isPartOf":{"@id":"https:\/\/www.guibutik.pt\/loja\/#website"},"primaryImageOfPage":{"@id":"https:\/\/www.guibutik.pt\/loja\/produto\/camisa-nigeria-tiffosi\/#primaryimage"},"image":{"@id":"https:\/\/www.guibutik.pt\/loja\/produto\/camisa-nigeria-tiffosi\/#primaryimage"},"thumbnailUrl":"https:\/\/www.guibutik.pt\/loja\/wp-content\/uploads\/2023\/03\/10021473790_1_2022041411_1.webp","datePublished":"2023-03-13T18:37:12+00:00","dateModified":"2026-03-12T18:42:42+00:00","breadcrumb":{"@id":"https:\/\/www.guibutik.pt\/loja\/produto\/camisa-nigeria-tiffosi\/#breadcrumb"},"inLanguage":"pt-PT","potentialAction":[{"@type":"ReadAction","target":["https:\/\/www.guibutik.pt\/loja\/produto\/camisa-nigeria-tiffosi\/"]}]},{"@type":"ImageObject","inLanguage":"pt-PT","@id":"https:\/\/www.guibutik.pt\/loja\/produto\/camisa-nigeria-tiffosi\/#primaryimage","url":"https:\/\/www.guibutik.pt\/loja\/wp-content\/uploads\/2023\/03\/10021473790_1_2022041411_1.webp","contentUrl":"https:\/\/www.guibutik.pt\/loja\/wp-content\/uploads\/2023\/03\/10021473790_1_2022041411_1.webp","width":1120,"height":1604},{"@type":"BreadcrumbList","@id":"https:\/\/www.guibutik.pt\/loja\/produto\/camisa-nigeria-tiffosi\/#breadcrumb","itemListElement":[{"@type":"ListItem","position":1,"name":"In\u00edcio","item":"https:\/\/www.guibutik.pt\/loja\/"},{"@type":"ListItem","position":2,"name":"Loja","item":"https:\/\/www.guibutik.pt\/loja\/shop\/"},{"@type":"ListItem","position":3,"name":"Camisa Nigeria Tiffosi"}]},{"@type":"WebSite","@id":"https:\/\/www.guibutik.pt\/loja\/#website","url":"https:\/\/www.guibutik.pt\/loja\/","name":"Guibutik","description":"Moda e Sapataria","potentialAction":[{"@type":"SearchAction","target":{"@type":"EntryPoint","urlTemplate":"https:\/\/www.guibutik.pt\/loja\/?s={search_term_string}"},"query-input":{"@type":"PropertyValueSpecification","valueRequired":true,"valueName":"search_term_string"}}],"inLanguage":"pt-PT"}]}},"_links":{"self":[{"href":"https:\/\/www.guibutik.pt\/loja\/wp-json\/wp\/v2\/product\/46631","targetHints":{"allow":["GET"]}}],"collection":[{"href":"https:\/\/www.guibutik.pt\/loja\/wp-json\/wp\/v2\/product"}],"about":[{"href":"https:\/\/www.guibutik.pt\/loja\/wp-json\/wp\/v2\/types\/product"}],"replies":[{"embeddable":true,"href":"https:\/\/www.guibutik.pt\/loja\/wp-json\/wp\/v2\/comments?post=46631"}],"wp:featuredmedia":[{"embeddable":true,"href":"https:\/\/www.guibutik.pt\/loja\/wp-json\/wp\/v2\/media\/46640"}],"wp:attachment":[{"href":"https:\/\/www.guibutik.pt\/loja\/wp-json\/wp\/v2\/media?parent=46631"}],"wp:term":[{"taxonomy":"product_cat","embeddable":true,"href":"https:\/\/www.guibutik.pt\/loja\/wp-json\/wp\/v2\/product_cat?post=46631"},{"taxonomy":"product_tag","embeddable":true,"href":"https:\/\/www.guibutik.pt\/loja\/wp-json\/wp\/v2\/product_tag?post=46631"}],"curies":[{"name":"wp","href":"https:\/\/api.w.org\/{rel}","templated":true}]}}