{"id":45135,"date":"2023-03-02T17:38:36","date_gmt":"2023-03-02T16:38:36","guid":{"rendered":"https:\/\/www.guibutik.pt\/loja\/?post_type=product&#038;p=45135"},"modified":"2024-12-31T14:04:17","modified_gmt":"2024-12-31T13:04:17","slug":"sapatilha-spherica-geox-5","status":"publish","type":"product","link":"https:\/\/www.guibutik.pt\/loja\/produto\/sapatilha-spherica-geox-5\/","title":{"rendered":"Sapatilha Spherica Geox"},"content":{"rendered":"<div class=\"accordion-title description-element-title\">\n<div class=\"description-element-subtitle\" data-seo-label=\"characteristics\">CARACTER\u00cdSTICAS<\/div>\n<\/div>\n<div class=\"description-element-body accordion-content-exploded\">\n<div class=\"custom-field feat-wrap\">\n<div class=\"custom-field__icon-label-content\">\n<div class=\"label-content\">\n<ul>\n<li>A respirabilidade da sola e a sensa\u00e7\u00e3o de bem-estar do p\u00e9 s\u00e3o garantidas pelos sistemas patenteados pela Geox.<\/li>\n<li>Conforto inabal\u00e1vel gra\u00e7as ao sistema Zero-Shock que aumenta o efeito de amortecimento e absorve choques e solavancos.<\/li>\n<li>Cal\u00e7ado leve para uma caminhada confort\u00e1vel ao longo do dia.<\/li>\n<li>Fecho de cadar\u00e7o para um ajuste facilmente ajust\u00e1vel.<\/li>\n<li>A palmilha remov\u00edvel \u00e9 higi\u00eanica e pr\u00e1tica.<\/li>\n<\/ul>\n<div class=\"description-element-subtitle\" data-seo-label=\"composition\">COMPOSI\u00c7\u00c3O<\/div>\n<div id=\"46jyly-accordion\" class=\"description-element-body accordion-content\" role=\"tabpanel\" data-tab-content=\"\" aria-labelledby=\"46jyly-accordion-label\" aria-hidden=\"false\">\n<div class=\"custom-field feat-wrap\">\n<div class=\"custom-field__icon-label-content\">\n<div class=\"label-content\">\n<p class=\"content\">Cabedal: 80% T\u00eaxtil-20% Sint\u00e9tico<br \/>\nForro: 85% T\u00eaxtil-15% Sint\u00e9tico<\/p>\n<\/div>\n<\/div>\n<\/div>\n<div class=\"custom-field feat-wrap\">\n<div class=\"custom-field__icon-label-content\">\n<div class=\"label-content\">\n<p class=\"content\">Solado: 100% Material Sint\u00e9tico<br \/>\nPalmilha: 100% T\u00eaxtil<\/p>\n<\/div>\n<\/div>\n<\/div>\n<\/div>\n<\/div>\n<\/div>\n<\/div>\n<\/div>\n","protected":false},"excerpt":{"rendered":"<p>T\u00eanis feminino de alta tecnologia, amortecimento e respir\u00e1vel, com uma est\u00e9tica contempor\u00e2nea e carregado de energia ativa.\u00a0Esta vers\u00e3o foi confeccionada em tecido de malha e material com efeito de couro em uma audaciosa paleta de vermelho escuro.\u00a0Oferecendo n\u00edveis imbat\u00edveis de conforto, o Spherica\u2122 Actif n\u00e3o ser\u00e1 apenas o complemento perfeito para se vestir casualmente na cidade, mas tamb\u00e9m o ajudar\u00e1 em dias agitados.<\/p>\n","protected":false},"featured_media":45149,"comment_status":"closed","ping_status":"closed","template":"","meta":[],"product_cat":[291,484,222],"product_tag":[],"class_list":{"0":"post-45135","1":"product","2":"type-product","3":"status-publish","4":"has-post-thumbnail","6":"product_cat-calcado-senhora","7":"product_cat-promocoes-senhora","8":"product_cat-senhora","9":"ts_product_brand-geox","11":"first","12":"instock","13":"sale","14":"shipping-taxable","15":"purchasable","16":"product-type-variable"},"yoast_head":"<!-- This site is optimized with the Yoast SEO plugin v27.5 - https:\/\/yoast.com\/product\/yoast-seo-wordpress\/ -->\n<title>Sapatilha Spherica Geox - Guibutik<\/title>\n<meta name=\"robots\" content=\"index, follow, max-snippet:-1, max-image-preview:large, max-video-preview:-1\" \/>\n<link rel=\"canonical\" href=\"https:\/\/www.guibutik.pt\/loja\/produto\/sapatilha-spherica-geox-5\/\" \/>\n<meta property=\"og:locale\" content=\"pt_PT\" \/>\n<meta property=\"og:type\" content=\"article\" \/>\n<meta property=\"og:title\" content=\"Sapatilha Spherica Geox - Guibutik\" \/>\n<meta property=\"og:description\" content=\"T\u00eanis feminino de alta tecnologia, amortecimento e respir\u00e1vel, com uma est\u00e9tica contempor\u00e2nea e carregado de energia ativa.\u00a0Esta vers\u00e3o foi confeccionada em tecido de malha e material com efeito de couro em uma audaciosa paleta de vermelho escuro.\u00a0Oferecendo n\u00edveis imbat\u00edveis de conforto, o Spherica\u2122 Actif n\u00e3o ser\u00e1 apenas o complemento perfeito para se vestir casualmente na cidade, mas tamb\u00e9m o ajudar\u00e1 em dias agitados.\" \/>\n<meta property=\"og:url\" content=\"https:\/\/www.guibutik.pt\/loja\/produto\/sapatilha-spherica-geox-5\/\" \/>\n<meta property=\"og:site_name\" content=\"Guibutik\" \/>\n<meta property=\"article:publisher\" content=\"https:\/\/www.facebook.com\/guibutik\/\" \/>\n<meta property=\"article:modified_time\" content=\"2024-12-31T13:04:17+00:00\" \/>\n<meta property=\"og:image\" content=\"https:\/\/www.guibutik.pt\/loja\/wp-content\/uploads\/2023\/03\/EC_V1132_100.jpg\" \/>\n\t<meta property=\"og:image:width\" content=\"2000\" \/>\n\t<meta property=\"og:image:height\" content=\"2000\" \/>\n\t<meta property=\"og:image:type\" content=\"image\/jpeg\" \/>\n<meta name=\"twitter:card\" content=\"summary_large_image\" \/>\n<meta name=\"twitter:label1\" content=\"Tempo estimado de leitura\" \/>\n\t<meta name=\"twitter:data1\" content=\"1 minuto\" \/>\n<script type=\"application\/ld+json\" class=\"yoast-schema-graph\">{\"@context\":\"https:\\\/\\\/schema.org\",\"@graph\":[{\"@type\":\"WebPage\",\"@id\":\"https:\\\/\\\/www.guibutik.pt\\\/loja\\\/produto\\\/sapatilha-spherica-geox-5\\\/\",\"url\":\"https:\\\/\\\/www.guibutik.pt\\\/loja\\\/produto\\\/sapatilha-spherica-geox-5\\\/\",\"name\":\"Sapatilha Spherica Geox - Guibutik\",\"isPartOf\":{\"@id\":\"https:\\\/\\\/www.guibutik.pt\\\/loja\\\/#website\"},\"primaryImageOfPage\":{\"@id\":\"https:\\\/\\\/www.guibutik.pt\\\/loja\\\/produto\\\/sapatilha-spherica-geox-5\\\/#primaryimage\"},\"image\":{\"@id\":\"https:\\\/\\\/www.guibutik.pt\\\/loja\\\/produto\\\/sapatilha-spherica-geox-5\\\/#primaryimage\"},\"thumbnailUrl\":\"https:\\\/\\\/www.guibutik.pt\\\/loja\\\/wp-content\\\/uploads\\\/2023\\\/03\\\/EC_V1132_100.jpg\",\"datePublished\":\"2023-03-02T16:38:36+00:00\",\"dateModified\":\"2024-12-31T13:04:17+00:00\",\"breadcrumb\":{\"@id\":\"https:\\\/\\\/www.guibutik.pt\\\/loja\\\/produto\\\/sapatilha-spherica-geox-5\\\/#breadcrumb\"},\"inLanguage\":\"pt-PT\",\"potentialAction\":[{\"@type\":\"ReadAction\",\"target\":[\"https:\\\/\\\/www.guibutik.pt\\\/loja\\\/produto\\\/sapatilha-spherica-geox-5\\\/\"]}]},{\"@type\":\"ImageObject\",\"inLanguage\":\"pt-PT\",\"@id\":\"https:\\\/\\\/www.guibutik.pt\\\/loja\\\/produto\\\/sapatilha-spherica-geox-5\\\/#primaryimage\",\"url\":\"https:\\\/\\\/www.guibutik.pt\\\/loja\\\/wp-content\\\/uploads\\\/2023\\\/03\\\/EC_V1132_100.jpg\",\"contentUrl\":\"https:\\\/\\\/www.guibutik.pt\\\/loja\\\/wp-content\\\/uploads\\\/2023\\\/03\\\/EC_V1132_100.jpg\",\"width\":2000,\"height\":2000},{\"@type\":\"BreadcrumbList\",\"@id\":\"https:\\\/\\\/www.guibutik.pt\\\/loja\\\/produto\\\/sapatilha-spherica-geox-5\\\/#breadcrumb\",\"itemListElement\":[{\"@type\":\"ListItem\",\"position\":1,\"name\":\"In\u00edcio\",\"item\":\"https:\\\/\\\/www.guibutik.pt\\\/loja\\\/\"},{\"@type\":\"ListItem\",\"position\":2,\"name\":\"Loja\",\"item\":\"https:\\\/\\\/www.guibutik.pt\\\/loja\\\/shop\\\/\"},{\"@type\":\"ListItem\",\"position\":3,\"name\":\"Sapatilha Spherica Geox\"}]},{\"@type\":\"WebSite\",\"@id\":\"https:\\\/\\\/www.guibutik.pt\\\/loja\\\/#website\",\"url\":\"https:\\\/\\\/www.guibutik.pt\\\/loja\\\/\",\"name\":\"Guibutik\",\"description\":\"Moda e Sapataria\",\"potentialAction\":[{\"@type\":\"SearchAction\",\"target\":{\"@type\":\"EntryPoint\",\"urlTemplate\":\"https:\\\/\\\/www.guibutik.pt\\\/loja\\\/?s={search_term_string}\"},\"query-input\":{\"@type\":\"PropertyValueSpecification\",\"valueRequired\":true,\"valueName\":\"search_term_string\"}}],\"inLanguage\":\"pt-PT\"}]}<\/script>\n<!-- \/ Yoast SEO plugin. -->","yoast_head_json":{"title":"Sapatilha Spherica Geox - Guibutik","robots":{"index":"index","follow":"follow","max-snippet":"max-snippet:-1","max-image-preview":"max-image-preview:large","max-video-preview":"max-video-preview:-1"},"canonical":"https:\/\/www.guibutik.pt\/loja\/produto\/sapatilha-spherica-geox-5\/","og_locale":"pt_PT","og_type":"article","og_title":"Sapatilha Spherica Geox - Guibutik","og_description":"T\u00eanis feminino de alta tecnologia, amortecimento e respir\u00e1vel, com uma est\u00e9tica contempor\u00e2nea e carregado de energia ativa.\u00a0Esta vers\u00e3o foi confeccionada em tecido de malha e material com efeito de couro em uma audaciosa paleta de vermelho escuro.\u00a0Oferecendo n\u00edveis imbat\u00edveis de conforto, o Spherica\u2122 Actif n\u00e3o ser\u00e1 apenas o complemento perfeito para se vestir casualmente na cidade, mas tamb\u00e9m o ajudar\u00e1 em dias agitados.","og_url":"https:\/\/www.guibutik.pt\/loja\/produto\/sapatilha-spherica-geox-5\/","og_site_name":"Guibutik","article_publisher":"https:\/\/www.facebook.com\/guibutik\/","article_modified_time":"2024-12-31T13:04:17+00:00","og_image":[{"width":2000,"height":2000,"url":"https:\/\/www.guibutik.pt\/loja\/wp-content\/uploads\/2023\/03\/EC_V1132_100.jpg","type":"image\/jpeg"}],"twitter_card":"summary_large_image","twitter_misc":{"Tempo estimado de leitura":"1 minuto"},"schema":{"@context":"https:\/\/schema.org","@graph":[{"@type":"WebPage","@id":"https:\/\/www.guibutik.pt\/loja\/produto\/sapatilha-spherica-geox-5\/","url":"https:\/\/www.guibutik.pt\/loja\/produto\/sapatilha-spherica-geox-5\/","name":"Sapatilha Spherica Geox - Guibutik","isPartOf":{"@id":"https:\/\/www.guibutik.pt\/loja\/#website"},"primaryImageOfPage":{"@id":"https:\/\/www.guibutik.pt\/loja\/produto\/sapatilha-spherica-geox-5\/#primaryimage"},"image":{"@id":"https:\/\/www.guibutik.pt\/loja\/produto\/sapatilha-spherica-geox-5\/#primaryimage"},"thumbnailUrl":"https:\/\/www.guibutik.pt\/loja\/wp-content\/uploads\/2023\/03\/EC_V1132_100.jpg","datePublished":"2023-03-02T16:38:36+00:00","dateModified":"2024-12-31T13:04:17+00:00","breadcrumb":{"@id":"https:\/\/www.guibutik.pt\/loja\/produto\/sapatilha-spherica-geox-5\/#breadcrumb"},"inLanguage":"pt-PT","potentialAction":[{"@type":"ReadAction","target":["https:\/\/www.guibutik.pt\/loja\/produto\/sapatilha-spherica-geox-5\/"]}]},{"@type":"ImageObject","inLanguage":"pt-PT","@id":"https:\/\/www.guibutik.pt\/loja\/produto\/sapatilha-spherica-geox-5\/#primaryimage","url":"https:\/\/www.guibutik.pt\/loja\/wp-content\/uploads\/2023\/03\/EC_V1132_100.jpg","contentUrl":"https:\/\/www.guibutik.pt\/loja\/wp-content\/uploads\/2023\/03\/EC_V1132_100.jpg","width":2000,"height":2000},{"@type":"BreadcrumbList","@id":"https:\/\/www.guibutik.pt\/loja\/produto\/sapatilha-spherica-geox-5\/#breadcrumb","itemListElement":[{"@type":"ListItem","position":1,"name":"In\u00edcio","item":"https:\/\/www.guibutik.pt\/loja\/"},{"@type":"ListItem","position":2,"name":"Loja","item":"https:\/\/www.guibutik.pt\/loja\/shop\/"},{"@type":"ListItem","position":3,"name":"Sapatilha Spherica Geox"}]},{"@type":"WebSite","@id":"https:\/\/www.guibutik.pt\/loja\/#website","url":"https:\/\/www.guibutik.pt\/loja\/","name":"Guibutik","description":"Moda e Sapataria","potentialAction":[{"@type":"SearchAction","target":{"@type":"EntryPoint","urlTemplate":"https:\/\/www.guibutik.pt\/loja\/?s={search_term_string}"},"query-input":{"@type":"PropertyValueSpecification","valueRequired":true,"valueName":"search_term_string"}}],"inLanguage":"pt-PT"}]}},"_links":{"self":[{"href":"https:\/\/www.guibutik.pt\/loja\/wp-json\/wp\/v2\/product\/45135","targetHints":{"allow":["GET"]}}],"collection":[{"href":"https:\/\/www.guibutik.pt\/loja\/wp-json\/wp\/v2\/product"}],"about":[{"href":"https:\/\/www.guibutik.pt\/loja\/wp-json\/wp\/v2\/types\/product"}],"replies":[{"embeddable":true,"href":"https:\/\/www.guibutik.pt\/loja\/wp-json\/wp\/v2\/comments?post=45135"}],"wp:featuredmedia":[{"embeddable":true,"href":"https:\/\/www.guibutik.pt\/loja\/wp-json\/wp\/v2\/media\/45149"}],"wp:attachment":[{"href":"https:\/\/www.guibutik.pt\/loja\/wp-json\/wp\/v2\/media?parent=45135"}],"wp:term":[{"taxonomy":"product_cat","embeddable":true,"href":"https:\/\/www.guibutik.pt\/loja\/wp-json\/wp\/v2\/product_cat?post=45135"},{"taxonomy":"product_tag","embeddable":true,"href":"https:\/\/www.guibutik.pt\/loja\/wp-json\/wp\/v2\/product_tag?post=45135"}],"curies":[{"name":"wp","href":"https:\/\/api.w.org\/{rel}","templated":true}]}}