{"id":44649,"date":"2023-01-20T14:36:39","date_gmt":"2023-01-20T13:36:39","guid":{"rendered":"https:\/\/www.guibutik.pt\/loja\/?post_type=product&#038;p=44649"},"modified":"2025-01-04T16:12:31","modified_gmt":"2025-01-04T15:12:31","slug":"blusa-b-young-3","status":"publish","type":"product","link":"https:\/\/www.guibutik.pt\/loja\/produto\/blusa-b-young-3\/","title":{"rendered":"Blusa B.Young"},"content":{"rendered":"<div class=\" product-block product-block--description \">\n<div class=\" description content has-padding-top \">\n<ul>\n<li>Composi\u00e7\u00e3o: 100% Algod\u00e3o<\/li>\n<li>lavagem de 30 graus<\/li>\n<\/ul>\n<\/div>\n<\/div>\n<div class=\" product-block product-block--form \">\n<div class=\"product-form-container has-padding-top\">\n<div id=\"product-form-6791499743329\" class=\" clearfix product_form init smart-payment-button--false product_form_options product_form--radio \" data-product-form=\"\" data-money-format=\"\u20ac{{amount_with_comma_separator}}\" data-shop-currency=\"GBP\" data-select-id=\"product-select-6791499743329\" data-enable-state=\"true\" data-variant-inventory=\"[{&quot;id&quot;:40022384377953,&quot;inventory_quantity&quot;:0,&quot;inventory_management&quot;:&quot;shopify&quot;,&quot;inventory_policy&quot;:&quot;deny&quot;},{&quot;id&quot;:40022384410721,&quot;inventory_quantity&quot;:2,&quot;inventory_management&quot;:&quot;shopify&quot;,&quot;inventory_policy&quot;:&quot;deny&quot;},{&quot;id&quot;:40022384443489,&quot;inventory_quantity&quot;:2,&quot;inventory_management&quot;:&quot;shopify&quot;,&quot;inventory_policy&quot;:&quot;deny&quot;},{&quot;id&quot;:40022384476257,&quot;inventory_quantity&quot;:0,&quot;inventory_management&quot;:&quot;shopify&quot;,&quot;inventory_policy&quot;:&quot;deny&quot;}]\" data-product-id=\"6791499743329\"><\/div>\n<\/div>\n<\/div>\n","protected":false},"excerpt":{"rendered":"<p>Composi\u00e7\u00e3o: 100% Algod\u00e3o lavagem de 30 graus<\/p>\n","protected":false},"featured_media":44654,"comment_status":"closed","ping_status":"closed","template":"","meta":[],"product_cat":[283,484,222],"product_tag":[],"class_list":{"0":"post-44649","1":"product","2":"type-product","3":"status-publish","4":"has-post-thumbnail","6":"product_cat-blusa","7":"product_cat-promocoes-senhora","8":"product_cat-senhora","9":"ts_product_brand-b-young","11":"first","12":"instock","13":"sale","14":"shipping-taxable","15":"purchasable","16":"product-type-variable"},"yoast_head":"<!-- This site is optimized with the Yoast SEO plugin v27.5 - https:\/\/yoast.com\/product\/yoast-seo-wordpress\/ -->\n<title>Blusa B.Young - Guibutik<\/title>\n<meta name=\"robots\" content=\"index, follow, max-snippet:-1, max-image-preview:large, max-video-preview:-1\" \/>\n<link rel=\"canonical\" href=\"https:\/\/www.guibutik.pt\/loja\/produto\/blusa-b-young-3\/\" \/>\n<meta property=\"og:locale\" content=\"pt_PT\" \/>\n<meta property=\"og:type\" content=\"article\" \/>\n<meta property=\"og:title\" content=\"Blusa B.Young - Guibutik\" \/>\n<meta property=\"og:description\" content=\"Composi\u00e7\u00e3o: 100% Algod\u00e3o lavagem de 30 graus\" \/>\n<meta property=\"og:url\" content=\"https:\/\/www.guibutik.pt\/loja\/produto\/blusa-b-young-3\/\" \/>\n<meta property=\"og:site_name\" content=\"Guibutik\" \/>\n<meta property=\"article:publisher\" content=\"https:\/\/www.facebook.com\/guibutik\/\" \/>\n<meta property=\"article:modified_time\" content=\"2025-01-04T15:12:31+00:00\" \/>\n<meta property=\"og:image\" content=\"https:\/\/www.guibutik.pt\/loja\/wp-content\/uploads\/2023\/01\/B-Young-ByFvGalilea-Shirt-Black_5000x.webp\" \/>\n\t<meta property=\"og:image:width\" content=\"750\" \/>\n\t<meta property=\"og:image:height\" content=\"999\" \/>\n\t<meta property=\"og:image:type\" content=\"image\/webp\" \/>\n<meta name=\"twitter:card\" content=\"summary_large_image\" \/>\n<meta name=\"twitter:label1\" content=\"Tempo estimado de leitura\" \/>\n\t<meta name=\"twitter:data1\" content=\"1 minuto\" \/>\n<script type=\"application\/ld+json\" class=\"yoast-schema-graph\">{\"@context\":\"https:\\\/\\\/schema.org\",\"@graph\":[{\"@type\":\"WebPage\",\"@id\":\"https:\\\/\\\/www.guibutik.pt\\\/loja\\\/produto\\\/blusa-b-young-3\\\/\",\"url\":\"https:\\\/\\\/www.guibutik.pt\\\/loja\\\/produto\\\/blusa-b-young-3\\\/\",\"name\":\"Blusa B.Young - Guibutik\",\"isPartOf\":{\"@id\":\"https:\\\/\\\/www.guibutik.pt\\\/loja\\\/#website\"},\"primaryImageOfPage\":{\"@id\":\"https:\\\/\\\/www.guibutik.pt\\\/loja\\\/produto\\\/blusa-b-young-3\\\/#primaryimage\"},\"image\":{\"@id\":\"https:\\\/\\\/www.guibutik.pt\\\/loja\\\/produto\\\/blusa-b-young-3\\\/#primaryimage\"},\"thumbnailUrl\":\"https:\\\/\\\/www.guibutik.pt\\\/loja\\\/wp-content\\\/uploads\\\/2023\\\/01\\\/B-Young-ByFvGalilea-Shirt-Black_5000x.webp\",\"datePublished\":\"2023-01-20T13:36:39+00:00\",\"dateModified\":\"2025-01-04T15:12:31+00:00\",\"breadcrumb\":{\"@id\":\"https:\\\/\\\/www.guibutik.pt\\\/loja\\\/produto\\\/blusa-b-young-3\\\/#breadcrumb\"},\"inLanguage\":\"pt-PT\",\"potentialAction\":[{\"@type\":\"ReadAction\",\"target\":[\"https:\\\/\\\/www.guibutik.pt\\\/loja\\\/produto\\\/blusa-b-young-3\\\/\"]}]},{\"@type\":\"ImageObject\",\"inLanguage\":\"pt-PT\",\"@id\":\"https:\\\/\\\/www.guibutik.pt\\\/loja\\\/produto\\\/blusa-b-young-3\\\/#primaryimage\",\"url\":\"https:\\\/\\\/www.guibutik.pt\\\/loja\\\/wp-content\\\/uploads\\\/2023\\\/01\\\/B-Young-ByFvGalilea-Shirt-Black_5000x.webp\",\"contentUrl\":\"https:\\\/\\\/www.guibutik.pt\\\/loja\\\/wp-content\\\/uploads\\\/2023\\\/01\\\/B-Young-ByFvGalilea-Shirt-Black_5000x.webp\",\"width\":750,\"height\":999},{\"@type\":\"BreadcrumbList\",\"@id\":\"https:\\\/\\\/www.guibutik.pt\\\/loja\\\/produto\\\/blusa-b-young-3\\\/#breadcrumb\",\"itemListElement\":[{\"@type\":\"ListItem\",\"position\":1,\"name\":\"In\u00edcio\",\"item\":\"https:\\\/\\\/www.guibutik.pt\\\/loja\\\/\"},{\"@type\":\"ListItem\",\"position\":2,\"name\":\"Loja\",\"item\":\"https:\\\/\\\/www.guibutik.pt\\\/loja\\\/shop\\\/\"},{\"@type\":\"ListItem\",\"position\":3,\"name\":\"Blusa B.Young\"}]},{\"@type\":\"WebSite\",\"@id\":\"https:\\\/\\\/www.guibutik.pt\\\/loja\\\/#website\",\"url\":\"https:\\\/\\\/www.guibutik.pt\\\/loja\\\/\",\"name\":\"Guibutik\",\"description\":\"Moda e Sapataria\",\"potentialAction\":[{\"@type\":\"SearchAction\",\"target\":{\"@type\":\"EntryPoint\",\"urlTemplate\":\"https:\\\/\\\/www.guibutik.pt\\\/loja\\\/?s={search_term_string}\"},\"query-input\":{\"@type\":\"PropertyValueSpecification\",\"valueRequired\":true,\"valueName\":\"search_term_string\"}}],\"inLanguage\":\"pt-PT\"}]}<\/script>\n<!-- \/ Yoast SEO plugin. -->","yoast_head_json":{"title":"Blusa B.Young - Guibutik","robots":{"index":"index","follow":"follow","max-snippet":"max-snippet:-1","max-image-preview":"max-image-preview:large","max-video-preview":"max-video-preview:-1"},"canonical":"https:\/\/www.guibutik.pt\/loja\/produto\/blusa-b-young-3\/","og_locale":"pt_PT","og_type":"article","og_title":"Blusa B.Young - Guibutik","og_description":"Composi\u00e7\u00e3o: 100% Algod\u00e3o lavagem de 30 graus","og_url":"https:\/\/www.guibutik.pt\/loja\/produto\/blusa-b-young-3\/","og_site_name":"Guibutik","article_publisher":"https:\/\/www.facebook.com\/guibutik\/","article_modified_time":"2025-01-04T15:12:31+00:00","og_image":[{"width":750,"height":999,"url":"https:\/\/www.guibutik.pt\/loja\/wp-content\/uploads\/2023\/01\/B-Young-ByFvGalilea-Shirt-Black_5000x.webp","type":"image\/webp"}],"twitter_card":"summary_large_image","twitter_misc":{"Tempo estimado de leitura":"1 minuto"},"schema":{"@context":"https:\/\/schema.org","@graph":[{"@type":"WebPage","@id":"https:\/\/www.guibutik.pt\/loja\/produto\/blusa-b-young-3\/","url":"https:\/\/www.guibutik.pt\/loja\/produto\/blusa-b-young-3\/","name":"Blusa B.Young - Guibutik","isPartOf":{"@id":"https:\/\/www.guibutik.pt\/loja\/#website"},"primaryImageOfPage":{"@id":"https:\/\/www.guibutik.pt\/loja\/produto\/blusa-b-young-3\/#primaryimage"},"image":{"@id":"https:\/\/www.guibutik.pt\/loja\/produto\/blusa-b-young-3\/#primaryimage"},"thumbnailUrl":"https:\/\/www.guibutik.pt\/loja\/wp-content\/uploads\/2023\/01\/B-Young-ByFvGalilea-Shirt-Black_5000x.webp","datePublished":"2023-01-20T13:36:39+00:00","dateModified":"2025-01-04T15:12:31+00:00","breadcrumb":{"@id":"https:\/\/www.guibutik.pt\/loja\/produto\/blusa-b-young-3\/#breadcrumb"},"inLanguage":"pt-PT","potentialAction":[{"@type":"ReadAction","target":["https:\/\/www.guibutik.pt\/loja\/produto\/blusa-b-young-3\/"]}]},{"@type":"ImageObject","inLanguage":"pt-PT","@id":"https:\/\/www.guibutik.pt\/loja\/produto\/blusa-b-young-3\/#primaryimage","url":"https:\/\/www.guibutik.pt\/loja\/wp-content\/uploads\/2023\/01\/B-Young-ByFvGalilea-Shirt-Black_5000x.webp","contentUrl":"https:\/\/www.guibutik.pt\/loja\/wp-content\/uploads\/2023\/01\/B-Young-ByFvGalilea-Shirt-Black_5000x.webp","width":750,"height":999},{"@type":"BreadcrumbList","@id":"https:\/\/www.guibutik.pt\/loja\/produto\/blusa-b-young-3\/#breadcrumb","itemListElement":[{"@type":"ListItem","position":1,"name":"In\u00edcio","item":"https:\/\/www.guibutik.pt\/loja\/"},{"@type":"ListItem","position":2,"name":"Loja","item":"https:\/\/www.guibutik.pt\/loja\/shop\/"},{"@type":"ListItem","position":3,"name":"Blusa B.Young"}]},{"@type":"WebSite","@id":"https:\/\/www.guibutik.pt\/loja\/#website","url":"https:\/\/www.guibutik.pt\/loja\/","name":"Guibutik","description":"Moda e Sapataria","potentialAction":[{"@type":"SearchAction","target":{"@type":"EntryPoint","urlTemplate":"https:\/\/www.guibutik.pt\/loja\/?s={search_term_string}"},"query-input":{"@type":"PropertyValueSpecification","valueRequired":true,"valueName":"search_term_string"}}],"inLanguage":"pt-PT"}]}},"_links":{"self":[{"href":"https:\/\/www.guibutik.pt\/loja\/wp-json\/wp\/v2\/product\/44649","targetHints":{"allow":["GET"]}}],"collection":[{"href":"https:\/\/www.guibutik.pt\/loja\/wp-json\/wp\/v2\/product"}],"about":[{"href":"https:\/\/www.guibutik.pt\/loja\/wp-json\/wp\/v2\/types\/product"}],"replies":[{"embeddable":true,"href":"https:\/\/www.guibutik.pt\/loja\/wp-json\/wp\/v2\/comments?post=44649"}],"wp:featuredmedia":[{"embeddable":true,"href":"https:\/\/www.guibutik.pt\/loja\/wp-json\/wp\/v2\/media\/44654"}],"wp:attachment":[{"href":"https:\/\/www.guibutik.pt\/loja\/wp-json\/wp\/v2\/media?parent=44649"}],"wp:term":[{"taxonomy":"product_cat","embeddable":true,"href":"https:\/\/www.guibutik.pt\/loja\/wp-json\/wp\/v2\/product_cat?post=44649"},{"taxonomy":"product_tag","embeddable":true,"href":"https:\/\/www.guibutik.pt\/loja\/wp-json\/wp\/v2\/product_tag?post=44649"}],"curies":[{"name":"wp","href":"https:\/\/api.w.org\/{rel}","templated":true}]}}